{"id":770,"date":"2025-04-14T11:10:04","date_gmt":"2025-04-14T11:10:04","guid":{"rendered":"https:\/\/red-lighttherapy.com\/?post_type=product&#038;p=770"},"modified":"2025-04-14T12:25:23","modified_gmt":"2025-04-14T12:25:23","slug":"vendor-folding-carton-for-bluetooth-earphone-electronics","status":"publish","type":"product","link":"https:\/\/red-lighttherapy.com\/pt_pt\/vendor-folding-carton-for-bluetooth-earphone-electronics\/","title":{"rendered":"Fornecedor de caixas de cart\u00e3o dobr\u00e1veis para auriculares Bluetooth"},"content":{"rendered":"<h2 id=\"-1-double-card-box-design-imported-heidelberg-printing-process-\"><strong>1. Design de caixa de cart\u00e3o duplo e processo de impress\u00e3o Heidelberg importado<\/strong><\/h2>\n<p>A inovadora estrutura da caixa de cart\u00e3o duplo \u00e9 combinada com a tecnologia de impress\u00e3o de alta precis\u00e3o da m\u00e1quina de impress\u00e3o Heidelberg importada da Alemanha para garantir que o padr\u00e3o \u00e9 brilhante e v\u00edvido com uma elevada reprodu\u00e7\u00e3o de cores. A m\u00e1quina de impress\u00e3o Heidelberg \u00e9 conhecida pelo seu controlo digital, pontos claros e volume de tinta preciso, que podem satisfazer os requisitos rigorosos da marca em termos de efeitos visuais da embalagem e melhorar significativamente o estilo e o reconhecimento do produto.<\/p>\n<h2 id=\"-2-window-film-display-function-\"><strong>2. Fun\u00e7\u00e3o de visualiza\u00e7\u00e3o da pel\u00edcula para janelas<\/strong><\/h2>\n<p>O corpo da caixa \u00e9 concebido com uma estrutura de janela, e \u00e9 colocada uma pel\u00edcula transparente de alta defini\u00e7\u00e3o (por exemplo, PVC ou material PET) para mostrar intuitivamente o aspeto do produto auricular e melhorar a primeira atra\u00e7\u00e3o visual do consumidor. A pel\u00edcula est\u00e1 firmemente combinada com o cart\u00e3o branco e \u00e9 resistente aos riscos e \u00e0 transmiss\u00e3o da luz. \u00c9 adequada para exposi\u00e7\u00e3o em com\u00e9rcio eletr\u00f3nico e cen\u00e1rios de venda a retalho offline para melhorar a experi\u00eancia do utilizador.<\/p>\n<h2 id=\"-3-350g-white-cardboard-material-process-details-\"><strong>3. 350g de cart\u00e3o branco pormenores do material e do processo<\/strong><\/h2>\n<p>O corpo da caixa \u00e9 feito de cart\u00e3o branco de 350 g de peso elevado, que tem uma excelente rigidez e uma forte resist\u00eancia \u00e0 press\u00e3o, protegendo eficazmente os produtos internos. A superf\u00edcie do cart\u00e3o branco \u00e9 muito lisa e, combinada com o processo de impress\u00e3o offset da prensa de impress\u00e3o Heidelberg, pode obter cores gradientes delicadas e efeitos de estampagem a quente\/prata do LOGOTIPO da marca. O forro adopta uma estrutura de dobragem personalizada, tendo em conta tanto a prote\u00e7\u00e3o como a utiliza\u00e7\u00e3o do espa\u00e7o.<\/p>\n<h2 id=\"-4-card-box-flat-design-cost-optimization-\"><strong>4. Design plano da caixa de cart\u00e3o e otimiza\u00e7\u00e3o dos custos<\/strong><\/h2>\n<p>O design de dobragem da caixa de cart\u00e3o permite o envio plano e a taxa de compress\u00e3o do volume de transporte atinge mais de 70%, o que reduz significativamente os custos log\u00edsticos. O processo de moldagem integrado reduz o processo de montagem e, com a linha de produ\u00e7\u00e3o automatizada (como equipamento integrado de impress\u00e3o offset, corte e colagem de caixas), a capacidade de produ\u00e7\u00e3o di\u00e1ria pode atingir mais de 10.000 pe\u00e7as, permitindo uma redu\u00e7\u00e3o de custos em grande escala.<\/p>\n<h2 id=\"-5-supply-chain-and-quality-assurance-\"><strong>5. Cadeia de abastecimento e garantia de qualidade<\/strong><\/h2>\n<p>Com 16 anos de experi\u00eancia em f\u00e1bricas de origem e um sistema de cadeia de abastecimento maduro, todo o processo, desde a aquisi\u00e7\u00e3o de papel at\u00e9 \u00e0 embalagem do produto acabado, \u00e9 control\u00e1vel. A f\u00e1brica passou a certifica\u00e7\u00e3o ISO e controla rigorosamente as mat\u00e9rias-primas do cart\u00e3o branco (como o cart\u00e3o branco de base cinzenta ou o papel de pasta de madeira importado) e os erros de impress\u00e3o (\u00b10,01 mm) para garantir a consist\u00eancia dos lotes. Apoia a personaliza\u00e7\u00e3o de pequenos lotes e responde de forma flex\u00edvel \u00e0s necessidades dos clientes.<\/p>\n<h2 id=\"-6-foreign-trade-services-and-one-stop-support-\"><strong>6. Servi\u00e7os de com\u00e9rcio externo e apoio de balc\u00e3o \u00fanico<\/strong><\/h2>\n<p>A equipa profissional de com\u00e9rcio externo presta servi\u00e7os multilingues (ingl\u00eas, espanhol, etc.), abrangendo os principais mercados, como a Europa, a Am\u00e9rica e o Sudeste Asi\u00e1tico. Apoiar as qualifica\u00e7\u00f5es de exporta\u00e7\u00e3o transfronteiri\u00e7a e a certifica\u00e7\u00e3o de conformidade da plataforma (como os requisitos de embalagem da Amazon e do eBay) e fornecer servi\u00e7os de processo completo, como prova de design, log\u00edstica de declara\u00e7\u00e3o aduaneira e compensa\u00e7\u00e3o p\u00f3s-venda para reduzir a complexidade da opera\u00e7\u00e3o do cliente.<\/p>\n<h2><strong>7. Servi\u00e7os de valor acrescentado e refer\u00eancias de casos<\/strong><\/h2>\n<ul>\n<li><strong>Apoio \u00e0 conce\u00e7\u00e3o<\/strong>: Pode fornecer solu\u00e7\u00f5es est\u00e9ticas simples (como uma caixa com textura branca mate, estrutura magn\u00e9tica de abertura e fecho) ou elementos tecnol\u00f3gicos (como luzes indicadoras semi-transparentes);<\/li>\n<li><strong>Op\u00e7\u00f5es de prote\u00e7\u00e3o ambiental<\/strong>: Fornecer papel certificado pelo FSC e impress\u00e3o com tinta \u00e0 base de \u00e1gua, em conformidade com as normas de prote\u00e7\u00e3o ambiental da UE;<\/li>\n<li><strong>Coopera\u00e7\u00e3o em mat\u00e9ria de armazenagem<\/strong>: Suporte para invent\u00e1rio gerido e modo VMI, reduzindo o ciclo de entrega para 7-10 dias.<\/li>\n<\/ul>","protected":false},"excerpt":{"rendered":"<p>Este modelo \u00e9 uma caixa de cart\u00e3o de dupla inser\u00e7\u00e3o. Toda a caixa \u00e9 feita de cart\u00e3o branco de 350g, que \u00e9 r\u00edgido e tem um bom efeito de impress\u00e3o. A janela e a pel\u00edcula permitem uma melhor visualiza\u00e7\u00e3o do produto.<\/p>","protected":false},"featured_media":771,"template":"","meta":{"_kad_post_transparent":"default","_kad_post_title":"","_kad_post_layout":"default","_kad_post_sidebar_id":"","_kad_post_content_style":"default","_kad_post_vertical_padding":"default","_kad_post_feature":"","_kad_post_feature_position":"","_kad_post_header":false,"_kad_post_footer":false,"_kad_post_classname":""},"product_brand":[],"product_cat":[15,24,17],"product_tag":[285,286,287],"class_list":{"0":"post-770","1":"product","2":"type-product","3":"status-publish","4":"has-post-thumbnail","6":"product_cat-red-light-therapy","7":"product_cat-red-light-therapy-bed","8":"product_cat-services","9":"product_tag-folding-carton-for-bluetooth","10":"product_tag-folding-carton-for-earphone","11":"product_tag-vendor-folding-carton","13":"first","14":"instock","15":"shipping-taxable","16":"product-type-simple","17":"entry","18":"content-bg","19":"loop-entry"},"_links":{"self":[{"href":"https:\/\/red-lighttherapy.com\/pt_pt\/wp-json\/wp\/v2\/product\/770","targetHints":{"allow":["GET"]}}],"collection":[{"href":"https:\/\/red-lighttherapy.com\/pt_pt\/wp-json\/wp\/v2\/product"}],"about":[{"href":"https:\/\/red-lighttherapy.com\/pt_pt\/wp-json\/wp\/v2\/types\/product"}],"wp:featuredmedia":[{"embeddable":true,"href":"https:\/\/red-lighttherapy.com\/pt_pt\/wp-json\/wp\/v2\/media\/771"}],"wp:attachment":[{"href":"https:\/\/red-lighttherapy.com\/pt_pt\/wp-json\/wp\/v2\/media?parent=770"}],"wp:term":[{"taxonomy":"product_brand","embeddable":true,"href":"https:\/\/red-lighttherapy.com\/pt_pt\/wp-json\/wp\/v2\/product_brand?post=770"},{"taxonomy":"product_cat","embeddable":true,"href":"https:\/\/red-lighttherapy.com\/pt_pt\/wp-json\/wp\/v2\/product_cat?post=770"},{"taxonomy":"product_tag","embeddable":true,"href":"https:\/\/red-lighttherapy.com\/pt_pt\/wp-json\/wp\/v2\/product_tag?post=770"}],"curies":[{"name":"wp","href":"https:\/\/api.w.org\/{rel}","templated":true}]}}