{"id":761,"date":"2025-04-14T09:46:32","date_gmt":"2025-04-14T09:46:32","guid":{"rendered":"https:\/\/red-lighttherapy.com\/?post_type=product&#038;p=761"},"modified":"2025-04-14T12:26:03","modified_gmt":"2025-04-14T12:26:03","slug":"china-custom-printing-folding-cartons-for-candle-products","status":"publish","type":"product","link":"https:\/\/red-lighttherapy.com\/pt_pt\/china-custom-printing-folding-cartons-for-candle-products\/","title":{"rendered":"Caixas de papel\u00e3o dobr\u00e1veis com impress\u00e3o personalizada para produtos de vela na China"},"content":{"rendered":"<h2 id=\"-1-materials-and-technology-environmentally-friendly-white-cardboard-creates-lightweight-and-high-stiffness-packaging-\"><strong>1. Materiais e tecnologia: O cart\u00e3o branco amigo do ambiente cria embalagens leves e de elevada rigidez<\/strong><\/h2>\n<ol>\n<li><strong>Material de base<\/strong>: Ado\u00e7\u00e3o de cart\u00e3o branco de pasta de madeira virgem (peso normal 250g-400g), que \u00e9 simultaneamente leve e de elevada rigidez. A superf\u00edcie do cart\u00e3o branco \u00e9 lisa e delicada, adequada para impress\u00e3o offset, impress\u00e3o UV, estampagem a quente, grava\u00e7\u00e3o em relevo e outros processos, garantindo uma elevada satura\u00e7\u00e3o da cor e uma forte ader\u00eancia do padr\u00e3o.<\/li>\n<li><strong>Solu\u00e7\u00e3o de atualiza\u00e7\u00e3o da espessura<\/strong>: Se for necess\u00e1rio um toque mais espesso, o \"processo de montagem\" \u00e9 utilizado para empilhar v\u00e1rias camadas de cart\u00e3o, o que n\u00e3o s\u00f3 mant\u00e9m as carater\u00edsticas ecol\u00f3gicas e recicl\u00e1veis, como tamb\u00e9m melhora o sentido tridimensional e a resist\u00eancia \u00e0 press\u00e3o da caixa.<\/li>\n<li><strong>Certifica\u00e7\u00e3o ambiental<\/strong>: A f\u00e1brica possui a certifica\u00e7\u00e3o internacional de seguran\u00e7a de qualidade alimentar ISEGA e qualifica\u00e7\u00f5es nacionais de prote\u00e7\u00e3o ambiental. O material n\u00e3o cont\u00e9m branqueadores fluorescentes e est\u00e1 em conformidade com a norma REACH da UE. Pode satisfazer as necessidades de prote\u00e7\u00e3o ambiental de v\u00e1rias ind\u00fastrias, como a alimentar, a de cuidados materno-infantis e a de brindes.<\/li>\n<\/ol>\n<h2 id=\"-ii-design-aesthetics-warm-color-vision-and-humanized-structure-\"><strong>2. Est\u00e9tica do design: vis\u00e3o de cores quentes e estrutura humanizada<\/strong><\/h2>\n<ol>\n<li><strong>Estrat\u00e9gia de cores<\/strong>: As cores quentes (como o vermelho alaranjado, o dourado \u00e2mbar e o rosa suave) s\u00e3o utilizadas como tom principal, combinadas com o verniz UV local e a tecnologia de estampagem a quente perolada para melhorar as camadas visuais e transmitir uma atmosfera calorosa e rom\u00e2ntica da marca.<\/li>\n<li><strong>Inova\u00e7\u00e3o do tipo caixa<\/strong>: Suporta um design de abertura e fecho bidirecional horizontal e vertical, quebrando as restri\u00e7\u00f5es tradicionais da dire\u00e7\u00e3o de abertura da caixa, tornando conveniente para os consumidores exporem os produtos de velas de v\u00e1rios \u00e2ngulos e utiliz\u00e1-los facilmente. Por exemplo, a estrutura deslizante tipo gaveta ou o tipo de caixa com tampa superior e inferior podem adaptar-se de forma flex\u00edvel a diferentes tamanhos de velas.<\/li>\n<li><strong>Prote\u00e7\u00e3o do forro interior<\/strong>: A caixa est\u00e1 equipada com um forro de cart\u00e3o de papel cortado, que fixa com precis\u00e3o o frasco da vela para evitar a vibra\u00e7\u00e3o do transporte; o forro pode ser impresso com o LOGOTIPO da marca ou a descri\u00e7\u00e3o da fragr\u00e2ncia, combinando funcionalidade e valor de comunica\u00e7\u00e3o da marca.<\/li>\n<\/ol>\n<h2 id=\"-iii-production-guarantee-high-end-equipment-and-craftsmanship-\"><strong>3. Garantia de produ\u00e7\u00e3o: equipamento topo de gama e artesanato<\/strong><\/h2>\n<ol>\n<li><strong>Precis\u00e3o de impress\u00e3o<\/strong>: Adotar a impressora UV alem\u00e3 Heidelberg Speedmaster de seis cores e a impressora japonesa Mitsubishi de quatro cores, suportar a correspond\u00eancia de cores diretas Pantone, a taxa de desvio de cor \u00e9 inferior a 1%, garantindo uma elevada restaura\u00e7\u00e3o do log\u00f3tipo e do padr\u00e3o da marca.<\/li>\n<li><strong>Detalhes do processo<\/strong>: Os mestres de impress\u00e3o seniores supervisionam todo o processo, atrav\u00e9s de lamina\u00e7\u00e3o (pel\u00edcula leve\/ pel\u00edcula mate), grava\u00e7\u00e3o em relevo, estampagem a quente\/prata e outros p\u00f3s-processamentos, conferindo \u00e0 embalagem uma textura t\u00e1til e um luxo visual.<\/li>\n<li><strong>Flexibilidade de personaliza\u00e7\u00e3o<\/strong>: O tamanho suporta a personaliza\u00e7\u00e3o total dos par\u00e2metros (o comprimento \u00d7 largura \u00d7 altura \u00e9 ilimitado), o que \u00e9 compat\u00edvel com recipientes de velas cil\u00edndricos, quadrados e de forma especial; a quantidade m\u00ednima de encomenda \u00e9 de 1.000 pe\u00e7as e suporta o processamento com desenhos ou design original.<\/li>\n<\/ol>\n<h2 id=\"-iv-application-scenarios-and-cases-\"><strong>4. Cen\u00e1rios e casos de aplica\u00e7\u00e3o<\/strong><\/h2>\n<ul>\n<li><strong>Mercado das prendas topo de gama<\/strong>: Adequado para caixas de presente de casamento e de f\u00e9rias, com fitas, janelas PET transparentes e outros elementos para melhorar a sensa\u00e7\u00e3o de cerim\u00f3nia de desembalagem.<\/li>\n<li><strong>Vantagens do expositor para retalho<\/strong>: O design da caixa de exposi\u00e7\u00e3o (como a cobertura da janela com pel\u00edcula mate) pode apresentar diretamente o material natural e os detalhes decorativos das velas, atraindo os consumidores offline a parar.<\/li>\n<li><strong>Com\u00e9rcio eletr\u00f3nico amig\u00e1vel<\/strong>: A conce\u00e7\u00e3o integrada das caixas de papel canelado para venda por correspond\u00eancia tem em conta tanto a prote\u00e7\u00e3o do transporte como a experi\u00eancia de desembalagem, reduzindo os res\u00edduos de embalagens secund\u00e1rias.<\/li>\n<\/ul>","protected":false},"excerpt":{"rendered":"<p>Esta caixa de cart\u00e3o \u00e9 concebida com cart\u00e3o branco, que \u00e9 leve e muito r\u00edgido. \u00c9 adequada para v\u00e1rios m\u00e9todos de impress\u00e3o. O design de cores quentes torna os sentidos mais calorosos e mais em linha com o tom da marca. Atrai a aten\u00e7\u00e3o.<\/p>","protected":false},"featured_media":766,"template":"","meta":{"_kad_post_transparent":"default","_kad_post_title":"","_kad_post_layout":"default","_kad_post_sidebar_id":"","_kad_post_content_style":"default","_kad_post_vertical_padding":"default","_kad_post_feature":"","_kad_post_feature_position":"","_kad_post_header":false,"_kad_post_footer":false,"_kad_post_classname":""},"product_brand":[],"product_cat":[15,24,17],"product_tag":[284,282,283],"class_list":{"0":"post-761","1":"product","2":"type-product","3":"status-publish","4":"has-post-thumbnail","6":"product_cat-red-light-therapy","7":"product_cat-red-light-therapy-bed","8":"product_cat-services","9":"product_tag-china-candle-products-packaging","10":"product_tag-custom-candle-folding-cartons","11":"product_tag-folding-cartons-for-candle","13":"first","14":"instock","15":"shipping-taxable","16":"product-type-simple","17":"entry","18":"content-bg","19":"loop-entry"},"_links":{"self":[{"href":"https:\/\/red-lighttherapy.com\/pt_pt\/wp-json\/wp\/v2\/product\/761","targetHints":{"allow":["GET"]}}],"collection":[{"href":"https:\/\/red-lighttherapy.com\/pt_pt\/wp-json\/wp\/v2\/product"}],"about":[{"href":"https:\/\/red-lighttherapy.com\/pt_pt\/wp-json\/wp\/v2\/types\/product"}],"wp:featuredmedia":[{"embeddable":true,"href":"https:\/\/red-lighttherapy.com\/pt_pt\/wp-json\/wp\/v2\/media\/766"}],"wp:attachment":[{"href":"https:\/\/red-lighttherapy.com\/pt_pt\/wp-json\/wp\/v2\/media?parent=761"}],"wp:term":[{"taxonomy":"product_brand","embeddable":true,"href":"https:\/\/red-lighttherapy.com\/pt_pt\/wp-json\/wp\/v2\/product_brand?post=761"},{"taxonomy":"product_cat","embeddable":true,"href":"https:\/\/red-lighttherapy.com\/pt_pt\/wp-json\/wp\/v2\/product_cat?post=761"},{"taxonomy":"product_tag","embeddable":true,"href":"https:\/\/red-lighttherapy.com\/pt_pt\/wp-json\/wp\/v2\/product_tag?post=761"}],"curies":[{"name":"wp","href":"https:\/\/api.w.org\/{rel}","templated":true}]}}