{"id":750,"date":"2025-04-14T09:34:38","date_gmt":"2025-04-14T09:34:38","guid":{"rendered":"https:\/\/red-lighttherapy.com\/?post_type=product&#038;p=750"},"modified":"2025-04-14T09:46:20","modified_gmt":"2025-04-14T09:46:20","slug":"custom-recycled-kraft-paper-candle-cardboard-boxes-wholesale","status":"publish","type":"product","link":"https:\/\/red-lighttherapy.com\/pt_pt\/custom-recycled-kraft-paper-candle-cardboard-boxes-wholesale\/","title":{"rendered":"Caixas de cart\u00e3o para velas de papel kraft reciclado personalizadas por atacado"},"content":{"rendered":"<h2 id=\"customized-recycled-kraft-paper-candle-packaging-box-products\">Produtos de caixa de embalagem de velas em papel kraft reciclado personalizado<\/h2>\n<h2 id=\"-1-full-link-eco-friendly-material-degradable-recycled-kraft-paper-card-box-\"><strong>1. Material ecol\u00f3gico de liga\u00e7\u00e3o total: caixa de cart\u00e3o de papel kraft reciclado degrad\u00e1vel<\/strong><\/h2>\n<p>Utilizar\u00a0<strong>Papel kraft reciclado com certifica\u00e7\u00e3o FSC<\/strong>\u00a0como material de base, as mat\u00e9rias-primas prov\u00eam de recursos florestais geridos de forma sustent\u00e1vel, e a gramagem do papel varia entre 250-450g e pode ser personalizada, tendo em conta as propriedades de resist\u00eancia e de prote\u00e7\u00e3o ambiental.\u00a0<strong>Impress\u00e3o com tinta ecol\u00f3gica \u00e0 base de \u00e1gua<\/strong>\u00a0\u00e9 utilizado no processo de produ\u00e7\u00e3o, sem res\u00edduos de metais pesados, em conformidade com os regulamentos REACH da UE e as normas FDA dos EUA. O produto pode ser completamente degradado em\u00a0<strong>6-12 meses<\/strong>\u00a0no ambiente natural, com uma taxa de reciclagem superior a 90%, cumprindo os requisitos da economia circular.<\/p>\n<h2 id=\"-2-innovative-window-design-balancing-the-sense-of-ritual-and-trust-\"><strong>2. Design inovador de janelas: equilibrar o sentido de ritual e confian\u00e7a<\/strong><\/h2>\n<ul>\n<li><strong>Janela visual<\/strong>: Utilizando a tecnologia de escava\u00e7\u00e3o a laser para criar uma janela de forma especial (forma redonda\/p\u00e9tala opcional), coberta com\u00a0<strong>pel\u00edcula transparente PE degrad\u00e1vel<\/strong>A caixa de velas \u00e9 uma forma de manter a experi\u00eancia surpreendente de abrir a caixa, mas tamb\u00e9m permite que os consumidores observem diretamente a textura da vela e a integridade do corpo da cera.<\/li>\n<\/ul>\n<h2 id=\"-3-natural-aesthetics-presentation-petal-color-jump-process-\"><strong>3. Apresenta\u00e7\u00e3o est\u00e9tica natural: processo de salto de cor das p\u00e9talas<\/strong><\/h2>\n<ul>\n<li><strong>Tratamento de superf\u00edcie<\/strong>: Atrav\u00e9s de\u00a0<strong>Vidragem local UV + processo de estampagem a quente<\/strong>,\u00a0<strong>Padr\u00e3o de p\u00e9talas de cor Morandi<\/strong>\u00a0\u00e9 sobreposta \u00e0 base de cor natural do papel kraft para simular a textura natural das plantas. A \u00e1rea de salto de cor \u00e9 impressa em serigrafia com tinta de soja e o valor da diferen\u00e7a de cor \u0394E\u22641,5, o que refor\u00e7a a imagem natural, evitando a fadiga visual.<\/li>\n<li><strong>Atualiza\u00e7\u00e3o t\u00e1til<\/strong>: A zona das p\u00e9talas acrescenta\u00a0<strong>tratamento de micro-embossing<\/strong>e o tato simula a textura de p\u00e9talas reais para aumentar o valor da experi\u00eancia sensorial da embalagem.<\/li>\n<\/ul>\n<h2 id=\"-4-functional-extension-design-empty-box-transformation-guide-\"><strong>4. Conce\u00e7\u00e3o funcional da extens\u00e3o: Guia de transforma\u00e7\u00e3o da caixa vazia<\/strong><\/h2>\n<p>Fornecer\u00a0<strong>Instru\u00e7\u00f5es de transforma\u00e7\u00e3o DIY<\/strong>\u00a0para orientar os consumidores no sentido de transformarem as caixas vazias em..:<\/p>\n<ul>\n<li><strong>Caixa de arruma\u00e7\u00e3o<\/strong>: A caixa est\u00e1 pr\u00e9-instalada com uma divis\u00f3ria amov\u00edvel (o material \u00e9 o mesmo do corpo da caixa), adequada para a arruma\u00e7\u00e3o de pequenos objectos como j\u00f3ias e artigos de papelaria;<\/li>\n<li><strong>Recipiente de planta\u00e7\u00e3o<\/strong>: O fundo da caixa \u00e9 pr\u00e9-definido com uma linha de corte e vinco de orif\u00edcio de drenagem, e \u00e9 emparelhado com uma caixa cega de sementes para dar uma segunda vida \u00e0 embalagem. O plano de transforma\u00e7\u00e3o est\u00e1 ligado \u00e0 plataforma interactiva das redes sociais da marca atrav\u00e9s de um\u00a0<strong>C\u00f3digo QR<\/strong>\u00a0para aumentar a participa\u00e7\u00e3o dos utilizadores.<\/li>\n<\/ul>\n<h2 id=\"-5-compliance-label-system-meet-the-requirements-of-the-european-and-american-markets-\"><strong>5. Sistema de etiquetas de conformidade: satisfazer as exig\u00eancias dos mercados europeu e americano<\/strong><\/h2>\n<ul>\n<li><strong>Etiqueta informativa<\/strong>: A impress\u00e3o do corpo da caixa inclui\u00a0<strong>Marca CE, marca de reciclagem (\u267b), \u00edcone de certifica\u00e7\u00e3o FSC<\/strong>e lista de ingredientes (incluindo base de cera, fragr\u00e2ncia, tempo de combust\u00e3o, etc.);<\/li>\n<li><strong>Atributos personalizados feitos \u00e0 m\u00e3o<\/strong>:\u00a0<strong>Codifica\u00e7\u00e3o de lotes de selos de pintura<\/strong>\u00a0+ assinatura do artes\u00e3o com estampagem a quente, cada produto \u00e9 marcado com um n\u00famero independente (como HN-XXXXX-CR) para real\u00e7ar a sensa\u00e7\u00e3o de temperatura feita \u00e0 m\u00e3o;<\/li>\n<li><strong>Instru\u00e7\u00f5es multilingues<\/strong>: Os avisos de seguran\u00e7a e as instru\u00e7\u00f5es de utiliza\u00e7\u00e3o est\u00e3o marcados em ingl\u00eas\/espanhol\/franc\u00eas, em conformidade com a \"Diretiva Embalagens e Res\u00edduos de Embalagens\" da UE e com os requisitos da CPSC dos EUA.<\/li>\n<\/ul>\n<h2 id=\"-6-efficient-production-and-cost-advantages-\"><strong>6. Produ\u00e7\u00e3o eficiente e vantagens em termos de custos<\/strong><\/h2>\n<ul>\n<li><strong>Conce\u00e7\u00e3o da caixa<\/strong>: Adotar\u00a0<strong>estrutura da caixa de cart\u00e3o de uma s\u00f3 pe\u00e7a<\/strong>A placa de corte e vinco \u00e9 adequada para o colador de pastas autom\u00e1tico de alta velocidade, com uma capacidade de produ\u00e7\u00e3o di\u00e1ria de 5 milh\u00f5es de pe\u00e7as, e pode ser produzida uma quantidade m\u00ednima de encomenda de 500 pe\u00e7as;<\/li>\n<li><strong>Vantagem do pre\u00e7o unit\u00e1rio<\/strong>: O pre\u00e7o unit\u00e1rio das encomendas de grandes volumes (mais de 1 milh\u00e3o de pe\u00e7as) pode ser t\u00e3o baixo como\u00a0<strong>US$0.1\/pe\u00e7a<\/strong>\u00a0(com base na caixa padr\u00e3o de papel kraft de 350g), suportando estampagem a quente do LOGO, abertura de janela e outras necessidades personalizadas sem sobretaxa;<\/li>\n<li><strong>Otimiza\u00e7\u00e3o log\u00edstica<\/strong>: A espessura do corpo da caixa no estado desdobrado \u00e9 \u22643mm, o que economiza 60% de espa\u00e7o de armazenamento em compara\u00e7\u00e3o com a embalagem tradicional, e \u00e9 adequado para entrega direta de pequenos pacotes de com\u00e9rcio eletr\u00f4nico transfronteiri\u00e7o.<\/li>\n<\/ul>","protected":false},"excerpt":{"rendered":"<p>A caixa de cart\u00e3o \u00e9 feita de papel kraft degrad\u00e1vel, que \u00e9 f\u00e1cil de reciclar e permite uma liga\u00e7\u00e3o total com o ambiente. O design da janela mant\u00e9m a sensa\u00e7\u00e3o de surpresa ao abrir a caixa, ao mesmo tempo que resolve o problema de \"confian\u00e7a visual\" do consumidor.<\/p>","protected":false},"featured_media":757,"template":"","meta":{"_kad_post_transparent":"default","_kad_post_title":"","_kad_post_layout":"default","_kad_post_sidebar_id":"","_kad_post_content_style":"default","_kad_post_vertical_padding":"default","_kad_post_feature":"","_kad_post_feature_position":"","_kad_post_header":false,"_kad_post_footer":false,"_kad_post_classname":""},"product_brand":[],"product_cat":[15,24,17],"product_tag":[280,279,281],"class_list":{"0":"post-750","1":"product","2":"type-product","3":"status-publish","4":"has-post-thumbnail","6":"product_cat-red-light-therapy","7":"product_cat-red-light-therapy-bed","8":"product_cat-services","9":"product_tag-candle-cardboard-boxes","10":"product_tag-custom-candle-boxes-wholesale","11":"product_tag-custom-candle-cardboard-boxes","13":"first","14":"instock","15":"shipping-taxable","16":"product-type-simple","17":"entry","18":"content-bg","19":"loop-entry"},"_links":{"self":[{"href":"https:\/\/red-lighttherapy.com\/pt_pt\/wp-json\/wp\/v2\/product\/750","targetHints":{"allow":["GET"]}}],"collection":[{"href":"https:\/\/red-lighttherapy.com\/pt_pt\/wp-json\/wp\/v2\/product"}],"about":[{"href":"https:\/\/red-lighttherapy.com\/pt_pt\/wp-json\/wp\/v2\/types\/product"}],"wp:featuredmedia":[{"embeddable":true,"href":"https:\/\/red-lighttherapy.com\/pt_pt\/wp-json\/wp\/v2\/media\/757"}],"wp:attachment":[{"href":"https:\/\/red-lighttherapy.com\/pt_pt\/wp-json\/wp\/v2\/media?parent=750"}],"wp:term":[{"taxonomy":"product_brand","embeddable":true,"href":"https:\/\/red-lighttherapy.com\/pt_pt\/wp-json\/wp\/v2\/product_brand?post=750"},{"taxonomy":"product_cat","embeddable":true,"href":"https:\/\/red-lighttherapy.com\/pt_pt\/wp-json\/wp\/v2\/product_cat?post=750"},{"taxonomy":"product_tag","embeddable":true,"href":"https:\/\/red-lighttherapy.com\/pt_pt\/wp-json\/wp\/v2\/product_tag?post=750"}],"curies":[{"name":"wp","href":"https:\/\/api.w.org\/{rel}","templated":true}]}}