{"id":744,"date":"2025-04-14T09:22:01","date_gmt":"2025-04-14T09:22:01","guid":{"rendered":"https:\/\/red-lighttherapy.com\/?post_type=product&#038;p=744"},"modified":"2025-04-14T09:34:22","modified_gmt":"2025-04-14T09:34:22","slug":"wholesale-custom-packaging-box-for-cuticle-oil-pen-lip-gloss","status":"publish","type":"product","link":"https:\/\/red-lighttherapy.com\/pt_pt\/wholesale-custom-packaging-box-for-cuticle-oil-pen-lip-gloss\/","title":{"rendered":"Caixa de Embalagem Personalizada por Atacado para \u00d3leo de Cut\u00edcula Caneta Brilho Labial"},"content":{"rendered":"<h2 id=\"-wholesale-custom-packaging-box-products-for-nail-polish-pens-and-lip-gloss-\"><strong>Caixa de embalagem personalizada por atacado para canetas de esmalte e brilho labial<\/strong><\/h2>\n<h2 id=\"-1-innovative-folding-card-box-design-to-optimize-storage-and-logistics-efficiency-\"><strong>1. Design inovador de caixa de cart\u00e3o dobr\u00e1vel para otimizar o armazenamento e a efici\u00eancia log\u00edstica<\/strong><\/h2>\n<p>A conce\u00e7\u00e3o da caixa de cart\u00e3o dobr\u00e1vel pode ser completamente achatada quando vazia, com uma taxa de compress\u00e3o superior a 50%, o que reduz significativamente o espa\u00e7o de armazenamento ocupado. \u00c9 transportada numa forma plana durante o envio, e a capacidade de transporte log\u00edstico \u00fanico \u00e9 aumentada em 30%, poupando efetivamente os custos de transporte. O corpo da caixa optimiza a precis\u00e3o da dobragem atrav\u00e9s do processo combinado \"linha de tra\u00e7o + linha de faca\" para garantir que a estrutura \u00e9 est\u00e1vel ap\u00f3s a moldagem e se adapta aos requisitos de embalagem a alta velocidade da linha de produ\u00e7\u00e3o automatizada.<\/p>\n<h2 id=\"-2-pink-main-color-and-cherry-elements-convey-the-concept-of-sweet-care-\"><strong>2. A cor principal cor-de-rosa e os elementos de cereja transmitem o conceito de cuidado doce<\/strong><\/h2>\n<p>O corpo da caixa \u00e9 maioritariamente em gradiente rosa, com um padr\u00e3o de cereja pintado \u00e0 m\u00e3o, e a plenitude e a do\u00e7ura do fruto s\u00e3o apresentadas atrav\u00e9s de t\u00e9cnicas de mancha de aguarela. A \u00e1rea visual central adopta uma\u00a0<strong>design de alto contraste<\/strong>A colis\u00e3o do vermelho cereja com a cor de base em p\u00f3 mate forma uma associa\u00e7\u00e3o emocional de \"cuidado doce\" e refor\u00e7a o ponto de mem\u00f3ria da marca. A parte lateral \u00e9 complementada com estampagem a quente do LOG\u00d3TIPO da marca em dourado para real\u00e7ar a textura de alta qualidade.<\/p>\n<h2 id=\"-third-layered-information-layout-to-enhance-brand-recognition-\"><strong>3. Disposi\u00e7\u00e3o da informa\u00e7\u00e3o em camadas para aumentar o reconhecimento da marca<\/strong><\/h2>\n<ul>\n<li><strong>Camada de foco visual<\/strong>: A \u00e1rea superior 20% centra-se na apresenta\u00e7\u00e3o do nome da marca e da efic\u00e1cia do produto principal (como \"reten\u00e7\u00e3o de cor 24H\" e \"ess\u00eancia vegetal\"), utilizando a tecnologia de impress\u00e3o tridimensional em relevo, que atrai tanto o tato como a vis\u00e3o;<\/li>\n<li><strong>Camada de descri\u00e7\u00e3o da fun\u00e7\u00e3o<\/strong>: A parte central utiliza \u00edcones simples + texto curto para apresentar as carater\u00edsticas de seguran\u00e7a e impermeabilidade dos ingredientes, e o tipo de letra utiliza um tipo de letra sans serif arredondado para melhorar a legibilidade;<\/li>\n<li><strong>Camada de informa\u00e7\u00e3o regulamentar<\/strong>: A data de produ\u00e7\u00e3o, o n\u00famero de licen\u00e7a, etc. est\u00e3o dispostos em caracteres pequenos na parte inferior, o que est\u00e1 em conformidade com as normas da ind\u00fastria, evitando interferir com a vis\u00e3o principal.<\/li>\n<\/ul>\n<h2 id=\"-fourth-matte-film-surface-treatment-taking-into-account-both-texture-and-practicality-\"><strong>4. Tratamento de superf\u00edcie em pel\u00edcula mate, tendo em conta a textura e o car\u00e1cter pr\u00e1tico<\/strong><\/h2>\n<p>A superf\u00edcie da caixa \u00e9 coberta com\u00a0<strong>Pel\u00edcula mate BOPP<\/strong>O seu toque \u00e9 t\u00e3o delicado como a seda e tem as seguintes fun\u00e7\u00f5es<\/p>\n<ul>\n<li><strong>\u00c0 prova de \u00e1gua e de \u00f3leo<\/strong>: Resiste eficazmente aos salpicos de l\u00edquidos cosm\u00e9ticos e pode ser limpo com um pano;<\/li>\n<li><strong>Resistente aos riscos e ao desgaste<\/strong>: A tecnologia de revestimento UV reduz a perda de fric\u00e7\u00e3o no transporte e mant\u00e9m o padr\u00e3o duradouro e brilhante;<\/li>\n<li><strong>Certifica\u00e7\u00e3o ambiental<\/strong>: Aprovado nos testes da norma REACH, n\u00e3o t\u00f3xico e inofensivo e pode entrar em contacto direto com a pasta.<\/li>\n<\/ul>\n<h2 id=\"-v-portable-structure-suitable-for-multiple-categories-of-cosmetics-\"><strong>5. Estrutura port\u00e1til adequada para v\u00e1rias categorias de cosm\u00e9ticos<\/strong><\/h2>\n<p>A caixa foi concebida com uma\u00a0<strong>Forro em algod\u00e3o p\u00e9rola EPE<\/strong>A parte superior \u00e9 reservada \u00e0 estrutura magn\u00e9tica de encaixe, que pode ser aberta e fechada com uma m\u00e3o, adequada para transportar maquilhagem. A parte superior est\u00e1 reservada para uma estrutura magn\u00e9tica de encaixe, que pode ser aberta e fechada com uma m\u00e3o, adequada para transportar maquilhagem.\u00a0<strong>Vers\u00e3o de embalagem para pequenas por\u00e7\u00f5es<\/strong>\u00a0(como a mini caixa de oferta de 4 embalagens) tamb\u00e9m \u00e9 fornecida para satisfazer as necessidades das embalagens de teste dos supermercados.<\/p>\n<h2 id=\"-vi-highly-customized-service-empowering-brand-differentiation-\"><strong>6. Servi\u00e7o altamente personalizado, potenciando a diferencia\u00e7\u00e3o da marca<\/strong><\/h2>\n<p>Com base em 16 anos de experi\u00eancia na produ\u00e7\u00e3o de embalagens, fornecemos um apoio completo \u00e0 personaliza\u00e7\u00e3o:<\/p>\n<ul>\n<li><strong>Sele\u00e7\u00e3o de materiais<\/strong>: bambu, cart\u00e3o branco, papel de cana de a\u00e7\u00facar e outros substratos amigos do ambiente s\u00e3o opcionais, com uma dureza superior a 300G;<\/li>\n<li><strong>Atualiza\u00e7\u00e3o do processo<\/strong>: Suporta mais de 20 tecnologias de tratamento de superf\u00edcie, tais como estampagem a quente, serigrafia, grava\u00e7\u00e3o a laser, etc;<\/li>\n<li><strong>Expans\u00e3o da fun\u00e7\u00e3o<\/strong>: Podem ser incorporadas pastilhas RFID para obter uma rastreabilidade anti-contrafa\u00e7\u00e3o ou podem ser adicionados revestimentos sens\u00edveis \u00e0 temperatura para se adaptarem ao transporte em cadeia de frio.<\/li>\n<\/ul>\n<h2 id=\"-seven-mature-supply-chain-guarantee-one-stop-delivery-without-worries-\"><strong>7. Garantia de uma cadeia de abastecimento madura, entrega num s\u00f3 local sem preocupa\u00e7\u00f5es<\/strong><\/h2>\n<p>Como fabricante profissional com 16 anos de experi\u00eancia na ind\u00fastria, servimos mais de 500.000 marcas de beleza, e os nossos principais produtos incluem:<\/p>\n<ul>\n<li><strong>Tipo de caixa cl\u00e1ssica<\/strong>: caixa de oferta com tampa superior e inferior, caixa cil\u00edndrica, caixa de cart\u00e3o tipo gaveta, saco de papel com formato especial;<\/li>\n<li><strong>Vantagem de produtividade<\/strong>: Concluir a prova em 72 horas e atingir a produ\u00e7\u00e3o em massa de 10.000 encomendas em 15 dias;<\/li>\n<li><strong>Apoio p\u00f3s-venda<\/strong>: Fornecer servi\u00e7os de ciclo completo, tais como orienta\u00e7\u00e3o de gest\u00e3o de cores e solu\u00e7\u00f5es de armazenamento \u00e0 prova de humidade.<\/li>\n<\/ul>","protected":false},"excerpt":{"rendered":"<p>Tipo de caixa de cart\u00e3o dobr\u00e1vel, envio plano, poupando espa\u00e7o de armazenamento e custos de envio. O corpo da caixa \u00e9 cor-de-rosa como cor principal, com padr\u00e3o de cereja, criando a associa\u00e7\u00e3o emocional de \"cuidado doce\" e formando um contraste visual n\u00edtido. O design port\u00e1til \u00e9 adequado para transportar cosm\u00e9ticos, batom, \u00f3leo para cut\u00edculas, etc.<\/p>","protected":false},"featured_media":747,"template":"","meta":{"_kad_post_transparent":"default","_kad_post_title":"","_kad_post_layout":"default","_kad_post_sidebar_id":"","_kad_post_content_style":"default","_kad_post_vertical_padding":"default","_kad_post_feature":"","_kad_post_feature_position":"","_kad_post_header":false,"_kad_post_footer":false,"_kad_post_classname":""},"product_brand":[],"product_cat":[15,28,24,17],"product_tag":[278,276,277],"class_list":{"0":"post-744","1":"product","2":"type-product","3":"status-publish","4":"has-post-thumbnail","6":"product_cat-red-light-therapy","7":"product_cat-customize","8":"product_cat-red-light-therapy-bed","9":"product_cat-services","10":"product_tag-custom-cosmetic-packaging-wholesale","11":"product_tag-custom-cuticle-oil-pen-packaging-box","12":"product_tag-lip-gloss-packaging-box","14":"first","15":"instock","16":"shipping-taxable","17":"product-type-simple","18":"entry","19":"content-bg","20":"loop-entry"},"_links":{"self":[{"href":"https:\/\/red-lighttherapy.com\/pt_pt\/wp-json\/wp\/v2\/product\/744","targetHints":{"allow":["GET"]}}],"collection":[{"href":"https:\/\/red-lighttherapy.com\/pt_pt\/wp-json\/wp\/v2\/product"}],"about":[{"href":"https:\/\/red-lighttherapy.com\/pt_pt\/wp-json\/wp\/v2\/types\/product"}],"wp:featuredmedia":[{"embeddable":true,"href":"https:\/\/red-lighttherapy.com\/pt_pt\/wp-json\/wp\/v2\/media\/747"}],"wp:attachment":[{"href":"https:\/\/red-lighttherapy.com\/pt_pt\/wp-json\/wp\/v2\/media?parent=744"}],"wp:term":[{"taxonomy":"product_brand","embeddable":true,"href":"https:\/\/red-lighttherapy.com\/pt_pt\/wp-json\/wp\/v2\/product_brand?post=744"},{"taxonomy":"product_cat","embeddable":true,"href":"https:\/\/red-lighttherapy.com\/pt_pt\/wp-json\/wp\/v2\/product_cat?post=744"},{"taxonomy":"product_tag","embeddable":true,"href":"https:\/\/red-lighttherapy.com\/pt_pt\/wp-json\/wp\/v2\/product_tag?post=744"}],"curies":[{"name":"wp","href":"https:\/\/api.w.org\/{rel}","templated":true}]}}