{"id":738,"date":"2025-04-14T07:36:58","date_gmt":"2025-04-14T07:36:58","guid":{"rendered":"https:\/\/red-lighttherapy.com\/?post_type=product&#038;p=738"},"modified":"2025-04-14T08:09:56","modified_gmt":"2025-04-14T08:09:56","slug":"custom-hair-growth-essential-oil-cardboard-box-suppliers","status":"publish","type":"product","link":"https:\/\/red-lighttherapy.com\/pt_pt\/custom-hair-growth-essential-oil-cardboard-box-suppliers\/","title":{"rendered":"Caixa de cart\u00e3o com \u00f3leo essencial para crescimento capilar personalizada Fornecedores"},"content":{"rendered":"<h2 id=\"-customized-hair-growth-essential-oil-double-insert-card-box-a-perfect-fusion-of-environmental-aesthetics-and-practical-value-\"><strong>Caixa de cart\u00e3o personalizada para \u00f3leo essencial de crescimento capilar<\/strong><\/h2>\n<h2 id=\"-1-multifunctional-adaptation-interpreting-the-infinite-possibilities-of-packaging-\"><strong>1. Adapta\u00e7\u00e3o multifuncional, interpretando as infinitas possibilidades da embalagem<\/strong><\/h2>\n<p>O design da nossa caixa de cart\u00e3o de dupla inser\u00e7\u00e3o baseia-se na flexibilidade e compatibilidade e pode ser adaptado a uma variedade de tipos de produtos, tais como \u00f3leos essenciais para o crescimento do cabelo, perfumes, cosm\u00e9ticos e outros produtos de beleza de elevado valor. A estrutura interna da caixa de cart\u00e3o foi cientificamente optimizada e o design ajust\u00e1vel da ranhura do cart\u00e3o pode fixar facilmente garrafas ou produtos tubulares de diferentes especifica\u00e7\u00f5es, garantindo a seguran\u00e7a do transporte e proporcionando aos utilizadores finais uma experi\u00eancia de abertura e fecho conveniente. Quer se trate de um expositor de um \u00fanico produto ou de um conjunto combinado, esta embalagem pode ser combinada com precis\u00e3o para ajudar as marcas a expandir as suas linhas de produtos diversificadas.<\/p>\n<h2 id=\"-2-card-box-design-a-low-cost-and-high-efficiency-innovative-solution-\"><strong>2. Conce\u00e7\u00e3o da caixa de cart\u00e3o: uma solu\u00e7\u00e3o inovadora de baixo custo e elevada efici\u00eancia<\/strong><\/h2>\n<p>A estrutura da caixa de cart\u00e3o plana \u00e9 utilizada para subverter o processo complexo da embalagem tradicional. O corpo da caixa pode ser completamente transformado numa forma plana durante o transporte, pode reduzir significativamente a taxa de ocupa\u00e7\u00e3o do espa\u00e7o de armazenamento e log\u00edstica, e os custos de transporte podem ser reduzidos em 40%. O processo de montagem \u00e9 simples e eficiente, e os utilizadores s\u00f3 podem concluir a embalagem do produto acabado em algumas fases, melhorando significativamente a efici\u00eancia da cadeia de abastecimento. Al\u00e9m disso, o material da caixa de cart\u00e3o \u00e9 selecionado a partir de papel leve amigo do ambiente, o que reduz o desperd\u00edcio de material, assegurando simultaneamente a capacidade de carga e a durabilidade, e concretiza verdadeiramente a \"redu\u00e7\u00e3o de custos atrav\u00e9s do design e a melhoria da efici\u00eancia atrav\u00e9s da inova\u00e7\u00e3o\".<\/p>\n<h2 id=\"-three-minimalist-aesthetic-design-conveying-brand-style-with-visual-rhythm-\"><strong>3. Design est\u00e9tico minimalista: transmitir o estilo da marca com ritmo visual<\/strong><\/h2>\n<p>O design da caixa segue o conceito minimalista de \"menos \u00e9 mais\", com uma cor de base rosa suave como t\u00f3nica e uma delicada textura vertical branca, formando um ritmo visual elegante. O elemento de risca vertical \u00e9 inspirado na forma do cabelo que cresce naturalmente, fazendo eco do apelo central de \"cuidado saud\u00e1vel do cabelo\" do \u00f3leo essencial para o crescimento do cabelo, ao mesmo tempo que transmite o tom leve e puro da marca. O processo de tratamento de superf\u00edcie com textura mate confere \u00e0 embalagem um temperamento discreto e luxuoso, permitindo que o produto se destaque na prateleira e atinja com precis\u00e3o os grupos de consumidores de gama m\u00e9dia e alta que procuram uma vida requintada.<\/p>\n<h2 id=\"-four-deep-brand-customization-full-chain-empowerment-from-packaging-to-value-\"><strong>4. Personaliza\u00e7\u00e3o profunda da marca: capacita\u00e7\u00e3o de toda a cadeia, da embalagem ao valor<\/strong><\/h2>\n<p>N\u00e3o somos apenas um fornecedor, mas tamb\u00e9m um co-construtor da imagem da marca. Com base em linhas de produ\u00e7\u00e3o flex\u00edveis e sistemas de design digital, podemos fornecer-lhe servi\u00e7os de personaliza\u00e7\u00e3o completos, desde caixas de cart\u00e3o, caixas de presente a embalagens completas de produtos:<\/p>\n<ul>\n<li><strong>S\u00edmbolos visuais exclusivos<\/strong>: Integrar o LOGOTIPO da marca, a cor e os elementos naturais (como totens de plantas e texturas de tinta) no design da caixa para criar um sistema de s\u00edmbolos de sa\u00fade e beleza diferenciado;<\/li>\n<li><strong>Atualiza\u00e7\u00e3o flex\u00edvel do processo<\/strong>: Suporta mais de 20 combina\u00e7\u00f5es de processos, tais como estampagem a quente, grava\u00e7\u00e3o em relevo e janelas ocas, para satisfazer as necessidades de edi\u00e7\u00f5es limitadas, caixas de oferta de f\u00e9rias, etc;<\/li>\n<li><strong>Sele\u00e7\u00e3o sustent\u00e1vel de materiais<\/strong>: Fornecer op\u00e7\u00f5es amigas do ambiente, como papel certificado pelo FSC e tinta degrad\u00e1vel, para refor\u00e7ar a imagem ecol\u00f3gica da marca.<\/li>\n<\/ul>\n<h2 id=\"-v-natural-inspiration-and-environmental-protection-concept-let-packaging-become-the-narrator-of-brand-stories-\"><strong>5. Inspira\u00e7\u00e3o natural e conceito de prote\u00e7\u00e3o ambiental: Deixar a embalagem tornar-se o narrador das hist\u00f3rias da marca<\/strong><\/h2>\n<p>Tendo a \"simbiose natural\" como filosofia de design, a textura e a cor do corpo da caixa s\u00e3o extra\u00eddas de imagens naturais, como os veios de crescimento das plantas e o brilho do orvalho da manh\u00e3, e um s\u00edmbolo cognitivo completo de sa\u00fade e beleza \u00e9 constru\u00eddo atrav\u00e9s de uma linguagem de design abstrata. Em termos de materiais, insistimos na utiliza\u00e7\u00e3o de recursos renov\u00e1veis para garantir que a embalagem cumpre as normas de reciclagem de baixo carbono, desde a produ\u00e7\u00e3o at\u00e9 \u00e0 elimina\u00e7\u00e3o, o que est\u00e1 em conformidade com o conceito de prote\u00e7\u00e3o ambiental de \"ingredientes naturais\" e \"cuidados capilares com carga zero\" dos \u00f3leos essenciais para o crescimento do cabelo, ajudando as marcas a transmitir valores de responsabilidade social.<\/p>\n<h2 id=\"-why-choose-us-\"><strong>Porqu\u00ea escolher-nos?<\/strong><\/h2>\n<ul>\n<li><strong>Rica experi\u00eancia no sector<\/strong>: 10 anos de profundo cultivo no dom\u00ednio das embalagens de beleza e de cuidados pessoais, servindo mais de 50.000 marcas em todo o mundo;<\/li>\n<li><strong>Servi\u00e7o de liga\u00e7\u00e3o completa<\/strong>: Desde a an\u00e1lise da procura, passando pela conce\u00e7\u00e3o estrutural, at\u00e9 \u00e0 produ\u00e7\u00e3o em s\u00e9rie e \u00e0 entrega, um acompanhamento profissional personalizado ao longo de todo o processo;<\/li>\n<li><strong>Controlo de qualidade rigoroso<\/strong>: Certifica\u00e7\u00e3o do sistema de qualidade ISO 9001 para garantir que todas as caixas cumprem as normas de qualidade de topo de gama.<\/li>\n<\/ul>","protected":false},"excerpt":{"rendered":"<p>Numa era de atualiza\u00e7\u00e3o do consumo e de consci\u00eancia ambiental, uma embalagem que combine valor est\u00e9tico, fun\u00e7\u00f5es pr\u00e1ticas e conceitos sustent\u00e1veis tornar-se-\u00e1 um ponto de contacto fundamental para as marcas se ligarem \u00e0 mente dos utilizadores. Escolha a nossa solu\u00e7\u00e3o de caixa de cart\u00e3o de dupla inser\u00e7\u00e3o para obter pr\u00e9mios mais elevados a um custo mais baixo, fazendo de cada produto um suporte que transmite o calor da marca.<\/p>","protected":false},"featured_media":739,"template":"","meta":{"_kad_post_transparent":"default","_kad_post_title":"","_kad_post_layout":"default","_kad_post_sidebar_id":"","_kad_post_content_style":"default","_kad_post_vertical_padding":"default","_kad_post_feature":"","_kad_post_feature_position":"","_kad_post_header":false,"_kad_post_footer":false,"_kad_post_classname":""},"product_brand":[],"product_cat":[15,28,24,17],"product_tag":[275,273,274],"class_list":{"0":"post-738","1":"product","2":"type-product","3":"status-publish","4":"has-post-thumbnail","6":"product_cat-red-light-therapy","7":"product_cat-customize","8":"product_cat-red-light-therapy-bed","9":"product_cat-services","10":"product_tag-custom-cosmetic-paper-boxes","11":"product_tag-custom-hair-oil-cardboard-box","12":"product_tag-growth-essential-oil-box-suppliers","14":"first","15":"instock","16":"shipping-taxable","17":"product-type-simple","18":"entry","19":"content-bg","20":"loop-entry"},"_links":{"self":[{"href":"https:\/\/red-lighttherapy.com\/pt_pt\/wp-json\/wp\/v2\/product\/738","targetHints":{"allow":["GET"]}}],"collection":[{"href":"https:\/\/red-lighttherapy.com\/pt_pt\/wp-json\/wp\/v2\/product"}],"about":[{"href":"https:\/\/red-lighttherapy.com\/pt_pt\/wp-json\/wp\/v2\/types\/product"}],"wp:featuredmedia":[{"embeddable":true,"href":"https:\/\/red-lighttherapy.com\/pt_pt\/wp-json\/wp\/v2\/media\/739"}],"wp:attachment":[{"href":"https:\/\/red-lighttherapy.com\/pt_pt\/wp-json\/wp\/v2\/media?parent=738"}],"wp:term":[{"taxonomy":"product_brand","embeddable":true,"href":"https:\/\/red-lighttherapy.com\/pt_pt\/wp-json\/wp\/v2\/product_brand?post=738"},{"taxonomy":"product_cat","embeddable":true,"href":"https:\/\/red-lighttherapy.com\/pt_pt\/wp-json\/wp\/v2\/product_cat?post=738"},{"taxonomy":"product_tag","embeddable":true,"href":"https:\/\/red-lighttherapy.com\/pt_pt\/wp-json\/wp\/v2\/product_tag?post=738"}],"curies":[{"name":"wp","href":"https:\/\/api.w.org\/{rel}","templated":true}]}}