{"id":732,"date":"2025-04-14T07:23:02","date_gmt":"2025-04-14T07:23:02","guid":{"rendered":"https:\/\/red-lighttherapy.com\/?post_type=product&#038;p=732"},"modified":"2025-04-14T07:35:30","modified_gmt":"2025-04-14T07:35:30","slug":"custom-makeup-beauty-blender-sponge-packaging-boxes-factory","status":"publish","type":"product","link":"https:\/\/red-lighttherapy.com\/pt_pt\/custom-makeup-beauty-blender-sponge-packaging-boxes-factory\/","title":{"rendered":"F\u00e1brica de caixas de embalagem de esponja de liquidificador de beleza para maquilhagem personalizada"},"content":{"rendered":"<h2 id=\"customized-makeup-egg-sponge-packaging-box\">Caixa de embalagem de esponja de ovo de maquilhagem personalizada<\/h2>\n<h2 id=\"1-high-quality-materials-and-transparent-display-design-\">1.\u00a0<strong>Materiais de alta qualidade e design de ecr\u00e3 transparente<\/strong><\/h2>\n<p>Este produto \u00e9 fabricado em cart\u00e3o branco de alta gramagem de 350 g. O papel \u00e9 espesso e estaladi\u00e7o, com resist\u00eancia \u00e0 press\u00e3o e est\u00e9tica. A frente da caixa \u00e9 concebida de forma inovadora com\u00a0<strong>tecnologia de pel\u00edculas de abertura de janelas<\/strong>\u00c9 utilizada uma pel\u00edcula de PVC ou PET de alta transpar\u00eancia, que pode n\u00e3o s\u00f3 mostrar claramente a forma e a cor do ovo de maquilhagem interno, mas tamb\u00e9m desempenhar um papel na preven\u00e7\u00e3o do p\u00f3 e da humidade. A borda da \u00e1rea da janela adopta um processo de corte de precis\u00e3o para garantir um ajuste apertado sem rebarbas, aumentar a atratividade da exposi\u00e7\u00e3o do produto e facilitar a sele\u00e7\u00e3o intuitiva dos clientes.<\/p>\n<h2 id=\"2-high-end-printing-technology-empowers-brand-image-\">2.\u00a0<strong>Tecnologia de impress\u00e3o topo de gama refor\u00e7a a imagem da marca<\/strong><\/h2>\n<p>A impress\u00e3o da superf\u00edcie da caixa adopta\u00a0<strong>m\u00e1quina de impress\u00e3o Heidelberg importada<\/strong>A tinta de impress\u00e3o, equipada com um sistema de gest\u00e3o de cores totalmente autom\u00e1tico de quatro cores, restaura com precis\u00e3o o LOGOTIPO da marca, o padr\u00e3o e a cor gradiente. A tinta de impress\u00e3o passou a certifica\u00e7\u00e3o de prote\u00e7\u00e3o ambiental SGS, com cores ricas e sem odor irritante. Com o processo de envidra\u00e7amento local UV, consegue-se a combina\u00e7\u00e3o de brilho espelhado e textura mate, conferindo \u00e0 caixa de embalagem uma camada visual de alto n\u00edvel. A precis\u00e3o do controlo da diferen\u00e7a de cor atinge \u0394E\u22641,5, garantindo a consist\u00eancia da produ\u00e7\u00e3o em lote e ajudando o posicionamento de topo da marca.<\/p>\n<h2 id=\"3-environmentally-friendly-lining-and-efficient-structural-design-\">3.\u00a0<strong>Revestimento amigo do ambiente e conce\u00e7\u00e3o estrutural eficiente<\/strong><\/h2>\n<p>O forro adopta\u00a0<strong>tecnologia de corte e vinco de cart\u00f5es de papel amiga do ambiente<\/strong>e forma uma estrutura de suporte em forma de favo de mel atrav\u00e9s de uma dobragem precisa, que fixa firmemente o ovo de beleza para evitar que trema durante o transporte. O cart\u00e3o de papel utiliza cart\u00e3o de pasta de papel em bruto certificado pelo FSC, que pode ser completamente reciclado e degradado, substituindo o revestimento de espuma tradicional, e cumpre as normas de prote\u00e7\u00e3o ambiental REACH da UE. O conjunto\u00a0<strong>caixa de cart\u00e3o design plano<\/strong>\u00a0\u00e9 adoptada, que \u00e9 uma forma de dobragem de pe\u00e7a \u00fanica quando n\u00e3o montada, reduzindo consideravelmente a ocupa\u00e7\u00e3o do espa\u00e7o de armazenamento e transporte, e reduzindo os custos log\u00edsticos em mais de 30%. Depois de receber as mercadorias, os clientes podem mont\u00e1-las rapidamente \u00e0 m\u00e3o sem a ajuda de cola, o que \u00e9 conveniente para operar.<\/p>\n<h2 id=\"4-source-factory-guarantee-and-full-link-service-\">4.\u00a0<strong>Garantia de f\u00e1brica de origem e servi\u00e7o de liga\u00e7\u00e3o completo<\/strong><\/h2>\n<p>Confiar em\u00a0<strong>16 anos de experi\u00eancia no fabrico de embalagens<\/strong>A f\u00e1brica est\u00e1 equipada com m\u00e1quinas de corte e vinco totalmente autom\u00e1ticas, m\u00e1quinas de colagem de caixas e linhas de inspe\u00e7\u00e3o de qualidade, atingindo uma capacidade de produ\u00e7\u00e3o di\u00e1ria de mais de 100 000 caixas normalizadas, e o ciclo de entrega \u00e9 reduzido para 7-10 dias \u00fateis. A cadeia de abastecimento integra recursos a montante, como papel, pel\u00edcula e tinta, com custos 15%-20% inferiores \u00e0 m\u00e9dia do mercado, e suporta uma produ\u00e7\u00e3o flex\u00edvel com uma encomenda m\u00ednima de 1.000 unidades. Aprovada a certifica\u00e7\u00e3o do sistema de gest\u00e3o da qualidade ISO9001, toda a inspe\u00e7\u00e3o da qualidade abrange a entrada de mat\u00e9rias-primas at\u00e9 \u00e0 expedi\u00e7\u00e3o de produtos acabados, e a taxa de defeitos \u00e9 controlada dentro de 0,3%.<\/p>\n<h2 id=\"5-integrated-foreign-trade-service-solution-\">5.\u00a0<strong>Solu\u00e7\u00e3o integrada de servi\u00e7os de com\u00e9rcio externo<\/strong><\/h2>\n<p>A equipa profissional de com\u00e9rcio externo fornece\u00a0<strong>servi\u00e7os transfronteiri\u00e7os de balc\u00e3o \u00fanico<\/strong>A nossa empresa \u00e9 especializada na conce\u00e7\u00e3o de produtos e servi\u00e7os, abrangendo a prova de conce\u00e7\u00e3o, a declara\u00e7\u00e3o aduaneira de exporta\u00e7\u00e3o, a log\u00edstica internacional e o apoio p\u00f3s-venda. Suporta o encaixe comercial multilingue em ingl\u00eas, espanhol, \u00e1rabe, etc., e est\u00e1 familiarizado com as normas de acesso ao mercado na Europa, nos Estados Unidos, no M\u00e9dio Oriente e no Sudeste Asi\u00e1tico (tais como a certifica\u00e7\u00e3o FDA, CE). Pode ajudar os clientes a concluir a implanta\u00e7\u00e3o da marca VI, r\u00f3tulos anti-contrafa\u00e7\u00e3o personalizados e otimiza\u00e7\u00e3o da embalagem de conformidade com a plataforma de com\u00e9rcio eletr\u00f3nico transfronteiri\u00e7o, ajudando a disposi\u00e7\u00e3o global da marca.<\/p>\n<h2 id=\"-summary-of-core-advantages-\"><strong>Resumo das principais vantagens<\/strong><\/h2>\n<ul>\n<li><strong>Otimiza\u00e7\u00e3o dos custos<\/strong>: Estrutura plana + fornecimento direto da fonte, reduzindo os custos globais em 25%<\/li>\n<li><strong>Conformidade ambiental<\/strong>: Materiais biodegrad\u00e1veis ao longo de todo o processo, aprova\u00e7\u00e3o nas auditorias de responsabilidade social BSCI e Sedex<\/li>\n<li><strong>Garantia de qualidade<\/strong>: Impress\u00e3o Heidelberg + linha de produ\u00e7\u00e3o automatizada, a precis\u00e3o das cores atinge a correspond\u00eancia Pantone 99%<\/li>\n<li><strong>Servi\u00e7o \u00e1gil<\/strong>: Os projectos de conce\u00e7\u00e3o 3D s\u00e3o fornecidos no prazo de 48 horas e a prova \u00e9 conclu\u00edda no prazo de 72 horas<\/li>\n<\/ul>","protected":false},"excerpt":{"rendered":"<p>O design da caixa de cart\u00e3o utiliza cart\u00e3o branco de 350 g como caixa completa, o que pode reduzir os custos e, ao mesmo tempo, permitir envios planos, reduzindo consideravelmente os custos de transporte. A janela com pel\u00edcula permite uma melhor visualiza\u00e7\u00e3o do produto e o forro interior \u00e9 concebido com cart\u00f5es de papel, o que \u00e9 conveniente para fixar o produto e mais amigo do ambiente.<\/p>","protected":false},"featured_media":733,"template":"","meta":{"_kad_post_transparent":"default","_kad_post_title":"","_kad_post_layout":"default","_kad_post_sidebar_id":"","_kad_post_content_style":"default","_kad_post_vertical_padding":"default","_kad_post_feature":"","_kad_post_feature_position":"","_kad_post_header":false,"_kad_post_footer":false,"_kad_post_classname":""},"product_brand":[],"product_cat":[15,28,24,17],"product_tag":[272,271,270],"class_list":{"0":"post-732","1":"product","2":"type-product","3":"status-publish","4":"has-post-thumbnail","6":"product_cat-red-light-therapy","7":"product_cat-customize","8":"product_cat-red-light-therapy-bed","9":"product_cat-services","10":"product_tag-custom-beauty-sponge-packaging-factory","11":"product_tag-custom-blender-packaging","12":"product_tag-makeup-beauty-packaging-boxes","14":"first","15":"instock","16":"shipping-taxable","17":"product-type-simple","18":"entry","19":"content-bg","20":"loop-entry"},"_links":{"self":[{"href":"https:\/\/red-lighttherapy.com\/pt_pt\/wp-json\/wp\/v2\/product\/732","targetHints":{"allow":["GET"]}}],"collection":[{"href":"https:\/\/red-lighttherapy.com\/pt_pt\/wp-json\/wp\/v2\/product"}],"about":[{"href":"https:\/\/red-lighttherapy.com\/pt_pt\/wp-json\/wp\/v2\/types\/product"}],"wp:featuredmedia":[{"embeddable":true,"href":"https:\/\/red-lighttherapy.com\/pt_pt\/wp-json\/wp\/v2\/media\/733"}],"wp:attachment":[{"href":"https:\/\/red-lighttherapy.com\/pt_pt\/wp-json\/wp\/v2\/media?parent=732"}],"wp:term":[{"taxonomy":"product_brand","embeddable":true,"href":"https:\/\/red-lighttherapy.com\/pt_pt\/wp-json\/wp\/v2\/product_brand?post=732"},{"taxonomy":"product_cat","embeddable":true,"href":"https:\/\/red-lighttherapy.com\/pt_pt\/wp-json\/wp\/v2\/product_cat?post=732"},{"taxonomy":"product_tag","embeddable":true,"href":"https:\/\/red-lighttherapy.com\/pt_pt\/wp-json\/wp\/v2\/product_tag?post=732"}],"curies":[{"name":"wp","href":"https:\/\/api.w.org\/{rel}","templated":true}]}}