{"id":725,"date":"2025-04-14T07:08:40","date_gmt":"2025-04-14T07:08:40","guid":{"rendered":"https:\/\/red-lighttherapy.com\/?post_type=product&#038;p=725"},"modified":"2025-04-14T07:22:23","modified_gmt":"2025-04-14T07:22:23","slug":"custom-skin-care-beauty-oil-folding-cartons-box-wholesale","status":"publish","type":"product","link":"https:\/\/red-lighttherapy.com\/pt_pt\/custom-skin-care-beauty-oil-folding-cartons-box-wholesale\/","title":{"rendered":"Caixa dobr\u00e1vel de \u00f3leo de beleza para cuidados com a pele personalizada por atacado"},"content":{"rendered":"<h2 id=\"customized-skin-care-beauty-oil-folding-carton-wholesale-product-description\">Caixa dobr\u00e1vel de \u00f3leo de beleza para cuidados com a pele personalizada por atacado<\/h2>\n<h2 id=\"1-visual-aesthetics-platinum-minimalist-color-matching-strengthening-brand-tone-\">1.\u00a0<strong>Est\u00e9tica visual: Correspond\u00eancia de cores minimalista de platina, refor\u00e7ando o tom da marca<\/strong><\/h2>\n<ul>\n<li><strong>Desenho da cor principal<\/strong>: O corpo da caixa adopta um substrato de papel especial branco puro, com tecnologia de estampagem a quente parcial, atrav\u00e9s do contraste entre o brilho met\u00e1lico e a textura mate, transmitindo uma imagem de marca pura e de alta qualidade. Os elementos de estampagem a quente podem ser aplicados ao LOGOTIPO da marca, linhas geom\u00e9tricas ou padr\u00f5es abstractos para melhorar a hierarquia visual e os pontos de mem\u00f3ria t\u00e1til.<\/li>\n<li><strong>Visualiza\u00e7\u00e3o de janelas<\/strong>: A parte superior ou lateral do corpo da caixa foi concebida com uma janela oca, coberta com uma pel\u00edcula transparente amiga do ambiente. Os utilizadores podem ver diretamente o design interno do frasco de \u00f3leo essencial ou do conta-gotas sem abrir a caixa, o que aumenta a atratividade da exposi\u00e7\u00e3o nas prateleiras e satisfaz a procura de transpar\u00eancia do produto por parte dos consumidores.<\/li>\n<\/ul>\n<h2 id=\"2-environmental-certification-fsc-sustainable-paper-practice-green-concept-\">2.\u00a0<strong>Certifica\u00e7\u00e3o ambiental: Papel sustent\u00e1vel FSC, conceito Practice Green<\/strong><\/h2>\n<ul>\n<li>O corpo da caixa adopta papel certificado pelo FSC para garantir que as mat\u00e9rias-primas prov\u00eam de florestas geridas de forma sustent\u00e1vel, o que cumpre as normas ambientais da UE e os requisitos das plataformas de com\u00e9rcio eletr\u00f3nico transfronteiri\u00e7as para embalagens ecol\u00f3gicas.<\/li>\n<li>Apoiar a impress\u00e3o com tinta ecol\u00f3gica e a tecnologia de verniz UV para reduzir as emiss\u00f5es de COV, o que est\u00e1 em conformidade com os objectivos estrat\u00e9gicos ESG da marca.<\/li>\n<\/ul>\n<h2 id=\"3-technology-innovation-self-locking-folding-structure-efficient-cost-reduction-\">3.\u00a0<strong>Inova\u00e7\u00e3o tecnol\u00f3gica: estrutura de dobragem com fecho autom\u00e1tico, redu\u00e7\u00e3o eficiente dos custos<\/strong><\/h2>\n<ul>\n<li><strong>Tecnologia de corte e vinco de precis\u00e3o<\/strong>: Atrav\u00e9s do design da linha de corte e vinco de alta precis\u00e3o (erro \u22641mm), a fun\u00e7\u00e3o de auto-bloqueio do corpo da caixa \u00e9 realizada. A tampa inferior e a tampa superior adotam uma estrutura de gancho de bloqueio de encaixe, que pode ser firmemente formada sem colagem, reduzindo os custos de montagem manual e a polui\u00e7\u00e3o do adesivo.<\/li>\n<li><strong>Adaptabilidade de prototipagem r\u00e1pida<\/strong>: Suporta a dobragem por lotes de linhas de produ\u00e7\u00e3o automatizadas, com uma produ\u00e7\u00e3o di\u00e1ria de at\u00e9 50 000 000 pe\u00e7as, satisfazendo as necessidades de entrega r\u00e1pida de grandes quantidades de mercadorias.<\/li>\n<\/ul>\n<h2 id=\"4-tactile-upgrade-combination-of-hot-stamping-technology-and-special-paper-\">4.\u00a0<strong>Atualiza\u00e7\u00e3o t\u00e1til: Combina\u00e7\u00e3o de tecnologia de estampagem a quente e papel especial<\/strong><\/h2>\n<ul>\n<li>O processo de estampagem a quente da superf\u00edcie utiliza material de folha de alum\u00ednio eletroqu\u00edmico e forma um efeito de brilho met\u00e1lico espelhado atrav\u00e9s de estampagem a alta temperatura para melhorar a camada t\u00e1til da embalagem. O processo local de estampagem ou grava\u00e7\u00e3o UV pode ser personalizado para formar um contraste de superf\u00edcie mate e brilhante com a \u00e1rea de estampagem a quente, aumentando a sensa\u00e7\u00e3o de cerim\u00f3nia ao abrir a caixa.<\/li>\n<\/ul>\n<h2 id=\"-production-and-customization-services-\"><strong>5. Servi\u00e7os de produ\u00e7\u00e3o e de personaliza\u00e7\u00e3o<\/strong><\/h2>\n<ul>\n<li><strong>Vantagens da f\u00e1brica de origem<\/strong>: 16 anos de experi\u00eancia profissional no fabrico de embalagens, equipados com linhas de produ\u00e7\u00e3o de cadeia completa, tais como impress\u00e3o offset, estampagem a quente, impress\u00e3o UV, etc., apoiando servi\u00e7os de balc\u00e3o \u00fanico desde a conce\u00e7\u00e3o at\u00e9 ao encaixotamento. Fornecer provas gratuitas (entrega convencional de 3 dias) e sugest\u00f5es de otimiza\u00e7\u00e3o do design para garantir que o produto \u00e9 altamente consistente com a marca VI.<\/li>\n<li><strong>Vantagem em termos de custos<\/strong>: Aquisi\u00e7\u00e3o em grande escala de papel certificado pelo FSC e processos de produ\u00e7\u00e3o automatizados, com uma quantidade m\u00ednima de encomenda t\u00e3o baixa quanto 500 unidades e um pre\u00e7o unit\u00e1rio t\u00e3o baixo quanto US$0.10\/unidade, proporcionando uma op\u00e7\u00e3o econ\u00f3mica para marcas de pequena e m\u00e9dia dimens\u00e3o.<\/li>\n<li><strong>Servi\u00e7os de valor acrescentado<\/strong>: Suporte para fornecimento dedicado \u00e0 exporta\u00e7\u00e3o transfronteiri\u00e7a, personaliza\u00e7\u00e3o do tabuleiro interior \u00e0 prova de humidade e choque (como tabuleiro de papel ou revestimento EVA) e impress\u00e3o manual em v\u00e1rios idiomas.<\/li>\n<\/ul>\n<h2 id=\"-technical-parameters-\"><strong>6. Par\u00e2metros t\u00e9cnicos<\/strong><\/h2>\n<table>\n<thead>\n<tr>\n<th>Projeto<\/th>\n<th>Especifica\u00e7\u00f5es<\/th>\n<\/tr>\n<\/thead>\n<tbody>\n<tr>\n<td>Material<\/td>\n<td>Cart\u00e3o branco certificado pelo FSC\/papel de cobre duplo cart\u00e3o cinzento<\/td>\n<\/tr>\n<tr>\n<td>Processo<\/td>\n<td>Estampagem a quente + impress\u00e3o UV + corte e vinco autoblocante<\/td>\n<\/tr>\n<tr>\n<td>Di\u00e2metro interior<\/td>\n<td>Personaliz\u00e1vel<\/td>\n<\/tr>\n<tr>\n<td>Ciclo de produ\u00e7\u00e3o<\/td>\n<td>3 dias para a prova, 7-14 dias para o volume<\/td>\n<\/tr>\n<tr>\n<td>Quantidade m\u00ednima de encomenda<\/td>\n<td>500 unidades (apoio a encomendas experimentais de pequenos lotes)<\/td>\n<\/tr>\n<tr>\n<td>Certifica\u00e7\u00e3o ambiental<\/td>\n<td>Dupla certifica\u00e7\u00e3o FSC-COC\/PEFC<\/td>\n<\/tr>\n<\/tbody>\n<\/table>\n<h2 id=\"-application-scenarios-\"><strong>Cen\u00e1rios de aplica\u00e7\u00e3o<\/strong><\/h2>\n<p>Aplic\u00e1vel a \u00f3leos essenciais, perfumes, ess\u00eancias e outras categorias de cuidados da pele de gama alta, amplamente utilizados na entrega direta de com\u00e9rcio eletr\u00f3nico, na exposi\u00e7\u00e3o de balc\u00e3o offline e na combina\u00e7\u00e3o de conjuntos de oferta, ajudando as marcas a moldar uma imagem de luxo leve e a transmitir propostas de valor de prote\u00e7\u00e3o ambiental.<\/p>","protected":false},"excerpt":{"rendered":"<p>Esta embalagem de cart\u00e3o dobr\u00e1vel para \u00f3leo de cuidados da pele foi concebida para marcas de cuidados da pele topo de gama. Utiliza uma base branca com um esquema de cores minimalista em folha de ouro, integrando conceitos de prote\u00e7\u00e3o ambiental e tecnologia inovadora para criar uma solu\u00e7\u00e3o de embalagem que combina textura de luxo e praticidade. Produzida por uma f\u00e1brica com 16 anos de idade, com base em tecnologia madura e vantagens de produ\u00e7\u00e3o em larga escala, fornece servi\u00e7os personalizados e econ\u00f3micos para ajudar as marcas a melhorar a sua competitividade no mercado.<\/p>","protected":false},"featured_media":727,"template":"","meta":{"_kad_post_transparent":"default","_kad_post_title":"","_kad_post_layout":"default","_kad_post_sidebar_id":"","_kad_post_content_style":"default","_kad_post_vertical_padding":"default","_kad_post_feature":"","_kad_post_feature_position":"","_kad_post_header":false,"_kad_post_footer":false,"_kad_post_classname":""},"product_brand":[],"product_cat":[15,28,24,17],"product_tag":[269,267,268],"class_list":{"0":"post-725","1":"product","2":"type-product","3":"status-publish","4":"has-post-thumbnail","6":"product_cat-red-light-therapy","7":"product_cat-customize","8":"product_cat-red-light-therapy-bed","9":"product_cat-services","10":"product_tag-custom-face-oil-boxes","11":"product_tag-custom-skin-care-cartons-box","12":"product_tag-custom-skincare-oil-boxes-wholesale","14":"first","15":"instock","16":"shipping-taxable","17":"product-type-simple","18":"entry","19":"content-bg","20":"loop-entry"},"_links":{"self":[{"href":"https:\/\/red-lighttherapy.com\/pt_pt\/wp-json\/wp\/v2\/product\/725","targetHints":{"allow":["GET"]}}],"collection":[{"href":"https:\/\/red-lighttherapy.com\/pt_pt\/wp-json\/wp\/v2\/product"}],"about":[{"href":"https:\/\/red-lighttherapy.com\/pt_pt\/wp-json\/wp\/v2\/types\/product"}],"wp:featuredmedia":[{"embeddable":true,"href":"https:\/\/red-lighttherapy.com\/pt_pt\/wp-json\/wp\/v2\/media\/727"}],"wp:attachment":[{"href":"https:\/\/red-lighttherapy.com\/pt_pt\/wp-json\/wp\/v2\/media?parent=725"}],"wp:term":[{"taxonomy":"product_brand","embeddable":true,"href":"https:\/\/red-lighttherapy.com\/pt_pt\/wp-json\/wp\/v2\/product_brand?post=725"},{"taxonomy":"product_cat","embeddable":true,"href":"https:\/\/red-lighttherapy.com\/pt_pt\/wp-json\/wp\/v2\/product_cat?post=725"},{"taxonomy":"product_tag","embeddable":true,"href":"https:\/\/red-lighttherapy.com\/pt_pt\/wp-json\/wp\/v2\/product_tag?post=725"}],"curies":[{"name":"wp","href":"https:\/\/api.w.org\/{rel}","templated":true}]}}