{"id":719,"date":"2025-04-14T06:56:26","date_gmt":"2025-04-14T06:56:26","guid":{"rendered":"https:\/\/red-lighttherapy.com\/?post_type=product&#038;p=719"},"modified":"2025-04-14T07:08:31","modified_gmt":"2025-04-14T07:08:31","slug":"luxury-custom-cosmetic-face-serum-cream-folding-mailer-box","status":"publish","type":"product","link":"https:\/\/red-lighttherapy.com\/pt_pt\/luxury-custom-cosmetic-face-serum-cream-folding-mailer-box\/","title":{"rendered":"Caixa de correio dobr\u00e1vel para cosm\u00e9ticos de luxo personalizada para creme de soro facial"},"content":{"rendered":"<h2 id=\"product-description-of-luxury-customized-cosmetics-facial-essence-cream-folding-mailing-box\">Descri\u00e7\u00e3o de Produto de Cosm\u00e9ticos Personalizados de Luxo Creme de Ess\u00eancia Facial Caixa de Correio Dobr\u00e1vel<\/h2>\n<h2 id=\"-1-folding-airplane-box-structure-efficient-and-convenient-innovation-\"><strong>1. Estrutura da caixa de correio dobr\u00e1vel: inova\u00e7\u00e3o eficiente e c\u00f3moda<\/strong><\/h2>\n<ol>\n<li><strong>Processo de vinco preciso, montagem r\u00e1pida<\/strong> A caixa de embalagem adopta o design cl\u00e1ssico de caixa de correio dobr\u00e1vel, com vincos claros pr\u00e9-prensados na extremidade, sem a ajuda de cola ou ferramentas, e pode completar a moldagem tridimensional em 30 segundos. A estrutura \u00fanica do tipo cadeado assegura a estabilidade do corpo da caixa, evita a dispers\u00e3o acidental durante o transporte e tem em conta tanto a prote\u00e7\u00e3o ambiental como a efici\u00eancia.<\/li>\n<li><strong>Divis\u00e3o cient\u00edfica do armaz\u00e9m, adapta\u00e7\u00e3o flex\u00edvel<\/strong>\u00a0O espa\u00e7o interno pode ser personalizado com divis\u00f3rias em camadas de acordo com as necessidades do cliente (como ranhuras independentes para frascos de creme de ess\u00eancia, caixas de pestanas ou pinc\u00e9is de maquilhagem) para evitar colis\u00f5es entre produtos. O tamanho suporta um ajuste personalizado, o m\u00ednimo pode ser personalizado para 10cm\u00d75cm (conjunto de pestanas port\u00e1til) e o m\u00e1ximo pode ser expandido para 30cm\u00d720cm (combina\u00e7\u00e3o de caixa de oferta de v\u00e1rias pe\u00e7as), adaptando-se a diferentes necessidades de cena.<\/li>\n<\/ol>\n<h2 id=\"-second-luxurious-appearance-matte-black-and-gold-aesthetics-\"><strong>2. Aspeto luxuoso: est\u00e9tica em preto mate e dourado<\/strong><\/h2>\n<ol>\n<li><strong>Tratamento de superf\u00edcie com textura<\/strong>\u00a0O corpo da caixa adopta uma base de cart\u00e3o preto mate de 320 g de peso elevado, que \u00e9 t\u00e3o delicado como o veludo, e est\u00e1 equipado com tecnologia de lamina\u00e7\u00e3o UV, que \u00e9 \u00e0 prova de \u00e1gua, anti-incrustante e resistente ao desgaste. A superf\u00edcie \u00e9 delineada com o LOGOTIPO da marca ou com um padr\u00e3o personalizado com tecnologia de estampagem a quente, e as linhas douradas surgem no fundo mate, criando um impacto visual discreto e luxuoso.<\/li>\n<li><strong>Melhoria do log\u00f3tipo da marca<\/strong>\u00a0Pode ser adicionada tecnologia de relevo (como padr\u00f5es c\u00f4ncavos e convexos para simular a textura da pele), ou podem ser incorporados c\u00f3digos QR invis\u00edveis em combina\u00e7\u00e3o com a tecnologia AR para melhorar a sensa\u00e7\u00e3o de intera\u00e7\u00e3o e os atributos tecnol\u00f3gicos, o que est\u00e1 em conson\u00e2ncia com a procura de uma \"experi\u00eancia imersiva\" por parte dos utilizadores de topo de gama.<\/li>\n<\/ol>\n<h2 id=\"-three-double-protection-double-protection-of-materials-and-structure-\"><strong>3. Dupla prote\u00e7\u00e3o: dupla prote\u00e7\u00e3o dos materiais e da estrutura<\/strong><\/h2>\n<ol>\n<li><strong>Camada interm\u00e9dia de papel ondulado natural<\/strong>\u00a0O corpo da caixa adopta cart\u00e3o ondulado de dupla camada do tipo AB (espessura de 3 mm) e a estrutura alveolar pode absorver mais de 80% da for\u00e7a de impacto externa. Mesmo que se depare com um transporte violento, o produto interno pode continuar intacto. O material tem certifica\u00e7\u00e3o FSC e \u00e9 100% degrad\u00e1vel, o que est\u00e1 em conformidade com o conceito de luxo sustent\u00e1vel.<\/li>\n<li><strong>Tecnologia de refor\u00e7o de cantos<\/strong>\u00a0Os cantos s\u00e3o feitos de tecnologia de lamina\u00e7\u00e3o de papel de camada dupla, com tiras anti-compress\u00e3o incorporadas para refor\u00e7o, e a capacidade de carga atinge 5 kg, o que resiste eficazmente \u00e0 deforma\u00e7\u00e3o do empilhamento. S\u00e3o adicionadas tiras de esponja anti-vibra\u00e7\u00e3o nas juntas entre a tampa da caixa e o corpo da caixa para isolar ainda mais a vibra\u00e7\u00e3o e a humidade, adequadas para o transporte transfronteiri\u00e7o de longa dist\u00e2ncia.<\/li>\n<\/ol>\n<h2 id=\"-technical-parameters-\"><strong>Par\u00e2metros t\u00e9cnicos<\/strong><\/h2>\n<table>\n<thead>\n<tr>\n<th>Projeto<\/th>\n<th>Especifica\u00e7\u00f5es<\/th>\n<\/tr>\n<\/thead>\n<tbody>\n<tr>\n<td>Material<\/td>\n<td>Papel canelado de dupla camada AB (certificado FSC)<\/td>\n<\/tr>\n<tr>\n<td>Tecnologia de superf\u00edcie<\/td>\n<td>Revestimento UV mate + estampagem a quente \/ grava\u00e7\u00e3o parcial<\/td>\n<\/tr>\n<tr>\n<td>Capacidade de carga<\/td>\n<td>\u22645kg<\/td>\n<\/tr>\n<tr>\n<td>Certifica\u00e7\u00e3o ambiental<\/td>\n<td>SGS, REACH, RoHS<\/td>\n<\/tr>\n<tr>\n<td>Quantidade m\u00ednima de encomenda<\/td>\n<td>500 unidades (tamanhos mistos dispon\u00edveis)<\/td>\n<\/tr>\n<\/tbody>\n<\/table>\n<h2 id=\"-applicable-scenarios-\"><strong>Cen\u00e1rios aplic\u00e1veis<\/strong><\/h2>\n<ul>\n<li><strong>Entrega especial de produtos de luxo para a pele<\/strong>: como o creme de ess\u00eancia, a ampola e outros artigos de pre\u00e7o elevado;<\/li>\n<li><strong>Conjunto de caixa de oferta limitada<\/strong>: combina\u00e7\u00e3o de categorias cruzadas (ess\u00eancia + creme de olhos + ferramentas personalizadas);<\/li>\n<li><strong>Servi\u00e7o de assinatura de beleza<\/strong>: solu\u00e7\u00f5es personalizadas de cuidados da pele entregues mensalmente.<\/li>\n<\/ul>","protected":false},"excerpt":{"rendered":"<p>Esta caixa de correio dobr\u00e1vel foi especialmente concebida para cosm\u00e9ticos personalizados de alta qualidade. Tem como base a \"est\u00e9tica minimalista\" e a \"prote\u00e7\u00e3o cient\u00edfica\" e combina na perfei\u00e7\u00e3o o sentido art\u00edstico com a funcionalidade. A sua inspira\u00e7\u00e3o de design vem da tend\u00eancia global de embalagens personalizadas, combinada com o conceito de prote\u00e7\u00e3o de n\u00edvel aeron\u00e1utico, para proporcionar uma prote\u00e7\u00e3o completa a produtos de beleza requintados, tais como produtos de luxo para a pele, cremes de ess\u00eancia facial, pestanas, etc., ao mesmo tempo que d\u00e1 uma sensa\u00e7\u00e3o de cerim\u00f3nia de desembalagem e experi\u00eancia exclusiva da marca.<\/p>","protected":false},"featured_media":720,"template":"","meta":{"_kad_post_transparent":"default","_kad_post_title":"","_kad_post_layout":"default","_kad_post_sidebar_id":"","_kad_post_content_style":"default","_kad_post_vertical_padding":"default","_kad_post_feature":"","_kad_post_feature_position":"","_kad_post_header":false,"_kad_post_footer":false,"_kad_post_classname":""},"product_brand":[],"product_cat":[15,28,17],"product_tag":[186,265,266],"class_list":{"0":"post-719","1":"product","2":"type-product","3":"status-publish","4":"has-post-thumbnail","6":"product_cat-red-light-therapy","7":"product_cat-customize","8":"product_cat-services","9":"product_tag-cosmetic-boxes-supplies","10":"product_tag-custom-face-serum-folding-mailer-box","11":"product_tag-face-cream-mailer-boxes","13":"first","14":"instock","15":"shipping-taxable","16":"product-type-simple","17":"entry","18":"content-bg","19":"loop-entry"},"_links":{"self":[{"href":"https:\/\/red-lighttherapy.com\/pt_pt\/wp-json\/wp\/v2\/product\/719","targetHints":{"allow":["GET"]}}],"collection":[{"href":"https:\/\/red-lighttherapy.com\/pt_pt\/wp-json\/wp\/v2\/product"}],"about":[{"href":"https:\/\/red-lighttherapy.com\/pt_pt\/wp-json\/wp\/v2\/types\/product"}],"wp:featuredmedia":[{"embeddable":true,"href":"https:\/\/red-lighttherapy.com\/pt_pt\/wp-json\/wp\/v2\/media\/720"}],"wp:attachment":[{"href":"https:\/\/red-lighttherapy.com\/pt_pt\/wp-json\/wp\/v2\/media?parent=719"}],"wp:term":[{"taxonomy":"product_brand","embeddable":true,"href":"https:\/\/red-lighttherapy.com\/pt_pt\/wp-json\/wp\/v2\/product_brand?post=719"},{"taxonomy":"product_cat","embeddable":true,"href":"https:\/\/red-lighttherapy.com\/pt_pt\/wp-json\/wp\/v2\/product_cat?post=719"},{"taxonomy":"product_tag","embeddable":true,"href":"https:\/\/red-lighttherapy.com\/pt_pt\/wp-json\/wp\/v2\/product_tag?post=719"}],"curies":[{"name":"wp","href":"https:\/\/api.w.org\/{rel}","templated":true}]}}