{"id":714,"date":"2025-04-14T06:40:13","date_gmt":"2025-04-14T06:40:13","guid":{"rendered":"https:\/\/red-lighttherapy.com\/?post_type=product&#038;p=714"},"modified":"2025-04-14T06:56:17","modified_gmt":"2025-04-14T06:56:17","slug":"wholesale-underclothes-bikini-brief-sports-shorts-mailer-box","status":"publish","type":"product","link":"https:\/\/red-lighttherapy.com\/pt_pt\/wholesale-underclothes-bikini-brief-sports-shorts-mailer-box\/","title":{"rendered":"Caixa de correio para roupa interior por atacado Bikini Brief Sports Shorts"},"content":{"rendered":"<h2 id=\"-1-visual-impact-classic-red-and-blue-contrast-design-\"><strong>1. Impacto visual: design cl\u00e1ssico em contraste vermelho e azul<\/strong><\/h2>\n<p>A caixa de embalagem utiliza uma combina\u00e7\u00e3o de cores contrastantes de vermelho de alta esteriliza\u00e7\u00e3o e azul-marinho escuro para criar um forte efeito visual oposto. O vermelho \u00e9 um s\u00edmbolo de entusiasmo e vitalidade da marca, exprime o profissionalismo e a convic\u00e7\u00e3o do azul e, combinado com a tecnologia de rasgar tapetes, n\u00e3o s\u00f3 evita sensa\u00e7\u00f5es de reflex\u00e3o baratas, como tamb\u00e9m aumenta a estabilidade da cor. Este design \u00e9 adequado para o mercado do vestu\u00e1rio desportivo, aumentando a atra\u00e7\u00e3o do desempenho nas prateleiras, exprimindo com precis\u00e3o tons de marca jovens e de alta energia.<\/p>\n<h2 id=\"-2-structural-innovation-embedded-opening-and-closing-airplane-box-shape-\"><strong>2. Inova\u00e7\u00e3o estrutural: forma de caixa de avi\u00e3o com abertura e fecho incorporados<\/strong><\/h2>\n<p>O corpo da caixa adopta a forma normal de uma caixa de avi\u00e3o e os cantos s\u00e3o arredondados para evitar o risco de danos causados pela fric\u00e7\u00e3o durante o transporte. A tampa da caixa \u00e9 concebida como uma estrutura de abertura e fecho incorporada, e o fecho sem costuras \u00e9 conseguido atrav\u00e9s de um corte preciso:<\/p>\n<ul>\n<li><strong>Veda\u00e7\u00e3o<\/strong>: A fivela incorporada garante que a tampa da caixa se ajusta firmemente para evitar a entrada de p\u00f3 ou vapor de \u00e1gua;<\/li>\n<li><strong>Conveni\u00eancia<\/strong>: N\u00e3o s\u00e3o necess\u00e1rias ferramentas para abrir e fechar, e pode ser facilmente operado com uma m\u00e3o, o que \u00e9 conveniente para os clientes inspeccionarem ou reembalarem rapidamente;<\/li>\n<li><strong>Durabilidade<\/strong>: Os bordos e os cantos s\u00e3o espessos e refor\u00e7ados e podem ser reutilizados 3 a 5 vezes, reduzindo os custos de perda da embalagem.<\/li>\n<\/ul>\n<h2 id=\"-3-material-science-lightweight-and-compression-resistance-\"><strong>3. Ci\u00eancia dos materiais: Leveza e resist\u00eancia \u00e0 compress\u00e3o<\/strong><\/h2>\n<p>O corpo da caixa adopta uma estrutura de papel ondulado, o papel de superf\u00edcie \u00e9 papel kraft de alta resist\u00eancia de 200g e o papel central \u00e9 pasta reciclada amiga do ambiente:<\/p>\n<ul>\n<li><strong>Teste de compress\u00e3o<\/strong>: A capacidade de carga est\u00e1tica \u00e9 de at\u00e9 50 kg e o teste de queda din\u00e2mica passa a altura de 1,2 m;<\/li>\n<li><strong>Certifica\u00e7\u00e3o ambiental<\/strong>: O material passou a certifica\u00e7\u00e3o FSC e pode ser 100% reciclado e degradado, cumprindo os requisitos de embalagem ecol\u00f3gica do com\u00e9rcio eletr\u00f3nico transfronteiri\u00e7o.<\/li>\n<\/ul>\n<h2 id=\"-4-warehousing-optimization-expandable-flat-design-\"><strong>4. Otimiza\u00e7\u00e3o do armazenamento: conce\u00e7\u00e3o plana expans\u00edvel<\/strong><\/h2>\n<p>A caixa de embalagem adopta uma estrutura de encaixe sem cola, que suporta a expans\u00e3o total para uma forma plana, e a taxa de compress\u00e3o do volume durante o transporte \u00e9 t\u00e3o elevada como 80%.<\/p>\n<ul>\n<li><strong>Cen\u00e1rio de armazenamento<\/strong>: 1 metro c\u00fabico de espa\u00e7o pode acomodar 2.000 caixas planas, economizando 60% de espa\u00e7o de armazenamento em compara\u00e7\u00e3o com as caixas tridimensionais;<\/li>\n<li><strong>Cen\u00e1rio de transporte<\/strong>: Adaptar-se a paletes log\u00edsticas normalizadas, apoiar a embalagem e o transporte separados dos produtos e reduzir os custos log\u00edsticos;<\/li>\n<li><strong>Efici\u00eancia de montagem<\/strong>: O cliente final pode dobr\u00e1-lo e mold\u00e1-lo manualmente em 10 segundos sem a ajuda de fita adesiva ou ferramentas.<\/li>\n<\/ul>\n<h2 id=\"-5-brand-empowerment-customized-logo-and-printing-process-\"><strong>5. Fortalecimento da marca: LOGOTIPO personalizado e processo de impress\u00e3o<\/strong><\/h2>\n<p>O corpo da caixa tem uma \u00e1rea reservada para impress\u00e3o UV de alto brilho, que suporta a personaliza\u00e7\u00e3o do LOGOTIPO da marca, slogan ou c\u00f3digo QR:<\/p>\n<ul>\n<li><strong>Sele\u00e7\u00e3o de processos<\/strong>: estampagem a quente opcional, serigrafia, estampagem em relevo e outros processos, adaptados aos requisitos de textura das marcas de roupa interior de gama alta;<\/li>\n<li><strong>Transmiss\u00e3o de informa\u00e7\u00f5es<\/strong>: A coluna de informa\u00e7\u00f5es sobre o produto est\u00e1 desenhada no verso, e a tabela de tamanhos, as instru\u00e7\u00f5es de lavagem ou a declara\u00e7\u00e3o de prote\u00e7\u00e3o ambiental podem ser impressas;<\/li>\n<li><strong>Fun\u00e7\u00e3o anti-contrafa\u00e7\u00e3o<\/strong>: Suporta tinta fluorescente invis\u00edvel ou marca laser anti-contrafa\u00e7\u00e3o para proteger os direitos de propriedade intelectual da marca.<\/li>\n<\/ul>\n<h2 id=\"-6-flexible-customization-adapt-to-multiple-market-positioning-\"><strong>6. Personaliza\u00e7\u00e3o flex\u00edvel: adaptar-se a m\u00faltiplos posicionamentos de mercado<\/strong><\/h2>\n<p>Para diferentes linhas de produtos e estrat\u00e9gias de mercado, fornecemos uma gama completa de servi\u00e7os de personaliza\u00e7\u00e3o:<\/p>\n<ul>\n<li><strong>Sele\u00e7\u00e3o do tipo de caixa<\/strong>: caixa b\u00e1sica de avi\u00e3o, caixa tipo gaveta, caixa vitrina (adaptada \u00e0 embalagem transparente do biqu\u00edni);<\/li>\n<li><strong>Atualiza\u00e7\u00e3o do material<\/strong>: a linha topo de gama pode escolher papel micro-ondulado do tipo E (1,5 mm) ou adicionar um revestimento \u00e0 prova de \u00e1gua;<\/li>\n<li><strong>Adapta\u00e7\u00e3o da impress\u00e3o<\/strong>:<\/li>\n<li><strong>Mercado de massas<\/strong>: A impress\u00e3o a quatro cores CMYK \u00e9 adoptada, e o custo \u00e9 control\u00e1vel;<\/li>\n<li><strong>Linha ligeira de luxo<\/strong>: Cor direta Pantone + UV local, melhora o n\u00edvel visual;<\/li>\n<li><strong>S\u00e9rie de prote\u00e7\u00e3o ambiental<\/strong>: Utilizar tinta de soja para a impress\u00e3o, real\u00e7ando o conceito de desenvolvimento sustent\u00e1vel.<\/li>\n<\/ul>\n<h2 id=\"-applicable-scenarios-and-market-value-\"><strong>Cen\u00e1rios aplic\u00e1veis e valor de mercado<\/strong><\/h2>\n<p>Esta s\u00e9rie de caixas de embalagem foi concebida para roupa desportiva, roupa interior por grosso e com\u00e9rcio eletr\u00f3nico transfronteiri\u00e7o, e \u00e9 adequada para..:<\/p>\n<ul>\n<li><strong>Vendas diretas de marcas<\/strong>: Melhorar a experi\u00eancia de desembalagem do cliente atrav\u00e9s de uma embalagem altamente reconhec\u00edvel e aumentar a taxa de recompra;<\/li>\n<li><strong>Canais de distribui\u00e7\u00e3o<\/strong>: O transporte plano reduz o custo das liga\u00e7\u00f5es interm\u00e9dias e adapta-se \u00e0s necessidades das ag\u00eancias a v\u00e1rios n\u00edveis;<\/li>\n<li><strong>Mercados ultramarinos<\/strong>: Gra\u00e7as \u00e0 sua estrutura resistente \u00e0 press\u00e3o e ao seu design leve, cumpre as normas rigorosas da log\u00edstica transfronteiri\u00e7a.<\/li>\n<\/ul>\n<p>Atrav\u00e9s da integra\u00e7\u00e3o profunda do design estrutural cient\u00edfico, dos materiais amigos do ambiente e da vis\u00e3o da marca, a s\u00e9rie de caixas de embalagem \"Red and Blue Vitality\" tornar-se-\u00e1 uma ferramenta dupla para melhorar a efici\u00eancia da sua cadeia de fornecimento e proporcionar valor \u00e0 marca.<\/p>","protected":false},"excerpt":{"rendered":"<p>Em resposta \u00e0s necessidades de venda por grosso e de transporte de produtos de vestu\u00e1rio leves, como suti\u00e3s desportivos, biqu\u00ednis, cuecas e cal\u00e7\u00f5es desportivos, lan\u00e7\u00e1mos uma nova s\u00e9rie de caixas de correio especiais \"Red and Blue Vitality\". Este produto \u00e9 funcional como n\u00facleo, integrando a est\u00e9tica da marca e conceitos de prote\u00e7\u00e3o ambiental, ajudando a melhorar a imagem da marca e a otimizar a efici\u00eancia da cadeia de abastecimento.<\/p>","protected":false},"featured_media":716,"template":"","meta":{"_kad_post_transparent":"default","_kad_post_title":"","_kad_post_layout":"default","_kad_post_sidebar_id":"","_kad_post_content_style":"default","_kad_post_vertical_padding":"default","_kad_post_feature":"","_kad_post_feature_position":"","_kad_post_header":false,"_kad_post_footer":false,"_kad_post_classname":""},"product_brand":[],"product_cat":[15,30,17],"product_tag":[263,264,262],"class_list":{"0":"post-714","1":"product","2":"type-product","3":"status-publish","4":"has-post-thumbnail","6":"product_cat-red-light-therapy","7":"product_cat-dropshipping","8":"product_cat-services","9":"product_tag-custom-sports-shorts-mailer-box","10":"product_tag-underclothes-packaging","11":"product_tag-wholesale-bikini-mailer-box","13":"first","14":"instock","15":"shipping-taxable","16":"product-type-simple","17":"entry","18":"content-bg","19":"loop-entry"},"_links":{"self":[{"href":"https:\/\/red-lighttherapy.com\/pt_pt\/wp-json\/wp\/v2\/product\/714","targetHints":{"allow":["GET"]}}],"collection":[{"href":"https:\/\/red-lighttherapy.com\/pt_pt\/wp-json\/wp\/v2\/product"}],"about":[{"href":"https:\/\/red-lighttherapy.com\/pt_pt\/wp-json\/wp\/v2\/types\/product"}],"wp:featuredmedia":[{"embeddable":true,"href":"https:\/\/red-lighttherapy.com\/pt_pt\/wp-json\/wp\/v2\/media\/716"}],"wp:attachment":[{"href":"https:\/\/red-lighttherapy.com\/pt_pt\/wp-json\/wp\/v2\/media?parent=714"}],"wp:term":[{"taxonomy":"product_brand","embeddable":true,"href":"https:\/\/red-lighttherapy.com\/pt_pt\/wp-json\/wp\/v2\/product_brand?post=714"},{"taxonomy":"product_cat","embeddable":true,"href":"https:\/\/red-lighttherapy.com\/pt_pt\/wp-json\/wp\/v2\/product_cat?post=714"},{"taxonomy":"product_tag","embeddable":true,"href":"https:\/\/red-lighttherapy.com\/pt_pt\/wp-json\/wp\/v2\/product_tag?post=714"}],"curies":[{"name":"wp","href":"https:\/\/api.w.org\/{rel}","templated":true}]}}