{"id":709,"date":"2025-04-14T06:16:33","date_gmt":"2025-04-14T06:16:33","guid":{"rendered":"https:\/\/red-lighttherapy.com\/?post_type=product&#038;p=709"},"modified":"2025-04-14T06:39:50","modified_gmt":"2025-04-14T06:39:50","slug":"factory-custom-apparel-shoe-sweater-bra-clothes-mailer-box","status":"publish","type":"product","link":"https:\/\/red-lighttherapy.com\/pt_pt\/factory-custom-apparel-shoe-sweater-bra-clothes-mailer-box\/","title":{"rendered":"Caixa de correio de vestu\u00e1rio personalizada de f\u00e1brica para cal\u00e7ado, camisola, suti\u00e3, roupa"},"content":{"rendered":"<h2 id=\"-rainbow-gradient-series-clothing-transport-box-products-\">Caixa de correio de vestu\u00e1rio personalizada de f\u00e1brica para cal\u00e7ado, camisola, suti\u00e3, roupa<\/h2>\n<h2 id=\"-i-appearance-design-fusion-of-rainbow-gradient-aesthetics-and-brand-imprint-\"><strong>1. Conce\u00e7\u00e3o do aspeto: fus\u00e3o da est\u00e9tica do gradiente do arco-\u00edris com a impress\u00e3o da marca<\/strong><\/h2>\n<ol>\n<li><strong>Desenho de caixa com gradiente de arco-\u00edris<\/strong>\u00a0O corpo da caixa utiliza tecnologia de impress\u00e3o de alta precis\u00e3o para criar uma transi\u00e7\u00e3o de cor gradiente, que se liga naturalmente das cores quentes \u00e0s cores frias, como o brilho da manh\u00e3 a tingir o c\u00e9u. O sistema de cores gradientes adapta-se \u00e0s prefer\u00eancias est\u00e9ticas dos jovens grupos de consumidores, transmite vitalidade, criatividade e atitude de moda, e forma um eco visual com os diversos estilos de vestu\u00e1rio, cal\u00e7ado e outros produtos.<\/li>\n<li><strong>LOGOTIPO da marca design de fus\u00e3o din\u00e2mica<\/strong>\u00a0O log\u00f3tipo da marca utiliza o processo \"tinta \u00f3tica que muda de cor\". A cor do log\u00f3tipo muda com o \u00e2ngulo de luz e mistura-se naturalmente com a camada de gradiente de fundo, como a luz que aparece e desaparece \u00e0 luz da manh\u00e3. Este design rompe as limita\u00e7\u00f5es dos log\u00f3tipos monocrom\u00e1ticos tradicionais, melhora as camadas visuais e os pontos de mem\u00f3ria e concretiza a liga\u00e7\u00e3o profunda entre os s\u00edmbolos da marca e a est\u00e9tica da embalagem.<\/li>\n<\/ol>\n<h2 id=\"-second-structural-optimization-efficient-assembly-and-durable-protection-\"><strong>2. Otimiza\u00e7\u00e3o estrutural: montagem eficiente e prote\u00e7\u00e3o duradoura<\/strong><\/h2>\n<ol>\n<li><strong>Estrutura de dobragem r\u00e1pida em forma de caixa de avi\u00e3o<\/strong>\u00a0Com base no design de vinco patenteado, o corpo da caixa pode ser montado dobrando ao longo da marca pr\u00e9-pressionada, sem cola ou ferramentas. O tempo de montagem de uma \u00fanica caixa medido \u00e9 \u226415 segundos, o que \u00e9 60% mais eficiente do que a embalagem tradicional, reduzindo significativamente os custos de m\u00e3o de obra e armazenamento.<\/li>\n<li><strong>Sistema de prote\u00e7\u00e3o da caixa de dupla camada<\/strong><\/li>\n<li><strong>Caixa exterior<\/strong>: A superf\u00edcie \u00e9 coberta com uma pel\u00edcula resistente ao desgaste de poliuretano \u00e0 base de \u00e1gua com 0,2 mm de espessura (processo ecol\u00f3gico), com uma resist\u00eancia aos riscos de 5H e um grau de impermeabilidade de IPX4, que pode suportar a fric\u00e7\u00e3o e os ambientes h\u00famidos na log\u00edstica e no transporte.<\/li>\n<li><strong>Caixa interior<\/strong>: Revestimento de cart\u00e3o duro branco puro de qualidade alimentar, sem impurezas e interfer\u00eancia de diferen\u00e7as de cor, centrado no corpo do produto no momento de desembalar. Uma estrutura de amortecimento em favo de mel \u00e9 adicionada \u00e0 parede interna, com uma capacidade de carga de 8 kg, que \u00e9 adequada para os requisitos de resist\u00eancia \u00e0 press\u00e3o de diferentes categorias, como camisolas e sapatos.<\/li>\n<\/ol>\n<h2 id=\"-iii-environmental-qualification-and-production-guarantee-\"><strong>3. Qualifica\u00e7\u00e3o ambiental e garantia de produ\u00e7\u00e3o<\/strong><\/h2>\n<ol>\n<li><strong>Certifica\u00e7\u00e3o florestal FSC e gest\u00e3o da qualidade ISO<\/strong>\u00a0100% das mat\u00e9rias-primas do corpo da caixa passaram a certifica\u00e7\u00e3o da cadeia de produ\u00e7\u00e3o e supervis\u00e3o de vendas FSC-COC, e a tinta de impress\u00e3o cumpre as normas de prote\u00e7\u00e3o ambiental REACH da UE. A f\u00e1brica possui o sistema de gest\u00e3o da qualidade ISO 9001 e a certifica\u00e7\u00e3o do sistema de gest\u00e3o ambiental ISO 14001. 16 anos de experi\u00eancia em produ\u00e7\u00e3o garantem que a toler\u00e2ncia de diferen\u00e7a de cor de cada lote de embalagem seja \u22645% e a taxa de entrega no prazo seja \u226598%.<\/li>\n<li><strong>Extens\u00e3o de servi\u00e7o personalizada<\/strong>\u00a0Suporte a op\u00e7\u00f5es de atualiza\u00e7\u00e3o personalizadas:<\/li>\n<li><strong>Expans\u00e3o da fun\u00e7\u00e3o<\/strong>: painel divis\u00f3rio incorporado, gancho para saco do p\u00f3;<\/li>\n<li><strong>Atualiza\u00e7\u00e3o do processo<\/strong>: textura estampada a quente\/em relevo, estrutura magn\u00e9tica de abertura e fecho;<\/li>\n<li><strong>Adapta\u00e7\u00e3o do tamanho<\/strong>: Fornece mais de 20 bibliotecas de tamanhos padr\u00e3o, suporta personaliza\u00e7\u00e3o n\u00e3o padr\u00e3o (erro \u00b11mm).<\/li>\n<\/ol>\n<h2 id=\"-fourth-application-scenarios-and-value-empowerment-\"><strong>4. Cen\u00e1rios de aplica\u00e7\u00e3o e capacita\u00e7\u00e3o para o valor<\/strong><\/h2>\n<p>Esta s\u00e9rie de embalagens \u00e9 adequada para marcas de luxo ligeiro a marcas de moda r\u00e1pida, como vestu\u00e1rio, roupa interior, sapatos, camisolas, etc., especialmente adequadas para os seguintes cen\u00e1rios:<\/p>\n<ul>\n<li><strong>Mala direta para com\u00e9rcio eletr\u00f3nico<\/strong>: O aspeto gradiente do arco-\u00edris aumenta a taxa de unboxing nas redes sociais;<\/li>\n<li><strong>Expositor da loja<\/strong>: O sistema visual unificado da marca refor\u00e7a a imagem do terminal;<\/li>\n<li><strong>Co-marca limitada<\/strong>: A conce\u00e7\u00e3o din\u00e2mica do LOGO adapta-se \u00e0s necessidades de coopera\u00e7\u00e3o transfronteiri\u00e7a em mat\u00e9ria de PI.<\/li>\n<\/ul>","protected":false},"excerpt":{"rendered":"<p>O tipo de caixa de correio pode ser rapidamente dobrado e montado seguindo simplesmente o desenho do vinco, poupando custos de transporte e armazenamento. O corpo da caixa adopta um design de cor gradiente arco-\u00edris para apresentar um efeito visual elegante e vibrante, que est\u00e1 em linha com o posicionamento criativo. O revestimento da superf\u00edcie tem propriedades resistentes ao desgaste e \u00e0 humidade, o que \u00e9 adequado para o transporte e prote\u00e7\u00e3o de produtos de vestu\u00e1rio.<\/p>","protected":false},"featured_media":710,"template":"","meta":{"_kad_post_transparent":"default","_kad_post_title":"","_kad_post_layout":"default","_kad_post_sidebar_id":"","_kad_post_content_style":"default","_kad_post_vertical_padding":"default","_kad_post_feature":"","_kad_post_feature_position":"","_kad_post_header":false,"_kad_post_footer":false,"_kad_post_classname":""},"product_brand":[],"product_cat":[15,30,17],"product_tag":[259,260,261],"class_list":{"0":"post-709","1":"product","2":"type-product","3":"status-publish","4":"has-post-thumbnail","6":"product_cat-red-light-therapy","7":"product_cat-dropshipping","8":"product_cat-services","9":"product_tag-custom-apparel-clothes-mailer-box","10":"product_tag-mailer-box-for-shoe","11":"product_tag-sweater-bra-packaging-boxes","13":"first","14":"instock","15":"shipping-taxable","16":"product-type-simple","17":"entry","18":"content-bg","19":"loop-entry"},"_links":{"self":[{"href":"https:\/\/red-lighttherapy.com\/pt_pt\/wp-json\/wp\/v2\/product\/709","targetHints":{"allow":["GET"]}}],"collection":[{"href":"https:\/\/red-lighttherapy.com\/pt_pt\/wp-json\/wp\/v2\/product"}],"about":[{"href":"https:\/\/red-lighttherapy.com\/pt_pt\/wp-json\/wp\/v2\/types\/product"}],"wp:featuredmedia":[{"embeddable":true,"href":"https:\/\/red-lighttherapy.com\/pt_pt\/wp-json\/wp\/v2\/media\/710"}],"wp:attachment":[{"href":"https:\/\/red-lighttherapy.com\/pt_pt\/wp-json\/wp\/v2\/media?parent=709"}],"wp:term":[{"taxonomy":"product_brand","embeddable":true,"href":"https:\/\/red-lighttherapy.com\/pt_pt\/wp-json\/wp\/v2\/product_brand?post=709"},{"taxonomy":"product_cat","embeddable":true,"href":"https:\/\/red-lighttherapy.com\/pt_pt\/wp-json\/wp\/v2\/product_cat?post=709"},{"taxonomy":"product_tag","embeddable":true,"href":"https:\/\/red-lighttherapy.com\/pt_pt\/wp-json\/wp\/v2\/product_tag?post=709"}],"curies":[{"name":"wp","href":"https:\/\/api.w.org\/{rel}","templated":true}]}}