{"id":704,"date":"2025-04-14T06:06:17","date_gmt":"2025-04-14T06:06:17","guid":{"rendered":"https:\/\/red-lighttherapy.com\/?post_type=product&#038;p=704"},"modified":"2025-04-14T06:16:05","modified_gmt":"2025-04-14T06:16:05","slug":"supplier-custom-luxury-mailer-packaging-for-champagne-wine","status":"publish","type":"product","link":"https:\/\/red-lighttherapy.com\/pt_pt\/supplier-custom-luxury-mailer-packaging-for-champagne-wine\/","title":{"rendered":"Fornecedor de embalagens de luxo personalizadas para vinho champanhe"},"content":{"rendered":"<h2 id=\"-customized-luxury-mailing-packaging-solution-for-champagne-\"><strong>Solu\u00e7\u00e3o personalizada de embalagem de luxo para champanhe<\/strong><\/h2>\n<h2 id=\"-1-structured-padding-system-the-perfect-balance-of-precise-protection-and-surprise-when-unboxing-\"><strong>1. Sistema de acolchoamento estruturado: o equil\u00edbrio perfeito entre uma prote\u00e7\u00e3o precisa e a surpresa ao abrir a caixa<\/strong><\/h2>\n<p>A estrutura de revestimento ondulado dobr\u00e1vel patenteada \u00e9 utilizada para fixar com precis\u00e3o a garrafa atrav\u00e9s de um suporte mec\u00e2nico multidimensional:<\/p>\n<ul>\n<li><strong>Design de bloqueio tridimensional<\/strong>: A ranhura em favo de mel \u00e9 personalizada de acordo com a curvatura da garrafa de champanhe, combinada com o dispositivo de suporte do arco superior para garantir a estabilidade vertical da garrafa, e n\u00e3o h\u00e1 risco de desloca\u00e7\u00e3o mesmo que seja invertida ou abanada violentamente.<\/li>\n<li><strong>Camada tamp\u00e3o dupla<\/strong>: O forro adopta cart\u00e3o composto de flauta E + flauta B (espessura ajust\u00e1vel de 1,5-2,5 mm) e absorve a energia do impacto atrav\u00e9s da camada interm\u00e9dia alveolar. Os testes laboratoriais mostram que pode resistir a um impacto de queda de 1,2 metros (em conformidade com as normas ISTA 3A).<\/li>\n<li><strong>Ritual de desembalagem<\/strong>: O design minimalista da abertura dobr\u00e1vel permite aos utilizadores desdobrar o forro puxando ligeiramente a fita lateral. A garrafa sobe naturalmente com a gravidade e \u00e9 coberta com papel transl\u00facido de \u00e1cido sulf\u00farico para criar uma surpresa visual de \"exposi\u00e7\u00e3o flutuante\".<\/li>\n<\/ul>\n<h2 id=\"-second-smart-airplane-box-structure-3-second-molding-efficiency-revolution-\"><strong>2. Estrutura inteligente da caixa do avi\u00e3o: Moldagem em 3 segundos, revolu\u00e7\u00e3o na efici\u00eancia<\/strong><\/h2>\n<p>O sistema de dobragem sem cola, baseado no princ\u00edpio do mecanismo de liga\u00e7\u00e3o de quatro barras, subverte o processo de embalagem tradicional:<\/p>\n<ul>\n<li><strong>Montagem sem ferramentas<\/strong>: O papel\u00e3o ondulado pr\u00e9-indentado pode ser formado automaticamente pressionando a trava inferior, e o tempo de montagem de uma \u00fanica caixa \u00e9 \u22645 segundos, o que aumenta a efici\u00eancia em 300%.<\/li>\n<li><strong>Compatibilidade modular<\/strong>: Suporta especifica\u00e7\u00f5es de garrafa \u00fanica a 6 garrafas (altura adapt\u00e1vel 20-50cm), e as asas laterais do corpo da caixa t\u00eam fivelas magn\u00e9ticas incorporadas, que s\u00e3o refor\u00e7adas e f\u00e1ceis de abrir e fechar para reinspec\u00e7\u00e3o.<\/li>\n<li><strong>Log\u00edstica global amig\u00e1vel<\/strong>: A espessura ap\u00f3s a dobragem \u00e9 de apenas 3 cm, o que reduz o espa\u00e7o de armazenamento e transporte ocupado, e a capacidade de carga do contentor unit\u00e1rio \u00e9 aumentada em 40%.<\/li>\n<\/ul>\n<h2 id=\"-third-environmental-protection-performance-and-artistic-details-a-comprehensive-upgrade-from-function-to-aesthetics-\"><strong>3. Desempenho de prote\u00e7\u00e3o ambiental e pormenores art\u00edsticos: uma atualiza\u00e7\u00e3o abrangente da fun\u00e7\u00e3o para a est\u00e9tica<\/strong><\/h2>\n<ol>\n<li><strong>Materiais amigos do ambiente<\/strong>:<\/li>\n<li>100% papel ondulado recicl\u00e1vel certificado pelo FSC, o revestimento \u00e0 base de \u00e1gua da superf\u00edcie \u00e9 \u00e0 prova de humidade e resistente \u00e0 press\u00e3o.<\/li>\n<li>A pegada de carbono \u00e9 62% inferior \u00e0 das embalagens de espuma tradicionais, o que cumpre os requisitos dos regulamentos EPR da UE.<\/li>\n<li><strong>Conce\u00e7\u00e3o art\u00edstica<\/strong>:<\/li>\n<li><strong>Ovo inferior<\/strong>: A grava\u00e7\u00e3o a laser da silhueta abstrata de um gato preto forma uma liga\u00e7\u00e3o narrativa e melhora a mem\u00f3ria da marca.<\/li>\n<li><strong>Linguagem visual minimalista<\/strong>: Cor principal em preto mate e dourado com processo parcial de estampagem a quente, a caixa exterior mant\u00e9m apenas o LOGOTIPO da marca e o c\u00f3digo QR de rastreabilidade da adega, interpretando um luxo discreto.<\/li>\n<\/ol>\n<h2 id=\"-fourth-full-link-customization-service-a-one-stop-solution-from-design-to-delivery-\"><strong>4. Servi\u00e7o de personaliza\u00e7\u00e3o de liga\u00e7\u00e3o total: uma solu\u00e7\u00e3o de balc\u00e3o \u00fanico desde a conce\u00e7\u00e3o at\u00e9 \u00e0 entrega<\/strong><\/h2>\n<ol>\n<li><strong>Op\u00e7\u00f5es de personaliza\u00e7\u00e3o profundas<\/strong>:<\/li>\n<li><strong>Adapta\u00e7\u00e3o do tipo de garrafa<\/strong>: Suporta a correspond\u00eancia com a base de dados de mais de 20 tipos de garrafas especiais, tais como garrafas de champanhe normais, garrafas ros\u00e9 de boca estreita, garrafas Magnum grandes, etc.<\/li>\n<li><strong>Implanta\u00e7\u00e3o da marca<\/strong>: Oferece estampagem a quente, serigrafia, grava\u00e7\u00e3o em relevo e outros processos m\u00faltiplos de personaliza\u00e7\u00e3o do LOGOTIPO, e suporta a correspond\u00eancia de cores diretas Pantone.<\/li>\n<li><strong>Expans\u00e3o da fun\u00e7\u00e3o<\/strong>: Os m\u00f3dulos inteligentes opcionais, tais como etiquetas com sensores de temperatura e chips NFC anti-falsifica\u00e7\u00e3o, podem satisfazer as necessidades dos clientes mais exigentes.<\/li>\n<li><strong>Apoio profissional no dom\u00ednio do com\u00e9rcio externo<\/strong>:<\/li>\n<li><strong>Certifica\u00e7\u00e3o de conformidade global<\/strong>: Aprovado nos testes REACH e FDA para materiais em contacto com alimentos, e suporta termos comerciais como DDP\/DAP.<\/li>\n<li><strong>Cadeia de abastecimento \u00e1gil<\/strong>: Base de produ\u00e7\u00e3o na China Guangdong, resposta de prova em 48 horas, quantidade m\u00ednima de encomenda de 500 pe\u00e7as, apoio ao transporte transfronteiri\u00e7o de com\u00e9rcio eletr\u00f3nico.<\/li>\n<\/ol>","protected":false},"excerpt":{"rendered":"<p>O tipo de caixa de correio n\u00e3o necessita de cola e pode ser formado em poucos segundos, melhorando consideravelmente a efici\u00eancia da embalagem. O enchimento estruturado no interior da caixa fixa com precis\u00e3o a garrafa de vinho para garantir a seguran\u00e7a do transporte. O design simples pode dar uma sensa\u00e7\u00e3o de surpresa \u00e0 embalagem da garrafa de vinho quando esta \u00e9 aberta. O fundo da caixa est\u00e1 inteligentemente decorado com um padr\u00e3o abstrato de silhueta de gatinho preto, que forma um eco interessante com o nome do produto.<\/p>","protected":false},"featured_media":705,"template":"","meta":{"_kad_post_transparent":"default","_kad_post_title":"","_kad_post_layout":"default","_kad_post_sidebar_id":"","_kad_post_content_style":"default","_kad_post_vertical_padding":"default","_kad_post_feature":"","_kad_post_feature_position":"","_kad_post_header":false,"_kad_post_footer":false,"_kad_post_classname":""},"product_brand":[],"product_cat":[15,17],"product_tag":[256,257,258],"class_list":{"0":"post-704","1":"product","2":"type-product","3":"status-publish","4":"has-post-thumbnail","6":"product_cat-red-light-therapy","7":"product_cat-services","8":"product_tag-custom-champagne-packaging","9":"product_tag-luxury-wine-mailer-packaging","10":"product_tag-supplier-custom-champagne-wine-packaging","12":"first","13":"instock","14":"shipping-taxable","15":"product-type-simple","16":"entry","17":"content-bg","18":"loop-entry"},"_links":{"self":[{"href":"https:\/\/red-lighttherapy.com\/pt_pt\/wp-json\/wp\/v2\/product\/704","targetHints":{"allow":["GET"]}}],"collection":[{"href":"https:\/\/red-lighttherapy.com\/pt_pt\/wp-json\/wp\/v2\/product"}],"about":[{"href":"https:\/\/red-lighttherapy.com\/pt_pt\/wp-json\/wp\/v2\/types\/product"}],"wp:featuredmedia":[{"embeddable":true,"href":"https:\/\/red-lighttherapy.com\/pt_pt\/wp-json\/wp\/v2\/media\/705"}],"wp:attachment":[{"href":"https:\/\/red-lighttherapy.com\/pt_pt\/wp-json\/wp\/v2\/media?parent=704"}],"wp:term":[{"taxonomy":"product_brand","embeddable":true,"href":"https:\/\/red-lighttherapy.com\/pt_pt\/wp-json\/wp\/v2\/product_brand?post=704"},{"taxonomy":"product_cat","embeddable":true,"href":"https:\/\/red-lighttherapy.com\/pt_pt\/wp-json\/wp\/v2\/product_cat?post=704"},{"taxonomy":"product_tag","embeddable":true,"href":"https:\/\/red-lighttherapy.com\/pt_pt\/wp-json\/wp\/v2\/product_tag?post=704"}],"curies":[{"name":"wp","href":"https:\/\/api.w.org\/{rel}","templated":true}]}}