{"id":698,"date":"2025-04-14T05:57:18","date_gmt":"2025-04-14T05:57:18","guid":{"rendered":"https:\/\/red-lighttherapy.com\/?post_type=product&#038;p=698"},"modified":"2025-04-14T06:06:07","modified_gmt":"2025-04-14T06:06:07","slug":"hot-selling-mailer-baseball-hat-shipping-boxes-suppliers","status":"publish","type":"product","link":"https:\/\/red-lighttherapy.com\/pt_pt\/hot-selling-mailer-baseball-hat-shipping-boxes-suppliers\/","title":{"rendered":"Caixas de transporte de chap\u00e9u de beisebol de venda quente Fornecedores"},"content":{"rendered":"<h2 id=\"-macaron-color-baseball-cap-transport-box-product-description-\"><strong>Macaron Color Hot Selling Mailer Baseball Cap Shipping Box Descri\u00e7\u00e3o do produto<\/strong><\/h2>\n<h2 id=\"-1-macaron-color-visual-aesthetics-\"><strong>1. Est\u00e9tica visual da cor do macaron<\/strong><\/h2>\n<p>O corpo da caixa utiliza\u00a0<strong>verde claro (verde menta)<\/strong>\u00a0e\u00a0<strong>azul claro (azul soda)<\/strong>\u00a0como cores principais, inspiradas na natureza e no oceano, para transmitir uma experi\u00eancia visual refrescante e elegante. A combina\u00e7\u00e3o de cores remete para as tend\u00eancias internacionais e o design de baixa satura\u00e7\u00e3o evita a fadiga visual, o que \u00e9 adequado para desporto, lazer, consumo feminino e outras marcas.<\/p>\n<h2 id=\"-2-single-material-environmentally-friendly-structure-\"><strong>2. Estrutura de material \u00fanico amiga do ambiente<\/strong><\/h2>\n<p>Utilizar\u00a0<strong>100% cart\u00e3o canelado recicl\u00e1vel<\/strong>\u00a0(modelo de flauta A\/B\/E),\u00a0<strong>todos os processos de comp\u00f3sitos de poliolefinas<\/strong>\u00a0consegue uma estrutura de material \u00fanico, evitando os problemas de reciclagem e triagem causados pelos materiais compostos tradicionais (como a folha de alum\u00ednio, PET). Esta conce\u00e7\u00e3o cumpre as normas de economia circular de embalagens da UE e pode ser diretamente colocada no fluxo de reciclagem de papel, reduzindo as emiss\u00f5es de carbono e o desperd\u00edcio de recursos.<\/p>\n<h2 id=\"-3-interesting-lining-and-minimalist-appearance-\"><strong>3. Forro interessante e aspeto minimalista<\/strong><\/h2>\n<ul>\n<li><strong>Caixa exterior<\/strong>: Superf\u00edcie mate minimalista com log\u00f3tipo da marca impresso nas duas faces, sem decora\u00e7\u00e3o redundante, real\u00e7ando o conceito de prote\u00e7\u00e3o ambiental.<\/li>\n<li><strong>Forro interior<\/strong>: Personalizado\u00a0<strong>pontos coloridos\/padr\u00f5es geom\u00e9tricos<\/strong>\u00a0(cores contrastantes opcionais laranja, rosa e amarelo), impressas com tinta ecol\u00f3gica \u00e0 base de \u00e1gua, criando um contraste visual surpreendente no momento de desembalar, melhorando a experi\u00eancia interactiva do consumidor.<\/li>\n<\/ul>\n<h2 id=\"-4-double-sided-printing-and-efficient-use-of-paper-\"><strong>4. Impress\u00e3o frente e verso e utiliza\u00e7\u00e3o eficiente do papel<\/strong><\/h2>\n<p>A impress\u00e3o frente e verso \u00e9 conseguida atrav\u00e9s de\u00a0<strong>Impress\u00e3o offset CMYK + tecnologia de impress\u00e3o flexogr\u00e1fica<\/strong>O padr\u00e3o da camada interior e a informa\u00e7\u00e3o da marca da camada exterior s\u00e3o apresentados simultaneamente, e a taxa de utiliza\u00e7\u00e3o do papel aumenta em 30%. O processo de impress\u00e3o est\u00e1 em conformidade com as normas de certifica\u00e7\u00e3o florestal FSC e a tinta passou o teste RoHS de isen\u00e7\u00e3o de metais pesados para garantir a seguran\u00e7a e a prote\u00e7\u00e3o ambiental.<\/p>\n<h2 id=\"-5-foldable-reusable-opening-and-closing-structure-\"><strong>5. Estrutura de abertura e fecho dobr\u00e1vel e reutiliz\u00e1vel<\/strong><\/h2>\n<ul>\n<li><strong>Design de abertura e fecho<\/strong>: A tampa da caixa adopta\u00a0<strong>fivela incorporada + banda magn\u00e9tica<\/strong>que n\u00e3o precisa de ser fixada com fita adesiva e pode ser desmontada e montada repetidamente mais de 10 vezes, o que \u00e9 adequado para a arruma\u00e7\u00e3o dos consumidores, oferta de presentes e outras necessidades de reutiliza\u00e7\u00e3o em v\u00e1rias cenas.<\/li>\n<li><strong>Resist\u00eancia \u00e0 compress\u00e3o<\/strong>: O corpo da caixa pode suportar uma carga at\u00e9 15 kg, e os cantos s\u00e3o refor\u00e7ados para evitar a extrus\u00e3o e a deforma\u00e7\u00e3o do transporte, o que \u00e9 adequado para as normas internacionais de entrega expresso.<\/li>\n<\/ul>\n<h2 id=\"-6-waterproof-material-and-multi-functional-adaptation-\"><strong>6. Material imperme\u00e1vel e adapta\u00e7\u00e3o multifuncional<\/strong><\/h2>\n<ul>\n<li><strong>Tratamento \u00e0 prova de \u00e1gua<\/strong>: A superf\u00edcie do cart\u00e3o \u00e9 revestida com\u00a0<strong>pel\u00edcula brilhante\/verniz mate<\/strong>que atinge o efeito IPX4 \u00e0 prova de salpicos, pode resistir \u00e0 chuva de curta dura\u00e7\u00e3o ou a ambientes h\u00famidos e \u00e9 perfeitamente adequado para fatos de banho, cal\u00e7ado desportivo e outras categorias.<\/li>\n<li><strong>Tamanho flex\u00edvel<\/strong>: Personaliza\u00e7\u00e3o de suporte (tamanho padr\u00e3o de refer\u00eancia 38,9 \u00d7 27,8 \u00d7 10,2 cm), intercalar EVA ou janela de PVC pode ser instalada no interior para atender \u00e0s necessidades de transporte misto de v\u00e1rias categorias.<\/li>\n<\/ul>\n<h2 id=\"-technical-parameters-and-certification-\"><strong>Par\u00e2metros t\u00e9cnicos e certifica\u00e7\u00e3o<\/strong><\/h2>\n<table>\n<thead>\n<tr>\n<th>Atributos<\/th>\n<th>Detalhes do par\u00e2metro<\/th>\n<\/tr>\n<\/thead>\n<tbody>\n<tr>\n<td><strong>Material<\/strong><\/td>\n<td>Papel canelado de alta resist\u00eancia (canelura tipo C, quantitativo 300g\/\u33a1)<\/td>\n<\/tr>\n<tr>\n<td><strong>Processo de impress\u00e3o<\/strong><\/td>\n<td>Impress\u00e3o offset frente e verso + cor direta Pantone, efeito de relevo\/UV local opcional<\/td>\n<\/tr>\n<tr>\n<td><strong>Certifica\u00e7\u00e3o ambiental<\/strong><\/td>\n<td>FSC, ISO14021, RoHS, REACH<\/td>\n<\/tr>\n<tr>\n<td><strong>Quantidade m\u00ednima de encomenda<\/strong><\/td>\n<td>500 pe\u00e7as (apoio \u00e0 personaliza\u00e7\u00e3o de amostras, entrega em 7 dias \u00fateis)<\/td>\n<\/tr>\n<\/tbody>\n<\/table>","protected":false},"excerpt":{"rendered":"<p>Esta caixa de transporte de bon\u00e9s de basebol foi concebida para produtos de luxo leves, como roupa desportiva, fatos de banho, sapatos e chap\u00e9us. Integra conceitos de prote\u00e7\u00e3o ambiental e criatividade est\u00e9tica, com cores frescas de macaron, materiais recicl\u00e1veis e estrutura humanizada como principais pontos de venda, tendo em conta a praticidade e a sustentabilidade, ajudando a marca a transmitir uma atitude verde e elegante.<\/p>","protected":false},"featured_media":699,"template":"","meta":{"_kad_post_transparent":"default","_kad_post_title":"","_kad_post_layout":"default","_kad_post_sidebar_id":"","_kad_post_content_style":"default","_kad_post_vertical_padding":"default","_kad_post_feature":"","_kad_post_feature_position":"","_kad_post_header":false,"_kad_post_footer":false,"_kad_post_classname":""},"product_brand":[],"product_cat":[15,30,17],"product_tag":[255,253,254],"class_list":{"0":"post-698","1":"product","2":"type-product","3":"status-publish","4":"has-post-thumbnail","6":"product_cat-red-light-therapy","7":"product_cat-dropshipping","8":"product_cat-services","9":"product_tag-baseball-hat-boxes-suppliers","10":"product_tag-baseball-hat-shipping-boxes","11":"product_tag-hot-selling-hat-shipping-boxes","13":"first","14":"instock","15":"shipping-taxable","16":"product-type-simple","17":"entry","18":"content-bg","19":"loop-entry"},"_links":{"self":[{"href":"https:\/\/red-lighttherapy.com\/pt_pt\/wp-json\/wp\/v2\/product\/698","targetHints":{"allow":["GET"]}}],"collection":[{"href":"https:\/\/red-lighttherapy.com\/pt_pt\/wp-json\/wp\/v2\/product"}],"about":[{"href":"https:\/\/red-lighttherapy.com\/pt_pt\/wp-json\/wp\/v2\/types\/product"}],"wp:featuredmedia":[{"embeddable":true,"href":"https:\/\/red-lighttherapy.com\/pt_pt\/wp-json\/wp\/v2\/media\/699"}],"wp:attachment":[{"href":"https:\/\/red-lighttherapy.com\/pt_pt\/wp-json\/wp\/v2\/media?parent=698"}],"wp:term":[{"taxonomy":"product_brand","embeddable":true,"href":"https:\/\/red-lighttherapy.com\/pt_pt\/wp-json\/wp\/v2\/product_brand?post=698"},{"taxonomy":"product_cat","embeddable":true,"href":"https:\/\/red-lighttherapy.com\/pt_pt\/wp-json\/wp\/v2\/product_cat?post=698"},{"taxonomy":"product_tag","embeddable":true,"href":"https:\/\/red-lighttherapy.com\/pt_pt\/wp-json\/wp\/v2\/product_tag?post=698"}],"curies":[{"name":"wp","href":"https:\/\/api.w.org\/{rel}","templated":true}]}}