{"id":693,"date":"2025-04-14T05:47:06","date_gmt":"2025-04-14T05:47:06","guid":{"rendered":"https:\/\/red-lighttherapy.com\/?post_type=product&#038;p=693"},"modified":"2025-04-14T05:56:47","modified_gmt":"2025-04-14T05:56:47","slug":"order-custom-cosmetic-skin-care-box-beauty-packaging-factory","status":"publish","type":"product","link":"https:\/\/red-lighttherapy.com\/pt_pt\/order-custom-cosmetic-skin-care-box-beauty-packaging-factory\/","title":{"rendered":"Encomendar caixa de cosm\u00e9ticos personalizada para cuidados com a pele F\u00e1brica de embalagens de beleza"},"content":{"rendered":"<h2 id=\"-product-description-of-customized-skin-care-gift-box-series-\"><strong>Descri\u00e7\u00e3o de Produto de Encomenda de Caixa de Cuidados da Pele Cosm\u00e9tica Personalizada F\u00e1brica de Embalagem de Beleza<\/strong><\/h2>\n<h2 id=\"-i-environmental-protection-and-quality-are-equally-important-defining-a-new-standard-of-luxury-\"><strong>1. A prote\u00e7\u00e3o ambiental e a qualidade s\u00e3o igualmente importantes, definindo um novo padr\u00e3o de luxo<\/strong><\/h2>\n<p>Esta caixa de oferta utiliza papel duro ecol\u00f3gico certificado pelo FSC e as mat\u00e9rias-primas s\u00e3o provenientes de florestas geridas de forma sustent\u00e1vel, tendo em conta tanto a responsabilidade ecol\u00f3gica como o excelente desempenho. O cart\u00e3o \u00e9 refor\u00e7ado por um processo composto de v\u00e1rias camadas, e a resist\u00eancia \u00e0 compress\u00e3o \u00e9 aumentada em 40%. Pode suportar uma for\u00e7a externa de mais de 5 kg durante o transporte, garantindo zero danos no conte\u00fado. A estrutura da caixa incorpora tecnologia de n\u00facleo de papel alveolar e o amortecimento \u00e9 refor\u00e7ado pelo suporte tridimensional hexagonal. Com uma estrutura de painel de fibras de m\u00e9dia densidade de alta densidade, consegue um equil\u00edbrio perfeito entre \"leveza\" e \"resist\u00eancia\", proporcionando uma prote\u00e7\u00e3o de n\u00edvel de fortaleza para os produtos de cuidados da pele.<\/p>\n<h2 id=\"-ii-the-integration-of-color-aesthetics-and-minimalist-design-\"><strong>2. A integra\u00e7\u00e3o da est\u00e9tica da cor e do design minimalista<\/strong><\/h2>\n<p>A apar\u00eancia da caixa de oferta adopta tons de rosa e laranja com gradiente de macaron, com base na cor popular anual da Pantone, e apresenta uma transi\u00e7\u00e3o natural do amanhecer para o anoitecer atrav\u00e9s da tecnologia de impress\u00e3o digital com gradiente. A superf\u00edcie \u00e9 coberta por uma camada de pel\u00edcula mate de qualidade alimentar, que \u00e9 t\u00e3o delicada como o veludo, resiste eficazmente aos riscos e elimina os res\u00edduos de impress\u00f5es digitais, mantendo a pureza visual durante muito tempo. A tampa \u00e9 aberta e fechada com uma combina\u00e7\u00e3o de fivela magn\u00e9tica e dobradi\u00e7a de queda lenta. A tampa fica automaticamente suspensa quando o \u00e2ngulo de abertura atinge 110\u00b0. O espelho incorporado e o produto podem ser apresentados de forma est\u00e1vel com uma m\u00e3o, o que combina ritual e comodidade.<\/p>\n<h2 id=\"-three-modular-lining-system-unlocking-multiple-scenarios-\"><strong>3. Sistema de revestimento modular, permitindo m\u00faltiplos cen\u00e1rios<\/strong><\/h2>\n<p>O design inovador do forro substitu\u00edvel de camada dupla, com esponja EVA como material de base, suporta tr\u00eas esquemas de adapta\u00e7\u00e3o:<\/p>\n<ol>\n<li><strong>Zona de combina\u00e7\u00e3o de v\u00e1rias garrafas<\/strong>Divis\u00e3o alveolar personalizada, fixa\u00e7\u00e3o precisa de garrafas e latas de 30-100 ml, desloca\u00e7\u00e3o anti-colis\u00e3o;<\/li>\n<li><strong>\u00c1rea de exposi\u00e7\u00e3o de um \u00fanico produto<\/strong>: as divis\u00f3rias amov\u00edveis podem ajustar livremente o espa\u00e7o, adaptando-se a embalagens com formas especiais, como m\u00e1scaras faciais e ess\u00eancias;<\/li>\n<li><strong>Camada de armazenamento de ferramentas<\/strong>O forro \u00e9 ligado ao corpo da caixa atrav\u00e9s de uma ranhura e pode ser substitu\u00eddo em 3 segundos. O forro est\u00e1 ligado ao corpo da caixa atrav\u00e9s de uma ranhura e pode ser substitu\u00eddo em 3 segundos, satisfazendo as necessidades de v\u00e1rios cen\u00e1rios, como presentes de Natal, conjuntos de viagem e ensaios de novos produtos.<\/li>\n<\/ol>\n<h2 id=\"-fourth-details-empower-the-experience-craftsmanship-runs-through-the-whole-process-\"><strong>4. Os pormenores refor\u00e7am a experi\u00eancia, o trabalho artesanal est\u00e1 presente em todo o processo<\/strong><\/h2>\n<ul>\n<li><strong>Cadeia de processos amiga do ambiente<\/strong>: Desde a impress\u00e3o com tinta \u00e0 base de \u00e1gua at\u00e9 \u00e0 moldagem por prensagem a quente sem cola, \u00e9 utilizado pl\u00e1stico 0 em todo o processo e \u00e9 obtida a certifica\u00e7\u00e3o biodegrad\u00e1vel SGS;<\/li>\n<li><strong>Intera\u00e7\u00e3o humanizada<\/strong>: A tampa da caixa tem um eixo de amortecimento incorporado, que abre e fecha silenciosamente e com uma for\u00e7a uniforme, evitando a sensa\u00e7\u00e3o abrupta das caixas de mola tradicionais;<\/li>\n<li><strong>Extens\u00e3o do valor da marca<\/strong>: Suporta a personaliza\u00e7\u00e3o do LOGOTIPO a laser, estampagem a quente opcional, grava\u00e7\u00e3o em relevo ou tecnologia de grava\u00e7\u00e3o UV para aumentar o reconhecimento da marca.<\/li>\n<\/ul>\n<h2 id=\"-technical-parameters-\"><strong>Par\u00e2metros t\u00e9cnicos<\/strong><\/h2>\n<table>\n<thead>\n<tr>\n<th>Projeto<\/th>\n<th>Especifica\u00e7\u00f5es<\/th>\n<\/tr>\n<\/thead>\n<tbody>\n<tr>\n<td>Material<\/td>\n<td>Cart\u00e3o misto certificado FSC (espessura 2,5 mm)<\/td>\n<\/tr>\n<tr>\n<td>Tecnologia de superf\u00edcie<\/td>\n<td>Lamina\u00e7\u00e3o fosca de grau alimentar (resist\u00eancia \u00e0 temperatura -20 \u2103 ~ 80 \u2103)<\/td>\n<\/tr>\n<tr>\n<td>Capacidade de carga<\/td>\n<td>Resist\u00eancia \u00e0 compress\u00e3o de transporte est\u00e1tica 5kg\/din\u00e2mica 8G<\/td>\n<\/tr>\n<tr>\n<td>Compatibilidade do revestimento<\/td>\n<td>Suporta 3 tipos de m\u00f3dulos\/cargas de caixa \u00fanica at\u00e9 12 pe\u00e7as<\/td>\n<\/tr>\n<tr>\n<td>Quantidade m\u00ednima de encomenda<\/td>\n<td>500 conjuntos (apoio \u00e0 prova de pequenos lotes)<\/td>\n<\/tr>\n<\/tbody>\n<\/table>","protected":false},"excerpt":{"rendered":"<p>Esta \u00e9 uma caixa de correio concebida para produtos de cuidados da pele de gama alta. \u00c9 feita de papel duro amigo do ambiente. O corpo da caixa tem um gradiente de macaron cor-de-rosa e laranja, que est\u00e1 em conformidade com a tend\u00eancia est\u00e9tica da moda moderna. Utiliza papel ecol\u00f3gico certificado pelo FSC com uma forte estrutura de compress\u00e3o.<\/p>","protected":false},"featured_media":694,"template":"","meta":{"_kad_post_transparent":"default","_kad_post_title":"","_kad_post_layout":"default","_kad_post_sidebar_id":"","_kad_post_content_style":"default","_kad_post_vertical_padding":"default","_kad_post_feature":"","_kad_post_feature_position":"","_kad_post_header":false,"_kad_post_footer":false,"_kad_post_classname":""},"product_brand":[],"product_cat":[15,28,17],"product_tag":[252,250,251],"class_list":{"0":"post-693","1":"product","2":"type-product","3":"status-publish","4":"has-post-thumbnail","6":"product_cat-red-light-therapy","7":"product_cat-customize","8":"product_cat-services","9":"product_tag-beauty-packaging-factory","10":"product_tag-cosmetic-packaging-factory","11":"product_tag-custom-skin-care-box","13":"first","14":"instock","15":"shipping-taxable","16":"product-type-simple","17":"entry","18":"content-bg","19":"loop-entry"},"_links":{"self":[{"href":"https:\/\/red-lighttherapy.com\/pt_pt\/wp-json\/wp\/v2\/product\/693","targetHints":{"allow":["GET"]}}],"collection":[{"href":"https:\/\/red-lighttherapy.com\/pt_pt\/wp-json\/wp\/v2\/product"}],"about":[{"href":"https:\/\/red-lighttherapy.com\/pt_pt\/wp-json\/wp\/v2\/types\/product"}],"wp:featuredmedia":[{"embeddable":true,"href":"https:\/\/red-lighttherapy.com\/pt_pt\/wp-json\/wp\/v2\/media\/694"}],"wp:attachment":[{"href":"https:\/\/red-lighttherapy.com\/pt_pt\/wp-json\/wp\/v2\/media?parent=693"}],"wp:term":[{"taxonomy":"product_brand","embeddable":true,"href":"https:\/\/red-lighttherapy.com\/pt_pt\/wp-json\/wp\/v2\/product_brand?post=693"},{"taxonomy":"product_cat","embeddable":true,"href":"https:\/\/red-lighttherapy.com\/pt_pt\/wp-json\/wp\/v2\/product_cat?post=693"},{"taxonomy":"product_tag","embeddable":true,"href":"https:\/\/red-lighttherapy.com\/pt_pt\/wp-json\/wp\/v2\/product_tag?post=693"}],"curies":[{"name":"wp","href":"https:\/\/api.w.org\/{rel}","templated":true}]}}