{"id":688,"date":"2025-04-14T05:37:12","date_gmt":"2025-04-14T05:37:12","guid":{"rendered":"https:\/\/red-lighttherapy.com\/?post_type=product&#038;p=688"},"modified":"2025-04-20T06:02:45","modified_gmt":"2025-04-20T06:02:45","slug":"custom-chocolate-cookie-candy-mailer-box-manufacturer","status":"publish","type":"product","link":"https:\/\/red-lighttherapy.com\/pt_pt\/custom-chocolate-cookie-candy-mailer-box-manufacturer\/","title":{"rendered":"Caixa de correio personalizada para bolachas de chocolate Fabricante"},"content":{"rendered":"<h2 id=\"-1-visual-impact-design-the-vibrant-collision-of-red-white-and-blue-with-the-lollipop-pattern-\"><strong>1. Design de impacto visual: a colis\u00e3o vibrante de vermelho, branco e azul com o padr\u00e3o de chupa-chupa<\/strong><\/h2>\n<ul>\n<li><strong>L\u00edngua de cor<\/strong>: As cores principais s\u00e3o o vermelho, o branco e o azul. O vermelho simboliza a paix\u00e3o e a do\u00e7ura, o branco transmite a pureza e a sensa\u00e7\u00e3o de qualidade e o azul confere uma vitalidade moderna. A combina\u00e7\u00e3o de tr\u00eas cores forma um forte contraste visual, atraindo a aten\u00e7\u00e3o dos consumidores \u00e0 primeira vista.<\/li>\n<li><strong>Criatividade de padr\u00f5es<\/strong>: A superf\u00edcie da caixa adopta um design tridimensional com padr\u00e3o de chupa-chupa, e a textura cristalina do doce \u00e9 apresentada atrav\u00e9s de uma tecnologia de impress\u00e3o a quatro cores de alta precis\u00e3o, com um efeito de brilho gradiente, que refor\u00e7a a \"associa\u00e7\u00e3o deliciosa\" do produto e estimula o apetite e o desejo de compra dos consumidores.<\/li>\n<\/ul>\n<h2 id=\"-2-convenient-and-practical-airplane-box-structure-fast-packaging-and-display-integration-\"><strong>2. Estrutura de caixa de avi\u00e3o c\u00f3moda e pr\u00e1tica: r\u00e1pida integra\u00e7\u00e3o de embalagem e exposi\u00e7\u00e3o<\/strong><\/h2>\n<ul>\n<li><strong>Design de abertura e fecho<\/strong>: A estrutura patenteada da caixa de avi\u00e3o s\u00f3 precisa de ser dobrada ao longo do vinco predefinido para completar a embalagem. N\u00e3o \u00e9 necess\u00e1ria qualquer cola ou ferramenta. A montagem pode ser conclu\u00edda em 10 segundos, o que melhora consideravelmente a efici\u00eancia da embalagem.<\/li>\n<li><strong>F\u00e1cil de visualizar<\/strong>: A tampa da caixa pode ser aberta a 180\u00b0, com uma janela transparente incorporada ou um design de tampa articulada totalmente aberta, o que \u00e9 conveniente para uma visualiza\u00e7\u00e3o intuitiva do conte\u00fado aquando da exposi\u00e7\u00e3o de mercadorias. \u00c9 adequada para prateleiras de supermercados, transmiss\u00f5es em direto de com\u00e9rcio eletr\u00f3nico e outros cen\u00e1rios.<\/li>\n<\/ul>\n<h2 id=\"-3-high-end-materials-and-craftsmanship-white-cardboard-enhances-product-premium-perception-\"><strong>3. Materiais de topo de gama e artesanato: O cart\u00e3o branco aumenta a perce\u00e7\u00e3o de qualidade do produto<\/strong><\/h2>\n<ul>\n<li><strong>Vantagens materiais<\/strong>: Cart\u00e3o branco de qualidade alimentar selecionado (peso superior a 350 g), com uma superf\u00edcie lisa e delicada, forte resist\u00eancia \u00e0 press\u00e3o, e aprovado nos testes e certifica\u00e7\u00e3o da SGS para garantir a seguran\u00e7a em contacto direto com os alimentos.<\/li>\n<li><strong>Processo de impress\u00e3o<\/strong>: Tinta \u00e0 base de \u00e1gua amiga do ambiente + processo UV local, o padr\u00e3o \u00e9 cheio de cor e resistente ao desgaste, e suporta processos personalizados como estampagem a quente e grava\u00e7\u00e3o em relevo para melhorar a identidade e a textura da marca.<\/li>\n<\/ul>\n<h2 id=\"-4-minimalist-inner-box-design-make-the-product-the-focus-\"><strong>4. Design minimalista da caixa interior: O produto \u00e9 o centro das aten\u00e7\u00f5es<\/strong><\/h2>\n<ul>\n<li><strong>Forro n\u00e3o estampado<\/strong>: A caixa adopta um design branco puro sem impress\u00e3o para evitar interfer\u00eancias visuais, fazendo sobressair a cor e a forma de produtos como o chocolate e as bolachas, o que est\u00e1 de acordo com o conceito est\u00e9tico de \"menos \u00e9 mais\" para presentes de alta qualidade.<\/li>\n<li><strong>Estrutura de tamp\u00e3o<\/strong>: Os tabuleiros interiores em EVA ou em cart\u00e3o ondulado podem ser personalizados para posicionar e fixar com precis\u00e3o os produtos, de modo a evitar aban\u00f5es e danos durante o transporte, mantendo a sensa\u00e7\u00e3o de cerim\u00f3nia ao desembalar.<\/li>\n<\/ul>\n<h2 id=\"-5-all-round-customization-service-flexible-adaptation-to-diverse-needs-\"><strong>5. Servi\u00e7o completo de personaliza\u00e7\u00e3o: adapta\u00e7\u00e3o flex\u00edvel a diversas necessidades<\/strong><\/h2>\n<ul>\n<li><strong>Personaliza\u00e7\u00e3o do tipo de caixa<\/strong>Caixa de cart\u00e3o: suporta mais de 20 tipos de caixas, tais como caixas de avi\u00e3o, caixas de gaveta, caixas em forma de livro, etc., com uma gama de tamanhos de 5cm\u00b3 a 50cm\u00b3, satisfazendo as necessidades de embalagem desde mini-doces a bolos de v\u00e1rias camadas.<\/li>\n<li><strong>Modelo de coopera\u00e7\u00e3o em profundidade<\/strong>: servi\u00e7o gratuito de prova de design, servi\u00e7o exclusivo de apoio ao cliente 1 a 1 responde no prazo de 48 horas, desde a implanta\u00e7\u00e3o do LOGO, layout gr\u00e1fico at\u00e9 \u00e0 atualiza\u00e7\u00e3o do material, todos os ajustes s\u00e3o feitos a pedido para garantir que a embalagem \u00e9 altamente consistente com o tom da marca.<\/li>\n<\/ul>\n<h2 id=\"-6-source-factory-advantage-dual-guarantee-of-quality-and-cost-\"><strong>6. Vantagem da f\u00e1brica de origem: dupla garantia de qualidade e custo<\/strong><\/h2>\n<ul>\n<li><strong>16 anos de experi\u00eancia<\/strong>A empresa tem uma cadeia de abastecimento madura e uma linha de produ\u00e7\u00e3o automatizada, podendo efetuar envios ultra-r\u00e1pidos em 72 horas, com uma capacidade de produ\u00e7\u00e3o di\u00e1ria m\u00e9dia de 1 milh\u00e3o de pe\u00e7as, apoiando encomendas experimentais de pequenos lotes e fornecimento est\u00e1vel de grandes lotes.<\/li>\n<li><strong>Vantagem de pre\u00e7o<\/strong>: fornecimento direto da f\u00e1brica sem intermedi\u00e1rios, o pre\u00e7o de qualidade semelhante \u00e9 30% inferior ao do mercado, com uma encomenda m\u00ednima de 500 pe\u00e7as e um desconto escalonado para grandes quantidades.<\/li>\n<li><strong>Compromisso de inspe\u00e7\u00e3o da qualidade<\/strong>: Aprovado na certifica\u00e7\u00e3o do sistema de gest\u00e3o da qualidade ISO9001, cada lote de produtos \u00e9 submetido a 12 testes, como resist\u00eancia \u00e0 compress\u00e3o, resist\u00eancia \u00e0 humidade, diferen\u00e7a de cor, etc., para garantir uma entrega qualificada 100%.<\/li>\n<\/ul>","protected":false},"excerpt":{"rendered":"<p>Como uma f\u00e1brica de origem chinesa com 16 anos de experi\u00eancia na \u00e1rea das embalagens alimentares, concentramo-nos em fornecer solu\u00e7\u00f5es de embalagem personalizadas que combinam est\u00e9tica e funcionalidade para chocolate, bolachas, rebu\u00e7ados, bolos e outros doces.<\/p>","protected":false},"featured_media":692,"template":"","meta":{"_kad_post_transparent":"default","_kad_post_title":"","_kad_post_layout":"default","_kad_post_sidebar_id":"","_kad_post_content_style":"default","_kad_post_vertical_padding":"default","_kad_post_feature":"","_kad_post_feature_position":"","_kad_post_header":false,"_kad_post_footer":false,"_kad_post_classname":""},"product_brand":[],"product_cat":[15,17],"product_tag":[248,249,247],"class_list":{"0":"post-688","1":"product","2":"type-product","3":"status-publish","4":"has-post-thumbnail","6":"product_cat-red-light-therapy","7":"product_cat-services","8":"product_tag-cookie-box-manufacturer","9":"product_tag-custom-candy-mailer-box","10":"product_tag-custom-chocolate-mailer-box","12":"first","13":"instock","14":"shipping-taxable","15":"product-type-simple","16":"entry","17":"content-bg","18":"loop-entry"},"_links":{"self":[{"href":"https:\/\/red-lighttherapy.com\/pt_pt\/wp-json\/wp\/v2\/product\/688","targetHints":{"allow":["GET"]}}],"collection":[{"href":"https:\/\/red-lighttherapy.com\/pt_pt\/wp-json\/wp\/v2\/product"}],"about":[{"href":"https:\/\/red-lighttherapy.com\/pt_pt\/wp-json\/wp\/v2\/types\/product"}],"wp:featuredmedia":[{"embeddable":true,"href":"https:\/\/red-lighttherapy.com\/pt_pt\/wp-json\/wp\/v2\/media\/692"}],"wp:attachment":[{"href":"https:\/\/red-lighttherapy.com\/pt_pt\/wp-json\/wp\/v2\/media?parent=688"}],"wp:term":[{"taxonomy":"product_brand","embeddable":true,"href":"https:\/\/red-lighttherapy.com\/pt_pt\/wp-json\/wp\/v2\/product_brand?post=688"},{"taxonomy":"product_cat","embeddable":true,"href":"https:\/\/red-lighttherapy.com\/pt_pt\/wp-json\/wp\/v2\/product_cat?post=688"},{"taxonomy":"product_tag","embeddable":true,"href":"https:\/\/red-lighttherapy.com\/pt_pt\/wp-json\/wp\/v2\/product_tag?post=688"}],"curies":[{"name":"wp","href":"https:\/\/api.w.org\/{rel}","templated":true}]}}