{"id":683,"date":"2025-04-14T05:19:50","date_gmt":"2025-04-14T05:19:50","guid":{"rendered":"https:\/\/red-lighttherapy.com\/?post_type=product&#038;p=683"},"modified":"2025-04-14T05:48:46","modified_gmt":"2025-04-14T05:48:46","slug":"custom-printed-face-cream-skincare-packaging-box-factory","status":"publish","type":"product","link":"https:\/\/red-lighttherapy.com\/pt_pt\/custom-printed-face-cream-skincare-packaging-box-factory\/","title":{"rendered":"Caixa de embalagem de creme facial impressa personalizada para cuidados com a pele F\u00e1brica"},"content":{"rendered":"<h2 id=\"1-blue-and-orange-contrast-and-animal-pattern-fusion-\">1.\u00a0<strong>Contraste azul e laranja e fus\u00e3o de padr\u00f5es de animais<\/strong><\/h2>\n<p>Utilizando uma combina\u00e7\u00e3o de cores complementares azul e laranja (dist\u00e2ncia de matiz de 180\u00b0), com azul-cobalto altamente saturado e laranja vibrante para criar um impacto visual, com texturas abstractas de animais zebra ou chita, forma-se uma tens\u00e3o visual din\u00e2mica na superf\u00edcie da caixa de embalagem. A imagem principal \u00e9 cortada e disposta com blocos de cor irregulares, e \u00e9 apresentada uma sensa\u00e7\u00e3o de luz tridimensional atrav\u00e9s da sobreposi\u00e7\u00e3o de cores gradientes e da tecnologia de revestimento UV local. Por exemplo, a parte da frente do corpo da caixa utiliza padr\u00f5es azuis \u00e0 base de laranja para simular a luz e a sombra da selva ao p\u00f4r do sol, e a parte lateral utiliza padr\u00f5es azuis \u00e0 base de laranja para fazer eco, transmitindo a colis\u00e3o entre a beleza selvagem e a moda urbana.<\/p>\n<h2 id=\"2-asymmetric-patches-and-stripes-design-\">2.\u00a0<strong>Design de riscas e remendos assim\u00e9tricos<\/strong><\/h2>\n<p>Rompendo com a composi\u00e7\u00e3o sim\u00e9trica tradicional, a superf\u00edcie da caixa \u00e9 escalonada com manchas rasgadas e riscas obl\u00edquas, combinadas com tecnologia de grava\u00e7\u00e3o em relevo para melhorar a estratifica\u00e7\u00e3o t\u00e1til. Por exemplo, a parte superior da tampa da caixa utiliza a tecnologia de grava\u00e7\u00e3o a laser para apresentar uma cavidade geom\u00e9trica irregular, revelando o papel de suporte laranja fluorescente interior, formando um ovo de P\u00e1scoa visual \"escondido\". O rebordo foi concebido com uma estrutura de faca de dentes ondulados, que n\u00e3o s\u00f3 reflecte a imagem de marcas de garras de animais, como tamb\u00e9m aumenta a resist\u00eancia \u00e0 compress\u00e3o do corpo da caixa.<\/p>\n<h2 id=\"3-logo-high-frequency-repetition-and-three-dimensional-presentation-\">3.\u00a0<strong>LOGO repeti\u00e7\u00e3o de alta frequ\u00eancia e apresenta\u00e7\u00e3o tridimensional<\/strong><\/h2>\n<p>O LOGOTIPO da marca adopta um design de repeti\u00e7\u00e3o de alta frequ\u00eancia: o log\u00f3tipo principal est\u00e1 centrado na tampa da caixa com tecnologia de prata quente, a parte lateral est\u00e1 disposta numa matriz de LOGOTIPO em miniatura (repetida de 10 em 10 cm) e a parte inferior est\u00e1 incorporada com um LOGOTIPO fluorescente invis\u00edvel (desenvolvido sob luz ultravioleta) com um processo de colora\u00e7\u00e3o embutido. A superf\u00edcie do log\u00f3tipo combina a tecnologia de estampagem em relevo e em folha de ouro, com uma espessura de 0,3 mm, um toque tridimensional e um aumento de 40% na resist\u00eancia ao desgaste.<\/p>\n<h2 id=\"4-foldable-airplane-box-structure-\">4.\u00a0<strong>Estrutura de caixa de avi\u00e3o dobr\u00e1vel<\/strong><\/h2>\n<p>\u00c9 adoptada a norma internacional 0421 de design de caixa de avi\u00e3o, com um tamanho desdobrado de 200\u00d7150\u00d750mm e uma espessura de apenas 15mm ap\u00f3s a dobragem, poupando 85% de espa\u00e7o de armazenamento. Os pain\u00e9is laterais do corpo da caixa s\u00e3o feitos de papel\u00e3o ondulado de tr\u00eas camadas (estrutura composta de flauta B + flauta C), com uma resist\u00eancia \u00e0 compress\u00e3o vertical de 5000N\/m\u00b2, que pode suportar o transporte de empilhamento de 5 camadas. A abertura e o fecho s\u00e3o concebidos com um selo de faca de dente destrutivo, e os consumidores podem abri-la rasgando ao longo da linha predefinida, o que \u00e9 simultaneamente antirroubo e conveniente.<\/p>\n<h2 id=\"5-lightweight-and-high-strength-corrugated-paper-\">5.\u00a0<strong>Papel ondulado leve e de alta resist\u00eancia<\/strong><\/h2>\n<p>S\u00e3o selecionados o papel kraft de grau AA (quantidade 220g\/m\u00b2) e o papel de n\u00facleo ondulado de alta resist\u00eancia (\u00edndice de press\u00e3o do anel \u22658,5N-m\/g). Atrav\u00e9s da otimiza\u00e7\u00e3o da forma de onda ondulada do tipo UV, o desempenho do amortecimento \u00e9 melhorado pelo 30% em compara\u00e7\u00e3o com as caixas de papel tradicionais. A superf\u00edcie \u00e9 coberta com pel\u00edcula mate amiga do ambiente, o coeficiente anti-fric\u00e7\u00e3o \u00e9 de 0,6 e a taxa de perda de transporte pode ser controlada em 0,5%.<\/p>\n<h2 id=\"6-high-definition-printing-and-functional-coating-\">6.\u00a0<strong>Impress\u00e3o de alta defini\u00e7\u00e3o e revestimento funcional<\/strong><\/h2>\n<p>\u00c9 utilizada uma impressora offset Heidelberg a cinco cores (resolu\u00e7\u00e3o de 4800 dpi) para obter uma precis\u00e3o de linha de 0,1 mm e uma diferen\u00e7a azul-laranja \u0394E\u22641,5 (norma ISO 12647). A \u00e1rea do padr\u00e3o principal \u00e9 sobreposta \u00e0 impress\u00e3o da tela local, a espessura da camada de tinta \u00e9 de 0,15 mm e a satura\u00e7\u00e3o da cor \u00e9 aumentada em 20%. O revestimento antibacteriano \u00e9 impresso na parede interna da caixa (em conformidade com as normas FDA 21CFR) para inibir eficazmente o crescimento de microorganismos.<\/p>\n<h2 id=\"7-customized-service-agile-response-cooperation-process-\">7.\u00a0<strong>\u3010Servi\u00e7o personalizado Resposta \u00e1gil \u3011Processo de coopera\u00e7\u00e3o<\/strong><\/h2>\n<ul>\n<li><strong>Prova de conce\u00e7\u00e3o<\/strong>: Fornecer renderiza\u00e7\u00f5es em 3D e provas f\u00edsicas no prazo de 3 dias \u00fateis (suporte para adapta\u00e7\u00e3o autom\u00e1tica do tipo de caixa do ficheiro AI)<\/li>\n<li><strong>Ciclo de produ\u00e7\u00e3o em massa<\/strong>: Encomenda m\u00ednima de 500 unidades, entrega em 5-7 dias (apoio ao servi\u00e7o acelerado de 72 horas)<\/li>\n<li><strong>Otimiza\u00e7\u00e3o dos custos<\/strong>: Utilizando a tecnologia de pr\u00e9-impress\u00e3o, 6 tipos de caixas podem ser misturados no mesmo lote, e a taxa de utiliza\u00e7\u00e3o da placa atinge 95%.<\/li>\n<\/ul>","protected":false},"excerpt":{"rendered":"<p>Esta caixa de embalagem de produto de cuidados da pele com creme facial utiliza o azul e o laranja como esquema de cores principal. O forte contraste pode atrair rapidamente a aten\u00e7\u00e3o dos consumidores. O design de padr\u00e3o irregular pode dar \u00e0 marca um r\u00f3tulo visual vanguardista e personalizado.<\/p>","protected":false},"featured_media":686,"template":"","meta":{"_kad_post_transparent":"default","_kad_post_title":"","_kad_post_layout":"default","_kad_post_sidebar_id":"","_kad_post_content_style":"default","_kad_post_vertical_padding":"default","_kad_post_feature":"","_kad_post_feature_position":"","_kad_post_header":false,"_kad_post_footer":false,"_kad_post_classname":""},"product_brand":[],"product_cat":[15,28,17],"product_tag":[245,244,246],"class_list":{"0":"post-683","1":"product","2":"type-product","3":"status-publish","4":"has-post-thumbnail","6":"product_cat-red-light-therapy","7":"product_cat-customize","8":"product_cat-services","9":"product_tag-custom-skincare-packaging","10":"product_tag-face-cream-packaging-box","11":"product_tag-face-cream-skincare-box-factory","13":"first","14":"instock","15":"shipping-taxable","16":"product-type-simple","17":"entry","18":"content-bg","19":"loop-entry"},"_links":{"self":[{"href":"https:\/\/red-lighttherapy.com\/pt_pt\/wp-json\/wp\/v2\/product\/683","targetHints":{"allow":["GET"]}}],"collection":[{"href":"https:\/\/red-lighttherapy.com\/pt_pt\/wp-json\/wp\/v2\/product"}],"about":[{"href":"https:\/\/red-lighttherapy.com\/pt_pt\/wp-json\/wp\/v2\/types\/product"}],"wp:featuredmedia":[{"embeddable":true,"href":"https:\/\/red-lighttherapy.com\/pt_pt\/wp-json\/wp\/v2\/media\/686"}],"wp:attachment":[{"href":"https:\/\/red-lighttherapy.com\/pt_pt\/wp-json\/wp\/v2\/media?parent=683"}],"wp:term":[{"taxonomy":"product_brand","embeddable":true,"href":"https:\/\/red-lighttherapy.com\/pt_pt\/wp-json\/wp\/v2\/product_brand?post=683"},{"taxonomy":"product_cat","embeddable":true,"href":"https:\/\/red-lighttherapy.com\/pt_pt\/wp-json\/wp\/v2\/product_cat?post=683"},{"taxonomy":"product_tag","embeddable":true,"href":"https:\/\/red-lighttherapy.com\/pt_pt\/wp-json\/wp\/v2\/product_tag?post=683"}],"curies":[{"name":"wp","href":"https:\/\/api.w.org\/{rel}","templated":true}]}}