{"id":678,"date":"2025-04-14T05:02:19","date_gmt":"2025-04-14T05:02:19","guid":{"rendered":"https:\/\/red-lighttherapy.com\/?post_type=product&#038;p=678"},"modified":"2025-04-14T05:19:39","modified_gmt":"2025-04-14T05:19:39","slug":"custom-tuck-top-holographic-paper-mailing-boxes-for-wigs","status":"publish","type":"product","link":"https:\/\/red-lighttherapy.com\/pt_pt\/custom-tuck-top-holographic-paper-mailing-boxes-for-wigs\/","title":{"rendered":"Caixas de correio de papel hologr\u00e1fico com dobra superior personalizadas para perucas"},"content":{"rendered":"<h2 id=\"1-multifunctional-integrated-mailer-box-structural-design-mailer-box-structural-optimization-\">1. Conce\u00e7\u00e3o estrutural da caixa de correio integrada multifuncional<\/h2>\n<p>O corpo principal da embalagem adopta a estrutura inovadora da caixa de correio, e a tampa de abertura e fecho pode ser desdobrada 180\u00b0 atrav\u00e9s de vincos precisos, tendo em conta o sentido ritual da peruca e a praticidade do transporte. O corpo da caixa \u00e9 concebido atrav\u00e9s de c\u00e1lculos mec\u00e2nicos e os elementos de rebordo met\u00e1licos s\u00e3o integrados nos cantos, o que n\u00e3o s\u00f3 melhora a resist\u00eancia \u00e0 compress\u00e3o, como tamb\u00e9m acrescenta pormenores de luxo leve. Ap\u00f3s o desdobramento, o interior da tampa pode ser utilizado como um espa\u00e7o de extens\u00e3o visual para a marca. Ap\u00f3s a dobragem, a espessura \u00e9 reduzida em 60%, o que se adapta perfeitamente ao cen\u00e1rio log\u00edstico do com\u00e9rcio eletr\u00f3nico.<\/p>\n<h2 id=\"2-the-visual-impact-of-the-holographic-paper-material-holographic-paper-material-innovation-\">2. O impacto visual do material de papel hologr\u00e1fico<\/h2>\n<p>O revestimento interior da tampa utiliza um papel hologr\u00e1fico inovador de largura total (papel hologr\u00e1fico) e o efeito din\u00e2mico da luz do arco-\u00edris \u00e9 obtido atrav\u00e9s da tecnologia de lamina\u00e7\u00e3o de grelha de n\u00edvel nano. Quando os consumidores abrem a tampa, o material apresenta um ponto de luz azul\/roxo\/rosa com gradiente de mudan\u00e7a de \u00e2ngulo, simulando o efeito de fluxo da aurora, o que \u00e9 muito coerente com os atributos de moda da peruca. O material \u00e9 especialmente adicionado com um revestimento anti-riscos para garantir que o efeito colorido se mant\u00e9m intacto durante o transporte, e a taxa de convers\u00e3o no momento de desembalar \u00e9 2,3 vezes superior \u00e0 refer\u00eancia da ind\u00fastria.<\/p>\n<h2 id=\"3-deep-black-visual-identity-system\">3. Sistema de identidade visual preto profundo<\/h2>\n<p>O corpo da caixa adopta a cor preta normal e o preto final \u00e9 obtido atrav\u00e9s do processo de sobreimpress\u00e3o, o que se coaduna profundamente com as prefer\u00eancias est\u00e9ticas dos clientes-alvo de perucas.<\/p>\n<h2 id=\"4-silver-hot-stamping-foil-technology\">4. Tecnologia de folha de prata para estampagem a quente<\/h2>\n<p>O log\u00f3tipo da marca utiliza a pel\u00edcula alem\u00e3 de estampagem a quente em prata Kurz, que \u00e9 fixada com precis\u00e3o. A nitidez da margem da fonte \u00e9 elevada, formando um efeito de imers\u00e3o do luar no fundo preto.<\/p>\n<h3 id=\"5-smart-folding-engineering\">5. Engenharia de dobragem inteligente<\/h3>\n<p>Pode ser dobrada v\u00e1rias vezes e a experi\u00eancia de opera\u00e7\u00e3o de \"forma\u00e7\u00e3o num segundo\" faz com que a vida \u00fatil da dobragem exceda os 50 testes de ciclo, o que \u00e9 adequado para diferentes necessidades de combina\u00e7\u00e3o de produtos. Ap\u00f3s a dobragem, o volume \u00e9 comprimido para 22% do estado original e, com a linha de embalagem automatizada, pode atingir uma velocidade de embalagem de 60 caixas por minuto.<\/p>","protected":false},"excerpt":{"rendered":"<p>Esta caixa de correio \u00e9 feita de papel ondulado, que pode amortecer eficazmente o impacto durante o transporte e proteger a sua embalagem de peruca. O papel hologr\u00e1fico tem um apelo visual extremo e refor\u00e7a a mem\u00f3ria da marca.<\/p>","protected":false},"featured_media":679,"template":"","meta":{"_kad_post_transparent":"default","_kad_post_title":"","_kad_post_layout":"default","_kad_post_sidebar_id":"","_kad_post_content_style":"default","_kad_post_vertical_padding":"default","_kad_post_feature":"","_kad_post_feature_position":"","_kad_post_header":false,"_kad_post_footer":false,"_kad_post_classname":""},"product_brand":[],"product_cat":[15,17],"product_tag":[242,243,241],"class_list":{"0":"post-678","1":"product","2":"type-product","3":"status-publish","4":"has-post-thumbnail","6":"product_cat-red-light-therapy","7":"product_cat-services","8":"product_tag-custom-holographic-boxes","9":"product_tag-holographic-box-packaging","10":"product_tag-mailing-boxes-for-wigs","12":"first","13":"instock","14":"shipping-taxable","15":"product-type-simple","16":"entry","17":"content-bg","18":"loop-entry"},"_links":{"self":[{"href":"https:\/\/red-lighttherapy.com\/pt_pt\/wp-json\/wp\/v2\/product\/678","targetHints":{"allow":["GET"]}}],"collection":[{"href":"https:\/\/red-lighttherapy.com\/pt_pt\/wp-json\/wp\/v2\/product"}],"about":[{"href":"https:\/\/red-lighttherapy.com\/pt_pt\/wp-json\/wp\/v2\/types\/product"}],"wp:featuredmedia":[{"embeddable":true,"href":"https:\/\/red-lighttherapy.com\/pt_pt\/wp-json\/wp\/v2\/media\/679"}],"wp:attachment":[{"href":"https:\/\/red-lighttherapy.com\/pt_pt\/wp-json\/wp\/v2\/media?parent=678"}],"wp:term":[{"taxonomy":"product_brand","embeddable":true,"href":"https:\/\/red-lighttherapy.com\/pt_pt\/wp-json\/wp\/v2\/product_brand?post=678"},{"taxonomy":"product_cat","embeddable":true,"href":"https:\/\/red-lighttherapy.com\/pt_pt\/wp-json\/wp\/v2\/product_cat?post=678"},{"taxonomy":"product_tag","embeddable":true,"href":"https:\/\/red-lighttherapy.com\/pt_pt\/wp-json\/wp\/v2\/product_tag?post=678"}],"curies":[{"name":"wp","href":"https:\/\/api.w.org\/{rel}","templated":true}]}}