{"id":673,"date":"2025-04-14T04:06:29","date_gmt":"2025-04-14T04:06:29","guid":{"rendered":"https:\/\/red-lighttherapy.com\/?post_type=product&#038;p=673"},"modified":"2025-04-14T05:02:07","modified_gmt":"2025-04-14T05:02:07","slug":"eco-friendly-cosmetic-perfume-shipping-packaging-suppliers","status":"publish","type":"product","link":"https:\/\/red-lighttherapy.com\/pt_pt\/eco-friendly-cosmetic-perfume-shipping-packaging-suppliers\/","title":{"rendered":"Embalagem de envio de perfume cosm\u00e9tico ecol\u00f3gico Fornecedores"},"content":{"rendered":"<h2 id=\"environmentally-friendly-cosmetics-and-perfume-transportation-packaging-solutions\">Embalagem de envio de perfume cosm\u00e9tico ecol\u00f3gico Fornecedores<\/h2>\n<h2 id=\"-1-glue-free-packaging-technology-ultra-fast-packaging-experience-\"><strong>1. Tecnologia de embalagem sem cola, experi\u00eancia de embalagem ultra-r\u00e1pida<\/strong><\/h2>\n<p>A estrutura patenteada da caixa de avi\u00e3o de encaixe \u00e9 adoptada, e o design preciso do vinco e o dispositivo de encaixe autoblocante s\u00e3o utilizados para conseguir \"n\u00e3o \u00e9 necess\u00e1ria cola, uma dobra e fechar\", e a embalagem pode ser conclu\u00edda em apenas 30 segundos, o que \u00e9 mais de 60% mais eficiente do que a embalagem de fita tradicional. Esta tecnologia n\u00e3o s\u00f3 elimina a polui\u00e7\u00e3o causada pela fita adesiva, como tamb\u00e9m permite a experi\u00eancia de desembalagem conveniente de \"um pux\u00e3o e abrir\" atrav\u00e9s do design de linha de rasgo antirroubo, que se adapta perfeitamente aos cen\u00e1rios de entrega de alta frequ\u00eancia do com\u00e9rcio eletr\u00f3nico.<\/p>\n<h2 id=\"-2-high-strength-corrugated-paper-materials-triple-protection-system-\"><strong>2. Materiais de papel ondulado de alta resist\u00eancia, sistema de prote\u00e7\u00e3o tripla<\/strong><\/h2>\n<p>O cart\u00e3o canelado composto A\/B\/C selecionado (quantidade 280-360g\/m\u00b2), e a for\u00e7a de impacto \u00e9 dispersa atrav\u00e9s da estrutura canelada UV. Os dados laboratoriais mostram que a estrutura ondulada de cinco camadas pode suportar uma resist\u00eancia \u00e0 compress\u00e3o vertical de 5000N\/m\u00b2, o que equivale a suportar uma press\u00e3o de peso de meia tonelada numa \u00e1rea de 1 metro quadrado. O processo de revestimento da superf\u00edcie aumenta a resist\u00eancia \u00e0 humidade (toler\u00e2ncia \u00e0 humidade \u2265 85%RH) e a camada interm\u00e9dia interna em favo de mel absorve eficazmente a vibra\u00e7\u00e3o do transporte, garantindo que o frasco de vidro do perfume n\u00e3o sofre qualquer dano no teste de queda de 1,2 metros.<\/p>\n<h2 id=\"-3-flat-folding-storage-space-utilization-increased-by-70-\"><strong>3. Arruma\u00e7\u00e3o dobr\u00e1vel plana, utiliza\u00e7\u00e3o do espa\u00e7o aumentada em 70%<\/strong><\/h2>\n<p>O tamanho desdobrado \u00e9 de 1200\u00d7800mm, e a espessura ap\u00f3s a dobragem \u00e9 de apenas 3,2cm, que pode ser empilhada com uma densidade de armazenamento de 200 pe\u00e7as\/metro c\u00fabico. O design exclusivo da linha de dobragem \"em forma de Z\" suporta o desdobramento inverso e pode ser reposto num estado plano sem desmontagem durante a reciclagem, reduzindo o custo global de armazenamento e log\u00edstica. Em compara\u00e7\u00e3o com as embalagens tradicionais, a capacidade de armazenamento necess\u00e1ria para a mesma quantidade de mercadorias \u00e9 reduzida pela 45%, o que \u00e9 particularmente adequado para as necessidades de stock flex\u00edvel de produtos sazonais quentes ou promo\u00e7\u00f5es por tempo limitado.<\/p>\n<h2 id=\"-4-full-chain-environmental-certification-controllable-degradation-cycle-\"><strong>4. Certifica\u00e7\u00e3o ambiental de cadeia completa, ciclo de degrada\u00e7\u00e3o control\u00e1vel<\/strong><\/h2>\n<p>O material passou a certifica\u00e7\u00e3o florestal FSC e utiliza tinta de impress\u00e3o \u00e0 base de \u00e1gua e adesivo de amido de milho para garantir uma taxa de degrada\u00e7\u00e3o natural superior a 95% no prazo de 180 dias. A avalia\u00e7\u00e3o do ciclo de vida da embalagem (LCA) mostra que a pegada de carbono de todo o processo, desde a recolha da mat\u00e9ria-prima at\u00e9 ao tratamento dos res\u00edduos, \u00e9 inferior em 82% \u00e0 das embalagens de pl\u00e1stico PE. Com a mesma tecnologia de embalagem sem cola da marca ON&amp;DO, consegue-se um ciclo fechado de polui\u00e7\u00e3o sem cola desde a produ\u00e7\u00e3o at\u00e9 \u00e0 reciclagem.<\/p>\n<h2 id=\"-5-soft-pink-visual-system-awakening-emotional-resonance-\"><strong>5. Sistema visual rosa suave, despertando a resson\u00e2ncia emocional<\/strong><\/h2>\n<p>Fornece 12 n\u00edveis de cor personalizados, desde Pantone 13-2807TCX \"First Love Pink\" a 14-1312TCX \"Rose Quartz Pink\", utilizando tecnologia de lamina\u00e7\u00e3o mate para apresentar o \"toque quente da pele\", conforme descrito na p\u00e1gina 4. Pode ser combinada com estampagem a quente em relevo, UV parcial e outros processos para imprimir texturas florais ou o LOGOTIPO da marca na caixa. A investiga\u00e7\u00e3o emp\u00edrica mostra que a taxa de convers\u00e3o de desembalagem de perfumes com embalagens cor-de-rosa \u00e9 23% superior \u00e0 de cores neutras, o que \u00e9 especialmente adequado para n\u00f3s de marketing emocional, como o Dia dos Namorados e o Dia da M\u00e3e.<\/p>\n<h2 id=\"-6-flexible-customization-service-empowering-brand-differentiation-\"><strong>6. Servi\u00e7o de personaliza\u00e7\u00e3o flex\u00edvel, potenciando a diferencia\u00e7\u00e3o da marca<\/strong><\/h2>\n<p>Suporta a personaliza\u00e7\u00e3o de todo o processo, desde o conceito at\u00e9 \u00e0 implementa\u00e7\u00e3o:<\/p>\n<ul>\n<li><strong>Inova\u00e7\u00e3o do tipo caixa<\/strong>: pode desenvolver estruturas com formas especiais, tais como prismas hexagonais e formas de cora\u00e7\u00e3o<\/li>\n<li><strong>Expans\u00e3o da fun\u00e7\u00e3o<\/strong>: tampa flip magn\u00e9tica incorporada, ranhura para cart\u00f5es de recarga amov\u00edvel<\/li>\n<li><strong>Integra\u00e7\u00e3o inteligente<\/strong>: equipado com um chip NFC para garantir a rastreabilidade anti-contrafa\u00e7\u00e3o ou combinado com a tecnologia AR para apresentar hist\u00f3rias din\u00e2micas de fragr\u00e2ncias<\/li>\n<li><strong>Adapta\u00e7\u00e3o de cenas<\/strong>: Proporciona uma cobertura em tamanho real, desde a embalagem de teste de 5 ml at\u00e9 \u00e0 caixa de oferta comercial de 1000 ml, satisfazendo as necessidades de v\u00e1rios cen\u00e1rios, tais como correio direto de com\u00e9rcio eletr\u00f3nico, exposi\u00e7\u00e3o ao balc\u00e3o, transporte transfronteiri\u00e7o, etc.<\/li>\n<\/ul>\n<h2 id=\"-technical-parameters-\"><strong>Par\u00e2metros t\u00e9cnicos<\/strong><\/h2>\n<table>\n<thead>\n<tr>\n<th>Item<\/th>\n<th>Valor standard<\/th>\n<th>Base de ensaio<\/th>\n<\/tr>\n<\/thead>\n<tbody>\n<tr>\n<td>Resist\u00eancia \u00e0 compress\u00e3o<\/td>\n<td>\u2265485kgf (carga total)<\/td>\n<td>GB\/T 6546-2021<\/td>\n<\/tr>\n<tr>\n<td>Teor de humidade<\/td>\n<td>8,5\u00b11,2%<\/td>\n<td>ISO 287:2017<\/td>\n<\/tr>\n<tr>\n<td>Ciclo de degrada\u00e7\u00e3o<\/td>\n<td>\u2264180 dias no solo<\/td>\n<td>ASTM D6400<\/td>\n<\/tr>\n<tr>\n<td>Precis\u00e3o de impress\u00e3o<\/td>\n<td>175 linhas de pontos de alta defini\u00e7\u00e3o<\/td>\n<td>Certifica\u00e7\u00e3o de cor G7<\/td>\n<\/tr>\n<\/tbody>\n<\/table>\n<h2 id=\"-cooperation-process-\"><strong>Processo de coopera\u00e7\u00e3o<\/strong><\/h2>\n<ol>\n<li><strong>Diagn\u00f3stico da procura<\/strong>: Fornecer um relat\u00f3rio sobre a estrat\u00e9gia de embalagem no prazo de 48 horas (incluindo uma an\u00e1lise dos produtos da concorr\u00eancia e sugest\u00f5es de otimiza\u00e7\u00e3o dos custos)<\/li>\n<li><strong>Verifica\u00e7\u00e3o de provas<\/strong>: Entregar desenhos de estrutura 3D e caixas de amostras f\u00edsicas no prazo de 5 dias \u00fateis<\/li>\n<li><strong>Garantia de produ\u00e7\u00e3o em massa<\/strong>: F\u00e1brica pr\u00f3pria equipada com uma impressora Heidelberg de 7 cores, com capacidade para 500.000-500.000 encomendas flex\u00edveis<\/li>\n<li><strong>Acompanhamento p\u00f3s-venda<\/strong>: Fornecer um seguro de qualidade e um plano de indemniza\u00e7\u00e3o por danos durante 12 meses<\/li>\n<\/ol>","protected":false},"excerpt":{"rendered":"<p>Esta caixa de correio \u00e9 feita de papel canelado, que pode amortecer eficazmente o impacto durante o transporte e proteger os seus perfumes e produtos de beleza. Quando dobrada, transforma-se numa placa plana, que ocupa pouco espa\u00e7o e reduz os custos de armazenamento.<\/p>","protected":false},"featured_media":674,"template":"","meta":{"_kad_post_transparent":"default","_kad_post_title":"","_kad_post_layout":"default","_kad_post_sidebar_id":"","_kad_post_content_style":"default","_kad_post_vertical_padding":"default","_kad_post_feature":"","_kad_post_feature_position":"","_kad_post_header":false,"_kad_post_footer":false,"_kad_post_classname":""},"product_brand":[],"product_cat":[15,28,17],"product_tag":[240,238,239],"class_list":{"0":"post-673","1":"product","2":"type-product","3":"status-publish","4":"has-post-thumbnail","6":"product_cat-red-light-therapy","7":"product_cat-customize","8":"product_cat-services","9":"product_tag-cosmetic-perfume-shipping-boxes","10":"product_tag-eco-friendly-cosmetic-packaging","11":"product_tag-perfume-packaging-suppliers","13":"first","14":"instock","15":"shipping-taxable","16":"product-type-simple","17":"entry","18":"content-bg","19":"loop-entry"},"_links":{"self":[{"href":"https:\/\/red-lighttherapy.com\/pt_pt\/wp-json\/wp\/v2\/product\/673","targetHints":{"allow":["GET"]}}],"collection":[{"href":"https:\/\/red-lighttherapy.com\/pt_pt\/wp-json\/wp\/v2\/product"}],"about":[{"href":"https:\/\/red-lighttherapy.com\/pt_pt\/wp-json\/wp\/v2\/types\/product"}],"wp:featuredmedia":[{"embeddable":true,"href":"https:\/\/red-lighttherapy.com\/pt_pt\/wp-json\/wp\/v2\/media\/674"}],"wp:attachment":[{"href":"https:\/\/red-lighttherapy.com\/pt_pt\/wp-json\/wp\/v2\/media?parent=673"}],"wp:term":[{"taxonomy":"product_brand","embeddable":true,"href":"https:\/\/red-lighttherapy.com\/pt_pt\/wp-json\/wp\/v2\/product_brand?post=673"},{"taxonomy":"product_cat","embeddable":true,"href":"https:\/\/red-lighttherapy.com\/pt_pt\/wp-json\/wp\/v2\/product_cat?post=673"},{"taxonomy":"product_tag","embeddable":true,"href":"https:\/\/red-lighttherapy.com\/pt_pt\/wp-json\/wp\/v2\/product_tag?post=673"}],"curies":[{"name":"wp","href":"https:\/\/api.w.org\/{rel}","templated":true}]}}