{"id":668,"date":"2025-04-14T03:52:12","date_gmt":"2025-04-14T03:52:12","guid":{"rendered":"https:\/\/red-lighttherapy.com\/?post_type=product&#038;p=668"},"modified":"2025-04-14T04:06:16","modified_gmt":"2025-04-14T04:06:16","slug":"custom-cosmetics-lip-gloss-mailer-packaging-boxes-wholesale","status":"publish","type":"product","link":"https:\/\/red-lighttherapy.com\/pt_pt\/custom-cosmetics-lip-gloss-mailer-packaging-boxes-wholesale\/","title":{"rendered":"Caixas de embalagem de brilho labial para cosm\u00e9ticos personalizados por atacado"},"content":{"rendered":"<h2 id=\"customized-cosmetic-lip-gloss-mailing-box-mailer-box-product-description\">Caixa de correio personalizada para brilho labial cosm\u00e9tico Descri\u00e7\u00e3o do produto<\/h2>\n<h2 id=\"-1-integrated-folding-design-environmentally-friendly-and-efficient-\"><strong>1. Design dobr\u00e1vel integrado, amigo do ambiente e eficiente<\/strong><\/h2>\n<p>Ado\u00e7\u00e3o de uma estrutura inovadora de caixa de avi\u00e3o,\u00a0<strong>moldagem por dobragem integrada<\/strong>\u00a0\u00e9 conseguido atrav\u00e9s de um processo de corte de precis\u00e3o, n\u00e3o sendo necess\u00e1ria cola ou pregos para a montagem auxiliar, e a montagem pode ser conclu\u00edda em 3 segundos. O design do corpo da caixa tem em conta tanto a estabilidade estrutural como a conveni\u00eancia e a montagem, melhora a efici\u00eancia da embalagem e reduz os custos de m\u00e3o de obra. O material \u00e9 o cart\u00e3o ondulado reciclado 100%, que est\u00e1 em conformidade com as tend\u00eancias globais de prote\u00e7\u00e3o ambiental e cumpre os requisitos regulamentares para embalagens ecol\u00f3gicas no M\u00e9dio Oriente...<\/p>\n<h2 id=\"-2-high-strength-pressure-resistant-material-all-round-protection-\"><strong>2. Material resistente \u00e0 press\u00e3o de alta resist\u00eancia, prote\u00e7\u00e3o total<\/strong><\/h2>\n<p>O corpo da caixa \u00e9 feito de <strong>cart\u00e3o canelado<\/strong>com um design de estrutura composta de flauta A\/B\/C (a flauta A tem uma forte resist\u00eancia ao impacto, a flauta B tem um excelente suporte de press\u00e3o plana), e a resist\u00eancia \u00e0 compress\u00e3o atinge o n\u00edvel l\u00edder da ind\u00fastria. Atrav\u00e9s de\u00a0<strong>tecnologia de incorpora\u00e7\u00e3o de nervuras<\/strong>\u00a0(como a fibra de bambu ou as nervuras met\u00e1licas) e o refor\u00e7o da camada de fibra em forma de grelha, pode suportar a press\u00e3o de empilhamento e o impacto de colis\u00e3o durante o transporte e proteger eficazmente as partes vulner\u00e1veis, como os frascos de batom e as cabe\u00e7as dos pinc\u00e9is.<\/p>\n<h2 id=\"-3-middle-eastern-style-geometric-pattern-design-to-enhance-brand-recognition-\"><strong>3. Desenho de padr\u00e3o geom\u00e9trico ao estilo do M\u00e9dio Oriente para aumentar o reconhecimento da marca<\/strong><\/h2>\n<p>A impress\u00e3o de superf\u00edcies incorpora\u00a0<strong>Elementos est\u00e9ticos geom\u00e9tricos isl\u00e2micos<\/strong>O design do mosaico \u00e1rabe \u00e9 uma combina\u00e7\u00e3o de elementos como estrelas octogonais, padr\u00f5es sim\u00e9tricos hexagonais e linhas de caligrafia \u00e1rabe, combinados com a inspira\u00e7\u00e3o do mosaico tradicional para criar um design com profundidade cultural e modernidade. O esquema de cores remete para as prefer\u00eancias do mercado do M\u00e9dio Oriente, utilizando\u00a0<strong>dourado quente, castanho escuro, bordeaux<\/strong>\u00a0e outros tons luxuosos, com um revestimento UV parcialmente mate para real\u00e7ar o posicionamento de topo de gama do produto.<\/p>\n<h2 id=\"-4-double-sided-printing-technology-environmental-protection-and-functionality-\"><strong>4. Tecnologia de impress\u00e3o frente e verso, prote\u00e7\u00e3o ambiental e funcionalidade<\/strong><\/h2>\n<p>Apoio\u00a0<strong>impress\u00e3o a cores frente e verso<\/strong>A camada interior pode ser impressa com hist\u00f3rias da marca, instru\u00e7\u00f5es de utiliza\u00e7\u00e3o ou etiquetas em v\u00e1rios idiomas, e a camada exterior apresenta as informa\u00e7\u00f5es principais e os padr\u00f5es visuais do produto para maximizar a utiliza\u00e7\u00e3o do espa\u00e7o da embalagem.\u00a0<strong>Tinta \u00e0 base de \u00e1gua<\/strong>\u00a0e\u00a0<strong>revestimento ecol\u00f3gico \u00e0 base de soja<\/strong>\u00a0s\u00e3o utilizados para cumprir as normas ambientais REACH da UE. Ao mesmo tempo,\u00a0<strong>tecnologia de impress\u00e3o digital<\/strong>\u00a0\u00e9 utilizado para garantir que o padr\u00e3o n\u00e3o tem diferen\u00e7as de cor, que as margens s\u00e3o claras e que a satura\u00e7\u00e3o da cor \u00e9 aumentada em 30%.<\/p>\n<h2 id=\"-5-high-definition-printing-technology-to-enhance-visual-communication-\"><strong>5. Tecnologia de impress\u00e3o de alta defini\u00e7\u00e3o para melhorar a comunica\u00e7\u00e3o visual<\/strong><\/h2>\n<p>Utiliza\u00e7\u00e3o\u00a0<strong>tecnologia de impress\u00e3o offset + estampagem a frio<\/strong>\u00a0para obter detalhes de padr\u00f5es com uma precis\u00e3o de 0,1 mm, tais como log\u00f3tipo com textura met\u00e1lica, efeito de brilho labial gradiente, etc. Atrav\u00e9s de\u00a0<strong>Calibra\u00e7\u00e3o de cart\u00f5es de cores Pantone<\/strong>\u00a0e a tecnologia de sobreimpress\u00e3o de quatro cores, garantem que o n\u00famero de cores da marca (como vermelho rosa, laranja coral) permanece consistente em diferentes lotes para evitar problemas de diferen\u00e7a de cores. A superf\u00edcie pode ser processada com\u00a0<strong>estampagem, UV local, cobertura<\/strong>etc., para melhorar a experi\u00eancia t\u00e1til e a atratividade das prateleiras.<\/p>\n<h2 id=\"-6-in-depth-customized-service-flexible-adaptation-needs-\"><strong>6. Servi\u00e7o personalizado em profundidade, necessidades de adapta\u00e7\u00e3o flex\u00edveis<\/strong><\/h2>\n<ul>\n<li><strong>Personaliza\u00e7\u00e3o do tipo de caixa<\/strong>: Fornecer caixa de avi\u00e3o normalizada, tipo de gaveta, tampa superior e inferior e outras estruturas, apoiar o design de janela com forma especial para apresentar o n\u00famero de cor dos l\u00e1bios.<\/li>\n<li><strong>Adapta\u00e7\u00e3o do tamanho<\/strong>: Personaliza\u00e7\u00e3o da altura de 105-200 mm de acordo com as especifica\u00e7\u00f5es do brilho labial (como tubo fino de 10 ml ou frasco de 30 ml) para otimizar a utiliza\u00e7\u00e3o do espa\u00e7o de transporte.<\/li>\n<li><strong>Atualiza\u00e7\u00e3o do material<\/strong>: Pel\u00edcula de alum\u00ednio opcional, cart\u00e3o \u00e0 prova de humidade ou fibra de cana-de-a\u00e7\u00facar, material ecol\u00f3gico para se adaptar ao clima de alta temperatura e humidade do M\u00e9dio Oriente.<\/li>\n<li><strong>Combina\u00e7\u00e3o de artesanato<\/strong>: Suporte para estampagem a quente, serigrafia, grava\u00e7\u00e3o em relevo e outras sobreposi\u00e7\u00f5es multi-artesanais para satisfazer as necessidades especiais de edi\u00e7\u00e3o limitada ou caixas de presente de f\u00e9rias.<\/li>\n<\/ul>\n<h2 id=\"-7-cooperation-process-\"><strong>7. Processo de coopera\u00e7\u00e3o<\/strong>:<\/h2>\n<ol>\n<li><strong>Confirma\u00e7\u00e3o do pedido<\/strong>: Fornecer o tamanho do produto, o projeto de conce\u00e7\u00e3o e a quantidade, obter o diagrama de estrutura 3D e a amostra de material.<\/li>\n<li><strong>Ensaio de verifica\u00e7\u00e3o<\/strong>: Entregar a caixa de amostra f\u00edsica no prazo de 7 dias \u00fateis, incluindo o relat\u00f3rio de teste de queda e de resist\u00eancia \u00e0 compress\u00e3o.<\/li>\n<li><strong>Produ\u00e7\u00e3o em massa<\/strong>: Encomenda m\u00ednima de 1.000 unidades, suporte de papel certificado FSC e servi\u00e7o de rastreabilidade da pegada de carbono.<\/li>\n<\/ol>\n<h2 id=\"-8-core-advantages-\"><strong>8. Vantagens principais<\/strong>:<\/h2>\n<ul>\n<li><strong>Otimiza\u00e7\u00e3o dos custos<\/strong>: A estrutura integrada reduz os consum\u00edveis do 20% e a conce\u00e7\u00e3o sem cola reduz o risco de polui\u00e7\u00e3o no armazenamento.<\/li>\n<li><strong>Adapta\u00e7\u00e3o cultural<\/strong>: Equipa de design localizada no M\u00e9dio Oriente para garantir que os padr\u00f5es e as cores respeitam os tabus religiosos e est\u00e9ticos.<\/li>\n<li><strong>Garantia da cadeia de abastecimento<\/strong>: F\u00e1brica pr\u00f3pria com certifica\u00e7\u00e3o ISO 9001\/BSCI.<\/li>\n<\/ul>","protected":false},"excerpt":{"rendered":"<p>Esta caixa de correio adopta um design de dobragem integrado, n\u00e3o necessita de cola, demora 3 segundos a formar, e o material de cart\u00e3o ondulado de alta resist\u00eancia tem uma boa resist\u00eancia \u00e0 compress\u00e3o para proteger os seus produtos de danos. \u00c9 muito adequada para os seus \u00f3leos essenciais, m\u00e1scaras faciais, lip gloss e outras embalagens de cosm\u00e9ticos.<\/p>","protected":false},"featured_media":669,"template":"","meta":{"_kad_post_transparent":"default","_kad_post_title":"","_kad_post_layout":"default","_kad_post_sidebar_id":"","_kad_post_content_style":"default","_kad_post_vertical_padding":"default","_kad_post_feature":"","_kad_post_feature_position":"","_kad_post_header":false,"_kad_post_footer":false,"_kad_post_classname":""},"product_brand":[],"product_cat":[15,28,17],"product_tag":[89,237,236],"class_list":{"0":"post-668","1":"product","2":"type-product","3":"status-publish","4":"has-post-thumbnail","6":"product_cat-red-light-therapy","7":"product_cat-customize","8":"product_cat-services","9":"product_tag-custom-cosmetics-packaging","10":"product_tag-custom-lip-gloss-boxes-wholesale","11":"product_tag-lip-gloss-mailer-boxes","13":"first","14":"instock","15":"shipping-taxable","16":"product-type-simple","17":"entry","18":"content-bg","19":"loop-entry"},"_links":{"self":[{"href":"https:\/\/red-lighttherapy.com\/pt_pt\/wp-json\/wp\/v2\/product\/668","targetHints":{"allow":["GET"]}}],"collection":[{"href":"https:\/\/red-lighttherapy.com\/pt_pt\/wp-json\/wp\/v2\/product"}],"about":[{"href":"https:\/\/red-lighttherapy.com\/pt_pt\/wp-json\/wp\/v2\/types\/product"}],"wp:featuredmedia":[{"embeddable":true,"href":"https:\/\/red-lighttherapy.com\/pt_pt\/wp-json\/wp\/v2\/media\/669"}],"wp:attachment":[{"href":"https:\/\/red-lighttherapy.com\/pt_pt\/wp-json\/wp\/v2\/media?parent=668"}],"wp:term":[{"taxonomy":"product_brand","embeddable":true,"href":"https:\/\/red-lighttherapy.com\/pt_pt\/wp-json\/wp\/v2\/product_brand?post=668"},{"taxonomy":"product_cat","embeddable":true,"href":"https:\/\/red-lighttherapy.com\/pt_pt\/wp-json\/wp\/v2\/product_cat?post=668"},{"taxonomy":"product_tag","embeddable":true,"href":"https:\/\/red-lighttherapy.com\/pt_pt\/wp-json\/wp\/v2\/product_tag?post=668"}],"curies":[{"name":"wp","href":"https:\/\/api.w.org\/{rel}","templated":true}]}}