{"id":663,"date":"2025-04-14T03:37:04","date_gmt":"2025-04-14T03:37:04","guid":{"rendered":"https:\/\/red-lighttherapy.com\/?post_type=product&#038;p=663"},"modified":"2025-04-14T03:51:59","modified_gmt":"2025-04-14T03:51:59","slug":"supplies-premium-quality-mailer-boxes-for-underwear-t-shirt","status":"publish","type":"product","link":"https:\/\/red-lighttherapy.com\/pt_pt\/supplies-premium-quality-mailer-boxes-for-underwear-t-shirt\/","title":{"rendered":"Fornecimentos Caixas de correio de qualidade superior para roupa interior T-Shirt"},"content":{"rendered":"<h2 id=\"-foldable-double-sided-hot-stamping-custom-airplane-box-\"><strong>Foldable Supplies Caixas de correio de qualidade superior para roupa interior T-Shirt<\/strong><\/h2>\n<h2 id=\"-1-sustainable-folding-design-new-experience-of-recycling-\"><strong>1. Conce\u00e7\u00e3o sustent\u00e1vel de dobragens Nova experi\u00eancia de reciclagem<\/strong><\/h2>\n<p>Esta caixa de avi\u00e3o adopta uma estrutura dobr\u00e1vel patenteada, atrav\u00e9s de uma fivela de precis\u00e3o e de um design de vinco modular, pode ser dobrada e reutilizada mais de 10 vezes sem danos. Depois de desdobrada, \u00e9 uma caixa tridimensional (suporta o tamanho padr\u00e3o de 32<em>25<\/em>10cm), e o volume \u00e9 reduzido para 1\/4 do tamanho original ap\u00f3s a dobragem, o que economiza muito espa\u00e7o de armazenamento (reduzindo os custos de armazenamento em 60% em compara\u00e7\u00e3o com a embalagem tradicional). Com material de caixa de exporta\u00e7\u00e3o de cinco camadas de grau AA, a resist\u00eancia \u00e0 compress\u00e3o atinge 2000 Newtons e n\u00e3o tem deforma\u00e7\u00e3o ap\u00f3s testes ambientais extremos de -40 \u2103 a 80 \u2103, o que \u00e9 adequado para v\u00e1rios cen\u00e1rios de transporte, como transporte mar\u00edtimo e a\u00e9reo.<\/p>\n<h2 id=\"-2-low-cost-and-efficient-production-intelligent-supply-chain-optimization-\"><strong>2. Produ\u00e7\u00e3o eficiente e de baixo custo Otimiza\u00e7\u00e3o inteligente da cadeia de abastecimento<\/strong><\/h2>\n<ul>\n<li><strong>Adapta\u00e7\u00e3o da linha de produ\u00e7\u00e3o automatizada<\/strong>: Adoptando equipamento integrado de corte e vinco + dobragem totalmente autom\u00e1tico, a capacidade de produ\u00e7\u00e3o di\u00e1ria atinge 200.000 pe\u00e7as e o custo do trabalho \u00e9 reduzido em 45%;<\/li>\n<li><strong>Modo de invent\u00e1rio zero<\/strong>: O ciclo de produ\u00e7\u00e3o personalizado a pedido \u00e9 de 3-7 dias, suportando uma quantidade m\u00ednima de encomenda de 500 pe\u00e7as, aliviando a press\u00e3o financeira.<\/li>\n<\/ul>\n<h2 id=\"-three-double-sided-printing-hot-stamping-technology-brand-visual-upgrade-\"><strong>3. Impress\u00e3o frente e verso + tecnologia de estampagem a quente atualiza\u00e7\u00e3o visual da marca<\/strong><\/h2>\n<ul>\n<li><strong>Impress\u00e3o frente e verso de alta defini\u00e7\u00e3o<\/strong>: Utilizando o sistema de cores CMYK\/Pantone com tecnologia de lamina\u00e7\u00e3o UV, a resolu\u00e7\u00e3o atinge 300 dpi, suportando LOGO, par\u00e2metros de produto, ilustra\u00e7\u00f5es art\u00edsticas e outro design de combina\u00e7\u00e3o de v\u00e1rios elementos;<\/li>\n<li><strong>Tecnologia de estampagem a quente tridimensional<\/strong>: Utilizando a folha de alum\u00ednio eletroqu\u00edmica amiga do ambiente German Kurz, a resist\u00eancia ao desgaste do texto\/padr\u00e3o de estampagem a quente local \u00e9 aumentada em 3 vezes, a refletividade da luz atinge 90% e o impacto visual \u00e9 compar\u00e1vel ao das embalagens de artigos de luxo;<\/li>\n<li><strong>Fun\u00e7\u00e3o inteligente anti-contrafa\u00e7\u00e3o<\/strong>: As etiquetas opcionais de estampagem a quente com mudan\u00e7a de cor sens\u00edvel \u00e0 temperatura ou a incorpora\u00e7\u00e3o de chips NFC podem melhorar a experi\u00eancia interactiva do consumidor.<\/li>\n<\/ul>\n<h2 id=\"-fourth-macaron-aesthetics-humanized-details-\"><strong>4. Est\u00e9tica do macaron + pormenores humanizados<\/strong><\/h2>\n<ul>\n<li><strong>Desenho da cor principal<\/strong>A cor principal \u00e9 a n\u00e9voa lavanda de baixa satura\u00e7\u00e3o, e a escala de cinzentos 5% \u00e9 integrada para criar uma textura nebulosa. A atra\u00e7\u00e3o visual medida \u00e9 aumentada por 37%;<\/li>\n<li><strong>Cantos arredondados de seguran\u00e7a<\/strong>: Os rebordos s\u00e3o arredondados + processo de lamina\u00e7\u00e3o mate, e a resist\u00eancia aos riscos \u00e9 aumentada por 50%, que cumpre as normas de seguran\u00e7a para crian\u00e7as da UE;<\/li>\n<li><strong>Estrutura de abertura e fecho c\u00f3moda<\/strong>: tampa magn\u00e9tica + design de pega antiderrapante, a abertura e o fecho com uma s\u00f3 m\u00e3o demoram apenas 0,5 segundos, e a satisfa\u00e7\u00e3o dos utilizadores no inqu\u00e9rito atingiu 92%.<\/li>\n<\/ul>\n<h2 id=\"-v-customized-services-for-the-entire-industry-flexible-adaptation-scenarios-\"><strong>5. Servi\u00e7os personalizados para todo o sector - Cen\u00e1rios de adapta\u00e7\u00e3o flex\u00edveis<\/strong><\/h2>\n<table>\n<thead>\n<tr>\n<th><strong>Adapta\u00e7\u00e3o do sector<\/strong><\/th>\n<th><strong>Dimens\u00f5es personalizadas<\/strong><\/th>\n<th><strong>Apresenta\u00e7\u00e3o da caixa<\/strong><\/th>\n<\/tr>\n<\/thead>\n<tbody>\n<tr>\n<td>Marca de roupa interior<\/td>\n<td>Barreira anti-humidade incorporada + orif\u00edcios respir\u00e1veis<\/td>\n<td>Posi\u00e7\u00e3o fixa do la\u00e7o + forro antibacteriano<\/td>\n<\/tr>\n<tr>\n<td>Roupa de desporto<\/td>\n<td>Estrutura refor\u00e7ada resistente \u00e0 press\u00e3o<\/td>\n<td>Divis\u00f3ria de arruma\u00e7\u00e3o dobr\u00e1vel para roupa de ioga<\/td>\n<\/tr>\n<tr>\n<td>Beleza e cuidados pessoais<\/td>\n<td>Mini tamanho + caixa interior com espelho<\/td>\n<td>Ranhura de algod\u00e3o p\u00e9rola \u00e0 prova de choque para batom<\/td>\n<\/tr>\n<tr>\n<td>Personaliza\u00e7\u00e3o de prendas<\/td>\n<td>Janela com formato especial + orif\u00edcio para a fita<\/td>\n<td>Padr\u00e3o em relevo de estampagem a quente limitado para f\u00e9rias<\/td>\n<\/tr>\n<\/tbody>\n<\/table>\n<p><strong>Compromisso ambiental<\/strong>: Gra\u00e7as ao papel certificado FSC e \u00e0 tecnologia de tinta \u00e0 base de \u00e1gua, a pegada de carbono \u00e9 reduzida em 42% em compara\u00e7\u00e3o com as embalagens tradicionais e apoia a reciclagem biodegrad\u00e1vel de 100%.<\/p>\n<p><strong>Personalizar agora<\/strong>: Fornecemos modifica\u00e7\u00e3o gratuita do projeto de design, prova em 48 horas e servi\u00e7os globais de log\u00edstica DDP, tornando a embalagem da sua marca num embaixador silencioso das vendas!<\/p>","protected":false},"excerpt":{"rendered":"<p>Esta caixa de correio, cuja cor principal \u00e9 a n\u00e9voa de lavanda macaron, pode ser dobrada e reutilizada v\u00e1rias vezes, reduzindo o consumo de embalagens descart\u00e1veis. Tem um pre\u00e7o unit\u00e1rio baixo durante a produ\u00e7\u00e3o em massa, poupando espa\u00e7o de armazenamento e custos de transporte. A opera\u00e7\u00e3o de dobragem \u00e9 simples e poupa trabalho.<\/p>","protected":false},"featured_media":664,"template":"","meta":{"_kad_post_transparent":"default","_kad_post_title":"","_kad_post_layout":"default","_kad_post_sidebar_id":"","_kad_post_content_style":"default","_kad_post_vertical_padding":"default","_kad_post_feature":"","_kad_post_feature_position":"","_kad_post_header":false,"_kad_post_footer":false,"_kad_post_classname":""},"product_brand":[],"product_cat":[15,30,17],"product_tag":[233,235,234],"class_list":{"0":"post-663","1":"product","2":"type-product","3":"status-publish","4":"has-post-thumbnail","6":"product_cat-red-light-therapy","7":"product_cat-dropshipping","8":"product_cat-services","9":"product_tag-premium-quality-mailer-boxes","10":"product_tag-supplies-shipping-t-shirt","11":"product_tag-underwear-mailer-boxes","13":"first","14":"instock","15":"shipping-taxable","16":"product-type-simple","17":"entry","18":"content-bg","19":"loop-entry"},"_links":{"self":[{"href":"https:\/\/red-lighttherapy.com\/pt_pt\/wp-json\/wp\/v2\/product\/663","targetHints":{"allow":["GET"]}}],"collection":[{"href":"https:\/\/red-lighttherapy.com\/pt_pt\/wp-json\/wp\/v2\/product"}],"about":[{"href":"https:\/\/red-lighttherapy.com\/pt_pt\/wp-json\/wp\/v2\/types\/product"}],"wp:featuredmedia":[{"embeddable":true,"href":"https:\/\/red-lighttherapy.com\/pt_pt\/wp-json\/wp\/v2\/media\/664"}],"wp:attachment":[{"href":"https:\/\/red-lighttherapy.com\/pt_pt\/wp-json\/wp\/v2\/media?parent=663"}],"wp:term":[{"taxonomy":"product_brand","embeddable":true,"href":"https:\/\/red-lighttherapy.com\/pt_pt\/wp-json\/wp\/v2\/product_brand?post=663"},{"taxonomy":"product_cat","embeddable":true,"href":"https:\/\/red-lighttherapy.com\/pt_pt\/wp-json\/wp\/v2\/product_cat?post=663"},{"taxonomy":"product_tag","embeddable":true,"href":"https:\/\/red-lighttherapy.com\/pt_pt\/wp-json\/wp\/v2\/product_tag?post=663"}],"curies":[{"name":"wp","href":"https:\/\/api.w.org\/{rel}","templated":true}]}}