{"id":652,"date":"2025-04-14T03:15:00","date_gmt":"2025-04-14T03:15:00","guid":{"rendered":"https:\/\/red-lighttherapy.com\/?post_type=product&#038;p=652"},"modified":"2025-04-14T03:25:26","modified_gmt":"2025-04-14T03:25:26","slug":"elegant-custom-bracelets-necklace-packaging-boxes-wholesale","status":"publish","type":"product","link":"https:\/\/red-lighttherapy.com\/pt_pt\/elegant-custom-bracelets-necklace-packaging-boxes-wholesale\/","title":{"rendered":"Caixas de embalagem de pulseiras elegantes e personalizadas para colares por atacado"},"content":{"rendered":"<h2><strong>Descri\u00e7\u00e3o do produto de Pulseiras de j\u00f3ias personalizadas elegantes Caixas de embalagem de colar Caixas de embalagem por atacado<\/strong><\/h2>\n<p>Na ind\u00fastria da joalharia, a embalagem n\u00e3o \u00e9 apenas um recipiente para j\u00f3ias, mas tamb\u00e9m uma extens\u00e3o do estilo da marca e da experi\u00eancia do utilizador. O <strong>caixa de j\u00f3ias minimalista com tampa e base<\/strong>\u00a0que cri\u00e1mos com grande cuidado centra-se no artesanato e no design est\u00e9tico, adaptando-se perfeitamente a v\u00e1rias categorias de j\u00f3ias, tais como pulseiras, colares e brincos, dando aos seus produtos um maior valor acrescentado.<\/p>\n<h2 id=\"-1-minimalist-shape-universal-adaptation-\"><strong>1. Forma minimalista, adapta\u00e7\u00e3o universal<\/strong><\/h2>\n<p>A caixa cl\u00e1ssica com tampa e tampo foi concebida, com linhas simples e cuidadas, sem decora\u00e7\u00f5es redundantes, e \u00e9 adequada para produtos de joalharia de diferentes tamanhos e formas. As tampas superior e inferior encaixam com precis\u00e3o e o espa\u00e7o de abertura e fecho revela um sentido de ritual. O design da tampa inclinada \u00e9 conveniente para a exposi\u00e7\u00e3o, quer se trate de um expositor de balc\u00e3o ou de uma exposi\u00e7\u00e3o em linha, podendo apresentar intuitivamente os detalhes deslumbrantes das j\u00f3ias.<\/p>\n<h2 id=\"-2-color-aesthetics-classic-eye-catching-\"><strong>2. Est\u00e9tica da cor, cl\u00e1ssica e atractiva<\/strong><\/h2>\n<p>O corpo da caixa \u00e9 principalmente em bege e dourado claro, com um luxo suave e elegante, que complementa o brilho met\u00e1lico das j\u00f3ias. A fita vermelha \u00e9 utilizada como toque final, o que n\u00e3o s\u00f3 d\u00e1 continuidade ao sentido ritual da caixa de oferta tradicional, como tamb\u00e9m aumenta o impacto visual atrav\u00e9s de cores contrastantes. A fita pode ser personalizada para imprimir o log\u00f3tipo da marca, o que pode refor\u00e7ar o ponto de mem\u00f3ria da marca a partir dos detalhes e aumentar a exposi\u00e7\u00e3o.<\/p>\n<h2 id=\"-three-lining-technology-double-protection-\"><strong>3. Tecnologia de revestimento, dupla prote\u00e7\u00e3o<\/strong><\/h2>\n<p>A caixa \u00e9 forrada com veludo preto, que \u00e9 delicado e macio, eficazmente antiderrapante e resistente a choques, e evita que as j\u00f3ias sejam danificadas por fric\u00e7\u00e3o e agita\u00e7\u00e3o durante o transporte ou exposi\u00e7\u00e3o. O fundo preto profundo real\u00e7a o brilho das j\u00f3ias e o n\u00edvel visual \u00e9 claro, real\u00e7ando ainda mais a textura de alta qualidade do produto.<\/p>\n<h2 id=\"-fourth-light-and-environmentally-friendly-practical-and-convenient-\"><strong>4. Leve e amigo do ambiente, pr\u00e1tico e c\u00f3modo<\/strong><\/h2>\n<p>O corpo da caixa \u00e9 feito de cart\u00e3o leve e amigo do ambiente, que combina firmeza e portabilidade, tem uma excelente resist\u00eancia \u00e0 press\u00e3o, pode ser reutilizado e est\u00e1 em conformidade com o conceito de sustentabilidade. O design de tamanho requintado facilita o transporte ou o armazenamento como caixa de arruma\u00e7\u00e3o durante muito tempo, prolongando o ciclo de vida da embalagem e reduzindo o desperd\u00edcio de recursos.<\/p>\n<h2 id=\"-five-brand-empowerment-value-upgrade-\"><strong>5. Capacita\u00e7\u00e3o da marca, atualiza\u00e7\u00e3o do valor<\/strong><\/h2>\n<p>A pr\u00f3pria caixa de embalagem pode ser dada como um presente independente para melhorar a experi\u00eancia de desembalagem do cliente e a favorabilidade da marca. Desde o log\u00f3tipo da fita at\u00e9 ao processo de estampagem a quente da caixa, todos os pormenores podem ser integrados com elementos espec\u00edficos da marca (como a estampagem a quente do LOGO\/prata quente, serigrafia, etc.) para formar s\u00edmbolos visuais diferenciados e ajudar a fixar a imagem da marca.<\/p>\n<h2 id=\"-six-customized-service-flexible-and-efficient-\"><strong>6. Servi\u00e7o personalizado, flex\u00edvel e eficiente<\/strong><\/h2>\n<p>Suporta encomendas de pequenos lotes (500 pe\u00e7as para um \u00fanico modelo) e oferece op\u00e7\u00f5es de processo diversificadas:<\/p>\n<ul>\n<li><strong>Personaliza\u00e7\u00e3o do LOGO<\/strong>: impress\u00e3o de fitas, estampagem a quente da caixa, grava\u00e7\u00e3o a laser e outros processos para satisfazer as necessidades personalizadas da marca;<\/li>\n<li><strong>Prova r\u00e1pida<\/strong>2-3 dias para completar a produ\u00e7\u00e3o de amostras, ciclo de produ\u00e7\u00e3o de lotes 7-14 dias, ritmo de vendas flex\u00edvel;<\/li>\n<li><strong>Adapta\u00e7\u00e3o global<\/strong>: Cumprir as normas europeias e americanas de prote\u00e7\u00e3o ambiental (como a aus\u00eancia de revestimento de metais pesados, materiais recicl\u00e1veis), adequadas para a exporta\u00e7\u00e3o transfronteiri\u00e7a.<\/li>\n<\/ul>\n<h2 id=\"-conclusion-\"><strong>Conclus\u00e3o<\/strong><\/h2>\n<p>Esta caixa de embalagem de j\u00f3ias com tampa superior e inferior, com uma est\u00e9tica minimalista e fun\u00e7\u00f5es pr\u00e1ticas como n\u00facleo, aumenta de forma abrangente a competitividade do mercado de produtos de joalharia, desde a vis\u00e3o, o toque at\u00e9 ao valor da marca. Quer se trate de uma embalagem espec\u00edfica da marca ou de um presente independente, pode tornar-se um sin\u00f3nimo de \"requinte e qualidade\" no cora\u00e7\u00e3o dos consumidores. Sinceramente, convidamo-lo a cooperar e a alcan\u00e7ar a altura da marca com detalhes!<\/p>","protected":false},"excerpt":{"rendered":"<p>O corpo da caixa \u00e9 bege e dourado claro com uma fita vermelha, que \u00e9 cl\u00e1ssica, elegante e apelativa. A forma minimalista \u00e9 adequada para uma variedade de categorias de j\u00f3ias, como colares, pulseiras e brincos.<\/p>","protected":false},"featured_media":653,"template":"","meta":{"_kad_post_transparent":"default","_kad_post_title":"","_kad_post_layout":"default","_kad_post_sidebar_id":"","_kad_post_content_style":"default","_kad_post_vertical_padding":"default","_kad_post_feature":"","_kad_post_feature_position":"","_kad_post_header":false,"_kad_post_footer":false,"_kad_post_classname":""},"product_brand":[],"product_cat":[15,19,17],"product_tag":[227,228,229],"class_list":{"0":"post-652","1":"product","2":"type-product","3":"status-publish","4":"has-post-thumbnail","6":"product_cat-red-light-therapy","7":"product_cat-red-light-therapy-stand","8":"product_cat-services","9":"product_tag-custom-bracelets-packaging-boxes","10":"product_tag-necklace-packaging-boxes-wholesale","11":"product_tag-ribbon-jewelry-boxes","13":"first","14":"instock","15":"shipping-taxable","16":"product-type-simple","17":"entry","18":"content-bg","19":"loop-entry"},"_links":{"self":[{"href":"https:\/\/red-lighttherapy.com\/pt_pt\/wp-json\/wp\/v2\/product\/652","targetHints":{"allow":["GET"]}}],"collection":[{"href":"https:\/\/red-lighttherapy.com\/pt_pt\/wp-json\/wp\/v2\/product"}],"about":[{"href":"https:\/\/red-lighttherapy.com\/pt_pt\/wp-json\/wp\/v2\/types\/product"}],"wp:featuredmedia":[{"embeddable":true,"href":"https:\/\/red-lighttherapy.com\/pt_pt\/wp-json\/wp\/v2\/media\/653"}],"wp:attachment":[{"href":"https:\/\/red-lighttherapy.com\/pt_pt\/wp-json\/wp\/v2\/media?parent=652"}],"wp:term":[{"taxonomy":"product_brand","embeddable":true,"href":"https:\/\/red-lighttherapy.com\/pt_pt\/wp-json\/wp\/v2\/product_brand?post=652"},{"taxonomy":"product_cat","embeddable":true,"href":"https:\/\/red-lighttherapy.com\/pt_pt\/wp-json\/wp\/v2\/product_cat?post=652"},{"taxonomy":"product_tag","embeddable":true,"href":"https:\/\/red-lighttherapy.com\/pt_pt\/wp-json\/wp\/v2\/product_tag?post=652"}],"curies":[{"name":"wp","href":"https:\/\/api.w.org\/{rel}","templated":true}]}}