{"id":646,"date":"2025-04-14T03:00:46","date_gmt":"2025-04-14T03:00:46","guid":{"rendered":"https:\/\/red-lighttherapy.com\/?post_type=product&#038;p=646"},"modified":"2025-04-14T03:14:46","modified_gmt":"2025-04-14T03:14:46","slug":"wholesale-custom-luxury-round-shaped-perfume-with-insert","status":"publish","type":"product","link":"https:\/\/red-lighttherapy.com\/pt_pt\/wholesale-custom-luxury-round-shaped-perfume-with-insert\/","title":{"rendered":"Perfume de luxo por atacado, personalizado, em forma redonda, com inserto"},"content":{"rendered":"<h2 id=\"-product-description-of-customized-luxury-round-perfume-box-\"><strong>Descri\u00e7\u00e3o do produto da caixa de perfume redonda de luxo personalizada<\/strong><\/h2>\n<p>Combinando a tend\u00eancia est\u00e9tica e as necessidades pr\u00e1ticas das embalagens de perfume topo de gama, segue-se uma descri\u00e7\u00e3o detalhada do design da caixa de perfume redonda personalizada, que combina arte e funcionalidade para ir ao encontro do posicionamento diferenciado da marca:<\/p>\n<h2 id=\"1-ingenious-structural-design-combination-of-geometric-aesthetics-and-ergonomics-\">1.\u00a0<strong>Design estrutural engenhoso: Combina\u00e7\u00e3o de est\u00e9tica geom\u00e9trica e ergonomia<\/strong><\/h2>\n<ul>\n<li><strong>Forma cil\u00edndrica sim\u00e9trica<\/strong>: O corpo cil\u00edndrico e a tampa redonda adoptam a diferen\u00e7a de altura da propor\u00e7\u00e3o \u00e1urea (como a altura do cilindro 12cm\/altura da tampa 3cm), formando um sentido visual de equil\u00edbrio, a superf\u00edcie superior ligeiramente convexa do arco e o eco da linha interior inferior, reflectindo a est\u00e9tica minimalista.<\/li>\n<li><strong>Conforto optimizado do punho<\/strong>: O corpo cil\u00edndrico do cilindro adopta um arco de 5,5 cm de di\u00e2metro, que se adapta \u00e0 curva das palmas das m\u00e3os das mulheres asi\u00e1ticas. \u00c9 est\u00e1vel para segurar com uma m\u00e3o, e a abertura e o fecho s\u00e3o suaves e sem resist\u00eancia, o que melhora a experi\u00eancia do utilizador.<\/li>\n<\/ul>\n<h2 id=\"2-inner-lining-material-and-protective-function-technology-empowers-quality-assurance-\">2.\u00a0<strong>Material de revestimento interior e fun\u00e7\u00e3o de prote\u00e7\u00e3o: A tecnologia permite garantir a qualidade<\/strong><\/h2>\n<ul>\n<li><strong>Camada interior anti-penetra\u00e7\u00e3o<\/strong>: O interior do barril utiliza um revestimento de PE de qualidade alimentar cinzento claro (espessura de 0,8 mm), que \u00e9 liso e sem costuras, isolando eficazmente a penetra\u00e7\u00e3o de l\u00edquidos e evitando que o perfume se volatilize ou vaze. Ao mesmo tempo, o design anti-ultravioleta prolonga o prazo de validade do perfume.<\/li>\n<li><strong>Parede exterior em papel revestido amigo do ambiente<\/strong>: A camada exterior utiliza papel revestido de alta densidade de 450 g\/m\u00b2, com uma pel\u00edcula mate na superf\u00edcie, que tem um toque delicado e \u00e9 resistente a riscos. Est\u00e1 em conformidade com a certifica\u00e7\u00e3o ambiental FSC e suporta a abertura e o fecho repetidos por mais de 500 vezes sem deforma\u00e7\u00e3o.<\/li>\n<\/ul>\n<h2 id=\"3-artistic-design-language-floral-elements-interpret-the-brand-story-\">3.\u00a0<strong>Linguagem de design art\u00edstico: Elementos florais interpretam a hist\u00f3ria da marca<\/strong><\/h2>\n<ul>\n<li><strong>Artesanato tridimensional em relevo<\/strong>: O corpo da caixa baseia-se no sistema de cores e utiliza a tecnologia de estampagem a quente + relevo UV para apresentar ramos florais e padr\u00f5es de frutos (como o l\u00edrio-do-vale, a rosa, etc.). A precis\u00e3o dos veios dos ramos e das folhas atinge 0,1 mm, e \u00e9 combinada com um fundo de textura mate para criar uma atmosfera fresca e liter\u00e1ria.<\/li>\n<li><strong>Design de temas com v\u00e1rias vers\u00f5es<\/strong>: Fornece s\u00e9ries como \"Four Seasons Flower Language\" e \"Secret Garden\". A vers\u00e3o de primavera baseia-se principalmente nas linhas din\u00e2micas da queda das flores de cerejeira e a vers\u00e3o de inverno incorpora a tecnologia de escultura em cristal de floco de neve para aumentar o valor da cole\u00e7\u00e3o e a adaptabilidade do cen\u00e1rio.<\/li>\n<\/ul>\n<h2 id=\"iv-brand-logo-system-strengthen-visual-unity-\">4. <strong>Sistema de log\u00f3tipo da marca: Refor\u00e7ar a unidade visual<\/strong><\/h2>\n<ul>\n<li><strong>Log\u00f3tipo da marca integrado<\/strong>: O LOGOTIPO da marca pode ser gravado a laser no centro da parte superior da tampa (suporta estampagem a quente em folha met\u00e1lica ou impress\u00e3o em relevo 3D), e uma \u00e1rea de log\u00f3tipo de 10 cm\u00d73 cm est\u00e1 reservada na parte lateral do barril, suportando a personaliza\u00e7\u00e3o do c\u00f3digo QR\/ slogan da marca para associar a imagem da marca.<\/li>\n<li><strong>Apoio \u00e0 extens\u00e3o visual<\/strong>: Fornecer a mesma s\u00e9rie de sacos de oferta, fitas e cart\u00f5es de felicita\u00e7\u00f5es, os elementos do padr\u00e3o s\u00e3o consistentes com a caixa principal, formando um sistema visual completo da marca.<\/li>\n<\/ul>\n<h2 id=\"v-customized-production-service-advantages-of-china-s-source-factory-\">5. <strong>Servi\u00e7o de produ\u00e7\u00e3o personalizado: Vantagens da f\u00e1brica de origem chinesa<\/strong><\/h2>\n<ul>\n<li><strong>Plano de personaliza\u00e7\u00e3o flex\u00edvel<\/strong>: Apoio a encomendas a partir de 500 pe\u00e7as, fornecendo ajustes personalizados, tais como tamanho (di\u00e2metro 5-15cm), cor (correspond\u00eancia exacta do cart\u00e3o de cor Pantone), parti\u00e7\u00e3o do forro (camada de parti\u00e7\u00e3o de v\u00e1rias garrafas), etc., e prova e entrega r\u00e1pidas em 15 dias.<\/li>\n<li><strong>Sistema de controlo de qualidade<\/strong>: Passou a certifica\u00e7\u00e3o ISO 9001, utilizando m\u00e1quinas de corte e vinco totalmente autom\u00e1ticas e linhas de inspe\u00e7\u00e3o de qualidade para garantir que o erro do corpo da caixa \u00e9 \u22640,2 mm e a taxa de quebra \u00e9 inferior a 0,5%.<\/li>\n<\/ul>\n<h2 id=\"vi-application-scenarios-and-added-value-\">6. <strong>Cen\u00e1rios de aplica\u00e7\u00e3o e valor acrescentado<\/strong><\/h2>\n<ul>\n<li><strong>Adapta\u00e7\u00e3o a v\u00e1rios cen\u00e1rios<\/strong>: A vers\u00e3o cl\u00e1ssica \u00e9 adequada para exposi\u00e7\u00e3o ao balc\u00e3o, a edi\u00e7\u00e3o limitada de f\u00e9rias pode ser combinada com um conjunto de caixas de oferta (como a vers\u00e3o de estampagem a quente em ouro rosa) e a vers\u00e3o personalizada para empresas pode incorporar elementos IP de marca conjunta para expandir o mercado de ofertas comerciais.<\/li>\n<li><strong>Utiliza\u00e7\u00e3o sustent\u00e1vel<\/strong>: A caixa vazia pode ser utilizada para guardar j\u00f3ias ou como decora\u00e7\u00e3o de casa, e o forro pode ser substitu\u00eddo por uma camada de flanela para prolongar o ciclo de vida do produto e ir ao encontro da tend\u00eancia de consumo amigo do ambiente.<\/li>\n<\/ul>\n<p><strong>Resumo<\/strong>: Esta caixa de perfume redonda \u00e9 impulsionada pelos n\u00facleos duplos de \"arte + fun\u00e7\u00e3o\". Atrav\u00e9s de uma estrutura precisa, materiais amigos do ambiente, design personalizado e vantagens de fabrico da China, satisfaz as necessidades das marcas de perfumes topo de gama em termos de est\u00e9tica de embalagem, qualidade e valor da marca. O modelo de fornecimento direto da f\u00e1brica reduz ainda mais os custos e ajuda os clientes a conquistar a quota de mercado de luxo.<\/p>","protected":false},"excerpt":{"rendered":"<p>A combina\u00e7\u00e3o do corpo cil\u00edndrico com a tampa redonda desta caixa de embalagem cil\u00edndrica \u00e9 simples e sim\u00e9trica, e a diferen\u00e7a de altura cria um equil\u00edbrio visual. O interior do corpo do cilindro \u00e9 feito de material liso cinzento claro para proteger o perfume l\u00edquido da penetra\u00e7\u00e3o. O design da caixa cria uma sensa\u00e7\u00e3o fresca e liter\u00e1ria, que est\u00e1 de acordo com o posicionamento do perfume topo de gama.<\/p>","protected":false},"featured_media":647,"template":"","meta":{"_kad_post_transparent":"default","_kad_post_title":"","_kad_post_layout":"default","_kad_post_sidebar_id":"","_kad_post_content_style":"default","_kad_post_vertical_padding":"default","_kad_post_feature":"","_kad_post_feature_position":"","_kad_post_header":false,"_kad_post_footer":false,"_kad_post_classname":""},"product_brand":[],"product_cat":[15,17],"product_tag":[224,225,226],"class_list":{"0":"post-646","1":"product","2":"type-product","3":"status-publish","4":"has-post-thumbnail","6":"product_cat-red-light-therapy","7":"product_cat-services","8":"product_tag-custom-perfume-box","9":"product_tag-elegant-perfume-packaging-boxes","10":"product_tag-perfume-packaging-round-box","12":"first","13":"instock","14":"shipping-taxable","15":"product-type-simple","16":"entry","17":"content-bg","18":"loop-entry"},"_links":{"self":[{"href":"https:\/\/red-lighttherapy.com\/pt_pt\/wp-json\/wp\/v2\/product\/646","targetHints":{"allow":["GET"]}}],"collection":[{"href":"https:\/\/red-lighttherapy.com\/pt_pt\/wp-json\/wp\/v2\/product"}],"about":[{"href":"https:\/\/red-lighttherapy.com\/pt_pt\/wp-json\/wp\/v2\/types\/product"}],"wp:featuredmedia":[{"embeddable":true,"href":"https:\/\/red-lighttherapy.com\/pt_pt\/wp-json\/wp\/v2\/media\/647"}],"wp:attachment":[{"href":"https:\/\/red-lighttherapy.com\/pt_pt\/wp-json\/wp\/v2\/media?parent=646"}],"wp:term":[{"taxonomy":"product_brand","embeddable":true,"href":"https:\/\/red-lighttherapy.com\/pt_pt\/wp-json\/wp\/v2\/product_brand?post=646"},{"taxonomy":"product_cat","embeddable":true,"href":"https:\/\/red-lighttherapy.com\/pt_pt\/wp-json\/wp\/v2\/product_cat?post=646"},{"taxonomy":"product_tag","embeddable":true,"href":"https:\/\/red-lighttherapy.com\/pt_pt\/wp-json\/wp\/v2\/product_tag?post=646"}],"curies":[{"name":"wp","href":"https:\/\/api.w.org\/{rel}","templated":true}]}}