{"id":634,"date":"2025-04-13T08:18:35","date_gmt":"2025-04-13T08:18:35","guid":{"rendered":"https:\/\/red-lighttherapy.com\/?post_type=product&#038;p=634"},"modified":"2025-04-13T08:47:17","modified_gmt":"2025-04-13T08:47:17","slug":"luxury-foldable-shopping-paper-bags-for-apparel-cosmetic","status":"publish","type":"product","link":"https:\/\/red-lighttherapy.com\/pt_pt\/luxury-foldable-shopping-paper-bags-for-apparel-cosmetic\/","title":{"rendered":"Sacos de papel de compras dobr\u00e1veis de luxo para vestu\u00e1rio e cosm\u00e9ticos"},"content":{"rendered":"<h2 id=\"1-shopping-paper-bags-\">1.\u00a0<strong>Sacos de papel para compras<\/strong><\/h2>\n<p>Concebidos para cen\u00e1rios de retalho topo de gama, os sacos de papel para compras s\u00e3o feitos de papel espesso ecol\u00f3gico certificado pelo FSC (peso 200-450g), que pode ser personalizado em estruturas rectangulares, hexagonais ou de forma especial, adequadas para a exposi\u00e7\u00e3o da imagem de marca de vestu\u00e1rio, cosm\u00e9ticos e outros produtos. A superf\u00edcie do saco de papel pode ser integrada com estampagem a quente do log\u00f3tipo da marca, estampagem em relevo e outros processos, e suporta tecnologia de codifica\u00e7\u00e3o anti-contrafa\u00e7\u00e3o incorporada.<\/p>\n<h2 id=\"2-foldable-and-flat-shipping-\">2.\u00a0<strong>Transporte dobr\u00e1vel e plano<\/strong><\/h2>\n<p>Adoptando um design de estrutura de dobragem tubular, a espessura ap\u00f3s a dobragem \u00e9 de apenas 1-2mm, suportando milhares de pe\u00e7as de empilhamento de embalagens, reduzindo os custos de transporte em mais de 70%. Os principais designs incluem:<\/p>\n<h2 id=\"3-hot-stamping-process-\">3. Ouro h<strong>processo de estampagem de folhas<\/strong><\/h2>\n<p>Ado\u00e7\u00e3o de folha de estampagem a quente de ouro Kurz alem\u00e3o, combinada com molde de alta precis\u00e3o \u22640,1 mm para obter um efeito de relevo tridimensional. As inova\u00e7\u00f5es tecnol\u00f3gicas incluem:<\/p>\n<ul>\n<li><strong>Tecnologia de sobreposi\u00e7\u00e3o de duas cores<\/strong>: estampagem a quente em camadas de dourado espelhado + dourado fosco para real\u00e7ar as camadas visuais;<\/li>\n<li><strong>Anti-contrafa\u00e7\u00e3o por micro-entalhes<\/strong>: c\u00f3digo de micro-marca incorporado;<\/li>\n<li><strong>Certifica\u00e7\u00e3o ambiental<\/strong>: utilizando adesivos \u00e0 base de \u00e1gua e passando no teste de migra\u00e7\u00e3o de metais pesados da SGS, em conformidade com as normas REACH da UE.<\/li>\n<\/ul>\n<h2 id=\"4-ribbon-handle-\">4.\u00a0<strong>Pega de fita<\/strong><\/h2>\n<p>A pega \u00e9 feita de poli\u00e9ster tecido de alta densidade ou material de mistura de algod\u00e3o e linho, a largura pode ser personalizada para 8-15 mm e a capacidade de carga \u00e9 de at\u00e9 8 kg. Os processos inovadores incluem:<\/p>\n<ul>\n<li><strong>Fixa\u00e7\u00e3o por prensagem a quente embutida<\/strong>: evitar o problema de rasgamento f\u00e1cil da perfura\u00e7\u00e3o tradicional, tal como a estrutura precisa da dobradi\u00e7a do ecr\u00e3 dobr\u00e1vel Sanlipu;<\/li>\n<li><strong>Design multifuncional<\/strong>Fitas de fita: etiquetas de marca integradas, borlas ou fechos magn\u00e9ticos na extremidade, adequadas para cenas de caixas de oferta de luxo. Por exemplo, as marcas de vestu\u00e1rio utilizam frequentemente fitas mais largas para melhorar o conforto de ader\u00eancia.<\/li>\n<\/ul>\n<h2 id=\"5-highly-customized-service-\">5.\u00a0<strong>Servi\u00e7o altamente personalizado<\/strong><\/h2>\n<p>Fornecer solu\u00e7\u00f5es de personaliza\u00e7\u00e3o flex\u00edveis de liga\u00e7\u00e3o total:<\/p>\n<ul>\n<li><strong>Adapta\u00e7\u00e3o funcional<\/strong>: Os sacos de roupa t\u00eam ganchos de cabide incorporados e as caixas de cosm\u00e9ticos s\u00e3o concebidas com ranhuras de revestimento independentes;<\/li>\n<li><strong>Combina\u00e7\u00e3o de processos<\/strong>: Suporta 12 processos, tais como impress\u00e3o a cores diretas Pantone + UV local + esvaziamento a laser, tais como o design de superf\u00edcie AB dos sacos de papel com a marca Disney;<\/li>\n<li><strong>Resposta r\u00e1pida<\/strong>: ciclo de prova de 72 horas, suporte de 500 pe\u00e7as de encomenda m\u00ednima, adapta\u00e7\u00e3o \u00e0s necessidades de edi\u00e7\u00e3o limitada das lojas pop-up.<\/li>\n<\/ul>\n<h2 id=\"6-surface-lamination-\">6.\u00a0<strong>Lamina\u00e7\u00e3o de superf\u00edcies<\/strong><\/h2>\n<p>Adotar a tecnologia de lamina\u00e7\u00e3o mate ou brilhante \u00e0 base de \u00e1gua para obter uma melhoria tripla do desempenho:<\/p>\n<ul>\n<li><strong>Prote\u00e7\u00e3o<\/strong>: Superf\u00edcie \u00e0 prova de salpicos de n\u00edvel IPX4, resistente \u00e0 diferen\u00e7a de temperatura de -20 \u2103 a 50 \u2103;<\/li>\n<li><strong>Otimiza\u00e7\u00e3o do toque<\/strong>: Revestimento mate semelhante \u00e0 pele, aprovado no teste de desgaste de 5000 Martindale;<\/li>\n<li><strong>Compatibilidade com o ambiente<\/strong>: O material de lamina\u00e7\u00e3o \u00e9 recicl\u00e1vel e degrad\u00e1vel, cumprindo os requisitos da \"Ordem de Restri\u00e7\u00e3o de Pl\u00e1stico\" da China.<\/li>\n<\/ul>\n<h2 id=\"7-pink-main-color-design-\">7.\u00a0<strong>Design cor-de-rosa principal<\/strong><\/h2>\n<p>Foi selecionada a cor rosa ballet Pantone 13-2805 TCX, que foi verificada pela psicologia da cor para aumentar o desejo de compra de 73% das consumidoras. O esquema de cores inclui:<\/p>\n<ul>\n<li><strong>Correspond\u00eancia da mesma cor<\/strong>: Estampagem a quente em ouro champanhe + fita branca p\u00e9rola para criar uma atmosfera leve e luxuosa;<\/li>\n<li><strong>Esquema de cores contrastantes<\/strong>: Pegas em azul-azeitona\/verde-menta, adequadas para as marcas de tend\u00eancias da gera\u00e7\u00e3o Z. Por exemplo, a s\u00e9rie primavera\/ver\u00e3o 2025 da Chanel utiliza cetim rosa-gelo e design contrastante com acabamento prateado.<\/li>\n<\/ul>\n<h2 id=\"8-advantages-of-chinese-source-manufacturers-\">8.\u00a0<strong>Vantagens dos fabricantes de origem chinesa<\/strong><\/h2>\n<p>Empresas l\u00edderes como a Nanwang Technology e a Mingdai Paper Products t\u00eam:<\/p>\n<ul>\n<li><strong>Garantia de capacidade<\/strong>: 12 linhas de produ\u00e7\u00e3o totalmente autom\u00e1ticas, se a capacidade de produ\u00e7\u00e3o for superior a 20 milh\u00f5es de pe\u00e7as;<\/li>\n<li><strong>Certifica\u00e7\u00e3o de conformidade<\/strong>: Certifica\u00e7\u00e3o de responsabilidade social ISO 14001 e Sedex, em conformidade com as normas europeias e americanas de acesso \u00e0s marcas;<\/li>\n<li><strong>Barreiras t\u00e9cnicas<\/strong>: Desenvolveu de forma independente a tecnologia de fabrico de sacos de formato ultra-grande, monopolizando 30% da quota de mercado coreana de sacos de papel para vestu\u00e1rio.<\/li>\n<\/ul>","protected":false},"excerpt":{"rendered":"<p>O nosso saco de papel para embalagem pode ser dobrado e colocado na horizontal para expedi\u00e7\u00e3o, de modo a reduzir os custos de transporte. \u00c9 optimizado atrav\u00e9s de linhas de pr\u00e9-indenta\u00e7\u00e3o para garantir que se mant\u00e9m inalterado ap\u00f3s o desdobramento, e o processo de estampagem a quente na superf\u00edcie melhora a estratifica\u00e7\u00e3o visual.<\/p>","protected":false},"featured_media":638,"template":"","meta":{"_kad_post_transparent":"default","_kad_post_title":"","_kad_post_layout":"default","_kad_post_sidebar_id":"","_kad_post_content_style":"default","_kad_post_vertical_padding":"default","_kad_post_feature":"","_kad_post_feature_position":"","_kad_post_header":false,"_kad_post_footer":false,"_kad_post_classname":""},"product_brand":[],"product_cat":[15,28,30,17],"product_tag":[220,218,219],"class_list":{"0":"post-634","1":"product","2":"type-product","3":"status-publish","4":"has-post-thumbnail","6":"product_cat-red-light-therapy","7":"product_cat-customize","8":"product_cat-dropshipping","9":"product_cat-services","10":"product_tag-luxury-apparel-cosmetic-paper-bags","11":"product_tag-shopping-paper-bags-for-apparel","12":"product_tag-shopping-paper-bags-for-cosmetic","14":"first","15":"instock","16":"shipping-taxable","17":"product-type-simple","18":"entry","19":"content-bg","20":"loop-entry"},"_links":{"self":[{"href":"https:\/\/red-lighttherapy.com\/pt_pt\/wp-json\/wp\/v2\/product\/634","targetHints":{"allow":["GET"]}}],"collection":[{"href":"https:\/\/red-lighttherapy.com\/pt_pt\/wp-json\/wp\/v2\/product"}],"about":[{"href":"https:\/\/red-lighttherapy.com\/pt_pt\/wp-json\/wp\/v2\/types\/product"}],"wp:featuredmedia":[{"embeddable":true,"href":"https:\/\/red-lighttherapy.com\/pt_pt\/wp-json\/wp\/v2\/media\/638"}],"wp:attachment":[{"href":"https:\/\/red-lighttherapy.com\/pt_pt\/wp-json\/wp\/v2\/media?parent=634"}],"wp:term":[{"taxonomy":"product_brand","embeddable":true,"href":"https:\/\/red-lighttherapy.com\/pt_pt\/wp-json\/wp\/v2\/product_brand?post=634"},{"taxonomy":"product_cat","embeddable":true,"href":"https:\/\/red-lighttherapy.com\/pt_pt\/wp-json\/wp\/v2\/product_cat?post=634"},{"taxonomy":"product_tag","embeddable":true,"href":"https:\/\/red-lighttherapy.com\/pt_pt\/wp-json\/wp\/v2\/product_tag?post=634"}],"curies":[{"name":"wp","href":"https:\/\/api.w.org\/{rel}","templated":true}]}}