{"id":622,"date":"2025-04-13T07:31:16","date_gmt":"2025-04-13T07:31:16","guid":{"rendered":"https:\/\/red-lighttherapy.com\/?post_type=product&#038;p=622"},"modified":"2025-04-13T07:49:37","modified_gmt":"2025-04-13T07:49:37","slug":"food-grade-kraft-tea-coffee-paper-tube-boxes-manufacturer","status":"publish","type":"product","link":"https:\/\/red-lighttherapy.com\/pt_pt\/food-grade-kraft-tea-coffee-paper-tube-boxes-manufacturer\/","title":{"rendered":"Caixas de tubo de papel para ch\u00e1, caf\u00e9 e ch\u00e1 kraft de qualidade alimentar Fabricante"},"content":{"rendered":"<h2 id=\"fsc-iso-certified-food-grade-kraft-paper-tea-and-coffee-cylinder-packaging\">Embalagem de ch\u00e1 e caf\u00e9 em garrafas de papel kraft de qualidade alimentar com certifica\u00e7\u00e3o FSC ISO<\/h2>\n<h2 id=\"1-paper-tube-packaging\">1. Embalagem de tubos de papel<\/h2>\n<ul>\n<li>A superf\u00edcie de visualiza\u00e7\u00e3o tridimensional de 360\u00b0 refor\u00e7a a vis\u00e3o da marca e a forma inclinada satisfaz os requisitos de fluidez dos alimentos granulados, como as am\u00eandoas\/folhas de ch\u00e1<\/li>\n<li>O design da tampa amov\u00edvel verde escura permite a fun\u00e7\u00e3o de abertura e fecho com uma s\u00f3 m\u00e3o e a veda\u00e7\u00e3o \u00e0 prova de p\u00f3 cumpre as normas de armazenamento de qualidade alimentar<\/li>\n<li>O di\u00e2metro do cilindro \u00e9 adequado para linhas de enchimento automatizadas e a estabilidade do empilhamento reduz a taxa de danos no transporte em 30%<\/li>\n<\/ul>\n<h2 id=\"2-dual-value-of-food-grade-kraft-paper-material\">2. Valor duplo do material de papel kraft de qualidade alimentar<\/h2>\n<ul>\n<li>A fibra de polpa de madeira original passou a certifica\u00e7\u00e3o de contacto alimentar da FDA e n\u00e3o h\u00e1 risco de migra\u00e7\u00e3o do agente fluorescente<\/li>\n<li>A camada central com 3,2 mm de espessura proporciona resist\u00eancia \u00e0 compress\u00e3o (suportando 5,5 kg sem deforma\u00e7\u00e3o) e a textura natural da camada exterior real\u00e7a o tom dos produtos org\u00e2nicos<\/li>\n<li>A taxa de degrada\u00e7\u00e3o \u00e9 superior a 98%, o que representa menos 65% do que a pegada de carbono das embalagens de pl\u00e1stico<\/li>\n<\/ul>\n<h2 id=\"3-mirror-level-inner-wall-treatment-technology\">3. Tecnologia de tratamento da parede interior ao n\u00edvel do espelho<\/h2>\n<ul>\n<li>O processo de lamina\u00e7\u00e3o de PE de qualidade alimentar forma uma camada de barreira de 0,03 mm para evitar a penetra\u00e7\u00e3o de \u00f3leo e a fuga de aromas<\/li>\n<li>A tecnologia de polimento com malha 1200 atinge um acabamento Ra\u22640,8\u03bcm para evitar migalhas de nozes\/res\u00edduos de ch\u00e1<\/li>\n<li>Passou no teste de fixa\u00e7\u00e3o microbiana da SGS e cumpre as normas de higiene do sistema HACCP<\/li>\n<\/ul>\n<h2 id=\"4-advantages-of-6-color-high-definition-printing-system\">4. Vantagens do sistema de impress\u00e3o de alta defini\u00e7\u00e3o a 6 cores<\/h2>\n<ul>\n<li>O processo CMYK+cor especial+hot stamping restaura com exatid\u00e3o a textura dos ramos e das folhas (largura m\u00ednima da linha 0,1 mm)<\/li>\n<li>A tinta de cura UV \u00e9 aprovada no teste de seguran\u00e7a para metais pesados UE EN71-3 e n\u00e3o mancha quando exposta \u00e0 \u00e1gua<\/li>\n<li>O sistema de posicionamento inteligente garante que n\u00e3o existem rebarbas nas margens do texto multilingue<\/li>\n<\/ul>\n<h2 id=\"5-triple-protection-of-water-based-laminating-process\">5. Tripla prote\u00e7\u00e3o do processo de lamina\u00e7\u00e3o \u00e0 base de \u00e1gua<\/h2>\n<ul>\n<li>A pel\u00edcula de polipropileno de 12\u03bcm orientada biaxialmente melhora a resist\u00eancia ao desgaste da superf\u00edcie para uma dureza de l\u00e1pis 4H<\/li>\n<li>O desempenho \u00e0 prova de humidade ultrapassa o ambiente de humidade 85%RH, taxa de transmiss\u00e3o de vapor de \u00e1gua &lt;5g\/m\u00b2-24h<\/li>\n<li>A faixa de resist\u00eancia \u00e0 temperatura \u00e9 estendida para -18 \u2103 ~ 120 \u2103, adequada para armazenamento congelado e cen\u00e1rios de reaquecimento de micro-ondas<\/li>\n<\/ul>\n<h2 id=\"6-manufacturing-advantages-of-shenzhen-source-factory\">6. Vantagens de fabrico da f\u00e1brica de Shenzhen<\/h2>\n<ul>\n<li>A produ\u00e7\u00e3o em linha completa (despolpamento \u2192 enrolamento \u2192 impress\u00e3o \u2192 lamina\u00e7\u00e3o) reduz o prazo de entrega para 7 dias \u00fateis<\/li>\n<li>Mais de 50 conjuntos de bibliotecas de moldes suportam a personaliza\u00e7\u00e3o do di\u00e2metro do cilindro de \u03a660-\u03a6300mm, e a quantidade m\u00ednima de encomenda \u00e9 reduzida para 500pcs<\/li>\n<li>Adjacente ao porto de Yantian para conseguir a entrega em 7 dias de encomendas europeias e americanas, apoiando os servi\u00e7os de com\u00e9rcio internacional da DDP<\/li>\n<\/ul>\n<h2 id=\"7-fsc-iso-dual-certification-strategic-value\">7. Valor estrat\u00e9gico da dupla certifica\u00e7\u00e3o FSC+ISO<\/h2>\n<ul>\n<li>A certifica\u00e7\u00e3o FSC-COC garante que 100% da pasta de papel prov\u00e9m de florestas geridas de forma sustent\u00e1vel<\/li>\n<li>Sistema de gest\u00e3o da qualidade ao n\u00edvel da embalagem farmac\u00eautica ISO15378, rastreabilidade dos lotes com precis\u00e3o ao minuto<\/li>\n<li>O log\u00f3tipo de certifica\u00e7\u00e3o pode ser impresso na embalagem, ajudando os clientes a entrar em supermercados de gama alta, como a Whole Foods<\/li>\n<\/ul>","protected":false},"excerpt":{"rendered":"<p>Com papel kraft certificado pelo FSC como base e tecnologia de lamina\u00e7\u00e3o de qualidade alimentar, criamos uma embalagem em tubo de papel biodegrad\u00e1vel e amiga do ambiente, adequada para produtos granulares, como ch\u00e1 e caf\u00e9 em gr\u00e3o. O design da tampa amov\u00edvel permite abrir e fechar com uma s\u00f3 m\u00e3o, melhorando a imagem da marca.<\/p>","protected":false},"featured_media":623,"template":"","meta":{"_kad_post_transparent":"default","_kad_post_title":"","_kad_post_layout":"default","_kad_post_sidebar_id":"","_kad_post_content_style":"default","_kad_post_vertical_padding":"default","_kad_post_feature":"","_kad_post_feature_position":"","_kad_post_header":false,"_kad_post_footer":false,"_kad_post_classname":""},"product_brand":[],"product_cat":[15,17],"product_tag":[213,214,205],"class_list":{"0":"post-622","1":"product","2":"type-product","3":"status-publish","4":"has-post-thumbnail","6":"product_cat-red-light-therapy","7":"product_cat-services","8":"product_tag-coffee-boxes-manufacturer","9":"product_tag-custom-tea-coffee-paper-tube","10":"product_tag-tea-paper-tube","12":"first","13":"instock","14":"shipping-taxable","15":"product-type-simple","16":"entry","17":"content-bg","18":"loop-entry"},"_links":{"self":[{"href":"https:\/\/red-lighttherapy.com\/pt_pt\/wp-json\/wp\/v2\/product\/622","targetHints":{"allow":["GET"]}}],"collection":[{"href":"https:\/\/red-lighttherapy.com\/pt_pt\/wp-json\/wp\/v2\/product"}],"about":[{"href":"https:\/\/red-lighttherapy.com\/pt_pt\/wp-json\/wp\/v2\/types\/product"}],"wp:featuredmedia":[{"embeddable":true,"href":"https:\/\/red-lighttherapy.com\/pt_pt\/wp-json\/wp\/v2\/media\/623"}],"wp:attachment":[{"href":"https:\/\/red-lighttherapy.com\/pt_pt\/wp-json\/wp\/v2\/media?parent=622"}],"wp:term":[{"taxonomy":"product_brand","embeddable":true,"href":"https:\/\/red-lighttherapy.com\/pt_pt\/wp-json\/wp\/v2\/product_brand?post=622"},{"taxonomy":"product_cat","embeddable":true,"href":"https:\/\/red-lighttherapy.com\/pt_pt\/wp-json\/wp\/v2\/product_cat?post=622"},{"taxonomy":"product_tag","embeddable":true,"href":"https:\/\/red-lighttherapy.com\/pt_pt\/wp-json\/wp\/v2\/product_tag?post=622"}],"curies":[{"name":"wp","href":"https:\/\/api.w.org\/{rel}","templated":true}]}}