{"id":610,"date":"2025-04-13T07:04:49","date_gmt":"2025-04-13T07:04:49","guid":{"rendered":"https:\/\/red-lighttherapy.com\/?post_type=product&#038;p=610"},"modified":"2025-04-13T07:17:38","modified_gmt":"2025-04-13T07:17:38","slug":"custom-scarves-apparel-t-shirt-paper-tube-packaging-wholesale","status":"publish","type":"product","link":"https:\/\/red-lighttherapy.com\/pt_pt\/custom-scarves-apparel-t-shirt-paper-tube-packaging-wholesale\/","title":{"rendered":"Cachec\u00f3is personalizados Vestu\u00e1rio T-Shirt Embalagem de tubo de papel por atacado"},"content":{"rendered":"<h2 id=\"customized-scarf-clothing-t-shirt-paper-tube-packaging-product-description\">Descri\u00e7\u00e3o do produto de embalagem de tubo de papel para roupa de cachecol personalizada T-shirt<\/h2>\n<h2 id=\"1-fresh-visual-experience-\">1.\u00a0<strong>Experi\u00eancia visual fresca<\/strong><\/h2>\n<ul>\n<li>O corpo da caixa adopta um design azul claro, apresentando um efeito visual calmo e transparente, que combina perfeitamente com o posicionamento puro e suave dos produtos para m\u00e3es e beb\u00e9s. A superf\u00edcie est\u00e1 coberta por densos padr\u00f5es de desenhos animados (gatinhos, ursos, nuvens, estrelas, etc.) e a textura delicada \u00e9 conseguida atrav\u00e9s de uma tecnologia de impress\u00e3o de alta precis\u00e3o, transmitindo divers\u00e3o infantil e uma atmosfera calorosa.<\/li>\n<li><strong>Conce\u00e7\u00e3o de janelas<\/strong>: O corpo da caixa adopta, em parte, uma janela transparente, para que os consumidores possam observar diretamente o material e os detalhes dos len\u00e7os interiores, t-shirts e outros produtos, e aumentar a confian\u00e7a na compra e a experi\u00eancia interactiva.<\/li>\n<\/ul>\n<h2 id=\"2-environmentally-friendly-materials-and-high-quality-printing-\">2.\u00a0<strong>Materiais amigos do ambiente e impress\u00e3o de alta qualidade<\/strong><\/h2>\n<ul>\n<li>Utilizar\u00a0<strong>Papel revestido ecol\u00f3gico certificado pelo FSC<\/strong>A superf\u00edcie \u00e9 lisa e plana, a absor\u00e7\u00e3o da tinta \u00e9 uniforme e o grau de reprodu\u00e7\u00e3o da cor \u00e9 superior a 95%, garantindo que o padr\u00e3o \u00e9 brilhante e duradouro.<\/li>\n<li>O material foi aprovado no\u00a0<strong>Certifica\u00e7\u00e3o do sistema de gest\u00e3o da qualidade ISO<\/strong>O produto, que cumpre as normas de seguran\u00e7a dos produtos para m\u00e3es e beb\u00e9s, n\u00e3o \u00e9 t\u00f3xico e \u00e9 inofensivo e pode ser reciclado e degradado, ajudando a marca a criar um r\u00f3tulo duplo \"verde + qualidade\".<\/li>\n<\/ul>\n<h2 id=\"3-flexible-customization-solution-\">3.\u00a0<strong>Solu\u00e7\u00e3o de personaliza\u00e7\u00e3o flex\u00edvel<\/strong><\/h2>\n<ul>\n<li><strong>Tipo e tamanho da caixa<\/strong>: Suporta a personaliza\u00e7\u00e3o de v\u00e1rios tipos de caixas, tais como caixas cil\u00edndricas e caixas quadradas, com tamanhos que v\u00e3o do S ao XXL, adequados a diferentes formas de produtos, tais como len\u00e7os, t-shirts e roupa de beb\u00e9.<\/li>\n<li><strong>Impress\u00e3o e artesanato<\/strong>: Estampagem a quente personaliz\u00e1vel, grava\u00e7\u00e3o UV, verniz local e outros processos para satisfazer diversas necessidades, tais como LOGOTIPO da marca, co-branding IP e temas festivos.<\/li>\n<\/ul>\n<h2 id=\"4-direct-supply-from-chinese-source-factory-\">4.\u00a0<strong>Fornecimento direto da f\u00e1brica de origem chinesa<\/strong><\/h2>\n<ul>\n<li>Produzido na nossa pr\u00f3pria f\u00e1brica, utilizando equipamento totalmente automatizado e sistemas de armazenamento inteligentes para garantir que o ciclo de entrega de encomendas a granel \u00e9 encurtado em 30% e o custo \u00e9 reduzido em 20%.<\/li>\n<li>Fornecer um servi\u00e7o \u00fanico, desde a prova de conce\u00e7\u00e3o at\u00e9 \u00e0 distribui\u00e7\u00e3o log\u00edstica, reduzir a liga\u00e7\u00e3o entre intermedi\u00e1rios e melhorar a efici\u00eancia da comunica\u00e7\u00e3o e o controlo dos custos.<\/li>\n<\/ul>\n<h2 id=\"-certification-and-brand-empowerment-\"><strong>5. Certifica\u00e7\u00e3o e fortalecimento da marca<\/strong><\/h2>\n<ol>\n<li><strong>Certifica\u00e7\u00e3o dupla<\/strong><\/li>\n<li><strong>Certifica\u00e7\u00e3o florestal FSC<\/strong>: Assegurar que os materiais de embalagem prov\u00eam de florestas geridas de forma sustent\u00e1vel e transmitir o conceito de responsabilidade ambiental.<\/li>\n<li><strong>Certifica\u00e7\u00e3o de qualidade ISO 9001<\/strong>: A normaliza\u00e7\u00e3o de todo o processo, desde a aquisi\u00e7\u00e3o de mat\u00e9rias-primas at\u00e9 \u00e0 produ\u00e7\u00e3o, garante a durabilidade e a consist\u00eancia do produto.<\/li>\n<\/ol>\n<h2 id=\"-application-scenarios-and-customer-value-\"><strong>Cen\u00e1rios de aplica\u00e7\u00e3o e valor para o cliente<\/strong><\/h2>\n<ul>\n<li><strong>Marca de roupa para m\u00e3e e beb\u00e9<\/strong>: Os elementos de desenhos animados e os tons azuis claros adaptam-se ao tom dos produtos para beb\u00e9s, e o design da janela facilita a apresenta\u00e7\u00e3o das carater\u00edsticas suaves e amigas da pele do produto.<\/li>\n<li><strong>Marca de vestu\u00e1rio de moda<\/strong>: O tipo de caixa e o processo de impress\u00e3o personalizados podem melhorar o reconhecimento da marca, como a edi\u00e7\u00e3o limitada de f\u00e9rias e as embalagens IP de marca conjunta.<\/li>\n<li><strong>Ofertas e com\u00e9rcio eletr\u00f3nico transfronteiri\u00e7o<\/strong>: Os materiais amigos do ambiente e os r\u00f3tulos de dupla certifica\u00e7\u00e3o cumprem os requisitos de acesso ao mercado na Europa e nos Estados Unidos, ajudando as marcas a ir para o estrangeiro.<\/li>\n<\/ul>","protected":false},"excerpt":{"rendered":"<p>Esta embalagem em tubo de papel utiliza o azul claro como cor principal, que tem um efeito visual fresco e tranquilo e pode criar rapidamente uma atmosfera leve e transparente. A superf\u00edcie da caixa est\u00e1 coberta com padr\u00f5es densos de desenhos animados (como gatinhos, ursos, nuvens, estrelas, flores, etc.). O estilo \u00e9 fresco e giro, o que est\u00e1 de acordo com o posicionamento dos produtos materno-infantis.<\/p>","protected":false},"featured_media":612,"template":"","meta":{"_kad_post_transparent":"default","_kad_post_title":"","_kad_post_layout":"default","_kad_post_sidebar_id":"","_kad_post_content_style":"default","_kad_post_vertical_padding":"default","_kad_post_feature":"","_kad_post_feature_position":"","_kad_post_header":false,"_kad_post_footer":false,"_kad_post_classname":""},"product_brand":[],"product_cat":[15,30,17],"product_tag":[210,209,208],"class_list":{"0":"post-610","1":"product","2":"type-product","3":"status-publish","4":"has-post-thumbnail","6":"product_cat-red-light-therapy","7":"product_cat-dropshipping","8":"product_cat-services","9":"product_tag-apparel-paper-tube-wholesale","10":"product_tag-apparel-t-shirt-paper-tube","11":"product_tag-custom-scarves-packaging","13":"first","14":"instock","15":"shipping-taxable","16":"product-type-simple","17":"entry","18":"content-bg","19":"loop-entry"},"_links":{"self":[{"href":"https:\/\/red-lighttherapy.com\/pt_pt\/wp-json\/wp\/v2\/product\/610","targetHints":{"allow":["GET"]}}],"collection":[{"href":"https:\/\/red-lighttherapy.com\/pt_pt\/wp-json\/wp\/v2\/product"}],"about":[{"href":"https:\/\/red-lighttherapy.com\/pt_pt\/wp-json\/wp\/v2\/types\/product"}],"wp:featuredmedia":[{"embeddable":true,"href":"https:\/\/red-lighttherapy.com\/pt_pt\/wp-json\/wp\/v2\/media\/612"}],"wp:attachment":[{"href":"https:\/\/red-lighttherapy.com\/pt_pt\/wp-json\/wp\/v2\/media?parent=610"}],"wp:term":[{"taxonomy":"product_brand","embeddable":true,"href":"https:\/\/red-lighttherapy.com\/pt_pt\/wp-json\/wp\/v2\/product_brand?post=610"},{"taxonomy":"product_cat","embeddable":true,"href":"https:\/\/red-lighttherapy.com\/pt_pt\/wp-json\/wp\/v2\/product_cat?post=610"},{"taxonomy":"product_tag","embeddable":true,"href":"https:\/\/red-lighttherapy.com\/pt_pt\/wp-json\/wp\/v2\/product_tag?post=610"}],"curies":[{"name":"wp","href":"https:\/\/api.w.org\/{rel}","templated":true}]}}