{"id":602,"date":"2025-04-12T14:02:24","date_gmt":"2025-04-12T14:02:24","guid":{"rendered":"https:\/\/red-lighttherapy.com\/?post_type=product&#038;p=602"},"modified":"2025-04-12T18:07:09","modified_gmt":"2025-04-12T18:07:09","slug":"food-grade-tea-candle-kraft-paper-tube-packaging-supplier","status":"publish","type":"product","link":"https:\/\/red-lighttherapy.com\/pt_pt\/food-grade-tea-candle-kraft-paper-tube-packaging-supplier\/","title":{"rendered":"Fornecedor de embalagens de tubo de papel kraft para vela de ch\u00e1 de qualidade alimentar"},"content":{"rendered":"<h2 id=\"food-grade-tea-candle-kraft-paper-tube-packaging-product-description\">Fornecedor de embalagens de tubo de papel kraft para vela de ch\u00e1 de qualidade alimentar Descri\u00e7\u00e3o do produto<\/h2>\n<h2 id=\"1-structural-design-split-buckle-structure-\">1.\u00a0<strong>Conce\u00e7\u00e3o estrutural: estrutura de fivela dividida<\/strong><\/h2>\n<ul>\n<li><strong>Conce\u00e7\u00e3o separada das coberturas superior e inferior<\/strong>: A tampa e o corpo da caixa adoptam uma estrutura independente e o di\u00e2metro da tampa \u00e9 ligeiramente superior ao do corpo da caixa (a toler\u00e2ncia \u00e9 controlada dentro de 0,5 mm). O processo de corte de precis\u00e3o \u00e9 utilizado para obter uma dobragem sem costuras, de modo a garantir que n\u00e3o haja folgas ou aberturas acidentais durante o transporte.<\/li>\n<li><strong>Sistema de bloqueio da ranhura do cart\u00e3o<\/strong>: Uma ranhura circular e pouco profunda para cart\u00f5es (profundidade de 1-2 mm) \u00e9 colocada no interior da tampa, formando um fecho com a aba superior do corpo da caixa. O utilizador pode abri-la com uma ligeira press\u00e3o e, quando fechada, a tampa rebate e bloqueia automaticamente, combinando comodidade e decoratividade.<\/li>\n<\/ul>\n<h2 id=\"2-environmentally-friendly-material-degradable-food-grade-kraft-paper-\">2.\u00a0<strong>Material ecol\u00f3gico: papel kraft degrad\u00e1vel de qualidade alimentar<\/strong><\/h2>\n<ul>\n<li><strong>Mat\u00e9rias-primas e artesanato<\/strong>: Feito de polpa de madeira ou fibra reciclada certificada pelo FSC, passou nos testes de seguran\u00e7a de qualidade alimentar (em conformidade com as normas GB 4806.8), n\u00e3o cont\u00e9m agentes fluorescentes, plastificantes e outras subst\u00e2ncias nocivas e pode entrar em contacto direto com o corpo da vela.<\/li>\n<li><strong>Desempenho de degrada\u00e7\u00e3o<\/strong>: Completamente degradado em 6-12 meses no ambiente natural, o produto de degrada\u00e7\u00e3o \u00e9 a fibra natural, e n\u00e3o h\u00e1 risco de polui\u00e7\u00e3o do solo.<\/li>\n<\/ul>\n<h2 id=\"3-function-optimization-inner-wall-reinforcement-and-protection-\">3.\u00a0<strong>Otimiza\u00e7\u00e3o da fun\u00e7\u00e3o: refor\u00e7o e prote\u00e7\u00e3o da parede interior<\/strong><\/h2>\n<ul>\n<li><strong>Tratamento liso da parede interior<\/strong>: Um revestimento de PE de qualidade alimentar com 0,05 mm de espessura \u00e9 formado atrav\u00e9s de um processo de lamina\u00e7\u00e3o para garantir que a parede interior \u00e9 lisa e sem rebarbas, evitar riscos na superf\u00edcie da vela e melhorar a resist\u00eancia \u00e0 compress\u00e3o (capacidade de carga at\u00e9 5 kg).<\/li>\n<li><strong>\u00c0 prova de humidade<\/strong>: O papel Kraft com gramagem \u2265 250g\/m\u00b2, com revestimento da parede interior, pode bloquear o impacto das altera\u00e7\u00f5es de humidade na textura da vela.<\/li>\n<\/ul>\n<h2 id=\"4-visual-design-minimalist-natural-aesthetics-\">4.\u00a0<strong>Conce\u00e7\u00e3o visual: est\u00e9tica natural minimalista<\/strong><\/h2>\n<ul>\n<li><strong>Cor e impress\u00e3o<\/strong>: O corpo da caixa utiliza uma cor base de pasta original castanha clara (Pantone 16-1125 TPX) e a superf\u00edcie \u00e9 impressa em monocrom\u00e1tico com tinta \u00e0 base de \u00e1gua. O padr\u00e3o \u00e9 constitu\u00eddo principalmente por linhas de plantas, como fetos e folhas de oliveira, e o espa\u00e7o branco local representa \u226540%, criando um equil\u00edbrio visual de \"menos \u00e9 mais\".<\/li>\n<li><strong>Apresenta\u00e7\u00e3o da textura<\/strong>: A textura natural do papel kraft \u00e9 mantida e o processo de lamina\u00e7\u00e3o mate \u00e9 utilizado para melhorar a delicadeza t\u00e1til e a sensa\u00e7\u00e3o de qualidade.<\/li>\n<\/ul>\n<h2 id=\"-technical-parameters-\"><strong>5. Par\u00e2metros t\u00e9cnicos<\/strong><\/h2>\n<table>\n<thead>\n<tr>\n<th>Projeto<\/th>\n<th>Especifica\u00e7\u00f5es<\/th>\n<\/tr>\n<\/thead>\n<tbody>\n<tr>\n<td>Material<\/td>\n<td>Papel kraft de qualidade alimentar (toda a polpa de madeira\/fibra reciclada)<\/td>\n<\/tr>\n<tr>\n<td>Gama de di\u00e2metros<\/td>\n<td>50-150 mm (possibilidade de personaliza\u00e7\u00e3o)<\/td>\n<\/tr>\n<tr>\n<td>Gama de alturas<\/td>\n<td>80-300 mm (possibilidade de personaliza\u00e7\u00e3o)<\/td>\n<\/tr>\n<tr>\n<td>Espessura da parede<\/td>\n<td>1,2-2,5 mm (ajust\u00e1vel)<\/td>\n<\/tr>\n<tr>\n<td>Capacidade de carga<\/td>\n<td>\u22645kg<\/td>\n<\/tr>\n<tr>\n<td>Quantidade m\u00ednima de encomenda<\/td>\n<td>500 pe\u00e7as (suportada a prova de pequenos lotes)<\/td>\n<\/tr>\n<\/tbody>\n<\/table>\n<h2 id=\"-supplier-service-advantages-\"><strong>6. Vantagens do servi\u00e7o do fornecedor<\/strong><\/h2>\n<ul>\n<li><strong>Suporte \u00e0 personaliza\u00e7\u00e3o<\/strong>: Fornecer um servi\u00e7o de personaliza\u00e7\u00e3o \u00fanico para tamanho, padr\u00e3o e processo, e entregar a prova dentro de 3-5 dias \u00fateis.<\/li>\n<li><strong>Certifica\u00e7\u00e3o ambiental<\/strong>: Aprova\u00e7\u00e3o do sistema de gest\u00e3o ambiental ISO 14001 e certifica\u00e7\u00e3o de material de contacto alimentar da FDA.<\/li>\n<li><strong>Garantia de capacidade<\/strong>: Produ\u00e7\u00e3o di\u00e1ria \u2265 100.000 pe\u00e7as, apoiando o fornecimento especial transfronteiri\u00e7o e a produ\u00e7\u00e3o acelerada de pedidos urgentes.<\/li>\n<\/ul>\n<h2 id=\"-application-scenarios-\"><strong>Cen\u00e1rios de aplica\u00e7\u00e3o<\/strong><\/h2>\n<ul>\n<li><strong>Marcas de velas de ch\u00e1 topo de gama<\/strong>: Adequado para a embalagem de velas ecol\u00f3gicas, tais como cera de soja natural e cera de abelha.<\/li>\n<li><strong>Mercado de prendas e festas<\/strong>: Pode ser combinado com elementos decorativos, como corda de c\u00e2nhamo e flores secas, para aumentar o valor acrescentado dos presentes.<\/li>\n<li><strong>Retalho sustent\u00e1vel<\/strong>: Em conformidade com o conceito \"zero res\u00edduos\", \u00e9 adequado para canais como as lojas de produtos biol\u00f3gicos e os mercados ambientais.<\/li>\n<\/ul>","protected":false},"excerpt":{"rendered":"<p>Este produto \u00e9 uma caixa de embalagem cil\u00edndrica ecol\u00f3gica concebida para velas de ch\u00e1. \u00c9 feita de papel kraft de qualidade alimentar, combinada com uma estrutura inovadora e uma est\u00e9tica minimalista, para alcan\u00e7ar a unidade de funcionalidade e sustentabilidade. Adequada para cenas como velas perfumadas, velas feitas \u00e0 m\u00e3o, velas de oferta, etc., tendo em conta a prote\u00e7\u00e3o, a comodidade e a beleza visual.<\/p>","protected":false},"featured_media":604,"template":"","meta":{"_kad_post_transparent":"default","_kad_post_title":"","_kad_post_layout":"default","_kad_post_sidebar_id":"","_kad_post_content_style":"default","_kad_post_vertical_padding":"default","_kad_post_feature":"","_kad_post_feature_position":"","_kad_post_header":false,"_kad_post_footer":false,"_kad_post_classname":""},"product_brand":[],"product_cat":[15,17],"product_tag":[206,207,205],"class_list":{"0":"post-602","1":"product","2":"type-product","3":"status-publish","4":"has-post-thumbnail","6":"product_cat-red-light-therapy","7":"product_cat-services","8":"product_tag-candle-paper-tube-packaging","9":"product_tag-food-grade-tea-supplier","10":"product_tag-tea-paper-tube","12":"first","13":"instock","14":"shipping-taxable","15":"product-type-simple","16":"entry","17":"content-bg","18":"loop-entry"},"_links":{"self":[{"href":"https:\/\/red-lighttherapy.com\/pt_pt\/wp-json\/wp\/v2\/product\/602","targetHints":{"allow":["GET"]}}],"collection":[{"href":"https:\/\/red-lighttherapy.com\/pt_pt\/wp-json\/wp\/v2\/product"}],"about":[{"href":"https:\/\/red-lighttherapy.com\/pt_pt\/wp-json\/wp\/v2\/types\/product"}],"wp:featuredmedia":[{"embeddable":true,"href":"https:\/\/red-lighttherapy.com\/pt_pt\/wp-json\/wp\/v2\/media\/604"}],"wp:attachment":[{"href":"https:\/\/red-lighttherapy.com\/pt_pt\/wp-json\/wp\/v2\/media?parent=602"}],"wp:term":[{"taxonomy":"product_brand","embeddable":true,"href":"https:\/\/red-lighttherapy.com\/pt_pt\/wp-json\/wp\/v2\/product_brand?post=602"},{"taxonomy":"product_cat","embeddable":true,"href":"https:\/\/red-lighttherapy.com\/pt_pt\/wp-json\/wp\/v2\/product_cat?post=602"},{"taxonomy":"product_tag","embeddable":true,"href":"https:\/\/red-lighttherapy.com\/pt_pt\/wp-json\/wp\/v2\/product_tag?post=602"}],"curies":[{"name":"wp","href":"https:\/\/api.w.org\/{rel}","templated":true}]}}