{"id":596,"date":"2025-04-12T12:06:18","date_gmt":"2025-04-12T12:06:18","guid":{"rendered":"https:\/\/red-lighttherapy.com\/?post_type=product&#038;p=596"},"modified":"2025-04-12T14:02:15","modified_gmt":"2025-04-12T14:02:15","slug":"paper-tube-packaging-cosmetic-perfume-packaging-wholesale","status":"publish","type":"product","link":"https:\/\/red-lighttherapy.com\/pt_pt\/paper-tube-packaging-cosmetic-perfume-packaging-wholesale\/","title":{"rendered":"Embalagem de tubo de papel Embalagem de perfume para cosm\u00e9ticos por atacado"},"content":{"rendered":"<h2 id=\"paper-tube-packaging-cosmetics-and-perfume-packaging-wholesale-product-description\">Embalagem em tubo de papel embalagem de cosm\u00e9ticos e perfumes por atacado descri\u00e7\u00e3o do produto<\/h2>\n<h2 id=\"1-design-concept-the-perfect-fusion-of-simplicity-and-luxury-\">1.\u00a0<strong>Conceito de design: a fus\u00e3o perfeita entre simplicidade e luxo<\/strong><\/h2>\n<p>A nossa embalagem de lata de papel cil\u00edndrica baseia-se em linhas suaves e adopta um design ergon\u00f3mico de propor\u00e7\u00e3o dourada. \u00c9 f\u00e1cil de abrir e fechar e confort\u00e1vel de apanhar. \u00c9 adequada para produtos excelentes, como perfumes e cosm\u00e9ticos de alta qualidade. O tamanho global liberta a decora\u00e7\u00e3o infrut\u00edfera e assume uma est\u00e9tica m\u00ednima na forma. A cor preta principal \u00e9 decorada com tecnologia de estampagem a quente, que n\u00e3o s\u00f3 exp\u00f5e a natureza discreta e contida da marca, mas tamb\u00e9m descreve uma textura magn\u00edfica atrav\u00e9s do brilho do metal, que se enquadra perfeitamente na posi\u00e7\u00e3o do mercado.<\/p>\n<h2 id=\"2-core-technology-environmentally-friendly-materials-and-high-end-hot-stamping-technology-\">2.\u00a0<strong>Tecnologia de base: materiais amigos do ambiente e tecnologia de estampagem a quente topo de gama<\/strong><\/h2>\n<ol>\n<li><strong>Conte\u00fado de papel revestido amigo do ambiente<\/strong>: O corpo da caixa \u00e9 constitu\u00eddo por papel espesso e ecol\u00f3gico (250-400 g), que possui uma elevada dureza e lubrifica\u00e7\u00e3o, garantindo que a embalagem \u00e9 resistente \u00e0 press\u00e3o e \u00e0 humidade, e protege eficazmente os materiais da extrus\u00e3o durante o transporte ou da humidade ambiental. O papel passou a certifica\u00e7\u00e3o de seguran\u00e7a de qualidade alimentar, n\u00e3o \u00e9 t\u00f3xico e n\u00e3o tem cheiro, e cumpre as normas internacionais de embalagem ecol\u00f3gica.<\/li>\n<li><strong>Processo de estampagem a quente sem tinta<\/strong>: Atrav\u00e9s de moldes de silicone de alta temperatura, a folha de metal \u00e9 estampada com precis\u00e3o para apresentar imagens e textos tridimensionais de estampagem a quente sem tinta. Este processo \u00e9 altamente amigo do ambiente e a cor do metal \u00e9 duradoura e n\u00e3o se desvanece. \u00c9 particularmente adequado para produtos de alta qualidade, como cosm\u00e9ticos e perfumes, que precisam de destacar o log\u00f3tipo da marca. O padr\u00e3o de estampagem a quente pode ser personalizado como um LOGOTIPO, padr\u00e3o ou linha de arte abstrata para melhorar o reconhecimento da embalagem e o efeito de exposi\u00e7\u00e3o.<\/li>\n<\/ol>\n<h2 id=\"iii-customized-service-accurately-match-market-demand-\">3. <strong>Servi\u00e7o personalizado: Corresponder com exatid\u00e3o \u00e0 procura do mercado<\/strong><\/h2>\n<ol>\n<li><strong>Forro interior com design de movimento zero<\/strong>: Fornecer EVA, algod\u00e3o p\u00e9rola, tecido de flocagem e outros materiais de revestimento \u00e0 escolha, adaptados de acordo com a forma do produto para obter um efeito de fixa\u00e7\u00e3o de \"desloca\u00e7\u00e3o zero\". Por exemplo, os frascos de perfume podem utilizar um suporte interior de esponja com contornos para evitar abanar; os cosm\u00e9ticos fr\u00e1geis podem ser combinados com uma camada tamp\u00e3o de flocagem para ter em conta a prote\u00e7\u00e3o e o ritual de desembalagem.<\/li>\n<li><strong>Adapta\u00e7\u00e3o ao mercado regional<\/strong>: Adapta\u00e7\u00e3o flex\u00edvel dos pormenores da embalagem em fun\u00e7\u00e3o das prefer\u00eancias culturais e dos h\u00e1bitos de consumo do mercado do cliente. Por exemplo:<\/li>\n<li><strong>Mercados europeu e americano<\/strong>: preferem linhas minimalistas de hot stamping e preto mate;<\/li>\n<li><strong>Mercados asi\u00e1ticos<\/strong>: preferem padr\u00f5es complexos de estampagem a quente e materiais brilhantes. Apoiamos a personaliza\u00e7\u00e3o de todo o processo, desde o tamanho, padr\u00e3o e artesanato, para ajudar a estrat\u00e9gia de localiza\u00e7\u00e3o da marca.<\/li>\n<\/ol>\n<h2 id=\"iv-source-factory-advantages-quality-and-cost-\">4. <strong>Vantagens da f\u00e1brica de origem: qualidade e custo<\/strong><\/h2>\n<p>Como uma das tr\u00eas principais f\u00e1bricas de embalagens de papel na China, integramos os seguintes recursos principais:<\/p>\n<ul>\n<li><strong>Produ\u00e7\u00e3o em escala<\/strong>: 50.000 metros quadrados de f\u00e1bricas auto-operadas, com uma capacidade de produ\u00e7\u00e3o di\u00e1ria de mais de 10.000 pe\u00e7as, e suporte para entrega em 48 horas de encomendas urgentes;<\/li>\n<li><strong>Vantagem em termos de custos<\/strong>: Eliminando a diferen\u00e7a de pre\u00e7os dos intermedi\u00e1rios, o pre\u00e7o unit\u00e1rio das embalagens de papel revestido para estampagem a quente \u00e9 20%-30% inferior ao pre\u00e7o m\u00e9dio do mercado;<\/li>\n<li><strong>Garantia de qualidade<\/strong>: Atrav\u00e9s do controlo de processos normalizado ISO, \u00e9 fornecido um servi\u00e7o de entrega de amostras gr\u00e1tis para apoiar os clientes na realiza\u00e7\u00e3o de inspec\u00e7\u00f5es \u00e0 f\u00e1brica no local.<\/li>\n<\/ul>\n<h2 id=\"5-application-scenarios-and-case-studies-\">5.\u00a0<strong>Cen\u00e1rios de aplica\u00e7\u00e3o e estudos de caso<\/strong><\/h2>\n<ul>\n<li><strong>S\u00e9rie de perfumes<\/strong>: Caixa cil\u00edndrica de 30 ml (5 cm de di\u00e2metro \u00d7 12 cm de altura), com forro de veludo e log\u00f3tipo da marca gravado a ouro;<\/li>\n<li><strong>Conjunto de cuidados da pele topo de gama<\/strong>: lata de papel de camada dupla, com ess\u00eancia na camada superior e embalagens de substitui\u00e7\u00e3o na camada inferior, e um design de tampa magn\u00e9tica de abertura e fecho;<\/li>\n<li><strong>Caixa de oferta de f\u00e9rias<\/strong>Caixa em forma de cora\u00e7\u00e3o com tecnologia de relevo dourado, com cart\u00f5es de felicita\u00e7\u00f5es personalizados e fitas no interior para valorizar o presente.<\/li>\n<\/ul>\n<h2 id=\"6-cooperation-process-\">6.\u00a0<strong>Processo de coopera\u00e7\u00e3o<\/strong><\/h2>\n<ol>\n<li><strong>Comunica\u00e7\u00e3o da procura<\/strong>: Fornecer o tamanho do produto, o projeto ou a amostra;<\/li>\n<li><strong>Confirma\u00e7\u00e3o da prova<\/strong>: Enviar a caixa de amostra f\u00edsica dentro de 3-5 dias \u00fateis;<\/li>\n<li><strong>Produ\u00e7\u00e3o em massa<\/strong>: A entrega \u00e9 efectuada 7 a 10 dias ap\u00f3s a assinatura do contrato;<\/li>\n<li><strong>Apoio p\u00f3s-venda<\/strong>: Prestar servi\u00e7os de valor acrescentado, como o armazenamento e a substitui\u00e7\u00e3o.<\/li>\n<\/ol>","protected":false},"excerpt":{"rendered":"<p>A embalagem em tubo de papel com linhas suaves \u00e9 adequada para segurar e abrir \u00e0 m\u00e3o. \u00c9 f\u00e1cil de abrir e fechar. O design \u00e9 simples e elegante. O processo de estampagem a quente da folha de ouro n\u00e3o requer impress\u00e3o a tinta. \u00c9 muito adequado para impress\u00e3o em marcas topo de gama, como caixas de embalagens de cosm\u00e9ticos e perfumes.<\/p>","protected":false},"featured_media":597,"template":"","meta":{"_kad_post_transparent":"default","_kad_post_title":"","_kad_post_layout":"default","_kad_post_sidebar_id":"","_kad_post_content_style":"default","_kad_post_vertical_padding":"default","_kad_post_feature":"","_kad_post_feature_position":"","_kad_post_header":false,"_kad_post_footer":false,"_kad_post_classname":""},"product_brand":[],"product_cat":[15,28,17],"product_tag":[202,203,204],"class_list":{"0":"post-596","1":"product","2":"type-product","3":"status-publish","4":"has-post-thumbnail","6":"product_cat-red-light-therapy","7":"product_cat-customize","8":"product_cat-services","9":"product_tag-cosmetic-paper-tube","10":"product_tag-perfume-packaging-wholesale","11":"product_tag-perfume-paper-tube","13":"first","14":"instock","15":"shipping-taxable","16":"product-type-simple","17":"entry","18":"content-bg","19":"loop-entry"},"_links":{"self":[{"href":"https:\/\/red-lighttherapy.com\/pt_pt\/wp-json\/wp\/v2\/product\/596","targetHints":{"allow":["GET"]}}],"collection":[{"href":"https:\/\/red-lighttherapy.com\/pt_pt\/wp-json\/wp\/v2\/product"}],"about":[{"href":"https:\/\/red-lighttherapy.com\/pt_pt\/wp-json\/wp\/v2\/types\/product"}],"wp:featuredmedia":[{"embeddable":true,"href":"https:\/\/red-lighttherapy.com\/pt_pt\/wp-json\/wp\/v2\/media\/597"}],"wp:attachment":[{"href":"https:\/\/red-lighttherapy.com\/pt_pt\/wp-json\/wp\/v2\/media?parent=596"}],"wp:term":[{"taxonomy":"product_brand","embeddable":true,"href":"https:\/\/red-lighttherapy.com\/pt_pt\/wp-json\/wp\/v2\/product_brand?post=596"},{"taxonomy":"product_cat","embeddable":true,"href":"https:\/\/red-lighttherapy.com\/pt_pt\/wp-json\/wp\/v2\/product_cat?post=596"},{"taxonomy":"product_tag","embeddable":true,"href":"https:\/\/red-lighttherapy.com\/pt_pt\/wp-json\/wp\/v2\/product_tag?post=596"}],"curies":[{"name":"wp","href":"https:\/\/api.w.org\/{rel}","templated":true}]}}