{"id":589,"date":"2025-04-12T11:23:53","date_gmt":"2025-04-12T11:23:53","guid":{"rendered":"https:\/\/red-lighttherapy.com\/?post_type=product&#038;p=589"},"modified":"2025-04-12T12:06:10","modified_gmt":"2025-04-12T12:06:10","slug":"supplier-custom-textured-paper-tube-packaging-essential-oil","status":"publish","type":"product","link":"https:\/\/red-lighttherapy.com\/pt_pt\/supplier-custom-textured-paper-tube-packaging-essential-oil\/","title":{"rendered":"Fornecedor Tubo de papel texturizado personalizado para embalagem de \u00f3leo essencial"},"content":{"rendered":"<h2 id=\"-customized-textured-paper-tube-essential-oil-packaging-product-description-\"><strong>Descri\u00e7\u00e3o do produto de embalagem de \u00f3leo essencial de tubo de papel texturizado personalizado<\/strong><\/h2>\n<h2 id=\"-1-healing-visual-experience-\"><strong>1. Experi\u00eancia visual de cura<\/strong><\/h2>\n<p>Esta embalagem cil\u00edndrica \u00e9 principalmente cor-de-rosa macaron. O tom rosa suave e de baixa satura\u00e7\u00e3o pode reduzir eficazmente a fadiga visual. Com um design de linhas simples, cria uma atmosfera sensorial relaxante e curativa, que se adapta \u00e0s propriedades curativas naturais dos produtos de \u00f3leo essencial. A superf\u00edcie da caixa de embalagem adopta a tecnologia de textura mate, que tem um toque delicado e melhora ainda mais a experi\u00eancia de conforto duplo da vis\u00e3o e do tato.<\/p>\n<h2 id=\"-2-innovative-top-and-bottom-cover-structure-\"><strong>2. Estrutura inovadora da tampa superior e inferior<\/strong><\/h2>\n<p>O design da tampa superior e inferior dividida \u00e9 adotado. Quando o corpo da caixa est\u00e1 fechado, encaixa-se firmemente. N\u00e3o h\u00e1 decora\u00e7\u00e3o redundante na linha divis\u00f3ria, e o contorno suave \u00e9 delineado com linhas geom\u00e9tricas minimalistas. A forma cil\u00edndrica \u00e9 combinada com o processo de fecho por micro-arcos para apresentar uma sensa\u00e7\u00e3o suave de camadas. O momento de abertura e fecho tem um sentido ritual e pr\u00e1tico, o que \u00e9 adequado para as necessidades de exposi\u00e7\u00e3o de fragr\u00e2ncias, velas e outros produtos.<\/p>\n<h2 id=\"-3-embossed-texture-technology-\"><strong>3. Tecnologia de textura em relevo<\/strong><\/h2>\n<p>A superf\u00edcie do recipiente est\u00e1 coberta por uma textura em relevo pouco profunda, com ondula\u00e7\u00f5es horizontais finas que simulam ondula\u00e7\u00f5es naturais, e parcialmente pontilhada por padr\u00f5es radiais florais escuros, formando um efeito de gradiente de luz e sombra atrav\u00e9s da profundidade de micro-escultura de 0,3-0,5 mm. O design da textura pode n\u00e3o s\u00f3 melhorar a experi\u00eancia de ader\u00eancia antiderrapante, mas tamb\u00e9m apresentar uma textura tridimensional iminente sob diferentes \u00e2ngulos de luz, dando \u00e0 embalagem uma express\u00e3o art\u00edstica discreta e profunda.<\/p>\n<h2 id=\"-4-highly-customized-solutions-\"><strong>4. Solu\u00e7\u00f5es altamente personalizadas<\/strong><\/h2>\n<p>Suporta a personaliza\u00e7\u00e3o total, desde o tamanho, estrutura at\u00e9 ao processo de impress\u00e3o:<\/p>\n<ul>\n<li><strong>Adaptabilidade<\/strong>: O di\u00e2metro interno\/altura pode ser ajustado para corresponder a frascos de \u00f3leo essencial de 30ml-200ml, frascos de creme facial de 50-500g ou velas de aromaterapia de 5-15cm de di\u00e2metro;<\/li>\n<li><strong>Expans\u00e3o da fun\u00e7\u00e3o<\/strong>: O revestimento opcional em EVA \u00e0 prova de choque, a fivela magn\u00e9tica de abertura e fecho ou a fita de selagem e outros pormenores podem ser equipados para satisfazer as necessidades das embalagens de oferta topo de gama;<\/li>\n<li><strong>Personaliza\u00e7\u00e3o visual<\/strong>: Suporta impress\u00e3o a cores especiais, estampagem a quente\/verniz local UV e outros processos, e pode ser integrado com o LOGOTIPO da marca ou padr\u00f5es personalizados.<\/li>\n<\/ul>\n<h2 id=\"-5-quality-assurance-and-delivery-service-\"><strong>5. Garantia de qualidade e servi\u00e7o de entrega<\/strong><\/h2>\n<p>Com 16 anos de experi\u00eancia em embalagens e impress\u00e3o, a f\u00e1brica est\u00e1 equipada com m\u00e1quinas de corte e vinco totalmente autom\u00e1ticas, linhas de liga\u00e7\u00e3o de impress\u00e3o de rotogravura e equipamento de inspe\u00e7\u00e3o de qualidade inteligente para obter uma prova r\u00e1pida de 72 horas e uma entrega de produ\u00e7\u00e3o em massa de 15 dias. Fornecemos servi\u00e7os completos, desde propostas de design, sele\u00e7\u00e3o de materiais at\u00e9 \u00e0 distribui\u00e7\u00e3o log\u00edstica, para garantir que a qualidade da embalagem e o ciclo de produ\u00e7\u00e3o s\u00e3o controlados com precis\u00e3o.<\/p>\n<h2 id=\"-applicable-scenarios-\"><strong>Cen\u00e1rios aplic\u00e1veis<\/strong><\/h2>\n<ul>\n<li>S\u00e9rie de \u00f3leos essenciais\/fragr\u00e2ncias: A estrutura da tampa superior e inferior protege o corpo da garrafa, e a textura em relevo melhora a textura da apresenta\u00e7\u00e3o<\/li>\n<li>Caixa de oferta para cuidados da pele: Design minimalista a condizer com a cor Macaron, em linha com o tom das marcas de beleza topo de gama<\/li>\n<li>Edi\u00e7\u00e3o limitada de f\u00e9rias: Criar uma linha de produtos diferenciada atrav\u00e9s de uma combina\u00e7\u00e3o personalizada de textura e cor<\/li>\n<\/ul>","protected":false},"excerpt":{"rendered":"<p>A embalagem em tubo de papel adopta uma estrutura de cobertura superior e inferior dividida, apresentando um efeito visual suave e em camadas. A superf\u00edcie \u00e9 coberta com uma textura de relevo pouco profundo, acrescentando um \u00e2ngulo visual<\/p>","protected":false},"featured_media":593,"template":"","meta":{"_kad_post_transparent":"default","_kad_post_title":"","_kad_post_layout":"default","_kad_post_sidebar_id":"","_kad_post_content_style":"default","_kad_post_vertical_padding":"default","_kad_post_feature":"","_kad_post_feature_position":"","_kad_post_header":false,"_kad_post_footer":false,"_kad_post_classname":""},"product_brand":[],"product_cat":[15,28,17],"product_tag":[199,201,200],"class_list":{"0":"post-589","1":"product","2":"type-product","3":"status-publish","4":"has-post-thumbnail","6":"product_cat-red-light-therapy","7":"product_cat-customize","8":"product_cat-services","9":"product_tag-essential-oil-cylinder-boxes","10":"product_tag-essential-oil-paper-tube-packaging","11":"product_tag-supplier-essential-oil-packaging","13":"first","14":"instock","15":"shipping-taxable","16":"product-type-simple","17":"entry","18":"content-bg","19":"loop-entry"},"_links":{"self":[{"href":"https:\/\/red-lighttherapy.com\/pt_pt\/wp-json\/wp\/v2\/product\/589","targetHints":{"allow":["GET"]}}],"collection":[{"href":"https:\/\/red-lighttherapy.com\/pt_pt\/wp-json\/wp\/v2\/product"}],"about":[{"href":"https:\/\/red-lighttherapy.com\/pt_pt\/wp-json\/wp\/v2\/types\/product"}],"wp:featuredmedia":[{"embeddable":true,"href":"https:\/\/red-lighttherapy.com\/pt_pt\/wp-json\/wp\/v2\/media\/593"}],"wp:attachment":[{"href":"https:\/\/red-lighttherapy.com\/pt_pt\/wp-json\/wp\/v2\/media?parent=589"}],"wp:term":[{"taxonomy":"product_brand","embeddable":true,"href":"https:\/\/red-lighttherapy.com\/pt_pt\/wp-json\/wp\/v2\/product_brand?post=589"},{"taxonomy":"product_cat","embeddable":true,"href":"https:\/\/red-lighttherapy.com\/pt_pt\/wp-json\/wp\/v2\/product_cat?post=589"},{"taxonomy":"product_tag","embeddable":true,"href":"https:\/\/red-lighttherapy.com\/pt_pt\/wp-json\/wp\/v2\/product_tag?post=589"}],"curies":[{"name":"wp","href":"https:\/\/api.w.org\/{rel}","templated":true}]}}