{"id":577,"date":"2025-04-12T10:07:51","date_gmt":"2025-04-12T10:07:51","guid":{"rendered":"https:\/\/red-lighttherapy.com\/?post_type=product&#038;p=577"},"modified":"2025-04-15T04:13:35","modified_gmt":"2025-04-15T04:13:35","slug":"supplier-custom-candle-diffuser-kraft-paper-tube-packaging","status":"publish","type":"product","link":"https:\/\/red-lighttherapy.com\/pt_pt\/supplier-custom-candle-diffuser-kraft-paper-tube-packaging\/","title":{"rendered":"Fornecedor Embalagem de tubo de papel kraft para difusor de velas personalizado"},"content":{"rendered":"<h2 id=\"-light-blue-elegant-series-customized-packaging-box-an-environmentally-friendly-packaging-solution-designed-for-high-end-fragrance-brands-perfectly-integrating-aesthetic-design-and-practical-functions\">Fornecedor Embalagem de tubo de papel kraft para difusor de velas personalizado<\/h2>\n<h2 id=\"1-color-aesthetics-and-brand-recognition\">1. Est\u00e9tica da cor e reconhecimento da marca<\/h2>\n<p>Adoptando o mesmo design de gradiente de cor, com o cart\u00e3o de cor Pantone PANTONE 14-4123 \"Quiet Light Blue\" como cor principal, a unidade visual \u00e9 conseguida atrav\u00e9s da suaviza\u00e7\u00e3o do sistema colorido. O LOGOTIPO do corpo da caixa adopta a tecnologia alem\u00e3 de folha de ouro para estampagem a quente, a espessura da folha de ouro para estampagem a quente atinge 0,12 mm e o \u00edndice de refra\u00e7\u00e3o da luz \u00e9 aumentado em 30%. Com a tecnologia de tratamento de superf\u00edcie mate, o log\u00f3tipo da marca real\u00e7a o estilo de luxo leve na textura discreta.<\/p>\n<h2 id=\"2-innovative-structure-and-use-experience\">2. Estrutura inovadora e experi\u00eancia de utiliza\u00e7\u00e3o<\/h2>\n<p>O corpo cil\u00edndrico da caixa adopta um design patenteado de tampa superior e inferior separadas, combinado com uma estrutura de baioneta de precis\u00e3o de 3,5 mm, para conseguir uma fun\u00e7\u00e3o de abertura e fecho com uma s\u00f3 m\u00e3o e manter a norma de veda\u00e7\u00e3o \u00e0 prova de p\u00f3 IP54. O corpo da caixa aerodin\u00e2mico \u00e9 ergonomicamente calculado e o arco de aperto adapta-se \u00e0 curva da palma da m\u00e3o, sendo a experi\u00eancia de abertura e fecho melhor do que a da embalagem roscada tradicional.<\/p>\n<h2 id=\"3-environmentally-friendly-materials-and-process-certification\">3. Certifica\u00e7\u00e3o de materiais e processos amigos do ambiente<\/h2>\n<p>As mat\u00e9rias-primas s\u00e3o certificadas pelo FSC-COC (n\u00famero de certificado FSC-C175785), utilizando cart\u00e3o kraft composto de tr\u00eas camadas fornecido pelo Grupo Sueco, com uma resist\u00eancia \u00e0 compress\u00e3o de 300KPA e uma gama de toler\u00e2ncia \u00e0 humidade de 30%-85%RH. O processo de produ\u00e7\u00e3o aplica rigorosamente o sistema de gest\u00e3o ambiental ISO14001, e a pegada de carbono \u00e9 42% inferior \u00e0 das embalagens normais.<\/p>\n<h3 id=\"4-customized-service-guarantee-system\">4. Sistema de garantia de servi\u00e7o personalizado<\/h3>\n<p>-\u00a0<strong>Personaliza\u00e7\u00e3o profunda<\/strong>: Suporta adapta\u00e7\u00e3o em tamanho real, desde microtubos de ensaio de 15 mm de di\u00e2metro at\u00e9 conjuntos de casti\u00e7ais de 280 mm, e fornece 12 solu\u00e7\u00f5es de combina\u00e7\u00e3o de processos, tais como grava\u00e7\u00e3o UV, verniz local e abertura e fecho magn\u00e9ticos\u00a0<strong>Controlo de qualidade de links completos<\/strong>: Contando com a capacidade de produ\u00e7\u00e3o mensal de milh\u00f5es de unidades nas duas principais bases de produ\u00e7\u00e3o em Hebei e Zhejiang, equipadas com um espetr\u00f3metro para detetar a reprodu\u00e7\u00e3o de cores, garantindo a diferen\u00e7a de cor do lote \u22641,5\u0394E -\u00a0<strong>Entrega sem preocupa\u00e7\u00f5es<\/strong>: Ado\u00e7\u00e3o de uma estrutura de prote\u00e7\u00e3o composta por um revestimento tamp\u00e3o de algod\u00e3o p\u00e9rola EPE + uma caixa de transporte ondulada de cinco camadas, em conjunto com a SF Express e a DHL, para conseguir uma entrega porta-a-porta em 72 horas em todo o pa\u00eds, com uma taxa de rutura inferior a 0,3%<\/p>\n<h2 id=\"5-scenario-application-and-value-added-services\">5. Aplica\u00e7\u00e3o de cen\u00e1rios e servi\u00e7os de valor acrescentado<\/h2>\n<ul>\n<li>Expositor de balc\u00e3o de centro comercial topo de gama (recomendado com suportes de exposi\u00e7\u00e3o em acr\u00edlico)<\/li>\n<li>Lembran\u00e7as de edi\u00e7\u00e3o limitada de casamento\/exposi\u00e7\u00e3o de arte<\/li>\n<li>Cen\u00e1rio de transporte ligeiro do com\u00e9rcio eletr\u00f3nico transfronteiri\u00e7o<\/li>\n<\/ul>\n<h2 id=\"-technical-parameters-\"><strong>Par\u00e2metros t\u00e9cnicos<\/strong><\/h2>\n<table>\n<thead>\n<tr>\n<th>Projeto<\/th>\n<th>Valor standard<\/th>\n<th>Base de ensaio<\/th>\n<\/tr>\n<\/thead>\n<tbody>\n<tr>\n<td>Resist\u00eancia \u00e0 compress\u00e3o<\/td>\n<td>\u22653200N\/\u33a1<\/td>\n<td>GB\/T 6546-2021<\/td>\n<\/tr>\n<tr>\n<td>Seguran\u00e7a da combust\u00e3o<\/td>\n<td>Auto-extin\u00e7\u00e3o ap\u00f3s abandonar o fogo \u22643s<\/td>\n<td>Certifica\u00e7\u00e3o UL94 HB<\/td>\n<\/tr>\n<tr>\n<td>Precis\u00e3o de estampagem a quente<\/td>\n<td>\u00b10,15mm<\/td>\n<td>Norma de impress\u00e3o ISO 12647-2<\/td>\n<\/tr>\n<\/tbody>\n<\/table>","protected":false},"excerpt":{"rendered":"<p>Esta caixa de embalagem adopta o azul claro fresco e elegante como cor principal, apresentando um estilo simples e natural como um todo. O processo de estampagem a quente do log\u00f3tipo em folha de ouro pode melhorar o reconhecimento da marca apresentada e refor\u00e7ar o tom da marca.<\/p>","protected":false},"featured_media":580,"template":"","meta":{"_kad_post_transparent":"default","_kad_post_title":"","_kad_post_layout":"default","_kad_post_sidebar_id":"","_kad_post_content_style":"default","_kad_post_vertical_padding":"default","_kad_post_feature":"","_kad_post_feature_position":"","_kad_post_header":false,"_kad_post_footer":false,"_kad_post_classname":""},"product_brand":[],"product_cat":[15,17],"product_tag":[194,193,195],"class_list":{"0":"post-577","1":"product","2":"type-product","3":"status-publish","4":"has-post-thumbnail","6":"product_cat-red-light-therapy","7":"product_cat-services","8":"product_tag-candle-diffuser-packaging","9":"product_tag-custom-candle-paper-tube","10":"product_tag-supplier-candle-paper-tube","12":"first","13":"instock","14":"shipping-taxable","15":"product-type-simple","16":"entry","17":"content-bg","18":"loop-entry"},"_links":{"self":[{"href":"https:\/\/red-lighttherapy.com\/pt_pt\/wp-json\/wp\/v2\/product\/577","targetHints":{"allow":["GET"]}}],"collection":[{"href":"https:\/\/red-lighttherapy.com\/pt_pt\/wp-json\/wp\/v2\/product"}],"about":[{"href":"https:\/\/red-lighttherapy.com\/pt_pt\/wp-json\/wp\/v2\/types\/product"}],"wp:featuredmedia":[{"embeddable":true,"href":"https:\/\/red-lighttherapy.com\/pt_pt\/wp-json\/wp\/v2\/media\/580"}],"wp:attachment":[{"href":"https:\/\/red-lighttherapy.com\/pt_pt\/wp-json\/wp\/v2\/media?parent=577"}],"wp:term":[{"taxonomy":"product_brand","embeddable":true,"href":"https:\/\/red-lighttherapy.com\/pt_pt\/wp-json\/wp\/v2\/product_brand?post=577"},{"taxonomy":"product_cat","embeddable":true,"href":"https:\/\/red-lighttherapy.com\/pt_pt\/wp-json\/wp\/v2\/product_cat?post=577"},{"taxonomy":"product_tag","embeddable":true,"href":"https:\/\/red-lighttherapy.com\/pt_pt\/wp-json\/wp\/v2\/product_tag?post=577"}],"curies":[{"name":"wp","href":"https:\/\/api.w.org\/{rel}","templated":true}]}}