{"id":571,"date":"2025-04-12T09:00:49","date_gmt":"2025-04-12T09:00:49","guid":{"rendered":"https:\/\/red-lighttherapy.com\/?post_type=product&#038;p=571"},"modified":"2025-04-12T10:07:39","modified_gmt":"2025-04-12T10:07:39","slug":"clothing-t-shirt-apparel-socks-underwear-paper-tube-supplier","status":"publish","type":"product","link":"https:\/\/red-lighttherapy.com\/pt_pt\/clothing-t-shirt-apparel-socks-underwear-paper-tube-supplier\/","title":{"rendered":"Vestu\u00e1rio T-shirt Vestu\u00e1rio Meias Roupa interior Tubo de papel Fornecedor"},"content":{"rendered":"<h2 id=\"-product-description-of-paper-tube-for-clothing-t-shirts-apparel-socks-and-underwear-\"><strong>Vestu\u00e1rio T-shirt Vestu\u00e1rio Meias Roupa interior Fornecedor de tubos de papel Descri\u00e7\u00e3o do produto<\/strong><\/h2>\n<h2 id=\"1-separate-cylindrical-box-design-simple-and-practical-\">1.\u00a0<strong>Design de embalagem de tubo de papel separado, simples e pr\u00e1tico<\/strong><\/h2>\n<p>A estrutura da tampa separada \u00e9 adoptada, e a rela\u00e7\u00e3o entre o corpo da caixa e a tampa \u00e9 cientificamente calculada, o que torna a abertura e o fecho suaves e a veda\u00e7\u00e3o forte. O design da tampa adapta-se ao contorno do contentor, o que n\u00e3o s\u00f3 garante a integridade da embalagem, como tamb\u00e9m transmite o conceito est\u00e9tico moderno atrav\u00e9s de linhas minimalistas (consulte os princ\u00edpios de design da estrutura de embalagem separada).<\/p>\n<h2 id=\"2-black-and-white-contrast-vision-strengthen-brand-recognition-\">2.\u00a0<strong>Vis\u00e3o de contraste a preto e branco, refor\u00e7a o reconhecimento da marca<\/strong><\/h2>\n<p>O corpo da caixa \u00e9 baseado em branco puro, com um c\u00edrculo de linhas pretas \u00e0 volta do topo, e o apelo visual \u00e9 refor\u00e7ado atrav\u00e9s de um design de alto contraste. Este design \u00e9 inspirado na tend\u00eancia da est\u00e9tica das embalagens topo de gama, adequado para o luxo ligeiro, marcas da moda e outros estilos, e adequado para a tonalidade simples das T-shirts, roupa interior e outras categorias (semelhante \u00e0 l\u00f3gica de aplica\u00e7\u00e3o de cores contrastantes das embalagens de caixas de cor).<\/p>\n<h2 id=\"3-high-definition-printing-and-typesetting-highlighting-the-brand-logo-\">3.\u00a0<strong>Impress\u00e3o e composi\u00e7\u00e3o tipogr\u00e1fica de alta defini\u00e7\u00e3o, destacando o log\u00f3tipo da marca<\/strong><\/h2>\n<p>A superf\u00edcie adopta a tecnologia de impress\u00e3o UV, o texto e o padr\u00e3o s\u00e3o claros e resistentes ao desgaste, e \u00e9 poss\u00edvel selecionar o efeito mate\/brilhante. A disposi\u00e7\u00e3o segue o princ\u00edpio \"menos \u00e9 mais\", com tipos de letra modernos sem serifa como principal carater\u00edstica, assegurando que o log\u00f3tipo da marca est\u00e1 centrado e \u00e9 apelativo, deixando espa\u00e7o em branco para aumentar a sensa\u00e7\u00e3o de luxo (com base nos padr\u00f5es de impress\u00e3o do design de embalagens premiado).<\/p>\n<h2 id=\"4-professional-box-type-adaptation-to-improve-product-matching-\">4.\u00a0<strong>Adapta\u00e7\u00e3o profissional do tipo de caixa para melhorar a correspond\u00eancia entre produtos<\/strong><\/h2>\n<p>As recomenda\u00e7\u00f5es de tipos de caixas personalizadas s\u00e3o fornecidas com base nas carater\u00edsticas do produto:<\/p>\n<ul>\n<li><strong>T-shirt\/camisola de treino<\/strong>: Recomenda-se um cilindro elevado com um di\u00e2metro de 20-30 cm, com uma tampa magn\u00e9tica de abertura e fecho para facilitar a dobragem e a arruma\u00e7\u00e3o da roupa;<\/li>\n<li><strong>Meias\/cuecas<\/strong>: Um cilindro tipo gaveta em camadas com revestimento de compartimento incorporado \u00e9 utilizado para conseguir uma arruma\u00e7\u00e3o classificada de v\u00e1rios artigos;<\/li>\n<li><strong>Presentes topo de gama<\/strong>: Combinada com a estrutura da caixa de oferta da tampa superior e inferior, a sensa\u00e7\u00e3o de cerim\u00f3nia de desembalagem \u00e9 refor\u00e7ada (consulte a biblioteca de tipos de caixas multifuncionais).<\/li>\n<\/ul>\n<h2 id=\"5-fsc-certified-material-environmental-protection-and-quality-\">5.\u00a0<strong>Material certificado FSC, prote\u00e7\u00e3o ambiental e qualidade<\/strong><\/h2>\n<p>As mat\u00e9rias-primas da caixa de embalagem s\u00e3o certificadas pela certifica\u00e7\u00e3o florestal FSC para garantir que a origem da madeira \u00e9 sustent\u00e1vel e cumprem as normas de acesso ao mercado da UE e da Am\u00e9rica do Norte. O material certificado tem carater\u00edsticas de elevada dureza e leveza, proporcionando solu\u00e7\u00f5es diferenciadas para marcas amigas do ambiente e clientes de gama alta (vantagens da cadeia de abastecimento certificada pelo FSC).<\/p>\n<h2 id=\"6-modular-lining-system-all-round-protection-\">6.\u00a0<strong>Sistema de revestimento modular, prote\u00e7\u00e3o total<\/strong><\/h2>\n<p>O interior pode ser combinado com uma variedade de materiais de revestimento:<\/p>\n<ul>\n<li><strong>Tipo fixo<\/strong>: Esponja EVA ou algod\u00e3o p\u00e9rola com ranhura cortada, posicionamento preciso e \u00e0 prova de choque;<\/li>\n<li><strong>Tipo suave<\/strong>: tecido de flocagem ou enchimento de r\u00e1fia, adequado para roupa interior;<\/li>\n<li><strong>Tipo de ecr\u00e3<\/strong>: blister PET transparente, que apresenta intuitivamente os pormenores do produto (diversas solu\u00e7\u00f5es de revestimento).<\/li>\n<\/ul>\n<h2 id=\"7-16-years-of-smart-manufacturing-experience-full-process-quality-control-\">7.\u00a0<strong>16 anos de experi\u00eancia em fabrico inteligente, controlo de qualidade de todo o processo<\/strong><\/h2>\n<p>Com base num sistema de produ\u00e7\u00e3o maduro, controlo rigoroso desde a prova de conce\u00e7\u00e3o at\u00e9 \u00e0 produ\u00e7\u00e3o em massa, garantindo que o ciclo de entrega \u00e9 reduzido em 30% e a taxa de defeitos \u00e9 inferior a 0,5%. Apoiar a personaliza\u00e7\u00e3o de pequenos lotes e a otimiza\u00e7\u00e3o da log\u00edstica transfronteiri\u00e7a, fornecendo servi\u00e7os de embalagem completos para marcas globais (refer\u00eancia de experi\u00eancia na cadeia de abastecimento).<\/p>\n<h2 id=\"-advantages-of-cooperation-\"><strong>Vantagens da coopera\u00e7\u00e3o<\/strong>:<\/h2>\n<ul>\n<li><strong>Apoio \u00e0 conce\u00e7\u00e3o<\/strong>: Renderiza\u00e7\u00f5es 3D e amostras de materiais gratuitas;<\/li>\n<li><strong>Otimiza\u00e7\u00e3o dos custos<\/strong>: A aquisi\u00e7\u00e3o em grande escala reduz o pre\u00e7o unit\u00e1rio, com uma encomenda m\u00ednima de 500 unidades;<\/li>\n<li><strong>Resposta r\u00e1pida<\/strong>: A prototipagem \u00e9 conclu\u00edda em 72 horas e a produ\u00e7\u00e3o em massa \u00e9 entregue em 15 dias.<\/li>\n<\/ul>","protected":false},"excerpt":{"rendered":"<p>A caixa de embalagem do tubo de papel adopta uma tampa separada. A propor\u00e7\u00e3o entre o recipiente e a tampa \u00e9 coordenada, reflectindo o design simples da embalagem. O corpo da caixa \u00e9 maioritariamente branco puro, e um c\u00edrculo de linhas pretas rodeia a borda superior, formando um contraste n\u00edtido para aumentar o apelo. A superf\u00edcie da caixa est\u00e1 claramente impressa e o design da disposi\u00e7\u00e3o do texto \u00e9 simples e moderno, o que pode real\u00e7ar o log\u00f3tipo da marca. Esta caixa de embalagem \u00e9 muito adequada para as suas embalagens de vestu\u00e1rio, t-shirts, vestu\u00e1rio, meias e roupa interior<\/p>","protected":false},"featured_media":575,"template":"","meta":{"_kad_post_transparent":"default","_kad_post_title":"","_kad_post_layout":"default","_kad_post_sidebar_id":"","_kad_post_content_style":"default","_kad_post_vertical_padding":"default","_kad_post_feature":"","_kad_post_feature_position":"","_kad_post_header":false,"_kad_post_footer":false,"_kad_post_classname":""},"product_brand":[],"product_cat":[15,30,17],"product_tag":[190,192,191],"class_list":{"0":"post-571","1":"product","2":"type-product","3":"status-publish","4":"has-post-thumbnail","6":"product_cat-red-light-therapy","7":"product_cat-dropshipping","8":"product_cat-services","9":"product_tag-clothing-paper-tube","10":"product_tag-socks-underwear-paper-tube-packaging","11":"product_tag-t-shirt-paper-tube-supplier","13":"first","14":"instock","15":"shipping-taxable","16":"product-type-simple","17":"entry","18":"content-bg","19":"loop-entry"},"_links":{"self":[{"href":"https:\/\/red-lighttherapy.com\/pt_pt\/wp-json\/wp\/v2\/product\/571","targetHints":{"allow":["GET"]}}],"collection":[{"href":"https:\/\/red-lighttherapy.com\/pt_pt\/wp-json\/wp\/v2\/product"}],"about":[{"href":"https:\/\/red-lighttherapy.com\/pt_pt\/wp-json\/wp\/v2\/types\/product"}],"wp:featuredmedia":[{"embeddable":true,"href":"https:\/\/red-lighttherapy.com\/pt_pt\/wp-json\/wp\/v2\/media\/575"}],"wp:attachment":[{"href":"https:\/\/red-lighttherapy.com\/pt_pt\/wp-json\/wp\/v2\/media?parent=571"}],"wp:term":[{"taxonomy":"product_brand","embeddable":true,"href":"https:\/\/red-lighttherapy.com\/pt_pt\/wp-json\/wp\/v2\/product_brand?post=571"},{"taxonomy":"product_cat","embeddable":true,"href":"https:\/\/red-lighttherapy.com\/pt_pt\/wp-json\/wp\/v2\/product_cat?post=571"},{"taxonomy":"product_tag","embeddable":true,"href":"https:\/\/red-lighttherapy.com\/pt_pt\/wp-json\/wp\/v2\/product_tag?post=571"}],"curies":[{"name":"wp","href":"https:\/\/api.w.org\/{rel}","templated":true}]}}