{"id":565,"date":"2025-04-12T08:34:45","date_gmt":"2025-04-12T08:34:45","guid":{"rendered":"https:\/\/red-lighttherapy.com\/?post_type=product&#038;p=565"},"modified":"2025-04-12T09:00:36","modified_gmt":"2025-04-12T09:00:36","slug":"custom-child-resistant-vape-cartridge-packaging-box-factory","status":"publish","type":"product","link":"https:\/\/red-lighttherapy.com\/pt_pt\/custom-child-resistant-vape-cartridge-packaging-box-factory\/","title":{"rendered":"F\u00e1brica de caixas de embalagem de cartuchos Vape personalizadas resistentes a crian\u00e7as"},"content":{"rendered":"<h2 id=\"-child-safe-electronic-cigarette-cartridge-packaging-box-professional-customized-solution-\">F\u00e1brica de caixas de embalagem de cartuchos Vape personalizadas resistentes a crian\u00e7as<\/h2>\n<h2 id=\"1-double-child-proof-device-compliance-certification-guarantee-\">1.\u00a0<strong>Duplo dispositivo de seguran\u00e7a para crian\u00e7as, garantia de certifica\u00e7\u00e3o de conformidade<\/strong><\/h2>\n<ul>\n<li>Adotar\u00a0<strong>estrutura de abertura por press\u00e3o-rota\u00e7\u00e3o<\/strong>\u00a0ou\u00a0<strong>design de encaixe magn\u00e9tico + desbloqueio por deslizamento<\/strong>\u00a0, passe\u00a0<strong>US 16 CFR 1700.20<\/strong>\u00a0e\u00a0<strong>UE ISO 8317<\/strong>\u00a0normas de teste de prote\u00e7\u00e3o das crian\u00e7as. A taxa de insucesso da abertura por crian\u00e7as \u00e9 \u226580%, e os adultos podem abri-la facilmente atrav\u00e9s de opera\u00e7\u00f5es intuitivas (como alinhar as setas, aplicar uma for\u00e7a espec\u00edfica), o que cumpre os requisitos de acesso ao mercado na Europa e nos Estados Unidos.<\/li>\n<li>Incorporado\u00a0<strong>bloqueio de seguran\u00e7a anti-mistura<\/strong>\u00a0Para evitar que as crian\u00e7as cometam erros, \u00e9 necess\u00e1rio premir dois dedos para desbloquear a caixa extra\u00edvel.<\/li>\n<\/ul>\n<h2 id=\"2-immersive-pull-out-box-experience-\">2.\u00a0<strong>Experi\u00eancia imersiva de caixa extra\u00edvel<\/strong><\/h2>\n<ul>\n<li><strong>Calha de amortecimento + mola de liberta\u00e7\u00e3o lenta<\/strong>\u00a0a caixa de cartuchos desliza para fora a uma velocidade uniforme de 0,5 segundos\/cm, e \u00e9 combinada com\u00a0<strong>janela fosca semi-transparente<\/strong>A sua forma de apresenta\u00e7\u00e3o \u00e9 muito elegante, como se de uma exposi\u00e7\u00e3o se tratasse, o que aumenta a sensa\u00e7\u00e3o de cerim\u00f3nia de desembalagem.<\/li>\n<li>O corpo da caixa adopta\u00a0<strong>estrutura de extens\u00e3o segmentada<\/strong>A primeira camada apresenta o LOGOTIPO da marca e o nome do produto, e a segunda camada revela gradualmente o corpo do cartucho, aumentando a divers\u00e3o de explora\u00e7\u00e3o do utilizador.<\/li>\n<\/ul>\n<h2 id=\"3-visual-friendliness-and-material-safety-\">3.\u00a0<strong>Facilidade de visualiza\u00e7\u00e3o e seguran\u00e7a dos materiais<\/strong><\/h2>\n<ul>\n<li>A cor principal da caixa exterior \u00e9\u00a0<strong>revestimento mate branco-escuro<\/strong>, que foi\u00a0<strong>Ensaio de subst\u00e2ncias perigosas EN71-3<\/strong>N\u00e3o tem reflexos irritantes e pode reduzir a fadiga visual a longo prazo.<\/li>\n<li>O material pode ser selecionado\u00a0<strong>Forro em EVA de qualidade alimentar + revestimento em tecido Lycra<\/strong>\u00a0ou\u00a0<strong>Processo de flocagem de cart\u00e3o branco de 250 grs.<\/strong>que tem um toque delicado e um desempenho de amortecimento anti-queda.<\/li>\n<\/ul>\n<h2 id=\"4-full-dimensional-customization-service-\">4.\u00a0<strong>Servi\u00e7o de personaliza\u00e7\u00e3o de dimens\u00f5es completas<\/strong><\/h2>\n<ul>\n<li><strong>Adapta\u00e7\u00e3o flex\u00edvel do tamanho<\/strong>: Suporta a personaliza\u00e7\u00e3o de caixas com 5-50 cartuchos, compat\u00edveis com embalagens individuais at\u00e9 conjuntos de s\u00e9ries, com um controlo de toler\u00e2ncia de \u00b10,3mm.<\/li>\n<li><strong>Revestimento modular<\/strong>: Design\u00a0<strong>Ranhura da grelha em EVA<\/strong>\u00a0ou\u00a0<strong>ranhura para esponja<\/strong>\u00a0de acordo com a forma do cartucho (cilindro\/caixa quadrada\/forma especial) para conseguir uma fixa\u00e7\u00e3o com desloca\u00e7\u00e3o zero e melhorar a resist\u00eancia ao choque durante o transporte por 60%.<\/li>\n<li><strong>Design exclusivo da marca<\/strong>: Fornecer\u00a0<strong>laser laser LOGO<\/strong>,\u00a0<strong>Textura UV em relevo<\/strong>\u00a0e\u00a0<strong>impress\u00e3o serigr\u00e1fica<\/strong>\u00a0processos, suporte \u00e0 impress\u00e3o de etiquetas de conformidade para plataformas como a Amazon e esta\u00e7\u00f5es independentes.<\/li>\n<\/ul>\n<h2 id=\"5-global-compliance-support-\">5.\u00a0<strong>Apoio \u00e0 conformidade global<\/strong><\/h2>\n<ul>\n<li>Fornecer\u00a0<strong>CPC (EUA)<\/strong>,\u00a0<strong>CE (UE)<\/strong>\u00a0e\u00a0<strong>CSA Z76.1 (Canad\u00e1)<\/strong>\u00a0documentos de certifica\u00e7\u00e3o, que abrangem relat\u00f3rios de testes como o retardamento de chama das embalagens e a migra\u00e7\u00e3o qu\u00edmica, para garantir a legalidade da circula\u00e7\u00e3o transfronteiri\u00e7a de produtos derivados de can\u00e1bis.<\/li>\n<\/ul>\n<h2 id=\"-service-advantages-\"><strong>Vantagens do servi\u00e7o<\/strong><\/h2>\n<ul>\n<li><strong>16 anos de funcionamento direto da f\u00e1brica<\/strong>: capacidade de produ\u00e7\u00e3o di\u00e1ria de 1.000.000 de pe\u00e7as, apoio \u00e0 encomenda m\u00ednima de 500 pe\u00e7as e entrega extremamente r\u00e1pida no prazo de 7-14 dias.<\/li>\n<li><strong>Capacita\u00e7\u00e3o de todo o processo<\/strong>: desde a conce\u00e7\u00e3o do desenho, passando pela prova at\u00e9 \u00e0 produ\u00e7\u00e3o em massa, equipada com consultores de vendas individuais e equipas de controlo de qualidade, fornecendo\u00a0<strong>conce\u00e7\u00e3o-produ\u00e7\u00e3o-log\u00edstica de embalagens<\/strong>\u00a0servi\u00e7os em circuito fechado.<\/li>\n<\/ul>","protected":false},"excerpt":{"rendered":"<p>A nossa embalagem de cannabis vape de papel de gaveta \u00e0 prova de crian\u00e7as est\u00e1 equipada com um dispositivo de resist\u00eancia \u00e0s crian\u00e7as para garantir que \u00e9 dif\u00edcil para as crian\u00e7as abrirem, mas f\u00e1cil para os adultos abrirem. Est\u00e1 totalmente em conformidade com as leis e regulamentos. Pode ser altamente personalizado para se adequar \u00e0 embalagem do seu produto de vapor de cannabis.<\/p>","protected":false},"featured_media":569,"template":"","meta":{"_kad_post_transparent":"default","_kad_post_title":"","_kad_post_layout":"default","_kad_post_sidebar_id":"","_kad_post_content_style":"default","_kad_post_vertical_padding":"default","_kad_post_feature":"","_kad_post_feature_position":"","_kad_post_header":false,"_kad_post_footer":false,"_kad_post_classname":""},"product_brand":[],"product_cat":[15,40,17],"product_tag":[188,189,169],"class_list":{"0":"post-565","1":"product","2":"type-product","3":"status-publish","4":"has-post-thumbnail","6":"product_cat-red-light-therapy","7":"product_cat-red-light-therapy-panel","8":"product_cat-services","9":"product_tag-custom-1ml-vape-cartridge-packaging","10":"product_tag-custom-disposable-vape-boxes","11":"product_tag-vape-cartridge-packaging","13":"first","14":"instock","15":"shipping-taxable","16":"product-type-simple","17":"entry","18":"content-bg","19":"loop-entry"},"_links":{"self":[{"href":"https:\/\/red-lighttherapy.com\/pt_pt\/wp-json\/wp\/v2\/product\/565","targetHints":{"allow":["GET"]}}],"collection":[{"href":"https:\/\/red-lighttherapy.com\/pt_pt\/wp-json\/wp\/v2\/product"}],"about":[{"href":"https:\/\/red-lighttherapy.com\/pt_pt\/wp-json\/wp\/v2\/types\/product"}],"wp:featuredmedia":[{"embeddable":true,"href":"https:\/\/red-lighttherapy.com\/pt_pt\/wp-json\/wp\/v2\/media\/569"}],"wp:attachment":[{"href":"https:\/\/red-lighttherapy.com\/pt_pt\/wp-json\/wp\/v2\/media?parent=565"}],"wp:term":[{"taxonomy":"product_brand","embeddable":true,"href":"https:\/\/red-lighttherapy.com\/pt_pt\/wp-json\/wp\/v2\/product_brand?post=565"},{"taxonomy":"product_cat","embeddable":true,"href":"https:\/\/red-lighttherapy.com\/pt_pt\/wp-json\/wp\/v2\/product_cat?post=565"},{"taxonomy":"product_tag","embeddable":true,"href":"https:\/\/red-lighttherapy.com\/pt_pt\/wp-json\/wp\/v2\/product_tag?post=565"}],"curies":[{"name":"wp","href":"https:\/\/api.w.org\/{rel}","templated":true}]}}