{"id":559,"date":"2025-04-12T08:13:57","date_gmt":"2025-04-12T08:13:57","guid":{"rendered":"https:\/\/red-lighttherapy.com\/?post_type=product&#038;p=559"},"modified":"2025-04-12T08:34:31","modified_gmt":"2025-04-12T08:34:31","slug":"wholesale-premium-custom-perfume-cosmetic-boxes-supplies","status":"publish","type":"product","link":"https:\/\/red-lighttherapy.com\/pt_pt\/wholesale-premium-custom-perfume-cosmetic-boxes-supplies\/","title":{"rendered":"Caixas de cosm\u00e9ticos para perfumes personalizadas por atacado"},"content":{"rendered":"<h2 id=\"-customized-perfume-and-cosmetics-box-product-description-\"><strong>Descri\u00e7\u00e3o do produto da caixa de perfumes e cosm\u00e9ticos personalizada<\/strong><\/h2>\n<p>Para satisfazer as necessidades das embalagens de perfumes e cosm\u00e9ticos topo de gama, lan\u00e7\u00e1mos solu\u00e7\u00f5es de embalagem personalizadas que combinam funcionalidade, est\u00e9tica e valor da marca, e criam as seguintes vantagens fundamentais para os clientes grossistas:<\/p>\n<h2 id=\"1-coated-paper-material-sturdy-and-durable-\">1.\u00a0<strong>Material de papel revestido, resistente e duradouro<\/strong><\/h2>\n<p>O material \u00e9 feito de papel revestido de alta gramagem, com uma superf\u00edcie lisa e delicada e uma taxa de reprodu\u00e7\u00e3o de cores de impress\u00e3o superior a 95%. O papel tem uma excelente rigidez e desempenho de suporte de carga. Uma \u00fanica caixa pode suportar at\u00e9 1,5 kg, o que \u00e9 adequado para o acondicionamento seguro de v\u00e1rios recipientes fr\u00e1geis, como garrafas de vidro e garrafas de cer\u00e2mica, satisfazendo simultaneamente as necessidades de um expositor de empilhamento de v\u00e1rias camadas.<\/p>\n<h2 id=\"2-herm-s-orange-design-strong-visual-impact-\">2.\u00a0<strong>Design laranja Herm\u00e8s, forte impacto visual<\/strong><\/h2>\n<p>A caixa exterior utiliza o ic\u00f3nico laranja Herm\u00e8s, combinado com cola mate ou tecnologia de estampagem a quente, para formar um \"foco visual\" na prateleira. O laranja simboliza vitalidade e luxo e pode efetivamente aumentar o reconhecimento da marca. Os dados mostram que as embalagens em tons de laranja podem aumentar a taxa de perman\u00eancia do consumidor em 20%. O tipo de caixa suporta uma variedade de m\u00e9todos de abertura, tais como tampas superiores e inferiores e tampas basculantes, e \u00e9 combinado com LOGOTIPO de estampagem a quente ou texturas em relevo para melhorar a sensa\u00e7\u00e3o de cerim\u00f3nia de desembalagem.<\/p>\n<h2 id=\"3-customized-protection-of-eva-lining-\">3.\u00a0<strong>Prote\u00e7\u00e3o personalizada do forro em EVA<\/strong><\/h2>\n<p>O forro \u00e9 feito de material EVA de alta densidade, que tem uma resist\u00eancia ao impacto de 1,5 vezes o padr\u00e3o da ind\u00fastria e pode absorver 70% da energia de vibra\u00e7\u00e3o de transporte. Oferece op\u00e7\u00f5es de dureza de 25\u00b0 a 80\u00b0 e um design de ranhura personalizado para a forma do frasco de perfume para garantir a fixa\u00e7\u00e3o sem deslocamento; a superf\u00edcie pode ser flocada (como a textura de veludo) ou fosca fosca, tendo em conta tanto a prote\u00e7\u00e3o como o toque de alta qualidade.<\/p>\n<h2 id=\"4-diversified-printing-and-creative-design-\">4.\u00a0<strong>Impress\u00e3o diversificada e design criativo<\/strong><\/h2>\n<p>Suporta impress\u00e3o a quatro cores CMYK, UV parcial, grava\u00e7\u00e3o em relevo 3D e outros processos, e pode ser integrada com ilustra\u00e7\u00f5es art\u00edsticas, geometria minimalista ou elementos culturais exclusivos da marca. Por exemplo:<\/p>\n<ul>\n<li><strong>Tema do festival<\/strong>: Combinado com flocos de neve de estampagem a quente e padr\u00f5es florais para criar caixas de presente de edi\u00e7\u00e3o limitada;<\/li>\n<li><strong>Conceito de prote\u00e7\u00e3o do ambiente<\/strong>: Impress\u00e3o com tintas renov\u00e1veis e correspond\u00eancia com log\u00f3tipos de materiais degrad\u00e1veis;<\/li>\n<li><strong>Intera\u00e7\u00e3o inteligente<\/strong>: Incorporar um c\u00f3digo QR AR, ler o c\u00f3digo para aceder \u00e0 hist\u00f3ria da marca ou ao tutorial de utiliza\u00e7\u00e3o.<\/li>\n<\/ul>\n<h2 id=\"5-one-stop-service-and-detail-control-\">5.\u00a0<strong>Servi\u00e7o \u00fanico e controlo de detalhes<\/strong><\/h2>\n<p>Com base em 20 anos de experi\u00eancia em embalagens e impress\u00e3o, fornecemos servi\u00e7os de processo completo, desde a conce\u00e7\u00e3o, prova at\u00e9 \u00e0 produ\u00e7\u00e3o em massa:<\/p>\n<ul>\n<li><strong>Otimiza\u00e7\u00e3o estrutural<\/strong>: Verificar a capacidade de carga da caixa e a suavidade de abertura e fecho atrav\u00e9s de modela\u00e7\u00e3o 3D;<\/li>\n<li><strong>Controlo de qualidade<\/strong>: O laborat\u00f3rio efectua testes de compress\u00e3o, de resist\u00eancia \u00e0 humidade e de queda para garantir a seguran\u00e7a do transporte;<\/li>\n<li><strong>Produ\u00e7\u00e3o flex\u00edvel<\/strong>: Suporta uma encomenda m\u00ednima de 500, grande quantidade e bom pre\u00e7o, e entrega r\u00e1pida no prazo de 7-15 dias.<\/li>\n<\/ul>\n<h2 id=\"-why-choose-us-\"><strong>Porqu\u00ea escolher-nos?<\/strong><\/h2>\n<ul>\n<li><strong>Equipa profissional<\/strong>: Designers e engenheiros desenvolvem em conjunto, equilibrando a est\u00e9tica e o car\u00e1cter pr\u00e1tico;<\/li>\n<li><strong>Vantagem em termos de custos<\/strong>: Funcionamento direto da f\u00e1brica, redu\u00e7\u00e3o das liga\u00e7\u00f5es interm\u00e9dias e redu\u00e7\u00e3o dos custos globais em 15%-30%;<\/li>\n<li><strong>Garantia p\u00f3s-venda<\/strong>: Fornecer servi\u00e7o de recompra de pedidos de devolu\u00e7\u00e3o para resolver danos de transporte ou defeitos de fabrico.<\/li>\n<\/ul>","protected":false},"excerpt":{"rendered":"<p>Design da caixa de papel com gaveta Abertura deslizante Melhora a experi\u00eancia de desembalagem. O corpo da caixa \u00e9 laranja Herm\u00e8s, que tem vitalidade e calor. Pode atrair a aten\u00e7\u00e3o dos clientes no expositor da prateleira. O forro pode ser personalizado de acordo com as suas necessidades para conseguir um movimento zero do produto e proteger os seus frascos de perfume e cosm\u00e9ticos contra danos<\/p>","protected":false},"featured_media":562,"template":"","meta":{"_kad_post_transparent":"default","_kad_post_title":"","_kad_post_layout":"default","_kad_post_sidebar_id":"","_kad_post_content_style":"default","_kad_post_vertical_padding":"default","_kad_post_feature":"","_kad_post_feature_position":"","_kad_post_header":false,"_kad_post_footer":false,"_kad_post_classname":""},"product_brand":[],"product_cat":[15,28,20,17],"product_tag":[186,185,187],"class_list":{"0":"post-559","1":"product","2":"type-product","3":"status-publish","4":"has-post-thumbnail","6":"product_cat-red-light-therapy","7":"product_cat-customize","8":"product_cat-led-face-light-therapy","9":"product_cat-services","10":"product_tag-cosmetic-boxes-supplies","11":"product_tag-custom-perfume-boxes","12":"product_tag-wholesale-premium-boxes","14":"first","15":"instock","16":"shipping-taxable","17":"product-type-simple","18":"entry","19":"content-bg","20":"loop-entry"},"_links":{"self":[{"href":"https:\/\/red-lighttherapy.com\/pt_pt\/wp-json\/wp\/v2\/product\/559","targetHints":{"allow":["GET"]}}],"collection":[{"href":"https:\/\/red-lighttherapy.com\/pt_pt\/wp-json\/wp\/v2\/product"}],"about":[{"href":"https:\/\/red-lighttherapy.com\/pt_pt\/wp-json\/wp\/v2\/types\/product"}],"wp:featuredmedia":[{"embeddable":true,"href":"https:\/\/red-lighttherapy.com\/pt_pt\/wp-json\/wp\/v2\/media\/562"}],"wp:attachment":[{"href":"https:\/\/red-lighttherapy.com\/pt_pt\/wp-json\/wp\/v2\/media?parent=559"}],"wp:term":[{"taxonomy":"product_brand","embeddable":true,"href":"https:\/\/red-lighttherapy.com\/pt_pt\/wp-json\/wp\/v2\/product_brand?post=559"},{"taxonomy":"product_cat","embeddable":true,"href":"https:\/\/red-lighttherapy.com\/pt_pt\/wp-json\/wp\/v2\/product_cat?post=559"},{"taxonomy":"product_tag","embeddable":true,"href":"https:\/\/red-lighttherapy.com\/pt_pt\/wp-json\/wp\/v2\/product_tag?post=559"}],"curies":[{"name":"wp","href":"https:\/\/api.w.org\/{rel}","templated":true}]}}