{"id":546,"date":"2025-04-12T07:30:15","date_gmt":"2025-04-12T07:30:15","guid":{"rendered":"https:\/\/red-lighttherapy.com\/?post_type=product&#038;p=546"},"modified":"2025-04-12T08:13:49","modified_gmt":"2025-04-12T08:13:49","slug":"custom-lipstick-lip-balm-gloss-paper-tube-packaging-supplier","status":"publish","type":"product","link":"https:\/\/red-lighttherapy.com\/pt_pt\/custom-lipstick-lip-balm-gloss-paper-tube-packaging-supplier\/","title":{"rendered":"Fornecedor de embalagens de tubo de papel para batom personalizado"},"content":{"rendered":"<h2 id=\"-customized-lipstick-and-lip-balm-glossy-paper-tube-packaging-product-description-\"><strong>Descri\u00e7\u00e3o do produto de embalagem de tubo de papel brilhante para batom e b\u00e1lsamo labial personalizado<\/strong><\/h2>\n<h2 id=\"-1-structural-design-cylindrical-top-and-bottom-lid-box-easy-to-operate-with-one-hand-\"><strong>1. Conce\u00e7\u00e3o estrutural: caixa cil\u00edndrica com tampa superior e inferior, f\u00e1cil de utilizar com uma m\u00e3o<\/strong><\/h2>\n<ul>\n<li>A estrutura cil\u00edndrica da tampa superior e inferior com tampas superiores e inferiores separadas optimiza a experi\u00eancia de abertura e fecho e pode ser facilmente operada com uma m\u00e3o, o que est\u00e1 em conformidade com o design ergon\u00f3mico.<\/li>\n<li>Suporta a personaliza\u00e7\u00e3o do tamanho (como o di\u00e2metro 15-32mm, altura 50-150mm), adequado para produtos de batom e b\u00e1lsamo labial de diferentes especifica\u00e7\u00f5es.<\/li>\n<\/ul>\n<h2 id=\"-2-visual-aesthetics-red-and-pink-contrast-and-artistic-lines-\"><strong>2. Est\u00e9tica visual: contraste entre o vermelho e o cor-de-rosa e linhas art\u00edsticas<\/strong><\/h2>\n<ul>\n<li>A cor principal \u00e9 o vermelho e o cor-de-rosa altamente saturados, combinados com a tecnologia de gradiente ou de fus\u00e3o para criar um impacto visual jovem e moderno.<\/li>\n<li>O corpo da caixa incorpora linhas art\u00edsticas suaves ou padr\u00f5es geom\u00e9tricos, e o design de cores contrastantes refor\u00e7a o tema da beleza e transmite a vitalidade e o sentido art\u00edstico da marca.<\/li>\n<\/ul>\n<h2 id=\"-3-craft-details-hot-silver-logo-and-layering-enhancement-\"><strong>3. Pormenores artesanais: log\u00f3tipo em prata quente e realce das camadas<\/strong><\/h2>\n<ul>\n<li>A tecnologia de prata quente \u00e9 utilizada para apresentar com precis\u00e3o detalhes como o LOGOTIPO da marca e o log\u00f3tipo de texto, garantindo que os padr\u00f5es min\u00fasculos s\u00e3o claros e delicados e que o toque \u00e9 tridimensional e rico em camadas.<\/li>\n<li>O revestimento UV, a pel\u00edcula mate e outros processos de tratamento de superf\u00edcie podem ser sobrepostos para melhorar a textura e a resist\u00eancia ao desgaste.<\/li>\n<\/ul>\n<h2 id=\"-4-material-and-printing-full-dimensional-customized-service-\"><strong>4. Material e impress\u00e3o: servi\u00e7o personalizado em todas as dimens\u00f5es<\/strong><\/h2>\n<ul>\n<li><strong>Sele\u00e7\u00e3o de materiais<\/strong>: Fornecer papel kraft amigo do ambiente, pl\u00e1stico degrad\u00e1vel, cart\u00e3o branco e outros substratos, tendo em conta a durabilidade e a sustentabilidade.<\/li>\n<li><strong>Processo de impress\u00e3o<\/strong>: Suporta impress\u00e3o a cores, grava\u00e7\u00e3o em relevo, superf\u00edcie brilhante local UV e outros processos, adaptando-se a padr\u00f5es complexos e requisitos de cor da marca.<\/li>\n<\/ul>\n<h2 id=\"-5-production-and-quality-control-efficient-and-stable-large-scale-delivery-capabilities-\"><strong>5. Produ\u00e7\u00e3o e controlo de qualidade: capacidades de entrega em grande escala eficientes e est\u00e1veis<\/strong><\/h2>\n<ul>\n<li><strong>Linha de produ\u00e7\u00e3o automatizada<\/strong>: Equipada com equipamento de moldagem por inje\u00e7\u00e3o, impress\u00e3o e montagem totalmente autom\u00e1tico, com uma capacidade de produ\u00e7\u00e3o di\u00e1ria de mais de 5 milh\u00f5es de pe\u00e7as, permitindo uma resposta r\u00e1pida a encomendas de emerg\u00eancia.<\/li>\n<li><strong>Sistema de qualidade<\/strong>: Desde a aquisi\u00e7\u00e3o de mat\u00e9rias-primas (como tintas ecol\u00f3gicas certificadas pela MSDS) at\u00e9 \u00e0 entrega do produto acabado, s\u00e3o implementados 12 processos de inspe\u00e7\u00e3o para garantir que o erro dimensional \u00e9 \u22640,1 mm e a diferen\u00e7a de cor de impress\u00e3o \u0394E\u22641,5.<\/li>\n<\/ul>\n<h2 id=\"-6-value-added-services-one-stop-brand-empowerment-\"><strong>6. Servi\u00e7os de valor acrescentado: capacita\u00e7\u00e3o da marca num s\u00f3 local<\/strong><\/h2>\n<ul>\n<li>Fornecer servi\u00e7os OEM\/ODM, apoiar a personaliza\u00e7\u00e3o de moldes, autoriza\u00e7\u00e3o de marca pr\u00f3pria e utiliza\u00e7\u00e3o especial transfronteiri\u00e7a.<\/li>\n<li>Fornecer solu\u00e7\u00f5es de apoio \u00e0 embalagem exterior (tais como sacos de p\u00f3, latas de papel com fita, tabuleiros interiores em EVA) e otimiza\u00e7\u00e3o log\u00edstica para reduzir as perdas de transporte.<\/li>\n<\/ul>","protected":false},"excerpt":{"rendered":"<p>A embalagem em tubo de papel com tampa e base adopta uma estrutura separada das tampas superior e inferior, que \u00e9 f\u00e1cil de operar com uma m\u00e3o. O corpo da caixa \u00e9 principalmente vermelho e cor-de-rosa, o que tem um forte impacto visual e est\u00e1 em conformidade com o tom de uma marca jovem e moderna.<\/p>","protected":false},"featured_media":548,"template":"","meta":{"_kad_post_transparent":"default","_kad_post_title":"","_kad_post_layout":"default","_kad_post_sidebar_id":"","_kad_post_content_style":"default","_kad_post_vertical_padding":"default","_kad_post_feature":"","_kad_post_feature_position":"","_kad_post_header":false,"_kad_post_footer":false,"_kad_post_classname":""},"product_brand":[],"product_cat":[15,28,17],"product_tag":[184,183,182],"class_list":{"0":"post-546","1":"product","2":"type-product","3":"status-publish","4":"has-post-thumbnail","6":"product_cat-red-light-therapy","7":"product_cat-customize","8":"product_cat-services","9":"product_tag-custom-lipstick-lip-balm-packaging-supplier","10":"product_tag-lip-balm-packaging","11":"product_tag-lipstick-paper-tube","13":"first","14":"instock","15":"shipping-taxable","16":"product-type-simple","17":"entry","18":"content-bg","19":"loop-entry"},"_links":{"self":[{"href":"https:\/\/red-lighttherapy.com\/pt_pt\/wp-json\/wp\/v2\/product\/546","targetHints":{"allow":["GET"]}}],"collection":[{"href":"https:\/\/red-lighttherapy.com\/pt_pt\/wp-json\/wp\/v2\/product"}],"about":[{"href":"https:\/\/red-lighttherapy.com\/pt_pt\/wp-json\/wp\/v2\/types\/product"}],"wp:featuredmedia":[{"embeddable":true,"href":"https:\/\/red-lighttherapy.com\/pt_pt\/wp-json\/wp\/v2\/media\/548"}],"wp:attachment":[{"href":"https:\/\/red-lighttherapy.com\/pt_pt\/wp-json\/wp\/v2\/media?parent=546"}],"wp:term":[{"taxonomy":"product_brand","embeddable":true,"href":"https:\/\/red-lighttherapy.com\/pt_pt\/wp-json\/wp\/v2\/product_brand?post=546"},{"taxonomy":"product_cat","embeddable":true,"href":"https:\/\/red-lighttherapy.com\/pt_pt\/wp-json\/wp\/v2\/product_cat?post=546"},{"taxonomy":"product_tag","embeddable":true,"href":"https:\/\/red-lighttherapy.com\/pt_pt\/wp-json\/wp\/v2\/product_tag?post=546"}],"curies":[{"name":"wp","href":"https:\/\/api.w.org\/{rel}","templated":true}]}}