{"id":539,"date":"2025-04-12T07:12:46","date_gmt":"2025-04-12T07:12:46","guid":{"rendered":"https:\/\/red-lighttherapy.com\/?post_type=product&#038;p=539"},"modified":"2025-04-12T07:30:03","modified_gmt":"2025-04-12T07:30:03","slug":"custom-wine-glasses-cup-drinkware-lid-and-base-box-wholesale","status":"publish","type":"product","link":"https:\/\/red-lighttherapy.com\/pt_pt\/custom-wine-glasses-cup-drinkware-lid-and-base-box-wholesale\/","title":{"rendered":"Copos de vinho personalizados Copos de bebidas com tampa e base Caixa por atacado"},"content":{"rendered":"<h2 id=\"-customized-wine-glasses-and-wineware-box-with-lid-and-top-cover-product-description-\"><strong>Copos de vinho personalizados Copo de bebidas Tampa e caixa de base Venda por grosso Descri\u00e7\u00e3o do produto<\/strong><\/h2>\n<h2 id=\"-1-innovative-box-design-with-lid-and-top-cover-\"><strong>1. Design inovador da caixa com tampa e tampa superior<\/strong><\/h2>\n<p>Adotar\u00a0<strong>estrutura separada das p\u00e1lpebras superior e inferior<\/strong>A caixa de vinho \u00e9 muito f\u00e1cil de abrir e fechar com uma m\u00e3o, tendo em conta a comodidade e o sentido ritual. O interior da caixa \u00e9 personalizado com precis\u00e3o de acordo com o tamanho do copo de vinho e fixado por esponja EVA ou forro de bolha para conseguir\u00a0<strong>prote\u00e7\u00e3o contra choques de deslocamento zero<\/strong>\u00a0durante o transporte, garantindo que os produtos de vidro est\u00e3o seguros e n\u00e3o est\u00e3o danificados.<\/p>\n<h2 id=\"-2-three-dimensional-hot-stamping-process-details-highlight-the-brand-\"><strong>2. Processo de estampagem a quente tridimensional, os pormenores real\u00e7am a marca<\/strong><\/h2>\n<p>Utilizar\u00a0<strong>tecnologia de estampagem a quente tridimensional de alta precis\u00e3o<\/strong>A caixa de embalagem pode apresentar o LOGOTIPO, padr\u00f5es ou texto da marca a um n\u00edvel micronizado, mesmo linhas complexas e padr\u00f5es pequenos podem ser claramente apresentados.\u00a0<strong>textura met\u00e1lica e camadas tridimensionais<\/strong>. Combinado com serigrafia, grava\u00e7\u00e3o em relevo e outros processos, aumenta o impacto visual e ajuda a refor\u00e7ar a imagem de topo da marca.<\/p>\n<h2 id=\"-3-one-stop-customization-service-worry-free-throughout-the-process-\"><strong>3. Servi\u00e7o de personaliza\u00e7\u00e3o num s\u00f3 local, sem preocupa\u00e7\u00f5es durante todo o processo<\/strong><\/h2>\n<ul>\n<li><strong>Adapta\u00e7\u00e3o exacta do tamanho<\/strong>: Suporta a personaliza\u00e7\u00e3o de copos de vinho de tamanho normal de 3oz a 10oz (85ml-285ml), e desenvolve moldes de acordo com os desenhos ou amostras 1:1 do cliente para garantir que o revestimento e os copos de vinho\u00a0<strong>encaixar na perfei\u00e7\u00e3o<\/strong>.<\/li>\n<li><strong>Apoio gratuito \u00e0 conce\u00e7\u00e3o<\/strong>: A equipa profissional fornece a estrutura da embalagem e o design do esquema visual, integrando o tom da marca para criar uma embalagem diferenciada.<\/li>\n<li><strong>Inspe\u00e7\u00e3o pr\u00e9via da qualidade das amostras<\/strong>: As amostras gratuitas s\u00e3o enviadas com relat\u00f3rios de inspe\u00e7\u00e3o de qualidade, e a produ\u00e7\u00e3o em massa ser\u00e1 realizada ap\u00f3s confirma\u00e7\u00e3o.<\/li>\n<\/ul>\n<h2 id=\"-4-intelligent-production-guarantees-efficiency-and-quality-\"><strong>4. A produ\u00e7\u00e3o inteligente garante efici\u00eancia e qualidade<\/strong><\/h2>\n<p>Confiar em\u00a0<strong>16 anos de experi\u00eancia no sector<\/strong>\u00a0e\u00a0<strong>sistema inteligente de gest\u00e3o da produ\u00e7\u00e3o<\/strong>A f\u00e1brica est\u00e1 equipada com um sistema de controlo de encomendas ERP e um sistema de execu\u00e7\u00e3o da produ\u00e7\u00e3o MES para garantir a entrega atempada das encomendas e uma taxa de qualifica\u00e7\u00e3o dos produtos de 99,8%. A f\u00e1brica est\u00e1 equipada com um sistema ERP de controlo de encomendas e um sistema MES de execu\u00e7\u00e3o da produ\u00e7\u00e3o para garantir a entrega atempada das encomendas e uma taxa de qualifica\u00e7\u00e3o dos produtos de 99,8%.<\/p>\n<h2 id=\"-5-successful-cases-and-word-of-mouth-endorsement-\"><strong>5. Casos de sucesso e apoio boca-a-boca<\/strong><\/h2>\n<p>Os servi\u00e7os abrangem\u00a0<strong>vinho branco, vinho tinto, marcas de vinhos estrangeiros de alta gama<\/strong>Os clientes da empresa s\u00e3o empresas vin\u00edcolas de renome e exportadores transfronteiri\u00e7os. Com a\u00a0<strong>fonte de fornecimento direto da f\u00e1brica<\/strong>\u00a0vantagem, fornecemos solu\u00e7\u00f5es rent\u00e1veis, suportando encomendas experimentais de pequenos lotes e produ\u00e7\u00e3o em massa em grande escala.<\/p>\n<h2 id=\"-why-choose-us-\"><strong>Porqu\u00ea escolher-nos?<\/strong><\/h2>\n<p>\u2705\u00a0<strong>Desenho gratuito + prova gratuita<\/strong>, resposta r\u00e1pida de 48 horas \u00e0s necessidades<br \/>\n\u2705\u00a0<strong>F\u00e1brica com certifica\u00e7\u00e3o ISO<\/strong>em conformidade com as normas de prote\u00e7\u00e3o ambiental das exporta\u00e7\u00f5es transfronteiri\u00e7as<br \/>\n\u2705\u00a0<strong>Inspe\u00e7\u00e3o de qualidade 100% antes do armazenamento<\/strong>, taxa de rutura prometida inferior a 0,1%<\/p>","protected":false},"excerpt":{"rendered":"<p>O tipo de caixa com tampa e base adopta o m\u00e9todo de separa\u00e7\u00e3o das tampas superior e inferior, que \u00e9 f\u00e1cil de operar com uma m\u00e3o. O processo de estampagem a quente pode exibir perfeitamente o artesanato fino na frente dos clientes e aumentar a popularidade da sua marca. Pode ser altamente personalizado para se adequar \u00e0s suas embalagens de copos e utens\u00edlios de vinho.<\/p>","protected":false},"featured_media":540,"template":"","meta":{"_kad_post_transparent":"default","_kad_post_title":"","_kad_post_layout":"default","_kad_post_sidebar_id":"","_kad_post_content_style":"default","_kad_post_vertical_padding":"default","_kad_post_feature":"","_kad_post_feature_position":"","_kad_post_header":false,"_kad_post_footer":false,"_kad_post_classname":""},"product_brand":[],"product_cat":[15,19,17],"product_tag":[178,176,177],"class_list":{"0":"post-539","1":"product","2":"type-product","3":"status-publish","4":"has-post-thumbnail","6":"product_cat-red-light-therapy","7":"product_cat-red-light-therapy-stand","8":"product_cat-services","9":"product_tag-custom-drinkware-box-wholesale","10":"product_tag-custom-wine-box","11":"product_tag-glasses-cup-lid-and-base-box","13":"first","14":"instock","15":"shipping-taxable","16":"product-type-simple","17":"entry","18":"content-bg","19":"loop-entry"},"_links":{"self":[{"href":"https:\/\/red-lighttherapy.com\/pt_pt\/wp-json\/wp\/v2\/product\/539","targetHints":{"allow":["GET"]}}],"collection":[{"href":"https:\/\/red-lighttherapy.com\/pt_pt\/wp-json\/wp\/v2\/product"}],"about":[{"href":"https:\/\/red-lighttherapy.com\/pt_pt\/wp-json\/wp\/v2\/types\/product"}],"wp:featuredmedia":[{"embeddable":true,"href":"https:\/\/red-lighttherapy.com\/pt_pt\/wp-json\/wp\/v2\/media\/540"}],"wp:attachment":[{"href":"https:\/\/red-lighttherapy.com\/pt_pt\/wp-json\/wp\/v2\/media?parent=539"}],"wp:term":[{"taxonomy":"product_brand","embeddable":true,"href":"https:\/\/red-lighttherapy.com\/pt_pt\/wp-json\/wp\/v2\/product_brand?post=539"},{"taxonomy":"product_cat","embeddable":true,"href":"https:\/\/red-lighttherapy.com\/pt_pt\/wp-json\/wp\/v2\/product_cat?post=539"},{"taxonomy":"product_tag","embeddable":true,"href":"https:\/\/red-lighttherapy.com\/pt_pt\/wp-json\/wp\/v2\/product_tag?post=539"}],"curies":[{"name":"wp","href":"https:\/\/api.w.org\/{rel}","templated":true}]}}