{"id":517,"date":"2025-04-12T06:12:15","date_gmt":"2025-04-12T06:12:15","guid":{"rendered":"https:\/\/red-lighttherapy.com\/?post_type=product&#038;p=517"},"modified":"2025-04-12T06:52:22","modified_gmt":"2025-04-12T06:52:22","slug":"child-resistant-510-vape-cartridge-packaging-boxes-wholesale","status":"publish","type":"product","link":"https:\/\/red-lighttherapy.com\/pt_pt\/child-resistant-510-vape-cartridge-packaging-boxes-wholesale\/","title":{"rendered":"Caixas de embalagem de cartucho 510 Vape resistentes a crian\u00e7as por atacado"},"content":{"rendered":"<h2 id=\"-child-safe-510-e-cigarette-cartridge-packaging-box-wholesale-product-description-\"><strong>Caixas de embalagem de cartucho 510 Vape resistentes a crian\u00e7as Descri\u00e7\u00e3o do produto por atacado<\/strong><\/h2>\n<p>Seguindo o duplo conceito de inova\u00e7\u00e3o e seguran\u00e7a, lan\u00e7\u00e1mos uma\u00a0<strong>caixa de embalagem resistente a crian\u00e7as<\/strong>\u00a0Concebida especificamente para 510 cartuchos de cigarros electr\u00f3nicos, integrando fun\u00e7\u00f5es de seguran\u00e7a para crian\u00e7as, textura topo de gama e design personalizado, adaptando-se totalmente \u00e0s necessidades dos produtos de can\u00e1bis e de cigarros electr\u00f3nicos e ajudando as marcas a destacarem-se.<\/p>\n<h2 id=\"1-child-proof-certification-compliance-guarantee-\">1.\u00a0<strong>Certifica\u00e7\u00e3o de seguran\u00e7a para crian\u00e7as, garantia de conformidade<\/strong><\/h2>\n<ul>\n<li>Adotar um\u00a0<strong>estrutura de fecho deslizante com seguran\u00e7a para crian\u00e7as<\/strong>O produto est\u00e1 em conformidade com as regulamenta\u00e7\u00f5es dos Estados Unidos (16 CFR 1700.20, ASTM D3475) e da Europa (EN ISO 8317), e foi aprovado no teste\u00a0<strong>Certifica\u00e7\u00e3o FSC \u00e0 prova de crian\u00e7as<\/strong>O sistema de fecho de portas \u00e9 de f\u00e1cil abertura para as crian\u00e7as com menos de 52 meses, enquanto os adultos o podem utilizar facilmente, tendo em conta a seguran\u00e7a e a comodidade.<\/li>\n<\/ul>\n<h2 id=\"2-pull-out-box-design-ceremonial-unboxing-experience-\">2.\u00a0<strong>Design de caixa extra\u00edvel, experi\u00eancia cerimonial de desembalagem<\/strong><\/h2>\n<ul>\n<li>Inovador\u00a0<strong>caixa de extens\u00e3o deslizante lateral<\/strong>Na caixa, os cartuchos s\u00e3o apresentados lentamente com o corpo da caixa, aumentando a sensa\u00e7\u00e3o de surpresa e o ritual do utilizador ao abrir a caixa. O corpo da caixa abre e fecha suavemente, o que se adequa ao posicionamento dos produtos de cigarros electr\u00f3nicos topo de gama e melhora o ponto de mem\u00f3ria da marca.<\/li>\n<\/ul>\n<h2 id=\"3-customized-appearance-eye-catching-tool-on-the-shelf-\">3.\u00a0<strong>Aspeto personalizado, ferramenta apelativa na prateleira<\/strong><\/h2>\n<ul>\n<li>Apoio\u00a0<strong>desenho de impress\u00e3o de p\u00e1gina inteira<\/strong>que pode ser integrada com o LOGOTIPO da marca, esquema de cores e elementos art\u00edsticos, e criar uma imagem visual diferenciada atrav\u00e9s de impress\u00e3o UV de alta precis\u00e3o, tecnologia de estampagem a quente\/prata ou efeito de relevo parcial. A estrutura da caixa foi optimizada para garantir\u00a0<strong>tridimensional e n\u00edtido<\/strong>\u00a0quando expostos, formando um forte impacto visual na prateleira.<\/li>\n<\/ul>\n<h2 id=\"4-coated-paper-material-sturdy-and-durable-\">4.\u00a0<strong>Material de papel revestido, resistente e duradouro<\/strong><\/h2>\n<ul>\n<li>Selecionar\u00a0<strong>Papel revestido de alta gramagem 300-400g<\/strong>A caixa \u00e9 fabricada em a\u00e7o inoxid\u00e1vel, com uma pel\u00edcula mate ou brilhante na superf\u00edcie, que possui resist\u00eancia \u00e0 press\u00e3o e brilho. O corpo da caixa n\u00e3o \u00e9 f\u00e1cil de deformar e \u00e9 resistente ao desgaste, mantendo uma textura delicada ap\u00f3s armazenamento prolongado. A camada interior \u00e9 mais espessa para suportar a estrutura e aumentar ainda mais a resist\u00eancia ao impacto.<\/li>\n<\/ul>\n<h2 id=\"5-adaptable-to-multiple-categories-strong-compatibility-\">5.\u00a0<strong>Adapt\u00e1vel a v\u00e1rias categorias, forte compatibilidade<\/strong><\/h2>\n<ul>\n<li>Tamanho especialmente optimizado para\u00a0<strong>Cartuchos standard com rosca 510<\/strong>\u00a0(adapt\u00e1vel \u00e0s especifica\u00e7\u00f5es habituais de 10 mm de di\u00e2metro e 60-80 mm de comprimento), compat\u00edvel com cartuchos de \u00f3leo THC\/CBD, produtos descart\u00e1veis e recarreg\u00e1veis. O espa\u00e7o no interior da caixa pode ser combinado de forma flex\u00edvel com\u00a0<strong>Revestimento em EVA, tabuleiro com flocagem ou cart\u00e3o blister<\/strong>\u00a0para satisfazer as necessidades de fixa\u00e7\u00e3o e de prote\u00e7\u00e3o contra choques de cartuchos de diferentes tamanhos.<\/li>\n<\/ul>\n<h2 id=\"6-craftsmanship-quality-assurance-\">6.\u00a0<strong>Artesanato, garantia de qualidade<\/strong><\/h2>\n<ul>\n<li>Confiar em\u00a0<strong>16 anos de experi\u00eancia em impress\u00e3o e embalagem<\/strong>A nossa empresa tem um controlo de qualidade rigoroso, desde a revis\u00e3o do design at\u00e9 \u00e0 produ\u00e7\u00e3o em massa, utilizando tinta amiga do ambiente e tecnologia de colagem sem vest\u00edgios para garantir que o corpo da caixa n\u00e3o tem um odor irritante e que as costuras s\u00e3o planas. Apoio\u00a0<strong>etiquetas anti-contrafa\u00e7\u00e3o, rastreabilidade por c\u00f3digo QR<\/strong>\u00a0e outros servi\u00e7os de valor acrescentado para aumentar a confian\u00e7a na marca.<\/li>\n<\/ul>\n<h2 id=\"-application-scenarios-\"><strong>7. Cen\u00e1rios de aplica\u00e7\u00e3o<\/strong><\/h2>\n<ul>\n<li><strong>Cigarros electr\u00f3nicos de cannabis<\/strong>: Adapt\u00e1vel a cartuchos pr\u00e9-cheios de 1g\/0,5g, o revestimento pode ser personalizado com uma camada de folha de alum\u00ednio anti-oxida\u00e7\u00e3o para prolongar a vida \u00fatil dos \u00f3leos essenciais.<\/li>\n<li><strong>Atomizador CBD<\/strong>: Com um design de janela transparente, a cor e a quantidade de \u00f3leo podem ser visualizadas intuitivamente.<\/li>\n<li><strong>Conjunto de oferta topo de gama<\/strong>: Suporta a embalagem de conjuntos de caixas de oferta, integra acess\u00f3rios como cartuchos e carregadores e aumenta o espa\u00e7o premium.<\/li>\n<\/ul>\n<h2 id=\"-cooperation-advantages-\"><strong>Vantagens da coopera\u00e7\u00e3o<\/strong><\/h2>\n<ul>\n<li><strong>Resposta r\u00e1pida<\/strong>: Fornecer um servi\u00e7o \u00fanico desde a conce\u00e7\u00e3o at\u00e9 \u00e0 entrega, concluir a prova em 7-15 dias e apoiar a produ\u00e7\u00e3o experimental de pequenos lotes.<\/li>\n<li><strong>Conformidade global<\/strong>: Passou as certifica\u00e7\u00f5es FSC, REACH, RoHS e outras para cumprir os requisitos de acesso ao mercado na Europa e nos Estados Unidos.<\/li>\n<li><strong>Otimiza\u00e7\u00e3o dos custos<\/strong>: A produ\u00e7\u00e3o em grande escala reduz o custo de uma \u00fanica caixa e pode beneficiar de descontos no pre\u00e7o por grosso com uma quantidade m\u00ednima de encomenda de 5.000.<\/li>\n<\/ul>","protected":false},"excerpt":{"rendered":"<p>Design de caixa de papel de gaveta resistente a crian\u00e7as O design \u00e0 prova de crian\u00e7as pode efetivamente impedir que as crian\u00e7as o abram e os adultos o abram facilmente. Puxe e deslize para abrir, de modo a que o produto da embalagem do cartucho 510 vape apare\u00e7a lentamente \u00e0 sua frente, melhorando a experi\u00eancia de desembalagem<\/p>","protected":false},"featured_media":520,"template":"","meta":{"_kad_post_transparent":"default","_kad_post_title":"","_kad_post_layout":"default","_kad_post_sidebar_id":"","_kad_post_content_style":"default","_kad_post_vertical_padding":"default","_kad_post_feature":"","_kad_post_feature_position":"","_kad_post_header":false,"_kad_post_footer":false,"_kad_post_classname":""},"product_brand":[],"product_cat":[15,20,17],"product_tag":[167,169,168],"class_list":{"0":"post-517","1":"product","2":"type-product","3":"status-publish","4":"has-post-thumbnail","6":"product_cat-red-light-therapy","7":"product_cat-led-face-light-therapy","8":"product_cat-services","9":"product_tag-cartridge-packaging","10":"product_tag-vape-cartridge-packaging","11":"product_tag-vape-packaging","13":"first","14":"instock","15":"shipping-taxable","16":"product-type-simple","17":"entry","18":"content-bg","19":"loop-entry"},"_links":{"self":[{"href":"https:\/\/red-lighttherapy.com\/pt_pt\/wp-json\/wp\/v2\/product\/517","targetHints":{"allow":["GET"]}}],"collection":[{"href":"https:\/\/red-lighttherapy.com\/pt_pt\/wp-json\/wp\/v2\/product"}],"about":[{"href":"https:\/\/red-lighttherapy.com\/pt_pt\/wp-json\/wp\/v2\/types\/product"}],"wp:featuredmedia":[{"embeddable":true,"href":"https:\/\/red-lighttherapy.com\/pt_pt\/wp-json\/wp\/v2\/media\/520"}],"wp:attachment":[{"href":"https:\/\/red-lighttherapy.com\/pt_pt\/wp-json\/wp\/v2\/media?parent=517"}],"wp:term":[{"taxonomy":"product_brand","embeddable":true,"href":"https:\/\/red-lighttherapy.com\/pt_pt\/wp-json\/wp\/v2\/product_brand?post=517"},{"taxonomy":"product_cat","embeddable":true,"href":"https:\/\/red-lighttherapy.com\/pt_pt\/wp-json\/wp\/v2\/product_cat?post=517"},{"taxonomy":"product_tag","embeddable":true,"href":"https:\/\/red-lighttherapy.com\/pt_pt\/wp-json\/wp\/v2\/product_tag?post=517"}],"curies":[{"name":"wp","href":"https:\/\/api.w.org\/{rel}","templated":true}]}}