{"id":511,"date":"2025-04-12T05:38:05","date_gmt":"2025-04-12T05:38:05","guid":{"rendered":"https:\/\/red-lighttherapy.com\/?post_type=product&#038;p=511"},"modified":"2025-04-12T06:12:03","modified_gmt":"2025-04-12T06:12:03","slug":"custom-perfume-cosmetic-skincare-drawer-paper-boxes-factory","status":"publish","type":"product","link":"https:\/\/red-lighttherapy.com\/pt_pt\/custom-perfume-cosmetic-skincare-drawer-paper-boxes-factory\/","title":{"rendered":"F\u00e1brica de caixas de papel de gaveta para perfumes, cosm\u00e9ticos e cuidados com a pele personalizadas"},"content":{"rendered":"<h2 id=\"-customized-perfume-cosmetics-and-skincare-drawer-paper-box-product-description-\"><strong>Caixa de papel personalizada para perfumes, cosm\u00e9ticos e cuidados com a pele descri\u00e7\u00e3o do produto<\/strong><\/h2>\n<p>Seguindo o conceito de personaliza\u00e7\u00e3o topo de gama, a nossa empresa \u00e9 especializada na cria\u00e7\u00e3o de embalagens de papel tipo gaveta pr\u00e1ticas e art\u00edsticas para marcas de perfumes, cosm\u00e9ticos e cuidados da pele, refor\u00e7ando o valor da marca com conceitos de artesanato e prote\u00e7\u00e3o ambiental. As carater\u00edsticas espec\u00edficas do produto s\u00e3o as seguintes:<\/p>\n<h2 id=\"1-pull-out-box-design-convenience-and-ritual-coexistence-\">1.\u00a0<strong>Design da caixa de papel de gaveta: conveni\u00eancia e coexist\u00eancia ritual<\/strong><\/h2>\n<p>A estrutura da caixa de papel da gaveta \u00e9 adoptada, e o puxar \u00e9 suave e liso, e a experi\u00eancia de abertura e fecho \u00e9 conveniente e cheia de ritual. A caixa interior e a caixa exterior s\u00e3o precisamente combinadas para garantir que permanecem est\u00e1veis ap\u00f3s v\u00e1rios pux\u00f5es, o que pode n\u00e3o s\u00f3 proteger a integridade do produto, mas tamb\u00e9m aumentar o prazer do utilizador em abrir a caixa.<\/p>\n<h2 id=\"2-festival-atmosphere-aesthetics-red-main-tone-with-hot-stamping-technology-\">2.\u00a0<strong>Est\u00e9tica de ambiente festivo: tom principal vermelho com tecnologia de estampagem a quente<\/strong><\/h2>\n<p>O corpo da caixa utiliza o vermelho cl\u00e1ssico como principal elemento visual, que se enquadra no cen\u00e1rio de celebra\u00e7\u00e3o do festival e transmite uma imagem de marca festiva e entusi\u00e1stica. A superf\u00edcie adopta uma tecnologia de estampagem a quente de alta precis\u00e3o, apresentando um brilho delicado e uma textura tridimensional, o que refor\u00e7a o impacto visual e o posicionamento topo de gama do produto.<\/p>\n<h2 id=\"3-luxury-details-enhancement-ribbon-pull-ring-and-environmentally-friendly-materials-\">3.\u00a0<strong>Realce de pormenores de luxo: anel de puxar a fita e materiais ecol\u00f3gicos<\/strong><\/h2>\n<ul>\n<li><strong>Design de anel de puxar com fita<\/strong>: Fitas selecionadas de alta resist\u00eancia, que podem ser abertas e fechadas repetidamente sem se desgastarem, combinadas com fechos de metal dourado ou prateado, conferem \u00e0 caixa de embalagem uma textura leve e luxuosa.<\/li>\n<li><strong>Materiais certificados pelo FSC<\/strong>: O corpo da caixa utiliza materiais de papel ecol\u00f3gicos que passaram a certifica\u00e7\u00e3o florestal FSC, tendo em conta o conceito sustent\u00e1vel e os requisitos de suporte de carga, e satisfazendo os requisitos duplos das marcas topo de gama em termos de qualidade e prote\u00e7\u00e3o ambiental.<\/li>\n<\/ul>\n<h2 id=\"4-professional-customization-service-full-link-support-from-demand-to-delivery-\">4.\u00a0<strong>Servi\u00e7o de personaliza\u00e7\u00e3o profissional: apoio total desde a procura at\u00e9 \u00e0 entrega<\/strong><\/h2>\n<ul>\n<li><strong>Solu\u00e7\u00e3o de adaptabilidade<\/strong>: De acordo com o tamanho, a forma e o tom da marca do produto, fornecemos recomenda\u00e7\u00f5es de tipo de caixa e sugest\u00f5es de otimiza\u00e7\u00e3o estrutural, como o design de um tabuleiro interior \u00e0 prova de choque para frascos de perfume ou solu\u00e7\u00f5es de armazenamento em camadas para conjuntos de cosm\u00e9ticos.<\/li>\n<li><strong>Garantia de entrega eficiente<\/strong>: Equipado com uma equipa de servi\u00e7o dedicada, acompanhamento desde a prova de conce\u00e7\u00e3o at\u00e9 \u00e0 produ\u00e7\u00e3o em massa, apoio 15-25 dias de entrega r\u00e1pida (o ciclo espec\u00edfico \u00e9 ajustado de acordo com a complexidade do processo), para garantir que tanto a qualidade como a pontualidade cumprem as normas.<\/li>\n<\/ul>\n<h2 id=\"5-value-added-services-brand-image-and-user-experience-upgrade-\">5.\u00a0<strong>Servi\u00e7os de valor acrescentado: melhoria da imagem de marca e da experi\u00eancia do utilizador<\/strong><\/h2>\n<ul>\n<li><strong>Sele\u00e7\u00e3o de processos diversificados<\/strong>: Para al\u00e9m da estampagem a quente, a impress\u00e3o UV, a grava\u00e7\u00e3o em relevo, a serigrafia e outros processos podem ser sobrepostos para satisfazer necessidades personalizadas.<\/li>\n<li><strong>Solu\u00e7\u00e3o de cen\u00e1rio completo<\/strong>: Fornecer servi\u00e7os personalizados, tais como caixas de presente para f\u00e9rias, embalagens de edi\u00e7\u00e3o limitada, fornecimento especial transfronteiri\u00e7o, etc., para ajudar as marcas a criar uma competitividade diferenciada.<\/li>\n<\/ul>\n<h2 id=\"-cooperation-advantages-\"><strong>Vantagens da coopera\u00e7\u00e3o<\/strong>:<\/h2>\n<ul>\n<li><strong>Desempenho de custo elevado<\/strong>: A produ\u00e7\u00e3o em grande escala reduz os custos e permite uma encomenda m\u00ednima de 500 pe\u00e7as.<\/li>\n<li><strong>Compromisso de qualidade<\/strong>: Padr\u00f5es rigorosos de inspe\u00e7\u00e3o de qualidade (erro &lt;1mm), suporte a problemas p\u00f3s-venda para responder dentro de 24 horas.<\/li>\n<\/ul>\n<p><strong>Cen\u00e1rios aplic\u00e1veis<\/strong>: Presentes de Natal, lan\u00e7amentos de novos produtos, personaliza\u00e7\u00e3o de membros de alta gama, fornecimento especial de com\u00e9rcio eletr\u00f3nico transfronteiri\u00e7o, etc.<\/p>\n<p>Com um design profissional, conceitos de prote\u00e7\u00e3o ambiental e servi\u00e7os eficientes como n\u00facleo, estamos empenhados em fornecer \u00e0s marcas globais solu\u00e7\u00f5es de embalagem que combinam valor est\u00e9tico e fun\u00e7\u00f5es pr\u00e1ticas para ajudar os produtos a destacarem-se no mercado. Se precisar de uma solu\u00e7\u00e3o personalizada ou de um or\u00e7amento, contacte o servi\u00e7o de apoio ao cliente para obter apoio exclusivo!<\/p>","protected":false},"excerpt":{"rendered":"<p>O tipo de caixa de papel de gaveta \u00e9 f\u00e1cil de desenhar e mais conveniente para aumentar a experi\u00eancia de desembalagem do utilizador. A superf\u00edcie da caixa adopta um processo de \"estampagem a quente\" de alta qualidade para melhorar a textura e a est\u00e9tica do produto.<\/p>","protected":false},"featured_media":512,"template":"","meta":{"_kad_post_transparent":"default","_kad_post_title":"","_kad_post_layout":"default","_kad_post_sidebar_id":"","_kad_post_content_style":"default","_kad_post_vertical_padding":"default","_kad_post_feature":"","_kad_post_feature_position":"","_kad_post_header":false,"_kad_post_footer":false,"_kad_post_classname":""},"product_brand":[],"product_cat":[15,28,20,17],"product_tag":[165,166,164],"class_list":{"0":"post-511","1":"product","2":"type-product","3":"status-publish","4":"has-post-thumbnail","6":"product_cat-red-light-therapy","7":"product_cat-customize","8":"product_cat-led-face-light-therapy","9":"product_cat-services","10":"product_tag-cosmetic-skincare-drawer-paper-boxes","11":"product_tag-custom-perfume-boxes-factory","12":"product_tag-custom-perfume-paper-boxes","14":"first","15":"instock","16":"shipping-taxable","17":"product-type-simple","18":"entry","19":"content-bg","20":"loop-entry"},"_links":{"self":[{"href":"https:\/\/red-lighttherapy.com\/pt_pt\/wp-json\/wp\/v2\/product\/511","targetHints":{"allow":["GET"]}}],"collection":[{"href":"https:\/\/red-lighttherapy.com\/pt_pt\/wp-json\/wp\/v2\/product"}],"about":[{"href":"https:\/\/red-lighttherapy.com\/pt_pt\/wp-json\/wp\/v2\/types\/product"}],"wp:featuredmedia":[{"embeddable":true,"href":"https:\/\/red-lighttherapy.com\/pt_pt\/wp-json\/wp\/v2\/media\/512"}],"wp:attachment":[{"href":"https:\/\/red-lighttherapy.com\/pt_pt\/wp-json\/wp\/v2\/media?parent=511"}],"wp:term":[{"taxonomy":"product_brand","embeddable":true,"href":"https:\/\/red-lighttherapy.com\/pt_pt\/wp-json\/wp\/v2\/product_brand?post=511"},{"taxonomy":"product_cat","embeddable":true,"href":"https:\/\/red-lighttherapy.com\/pt_pt\/wp-json\/wp\/v2\/product_cat?post=511"},{"taxonomy":"product_tag","embeddable":true,"href":"https:\/\/red-lighttherapy.com\/pt_pt\/wp-json\/wp\/v2\/product_tag?post=511"}],"curies":[{"name":"wp","href":"https:\/\/api.w.org\/{rel}","templated":true}]}}