{"id":505,"date":"2025-04-12T05:11:26","date_gmt":"2025-04-12T05:11:26","guid":{"rendered":"https:\/\/red-lighttherapy.com\/?post_type=product&#038;p=505"},"modified":"2025-04-12T05:37:34","modified_gmt":"2025-04-12T05:37:34","slug":"custom-home-wireless-cam-security-camera-packaging-boxes","status":"publish","type":"product","link":"https:\/\/red-lighttherapy.com\/pt_pt\/custom-home-wireless-cam-security-camera-packaging-boxes\/","title":{"rendered":"Caixas de embalagem personalizadas para c\u00e2maras de seguran\u00e7a sem fios para casa"},"content":{"rendered":"<h2 id=\"-customized-home-wireless-camera-packaging-box-product-description-\"><strong>Caixa de embalagem da c\u00e2mara de seguran\u00e7a sem fios personalizada para casa Descri\u00e7\u00e3o do produto<\/strong><\/h2>\n<h2 id=\"-design-concept-and-appearance-\"><strong>1. Conceito e aspeto do projeto<\/strong><\/h2>\n<ul>\n<li><strong>\u00a0 Design est\u00e9tico simples<\/strong>\u00a0A caixa de embalagem adopta o branco puro como cor principal, com linhas de contorno pretas mate, e cria um estilo minimalista moderno atrav\u00e9s da segmenta\u00e7\u00e3o geom\u00e9trica e da sobreposi\u00e7\u00e3o de camadas, real\u00e7ando visualmente a sensa\u00e7\u00e3o de tecnologia e a textura de alta qualidade. A superf\u00edcie da caixa pode ser opcionalmente equipada com tecnologia de impress\u00e3o UV para melhorar o sentido tridimensional e o brilho das linhas pretas, o que reflecte os atributos inteligentes do produto c\u00e2mara.<\/li>\n<li><strong>Estrutura magn\u00e9tica de abertura e fecho<\/strong>\u00a0O design inovador da tampa da caixa magn\u00e9tica permite a \"abertura com um toque\" atrav\u00e9s do \u00edman de alta resist\u00eancia incorporado. \u00c9 f\u00e1cil de abrir e fechar e tem uma excelente veda\u00e7\u00e3o. Pode ser repetidamente aberta e fechada mais de 5.000 vezes sem perda ap\u00f3s o teste. O corpo da caixa fica bem fechado quando fechada, combinando prote\u00e7\u00e3o e ritual; depois de aberta, pode ser utilizada como caixa de arruma\u00e7\u00e3o dom\u00e9stica para guardar acess\u00f3rios digitais ou presentes de Natal e aumentar o valor da reutiliza\u00e7\u00e3o da embalagem.<\/li>\n<\/ul>\n<h2 id=\"-inner-lining-and-unboxing-experience-\"><strong>2. Forro interior e experi\u00eancia de desembalagem<\/strong><\/h2>\n<ul>\n<li><strong>Configura\u00e7\u00e3o imersiva do revestimento interior<\/strong>\u00a0A camada interior \u00e9 preenchida com r\u00e1fia natural, com cordas de luz LED quente ajust\u00e1veis (com suporte de carregamento USB), e a luz e a sombra entrela\u00e7am-se no momento da desembalagem, criando uma atmosfera acolhedora. O corpo da c\u00e2mara \u00e9 fixado por uma ranhura de esponja EVA personalizada e a \u00e1rea dos acess\u00f3rios est\u00e1 equipada com uma ranhura para cart\u00f5es independente para garantir a seguran\u00e7a do transporte e, ao mesmo tempo, aumentar a sensa\u00e7\u00e3o de ritual do utilizador ao abrir a caixa atrav\u00e9s dos detalhes duplos do tato e da vis\u00e3o, o que satisfaz as necessidades do marketing emocional.<\/li>\n<\/ul>\n<h2 id=\"-customized-service-and-function-expansion-\"><strong>3. Servi\u00e7o personalizado e expans\u00e3o de fun\u00e7\u00f5es<\/strong><\/h2>\n<ul>\n<li><strong>Tipo e tamanho da caixa<\/strong>: Fornece uma variedade de tipos de caixas, tais como tampas superiores e inferiores, caixas em forma de livro, caixas de gavetas, etc., suporta a personaliza\u00e7\u00e3o do tamanho e \u00e9 adequada para diferentes modelos de c\u00e2maras sem fios.<\/li>\n<li><strong>Material e artesanato<\/strong>: Op\u00e7\u00e3o de cart\u00e3o branco de 300-400g, papel ondulado ecol\u00f3gico ou papel art\u00edstico, a superf\u00edcie pode ser coberta com pel\u00edcula mate, pel\u00edcula brilhante, estampagem a quente\/prata e outros processos, e suporta grava\u00e7\u00e3o em relevo, verniz local e outros efeitos.<\/li>\n<li><strong>Co-branding de marcas e cenas festivas<\/strong>: Pode integrar ilustra\u00e7\u00f5es de temas festivos, desenhos em relevo do log\u00f3tipo da marca ou combin\u00e1-los com elementos de oferta, como fitas e cart\u00f5es de felicita\u00e7\u00f5es com carimbo dourado, para criar embalagens exclusivas com a mesma marca.<\/li>\n<\/ul>\n<h2 id=\"-manufacturing-strength-and-service-guarantee-\"><strong>4. For\u00e7a de fabrico e garantia de servi\u00e7o<\/strong><\/h2>\n<ul>\n<li><strong>16 anos de servi\u00e7o \u00fanico a partir da f\u00e1brica de origem<\/strong>\u00a0Com base em 16 anos de experi\u00eancia profissional no fabrico de embalagens na regi\u00e3o do Delta do Rio das P\u00e9rolas, fornecemos servi\u00e7os de processo completo, desde a conce\u00e7\u00e3o, revis\u00e3o at\u00e9 \u00e0 produ\u00e7\u00e3o em massa, conclu\u00edmos o primeiro projeto de proposta no prazo de 48 horas e fornecemos amostras f\u00edsicas no prazo de 72 horas. A f\u00e1brica passou a certifica\u00e7\u00e3o ambiental FSC e o sistema de gest\u00e3o de qualidade ISO para garantir que o material \u00e9 seguro e degrad\u00e1vel e cumpre as normas de exporta\u00e7\u00e3o globais.<\/li>\n<\/ul>\n<p><strong>Cen\u00e1rios aplic\u00e1veis<\/strong>: presentes de Natal, co-branding de marcas, lan\u00e7amentos de novos produtos, personaliza\u00e7\u00e3o de clientes de alto n\u00edvel, etc.\u00a0<strong>Principais vantagens<\/strong>: design simples e pr\u00e1tico, experi\u00eancia de abertura e fecho melhorada, forte sentido de ritual do revestimento, personaliza\u00e7\u00e3o altamente flex\u00edvel e resposta eficiente da f\u00e1brica de origem.<\/p>\n<p>Atrav\u00e9s desta embalagem, n\u00e3o s\u00f3 \u00e9 fornecida prote\u00e7\u00e3o profissional ao produto, como tamb\u00e9m o design emocional transmite o calor da marca, ajudando a aumentar o pr\u00e9mio do produto e a fidelidade do utilizador.<\/p>","protected":false},"excerpt":{"rendered":"<p>A caixa com fecho magn\u00e9tico \u00e9 maioritariamente branca com linhas de contorno pretas. O design \u00e9 simples e cheio de hierarquia visual. \u00c9 adequada como prenda de Natal ou embalagem de marca conjunta. O tipo de caixa, tamanho, cor, material e efeito de impress\u00e3o de superf\u00edcie podem ser altamente personalizados de acordo com as suas necessidades para se adequarem \u00e0 embalagem da sua c\u00e2mara sem fios.<\/p>","protected":false},"featured_media":506,"template":"","meta":{"_kad_post_transparent":"default","_kad_post_title":"","_kad_post_layout":"default","_kad_post_sidebar_id":"","_kad_post_content_style":"default","_kad_post_vertical_padding":"default","_kad_post_feature":"","_kad_post_feature_position":"","_kad_post_header":false,"_kad_post_footer":false,"_kad_post_classname":""},"product_brand":[],"product_cat":[15,17],"product_tag":[161,163,162],"class_list":{"0":"post-505","1":"product","2":"type-product","3":"status-publish","4":"has-post-thumbnail","6":"product_cat-red-light-therapy","7":"product_cat-services","8":"product_tag-custom-camera-boxes","9":"product_tag-home-camera-packaging-boxes","10":"product_tag-wireless-cam-packaging-boxes","12":"first","13":"instock","14":"shipping-taxable","15":"product-type-simple","16":"entry","17":"content-bg","18":"loop-entry"},"_links":{"self":[{"href":"https:\/\/red-lighttherapy.com\/pt_pt\/wp-json\/wp\/v2\/product\/505","targetHints":{"allow":["GET"]}}],"collection":[{"href":"https:\/\/red-lighttherapy.com\/pt_pt\/wp-json\/wp\/v2\/product"}],"about":[{"href":"https:\/\/red-lighttherapy.com\/pt_pt\/wp-json\/wp\/v2\/types\/product"}],"wp:featuredmedia":[{"embeddable":true,"href":"https:\/\/red-lighttherapy.com\/pt_pt\/wp-json\/wp\/v2\/media\/506"}],"wp:attachment":[{"href":"https:\/\/red-lighttherapy.com\/pt_pt\/wp-json\/wp\/v2\/media?parent=505"}],"wp:term":[{"taxonomy":"product_brand","embeddable":true,"href":"https:\/\/red-lighttherapy.com\/pt_pt\/wp-json\/wp\/v2\/product_brand?post=505"},{"taxonomy":"product_cat","embeddable":true,"href":"https:\/\/red-lighttherapy.com\/pt_pt\/wp-json\/wp\/v2\/product_cat?post=505"},{"taxonomy":"product_tag","embeddable":true,"href":"https:\/\/red-lighttherapy.com\/pt_pt\/wp-json\/wp\/v2\/product_tag?post=505"}],"curies":[{"name":"wp","href":"https:\/\/api.w.org\/{rel}","templated":true}]}}