{"id":498,"date":"2025-04-12T03:55:30","date_gmt":"2025-04-12T03:55:30","guid":{"rendered":"https:\/\/red-lighttherapy.com\/?post_type=product&#038;p=498"},"modified":"2025-04-12T05:11:12","modified_gmt":"2025-04-12T05:11:12","slug":"custom-creative-nuts-chocolate-packaging-rigid-boxes-factory","status":"publish","type":"product","link":"https:\/\/red-lighttherapy.com\/pt_pt\/custom-creative-nuts-chocolate-packaging-rigid-boxes-factory\/","title":{"rendered":"F\u00e1brica de caixas r\u00edgidas de embalagem de chocolate com nozes criativas personalizadas"},"content":{"rendered":"<h2 id=\"-customized-creative-nut-chocolate-magnetic-gift-box-product-description-\"><strong>Caixa de presente magn\u00e9tica de chocolate com nozes personalizada e criativa descri\u00e7\u00e3o do produto<\/strong><\/h2>\n<h2 id=\"-1-soothing-color-design-conveying-emotional-value-\"><strong>1. Design de cores suaves, transmitindo valor emocional<\/strong><\/h2>\n<ul>\n<li><strong>Cor principal<\/strong>: Combina\u00e7\u00e3o de cores gradientes azul-marinho e azul-celeste, reduzindo a ansiedade atrav\u00e9s da suaviza\u00e7\u00e3o visual das cores frias.<\/li>\n<li><strong>Aplica\u00e7\u00e3o da psicologia da cor<\/strong>: O azul simboliza a tranquilidade e a confian\u00e7a, enquadra-se no cen\u00e1rio das prendas de Natal e aumenta a resson\u00e2ncia emocional dos consumidores.<\/li>\n<li><strong>Tecnologia de superf\u00edcie<\/strong>: A caixa de oferta \u00e9 coberta por uma pel\u00edcula mate ou brilhante, resistente ao desgaste, aos riscos e ao desbotamento, e pode manter o seu brilho com uma limpeza di\u00e1ria.<\/li>\n<\/ul>\n<h2 id=\"-2-food-grade-safety-lining-double-protection-guarantee-\"><strong>2. Revestimento de seguran\u00e7a de qualidade alimentar, dupla garantia de prote\u00e7\u00e3o<\/strong><\/h2>\n<ul>\n<li><strong>Material do forro<\/strong>: Pel\u00edcula opcional de grau alimentar PE (polietileno), PP (polipropileno) ou PET (poli\u00e9ster), em conformidade com as normas de seguran\u00e7a alimentar GB4806.9-2016, contacto direto com os alimentos sem risco de migra\u00e7\u00e3o.<\/li>\n<li><strong>Adapta\u00e7\u00e3o funcional<\/strong>:<\/li>\n<li><strong>Forro em EVA<\/strong>Amortecimento de alto rebote, adequado para chocolate fr\u00e1gil;<\/li>\n<li><strong>Algod\u00e3o p\u00e9rola<\/strong>: leve e resistente ao choque, adequado para porcas para evitar a extrus\u00e3o;<\/li>\n<li><strong>Bandeja de blister<\/strong>: transparente e vis\u00edvel, melhorando a apresenta\u00e7\u00e3o do produto;<\/li>\n<li><strong>R\u00e1fia\/flanela<\/strong>: respeitador do ambiente e natural, em conformidade com o posicionamento dos presentes topo de gama.<\/li>\n<\/ul>\n<h2 id=\"-3-highly-flexible-customization-to-meet-diverse-needs-\"><strong>3. Personaliza\u00e7\u00e3o altamente flex\u00edvel para atender a diversas necessidades<\/strong><\/h2>\n<ul>\n<li><strong>Sele\u00e7\u00e3o do tipo de caixa<\/strong>Est\u00e3o dispon\u00edveis os seguintes estilos: quadrado, octogonal, suc\u00e7\u00e3o magn\u00e9tica flip-top e outros, e s\u00e3o suportados entalhes com formas especiais (como relevo e cavidade) para melhorar o aspeto visual.<\/li>\n<li><strong>Personaliza\u00e7\u00e3o de materiais<\/strong>:<\/li>\n<li><strong>Caixa met\u00e1lica<\/strong>: material de folha de Flandres (espessura 0,19-0,35 mm), impress\u00e3o de dupla face e revestimento anti-oxida\u00e7\u00e3o;<\/li>\n<li><strong>Cart\u00e3o r\u00edgido<\/strong>: A superf\u00edcie \u00e9 coberta com uma pel\u00edcula ecol\u00f3gica, adequada para necessidades ligeiras.<\/li>\n<li><strong>Adapta\u00e7\u00e3o do tamanho<\/strong>: suporta o ajuste personalizado do comprimento 50-300mm e da altura 20-100mm, correspondendo exatamente \u00e0s especifica\u00e7\u00f5es do produto.<\/li>\n<\/ul>\n<h2 id=\"-4-printing-and-process-innovation-to-enhance-brand-recognition-\"><strong>4. Impress\u00e3o e inova\u00e7\u00e3o de processos para aumentar o reconhecimento da marca<\/strong><\/h2>\n<ul>\n<li><strong>Tecnologia de impress\u00e3o<\/strong>: Utiliza impress\u00e3o offset ou impress\u00e3o a quatro cores (CMYK), suporta cores diretas, laser, estampagem a quente e outros efeitos, e a precis\u00e3o do padr\u00e3o atinge 300 dpi.<\/li>\n<li><strong>Processo especial<\/strong>:<\/li>\n<li>Grelha 3D, grava\u00e7\u00e3o em relevo, janela dourada e prateada;<\/li>\n<li>Pode ser adicionada \u00e0 superf\u00edcie tinta luminosa, revestimento perolado ou pel\u00edcula mate amiga do ambiente.<\/li>\n<li><strong>Impress\u00e3o de fundo<\/strong>: Suporte de c\u00f3digo de barras, hist\u00f3ria da marca ou instru\u00e7\u00f5es nutricionais para melhorar a transmiss\u00e3o de informa\u00e7\u00f5es.<\/li>\n<\/ul>\n<h2 id=\"-5-supply-chain-and-quality-control-advantages-\"><strong>5. Vantagens da cadeia de abastecimento e do controlo de qualidade<\/strong><\/h2>\n<ul>\n<li><strong>Normas de produ\u00e7\u00e3o<\/strong>: Linha de produ\u00e7\u00e3o totalmente autom\u00e1tica combinada com embalagem de oficina sem p\u00f3, certifica\u00e7\u00e3o SGS e Intertek para garantir a seguran\u00e7a alimentar.<\/li>\n<li><strong>Compromisso de prote\u00e7\u00e3o ambiental<\/strong>: Utilizar sacos de pl\u00e1stico OPP degrad\u00e1veis e caixas de cart\u00e3o canelado duplo para reduzir a pegada de carbono.<\/li>\n<li><strong>Apoio ao servi\u00e7o<\/strong>: Fornecer prova de modela\u00e7\u00e3o 3D, desenvolvimento de moldes e acompanhamento log\u00edstico completo, com uma quantidade m\u00ednima de encomenda de 300 pe\u00e7as e apoiar a personaliza\u00e7\u00e3o do LOGO.<\/li>\n<\/ul>\n<p><strong>Cen\u00e1rios de aplica\u00e7\u00e3o<\/strong>: presentes de Natal, doces de casamento, presentes de neg\u00f3cios, snacks para crian\u00e7as, etc., ajudando as marcas a melhorar o seu espa\u00e7o premium e a sua competitividade no mercado.<\/p>","protected":false},"excerpt":{"rendered":"<p>Personalizado profissionalmente\u00a0<strong>Caixa de oferta de chocolate com noz com fecho magn\u00e9tico<\/strong>O processo de lamina\u00e7\u00e3o da superf\u00edcie garante a resist\u00eancia ao desgaste e ao desvanecimento.<\/p>","protected":false},"featured_media":499,"template":"","meta":{"_kad_post_transparent":"default","_kad_post_title":"","_kad_post_layout":"default","_kad_post_sidebar_id":"","_kad_post_content_style":"default","_kad_post_vertical_padding":"default","_kad_post_feature":"","_kad_post_feature_position":"","_kad_post_header":false,"_kad_post_footer":false,"_kad_post_classname":""},"product_brand":[],"product_cat":[15,17],"product_tag":[159,160,158],"class_list":{"0":"post-498","1":"product","2":"type-product","3":"status-publish","4":"has-post-thumbnail","6":"product_cat-red-light-therapy","7":"product_cat-services","8":"product_tag-chocolate-packaging-rigid-boxes","9":"product_tag-custom-food-rigid-boxes-factory","10":"product_tag-custom-nuts-packaging","12":"first","13":"instock","14":"shipping-taxable","15":"product-type-simple","16":"entry","17":"content-bg","18":"loop-entry"},"_links":{"self":[{"href":"https:\/\/red-lighttherapy.com\/pt_pt\/wp-json\/wp\/v2\/product\/498","targetHints":{"allow":["GET"]}}],"collection":[{"href":"https:\/\/red-lighttherapy.com\/pt_pt\/wp-json\/wp\/v2\/product"}],"about":[{"href":"https:\/\/red-lighttherapy.com\/pt_pt\/wp-json\/wp\/v2\/types\/product"}],"wp:featuredmedia":[{"embeddable":true,"href":"https:\/\/red-lighttherapy.com\/pt_pt\/wp-json\/wp\/v2\/media\/499"}],"wp:attachment":[{"href":"https:\/\/red-lighttherapy.com\/pt_pt\/wp-json\/wp\/v2\/media?parent=498"}],"wp:term":[{"taxonomy":"product_brand","embeddable":true,"href":"https:\/\/red-lighttherapy.com\/pt_pt\/wp-json\/wp\/v2\/product_brand?post=498"},{"taxonomy":"product_cat","embeddable":true,"href":"https:\/\/red-lighttherapy.com\/pt_pt\/wp-json\/wp\/v2\/product_cat?post=498"},{"taxonomy":"product_tag","embeddable":true,"href":"https:\/\/red-lighttherapy.com\/pt_pt\/wp-json\/wp\/v2\/product_tag?post=498"}],"curies":[{"name":"wp","href":"https:\/\/api.w.org\/{rel}","templated":true}]}}