{"id":492,"date":"2025-04-12T03:29:01","date_gmt":"2025-04-12T03:29:01","guid":{"rendered":"https:\/\/red-lighttherapy.com\/?post_type=product&#038;p=492"},"modified":"2025-04-12T03:55:15","modified_gmt":"2025-04-12T03:55:15","slug":"foldable-magnetic-cap-baseball-hat-gift-box-packaging-vendor","status":"publish","type":"product","link":"https:\/\/red-lighttherapy.com\/pt_pt\/foldable-magnetic-cap-baseball-hat-gift-box-packaging-vendor\/","title":{"rendered":"Bon\u00e9 magn\u00e9tico dobr\u00e1vel Chap\u00e9u de basebol Caixa de oferta Embalagem Vendedor"},"content":{"rendered":"<h2 id=\"-product-description-of-foldable-magnetic-baseball-cap-gift-box-\"><strong>Descri\u00e7\u00e3o do produto de Caixa de oferta de bon\u00e9 de basebol magn\u00e9tico dobr\u00e1vel<\/strong><\/h2>\n<h2 id=\"-1-simple-appearance-high-end-texture-\"><strong>1. Aspeto simples, textura de alta qualidade<\/strong><\/h2>\n<p>Esta caixa dobr\u00e1vel com fecho magn\u00e9tico para presentes adopta a cor principal preta cl\u00e1ssica, com uma superf\u00edcie de textura mate. O aspeto \u00e9 simples e elegante, mostrando o tom contido e sofisticado da marca. O corpo da caixa tem linhas simples e um design de tampa magn\u00e9tica. \u00c9 f\u00e1cil de abrir e fechar e \u00e9 est\u00e1vel. Quando fechada, fica bem fechada, garantindo a seguran\u00e7a do produto durante o transporte e a armazenagem.<\/p>\n<h2 id=\"-3-flexible-adaptation-exclusive-customization-\"><strong>2. Adapta\u00e7\u00e3o flex\u00edvel, personaliza\u00e7\u00e3o exclusiva<\/strong><\/h2>\n<p>O tipo de caixa \u00e9 adequado para uma variedade de categorias de vestu\u00e1rio, tais como bon\u00e9s de basebol, t-shirts, cachec\u00f3is, etc., e suporta a personaliza\u00e7\u00e3o da embalagem interna e externa:<\/p>\n<ul>\n<li><strong>Personaliza\u00e7\u00e3o da impress\u00e3o<\/strong>: O LOGOTIPO da marca, o padr\u00e3o ou o texto podem ser impressos, e a impress\u00e3o offset de alta precis\u00e3o, a estampagem a quente e outros processos s\u00e3o utilizados para melhorar o reconhecimento do produto;<\/li>\n<li><strong>Personaliza\u00e7\u00e3o do tamanho<\/strong>: Fornece uma variedade de especifica\u00e7\u00f5es para personaliza\u00e7\u00e3o e suporta o ajuste a pedido do di\u00e2metro interior e da altura da caixa, correspondendo perfeitamente a diferentes tamanhos de vestu\u00e1rio;<\/li>\n<li><strong>Personaliza\u00e7\u00e3o do forro interior<\/strong>: Os revestimentos opcionais em flocagem, esponja, EVA e outros materiais proporcionam uma prote\u00e7\u00e3o de amortecimento ou fun\u00e7\u00f5es de armazenamento de divis\u00f3rias para satisfazer as necessidades de fixa\u00e7\u00e3o do vestu\u00e1rio, preven\u00e7\u00e3o de rugas e preven\u00e7\u00e3o de poeiras.<\/li>\n<\/ul>\n<h2 id=\"-4-ingenious-craftsmanship-quality-assurance-\"><strong>3. Artesanato engenhoso, garantia de qualidade<\/strong><\/h2>\n<p>Com base em 16 anos de experi\u00eancia na ind\u00fastria de impress\u00e3o e embalagem, constru\u00edmos um sistema de cadeia de fornecimento maduro, controlando rigorosamente desde as mat\u00e9rias-primas at\u00e9 aos produtos acabados:<\/p>\n<ul>\n<li><strong>Sele\u00e7\u00e3o de materiais<\/strong>: Utilizando cart\u00e3o cinzento de alta qualidade de 1200g e papel de alta gramagem de 250gsm, a caixa \u00e9 robusta e dur\u00e1vel, com um excelente desempenho de suporte de carga;<\/li>\n<li><strong>Tecnologia magn\u00e9tica<\/strong>: \u00cdmanes incorporados de alto desempenho, for\u00e7a de adsor\u00e7\u00e3o est\u00e1vel, abertura e fecho repetidos sem atenua\u00e7\u00e3o, garantindo facilidade de utiliza\u00e7\u00e3o e durabilidade;<\/li>\n<li><strong>Produ\u00e7\u00e3o amiga do ambiente<\/strong>: Certifica\u00e7\u00e3o ISO, utilizando tinta n\u00e3o poluente e materiais recicl\u00e1veis, em conformidade com as normas ambientais de exporta\u00e7\u00e3o transfronteiri\u00e7as.<\/li>\n<\/ul>\n<h2 id=\"-5-one-stop-service-efficient-delivery-\"><strong>4. Servi\u00e7o de balc\u00e3o \u00fanico, entrega eficiente<\/strong><\/h2>\n<p>Prestamos servi\u00e7os de processo completo, desde a conce\u00e7\u00e3o at\u00e9 \u00e0 produ\u00e7\u00e3o em massa:<\/p>\n<ul>\n<li><strong>Prova r\u00e1pida<\/strong>: Fornecer amostras no prazo de 3 a 5 dias, apoiar v\u00e1rios ajustes at\u00e9 \u00e0 satisfa\u00e7\u00e3o;<\/li>\n<li><strong>Produ\u00e7\u00e3o em massa<\/strong>: A capacidade de produ\u00e7\u00e3o di\u00e1ria atinge 10.000.000 de pe\u00e7as, suporta a entrega de uma pe\u00e7a e a adapta\u00e7\u00e3o log\u00edstica multiplataforma;<\/li>\n<li><strong>P\u00f3s-venda sem preocupa\u00e7\u00f5es<\/strong>: Fornecer uma resposta de servi\u00e7o ao cliente 24 horas por dia e servi\u00e7os de rastreabilidade de qualidade para garantir uma entrega exacta em todas as fases.<\/li>\n<\/ul>\n<h2 id=\"-applicable-scenarios-\"><strong>Cen\u00e1rios aplic\u00e1veis<\/strong><\/h2>\n<ul>\n<li><strong>Retalho de marca<\/strong>: Melhorar o n\u00edvel de exposi\u00e7\u00e3o do produto, adequado para lojas de experi\u00eancia offline, lojas pop-up e embalagens de presentes topo de gama para com\u00e9rcio eletr\u00f3nico;<\/li>\n<li><strong>Com\u00e9rcio transfronteiri\u00e7o<\/strong>: Otimizar os custos log\u00edsticos atrav\u00e9s de um transporte plano e adaptar-se \u00e0s vendas em plataformas como a Amazon e esta\u00e7\u00f5es independentes;<\/li>\n<li><strong>Personaliza\u00e7\u00e3o da empresa<\/strong>: Pode ser utilizado como brindes promocionais, benef\u00edcios para os empregados ou embalagens exclusivas para coopera\u00e7\u00e3o conjunta para melhorar a imagem da marca.<\/li>\n<\/ul>\n<p>Escolher-nos significa escolher a dupla garantia de qualidade e inova\u00e7\u00e3o. 16 anos de experi\u00eancia artesanal, apenas para criar solu\u00e7\u00f5es de embalagem que complementam os seus produtos de vestu\u00e1rio.<\/p>","protected":false},"excerpt":{"rendered":"<p>Esta caixa dobr\u00e1vel com fecho magn\u00e9tico para presentes adopta um design cl\u00e1ssico em preto mate, com um aspeto simples e avan\u00e7ado, que satisfaz perfeitamente os requisitos de textura de luxo discreta da marca. Ao mesmo tempo, a estrutura de fecho com aba magn\u00e9tica incorporada \u00e9 f\u00e1cil de abrir e fechar, est\u00e1vel e duradoura. Adequado para bon\u00e9s de basebol, t-shirts e outras categorias de vestu\u00e1rio.<\/p>","protected":false},"featured_media":493,"template":"","meta":{"_kad_post_transparent":"default","_kad_post_title":"","_kad_post_layout":"default","_kad_post_sidebar_id":"","_kad_post_content_style":"default","_kad_post_vertical_padding":"default","_kad_post_feature":"","_kad_post_feature_position":"","_kad_post_header":false,"_kad_post_footer":false,"_kad_post_classname":""},"product_brand":[],"product_cat":[15,30,22,17],"product_tag":[156,155,157],"class_list":{"0":"post-492","1":"product","2":"type-product","3":"status-publish","4":"has-post-thumbnail","6":"product_cat-red-light-therapy","7":"product_cat-dropshipping","8":"product_cat-red-light-therapy-blanket","9":"product_cat-services","10":"product_tag-baseball-cap-hat-box","11":"product_tag-baseball-cap-packaging-wholesale","12":"product_tag-custom-baseball-cap-boxes","14":"first","15":"instock","16":"shipping-taxable","17":"product-type-simple","18":"entry","19":"content-bg","20":"loop-entry"},"_links":{"self":[{"href":"https:\/\/red-lighttherapy.com\/pt_pt\/wp-json\/wp\/v2\/product\/492","targetHints":{"allow":["GET"]}}],"collection":[{"href":"https:\/\/red-lighttherapy.com\/pt_pt\/wp-json\/wp\/v2\/product"}],"about":[{"href":"https:\/\/red-lighttherapy.com\/pt_pt\/wp-json\/wp\/v2\/types\/product"}],"wp:featuredmedia":[{"embeddable":true,"href":"https:\/\/red-lighttherapy.com\/pt_pt\/wp-json\/wp\/v2\/media\/493"}],"wp:attachment":[{"href":"https:\/\/red-lighttherapy.com\/pt_pt\/wp-json\/wp\/v2\/media?parent=492"}],"wp:term":[{"taxonomy":"product_brand","embeddable":true,"href":"https:\/\/red-lighttherapy.com\/pt_pt\/wp-json\/wp\/v2\/product_brand?post=492"},{"taxonomy":"product_cat","embeddable":true,"href":"https:\/\/red-lighttherapy.com\/pt_pt\/wp-json\/wp\/v2\/product_cat?post=492"},{"taxonomy":"product_tag","embeddable":true,"href":"https:\/\/red-lighttherapy.com\/pt_pt\/wp-json\/wp\/v2\/product_tag?post=492"}],"curies":[{"name":"wp","href":"https:\/\/api.w.org\/{rel}","templated":true}]}}