{"id":485,"date":"2025-04-12T02:56:28","date_gmt":"2025-04-12T02:56:28","guid":{"rendered":"https:\/\/red-lighttherapy.com\/?post_type=product&#038;p=485"},"modified":"2025-04-12T03:28:31","modified_gmt":"2025-04-12T03:28:31","slug":"wholesale-cheap-paper-tube-packaging-for-tea-coffee-spices","status":"publish","type":"product","link":"https:\/\/red-lighttherapy.com\/pt_pt\/wholesale-cheap-paper-tube-packaging-for-tea-coffee-spices\/","title":{"rendered":"Embalagem de tubo de papel barata por atacado para ch\u00e1, caf\u00e9 e especiarias"},"content":{"rendered":"<h2 id=\"wholesale-cheap-paper-tube-packaging-product-description\">Embalagem de tubo de papel barata por atacado para ch\u00e1, caf\u00e9 e especiarias Descri\u00e7\u00e3o do produto<\/h2>\n<h2 id=\"1-gradient-color-design-full-visual-appeal-\">1.\u00a0<strong>Design de cor gradiente, visualmente atraente<\/strong><\/h2>\n<p>Esta embalagem em tubo de papel adopta um design de cor principal com um gradiente que vai do preto profundo na parte superior ao laranja vibrante na parte inferior. A transi\u00e7\u00e3o de cores \u00e9 natural e brilhante, em linha com as tend\u00eancias est\u00e9ticas modernas. O efeito visual din\u00e2mico da cor gradiente pode atrair instantaneamente a aten\u00e7\u00e3o dos consumidores, especialmente adequado para cenas de exposi\u00e7\u00e3o em prateleiras, dando a produtos como o ch\u00e1, o caf\u00e9 e as especiarias uma imagem de marca mais jovem e mais moderna.<\/p>\n<h2 id=\"2-gold-geometric-elements-integrating-environmental-protection-and-artistic-sense-\">2.\u00a0<strong>Elementos geom\u00e9tricos dourados, integrando a prote\u00e7\u00e3o ambiental e o sentido art\u00edstico<\/strong><\/h2>\n<p>A parte superior da caixa est\u00e1 decorada com um padr\u00e3o geom\u00e9trico de estrelas douradas, inspirado na combina\u00e7\u00e3o da arte decorativa tradicional e do estilo minimalista moderno. O contraste entre os elementos dourados e a cor gradiente n\u00e3o s\u00f3 real\u00e7a o luxo da embalagem, como tamb\u00e9m transmite a sensa\u00e7\u00e3o de ordem e sustentabilidade do conceito de prote\u00e7\u00e3o ambiental atrav\u00e9s de linhas geom\u00e9tricas, ecoando as propriedades naturais de produtos naturais como o ch\u00e1 e o caf\u00e9. A superf\u00edcie da caixa interior \u00e9 tratada com um processo mate, que \u00e9 suave e n\u00e3o deslumbrante, refor\u00e7ando ainda mais o \"efeito suave\".<\/p>\n<h2 id=\"3-scientific-structural-design-both-practical-and-comfortable-\">3.\u00a0<strong>Conce\u00e7\u00e3o estrutural cient\u00edfica, pr\u00e1tica e confort\u00e1vel<\/strong><\/h2>\n<p>O tubo de papel adopta uma estrutura de rolo plano, e o di\u00e2metro e a altura do corpo principal podem ser personalizados de acordo com as necessidades (intervalo de refer\u00eancia: di\u00e2metro 2-32 mm, altura 2-50 mm). O espessamento do corpo do tubo pode dispersar uniformemente a for\u00e7a externa para evitar a deforma\u00e7\u00e3o da extrus\u00e3o do transporte. O design de abertura e fecho da espiral superior com textura antiderrapante pode ser facilmente aberto com uma m\u00e3o, e a veda\u00e7\u00e3o \u00e9 excelente para garantir que o conte\u00fado \u00e9 \u00e0 prova de humidade e fresco.<\/p>\n<h2 id=\"4-environmentally-friendly-soybean-ink-printing-zero-pollution-degradation-\">4.\u00a0<strong>Impress\u00e3o com tinta de soja amiga do ambiente, sem degrada\u00e7\u00e3o da polui\u00e7\u00e3o<\/strong><\/h2>\n<p>O processo de impress\u00e3o adota toda a tecnologia de tinta de soja, e as mat\u00e9rias-primas s\u00e3o derivadas de recursos vegetais renov\u00e1veis, n\u00e3o cont\u00eam metais pesados e compostos org\u00e2nicos vol\u00e1teis (VOC), e podem ser completamente integradas ao ambiente natural ap\u00f3s a decomposi\u00e7\u00e3o. A diferen\u00e7a de cor de impress\u00e3o \u00e9 estritamente controlada dentro da faixa de \u0394E\u22643, e a tecnologia profissional de gerenciamento de cores \u00e9 usada para garantir que o padr\u00e3o seja claro e n\u00e3o tenha desvio de cor, e o LOGOTIPO e o logotipo da marca tenham alto reconhecimento.<\/p>\n<h2 id=\"5-customized-buffer-lining-food-grade-safety-guarantee-\">5.\u00a0<strong>Revestimento amortecedor personalizado, garantia de seguran\u00e7a de qualidade alimentar<\/strong><\/h2>\n<p>O forro pode ser feito de esponja de qualidade alimentar ou material EVA com densidade ajust\u00e1vel (como o EVA de alta densidade \u00e9 adequado para part\u00edculas fr\u00e1geis de especiarias), que pode efetivamente amortecer a vibra\u00e7\u00e3o durante o transporte e evitar que o conte\u00fado seja danificado. O forro ajusta-se firmemente ao tubo de papel e um orif\u00edcio de ventila\u00e7\u00e3o \u00e9 reservado para a embalagem de ch\u00e1, caf\u00e9 e outros alimentos que precisam de ser mantidos secos.<\/p>\n<h2 id=\"6-diversified-box-type-selection-to-enhance-consumer-experience-\">6.\u00a0<strong>Sele\u00e7\u00e3o diversificada de tipos de caixas para melhorar a experi\u00eancia do consumidor<\/strong><\/h2>\n<p>Suporta a personaliza\u00e7\u00e3o de v\u00e1rios tipos de caixas, tais como tampas superiores e inferiores, caixas flip, caixas de gaveta e caixas com formas especiais para satisfazer as necessidades de diferentes cen\u00e1rios, tais como embalagens para presentes, embalagens port\u00e1teis e embalagens familiares. Por exemplo:<\/p>\n<ul>\n<li><strong>Caixa de gavetas<\/strong>: adequado para embalagens de ch\u00e1 de pequeno volume, puxando suavemente;<\/li>\n<li><strong>Caixa com formato especial<\/strong>: hexagonal personaliz\u00e1vel ou em forma de estrela para aumentar o interesse;<\/li>\n<li><strong>Caixa em forma de livro<\/strong>: adequado para caixas de presente topo de gama, com uma forte sensa\u00e7\u00e3o de ritual ao abrir e fechar.<\/li>\n<\/ul>\n<h2 id=\"7-sustainable-packaging-solutions-\">7.\u00a0<strong>Solu\u00e7\u00f5es de embalagem sustent\u00e1veis<\/strong><\/h2>\n<p>A prote\u00e7\u00e3o ambiental \u00e9 implementada ao longo de todo o processo, desde os materiais aos processos:<\/p>\n<ul>\n<li><strong>Mat\u00e9rias-primas<\/strong>: \u00c9 utilizado papel certificado FSC, com uma taxa de reciclagem de 95%;<\/li>\n<li><strong>Produ\u00e7\u00e3o<\/strong>: A capacidade de produ\u00e7\u00e3o di\u00e1ria atinge 5 milh\u00f5es de pe\u00e7as, com uma quantidade m\u00ednima de encomenda t\u00e3o baixa como 500 pe\u00e7as, e \u00e9 suportada a personaliza\u00e7\u00e3o flex\u00edvel de pequenos lotes;<\/li>\n<li><strong>Transporte<\/strong>: O design leve (apenas 30% de latas de ferro) reduz as emiss\u00f5es de carbono da log\u00edstica.<\/li>\n<\/ul>\n<p><strong>Cen\u00e1rios aplic\u00e1veis<\/strong>: caixas de oferta de ch\u00e1, embalagens para venda a retalho de caf\u00e9 em gr\u00e3o, caixas para frascos de especiarias, latas de alimentos saud\u00e1veis, etc.\u00a0<strong>Vantagens da coopera\u00e7\u00e3o<\/strong>: Personaliza\u00e7\u00e3o de amostras gr\u00e1tis (entrega no prazo de 5-7 dias), suporte de estampagem a quente\/UV\/embossing e outras combina\u00e7\u00f5es de multi-processos, e f\u00e1bricas pr\u00f3prias para garantir a competitividade de pre\u00e7os.<\/p>","protected":false},"excerpt":{"rendered":"<p>Esta embalagem de tubo de papel por atacado foi concebida para ch\u00e1, caf\u00e9 e especiarias. Adopta um esquema de cores vivas, do preto na parte superior ao laranja na parte inferior, e \u00e9 combinada com um relevo geom\u00e9trico em forma de estrela dourada na parte superior da caixa, transmitindo o conceito de prote\u00e7\u00e3o ambiental com um impacto visual. O tubo adopta uma estrutura laminada plana e espessada, que pode dispersar uniformemente as for\u00e7as externas e \u00e9 confort\u00e1vel de segurar.<\/p>","protected":false},"featured_media":486,"template":"","meta":{"_kad_post_transparent":"default","_kad_post_title":"","_kad_post_layout":"default","_kad_post_sidebar_id":"","_kad_post_content_style":"default","_kad_post_vertical_padding":"default","_kad_post_feature":"","_kad_post_feature_position":"","_kad_post_header":false,"_kad_post_footer":false,"_kad_post_classname":""},"product_brand":[],"product_cat":[15,17],"product_tag":[153,152,154],"class_list":{"0":"post-485","1":"product","2":"type-product","3":"status-publish","4":"has-post-thumbnail","6":"product_cat-red-light-therapy","7":"product_cat-services","8":"product_tag-cocoa-powder-paper-tube","9":"product_tag-tea-coffee-paper-tube","10":"product_tag-wholesale-paper-tube-spices-food","12":"first","13":"instock","14":"shipping-taxable","15":"product-type-simple","16":"entry","17":"content-bg","18":"loop-entry"},"_links":{"self":[{"href":"https:\/\/red-lighttherapy.com\/pt_pt\/wp-json\/wp\/v2\/product\/485","targetHints":{"allow":["GET"]}}],"collection":[{"href":"https:\/\/red-lighttherapy.com\/pt_pt\/wp-json\/wp\/v2\/product"}],"about":[{"href":"https:\/\/red-lighttherapy.com\/pt_pt\/wp-json\/wp\/v2\/types\/product"}],"wp:featuredmedia":[{"embeddable":true,"href":"https:\/\/red-lighttherapy.com\/pt_pt\/wp-json\/wp\/v2\/media\/486"}],"wp:attachment":[{"href":"https:\/\/red-lighttherapy.com\/pt_pt\/wp-json\/wp\/v2\/media?parent=485"}],"wp:term":[{"taxonomy":"product_brand","embeddable":true,"href":"https:\/\/red-lighttherapy.com\/pt_pt\/wp-json\/wp\/v2\/product_brand?post=485"},{"taxonomy":"product_cat","embeddable":true,"href":"https:\/\/red-lighttherapy.com\/pt_pt\/wp-json\/wp\/v2\/product_cat?post=485"},{"taxonomy":"product_tag","embeddable":true,"href":"https:\/\/red-lighttherapy.com\/pt_pt\/wp-json\/wp\/v2\/product_tag?post=485"}],"curies":[{"name":"wp","href":"https:\/\/api.w.org\/{rel}","templated":true}]}}