{"id":479,"date":"2025-04-12T02:37:40","date_gmt":"2025-04-12T02:37:40","guid":{"rendered":"https:\/\/red-lighttherapy.com\/?post_type=product&#038;p=479"},"modified":"2025-04-12T02:56:13","modified_gmt":"2025-04-12T02:56:13","slug":"custom-consumer-electronics-product-packaging-boxes-company","status":"publish","type":"product","link":"https:\/\/red-lighttherapy.com\/pt_pt\/custom-consumer-electronics-product-packaging-boxes-company\/","title":{"rendered":"Empresa de caixas de embalagem de produtos electr\u00f3nicos de consumo personalizados"},"content":{"rendered":"<h2 id=\"-customized-consumer-electronics-product-packaging-box-product-description-\"><strong>Caixa de embalagem personalizada para produtos electr\u00f3nicos de consumo Descri\u00e7\u00e3o do produto<\/strong><\/h2>\n<p>Seguindo o conceito de design de \"est\u00e9tica simples e praticidade funcional\", fornecemos solu\u00e7\u00f5es de embalagem personalizadas de alta qualidade para marcas de eletr\u00f3nica de consumo, com o preto como tom principal, integrando o artesanato cl\u00e1ssico e a estrutura inovadora para criar uma experi\u00eancia de embalagem exclusiva com impacto visual e prote\u00e7\u00e3o pr\u00e1tica.<\/p>\n<h2 id=\"1-minimalist-aesthetics-luxury-hot-stamping-technology-\">1.\u00a0<strong>Est\u00e9tica minimalista Tecnologia de folha de impress\u00e3o a quente dourada de luxo<\/strong><\/h2>\n<p>O corpo da caixa adopta uma base preta mate, com tecnologia de estampagem a quente personalizada (como o LOGOTIPO da marca, textura ou linhas), e cria um efeito visual discreto e luxuoso atrav\u00e9s do contraste entre o brilho met\u00e1lico e o preto profundo. O processo de estampagem a quente utiliza materiais de folha met\u00e1lica amigos do ambiente para garantir que o padr\u00e3o \u00e9 fixado com precis\u00e3o e \u00e9 resistente ao desgaste e aos riscos, o que melhora o reconhecimento da marca e a qualidade do produto.<\/p>\n<h2 id=\"2-one-handed-opening-and-closing-ritual-pull-out-structure-\">2.\u00a0<strong>Estrutura ritual de abertura e fecho com uma s\u00f3 m\u00e3o<\/strong><\/h2>\n<p>O design inovador da caixa extra\u00edvel, combinado com o corte de precis\u00e3o e a tecnologia de fivela magn\u00e9tica, permite que os utilizadores abram a caixa sem problemas com apenas uma m\u00e3o, e o processo de desembalagem \u00e9 simultaneamente pr\u00e1tico e cerimonial. O interior do corpo da caixa adopta camadas escalonadas ou ranhuras para cart\u00f5es embutidas para se adaptar \u00e0 forma dos produtos electr\u00f3nicos, evitando a trepida\u00e7\u00e3o e melhorando o efeito de exposi\u00e7\u00e3o.<\/p>\n<h2 id=\"3-high-strength-protection-optimized-coated-paper-material-\">3.\u00a0<strong>Prote\u00e7\u00e3o de alta resist\u00eancia Material de papel revestido optimizado<\/strong><\/h2>\n<p>Papel revestido de alta densidade selecionado acima de 300g, a superf\u00edcie do papel \u00e9 lisa e delicada, com excelente dureza, e a resist\u00eancia \u00e0 compress\u00e3o \u00e9 30% superior \u00e0 do cart\u00e3o normal, resistindo eficazmente \u00e0 colis\u00e3o e \u00e0 extrus\u00e3o durante o transporte. A superf\u00edcie do corpo da caixa \u00e9 coberta por uma camada de pel\u00edcula mate amiga do ambiente, que \u00e9 anti-impress\u00e3o digital e anti-manchas. N\u00e3o \u00e9 f\u00e1cil de oxidar e descolorir ap\u00f3s uma utiliza\u00e7\u00e3o prolongada, mantendo a embalagem nova durante muito tempo.<\/p>\n<h2 id=\"4-deep-customization-flexible-adaptation-needs-\">4.\u00a0<strong>Personaliza\u00e7\u00e3o profunda Necessidades de adapta\u00e7\u00e3o flex\u00edveis<\/strong><\/h2>\n<p>Apoiar servi\u00e7os de personaliza\u00e7\u00e3o de dimens\u00f5es completas:<\/p>\n<ul>\n<li><strong>Tipo de caixa<\/strong>: Para al\u00e9m do tipo extra\u00edvel, pode fornecer estruturas diversificadas, tais como tampas superiores e inferiores, caixas em forma de livro e caixas com formas especiais;<\/li>\n<li><strong>Material<\/strong>: Opcionalmente, cart\u00e3o branco, cart\u00e3o dourado e prateado, papel especial, etc., para satisfazer necessidades especiais como a resist\u00eancia \u00e0 humidade e a anti-est\u00e1tica;<\/li>\n<li><strong>Artesanato<\/strong>: O verniz local UV, a grava\u00e7\u00e3o em relevo, as janelas ocas e outros processos s\u00e3o livremente combinados para melhorar o n\u00edvel visual.<\/li>\n<\/ul>\n<h2 id=\"5-safe-inner-support-precise-fit-protection-\">5.\u00a0<strong>Apoio interior seguro, prote\u00e7\u00e3o de ajuste preciso<\/strong><\/h2>\n<p>O forro interior fornece flocagem EVA, algod\u00e3o p\u00e9rola, bolha e outros materiais, e a cor pode ser personalizada (como preto, cinzento escuro, vermelho vinho). O corte de tamanho 1:1 pode ser conseguido atrav\u00e9s da tecnologia de digitaliza\u00e7\u00e3o 3D, e o produto fixo tem deslocamento zero. Para componentes electr\u00f3nicos de precis\u00e3o, pode ser incorporado um suporte interno anti-est\u00e1tico para evitar danos est\u00e1ticos durante o transporte.<\/p>\n<h2 id=\"-core-advantages-\"><strong>Principais vantagens<\/strong><\/h2>\n<ul>\n<li><strong>Certifica\u00e7\u00e3o de qualidade<\/strong>: Todos os materiais foram aprovados nos testes de prote\u00e7\u00e3o ambiental da SGS e cumprem as normas de embalagem de qualidade alimentar;<\/li>\n<li><strong>Resposta r\u00e1pida<\/strong>: A prototipagem \u00e9 conclu\u00edda em 7-15 dias, e a personaliza\u00e7\u00e3o de pequenos lotes \u00e9 suportada (quantidade m\u00ednima de encomenda 500);<\/li>\n<li><strong>Servi\u00e7o de cadeia completa<\/strong>: Solu\u00e7\u00e3o \u00fanica desde a conce\u00e7\u00e3o, sele\u00e7\u00e3o de materiais at\u00e9 \u00e0 log\u00edstica de produ\u00e7\u00e3o para reduzir os custos de comunica\u00e7\u00e3o com o cliente.<\/li>\n<\/ul>\n<p>Estamos empenhados em fazer da embalagem um portador alargado do valor da marca atrav\u00e9s do polimento final de cada detalhe. Quer se trate de dispositivos port\u00e1teis inteligentes, auscultadores topo de gama ou instrumentos de precis\u00e3o, podem ser concebidas solu\u00e7\u00f5es exclusivas para o ajudar a destacar-se na concorr\u00eancia de produtos.<\/p>","protected":false},"excerpt":{"rendered":"<p>O corpo da caixa utiliza o preto mate profundo como base, com tecnologia de estampagem a quente personalizada (como o log\u00f3tipo da marca ou a textura geom\u00e9trica), atrav\u00e9s da colis\u00e3o do brilho met\u00e1lico e do fundo escuro, apresenta um n\u00edvel visual discreto e luxuoso.<\/p>","protected":false},"featured_media":482,"template":"","meta":{"_kad_post_transparent":"default","_kad_post_title":"","_kad_post_layout":"default","_kad_post_sidebar_id":"","_kad_post_content_style":"default","_kad_post_vertical_padding":"default","_kad_post_feature":"","_kad_post_feature_position":"","_kad_post_header":false,"_kad_post_footer":false,"_kad_post_classname":""},"product_brand":[],"product_cat":[15,20,17],"product_tag":[151,150,149],"class_list":{"0":"post-479","1":"product","2":"type-product","3":"status-publish","4":"has-post-thumbnail","6":"product_cat-red-light-therapy","7":"product_cat-led-face-light-therapy","8":"product_cat-services","9":"product_tag-consumer-electronics-boxes-company","10":"product_tag-consumer-electronics-packaging-boxes","11":"product_tag-custom-consumer-product-packaging","13":"first","14":"instock","15":"shipping-taxable","16":"product-type-simple","17":"entry","18":"content-bg","19":"loop-entry"},"_links":{"self":[{"href":"https:\/\/red-lighttherapy.com\/pt_pt\/wp-json\/wp\/v2\/product\/479","targetHints":{"allow":["GET"]}}],"collection":[{"href":"https:\/\/red-lighttherapy.com\/pt_pt\/wp-json\/wp\/v2\/product"}],"about":[{"href":"https:\/\/red-lighttherapy.com\/pt_pt\/wp-json\/wp\/v2\/types\/product"}],"wp:featuredmedia":[{"embeddable":true,"href":"https:\/\/red-lighttherapy.com\/pt_pt\/wp-json\/wp\/v2\/media\/482"}],"wp:attachment":[{"href":"https:\/\/red-lighttherapy.com\/pt_pt\/wp-json\/wp\/v2\/media?parent=479"}],"wp:term":[{"taxonomy":"product_brand","embeddable":true,"href":"https:\/\/red-lighttherapy.com\/pt_pt\/wp-json\/wp\/v2\/product_brand?post=479"},{"taxonomy":"product_cat","embeddable":true,"href":"https:\/\/red-lighttherapy.com\/pt_pt\/wp-json\/wp\/v2\/product_cat?post=479"},{"taxonomy":"product_tag","embeddable":true,"href":"https:\/\/red-lighttherapy.com\/pt_pt\/wp-json\/wp\/v2\/product_tag?post=479"}],"curies":[{"name":"wp","href":"https:\/\/api.w.org\/{rel}","templated":true}]}}