{"id":472,"date":"2025-04-12T02:12:17","date_gmt":"2025-04-12T02:12:17","guid":{"rendered":"https:\/\/red-lighttherapy.com\/?post_type=product&#038;p=472"},"modified":"2025-04-12T02:37:26","modified_gmt":"2025-04-12T02:37:26","slug":"custom-pearl-paper-fashion-apparel-packaging-box-vendor","status":"publish","type":"product","link":"https:\/\/red-lighttherapy.com\/pt_pt\/custom-pearl-paper-fashion-apparel-packaging-box-vendor\/","title":{"rendered":"Caixa de embalagem de vestu\u00e1rio de moda de papel de p\u00e9rola personalizada Vendedor"},"content":{"rendered":"<h2 id=\"-customized-pearlescent-paper-fashion-clothing-packaging-box-supplier-product-description-\"><strong>Caixa de embalagem de vestu\u00e1rio de moda de papel de p\u00e9rola personalizada Fornecedor Descri\u00e7\u00e3o do produto<\/strong><\/h2>\n<h2 id=\"-2-strengthen-the-box-structure-to-ensure-the-safety-of-clothing-\"><strong>1. Refor\u00e7ar a estrutura da caixa para garantir a seguran\u00e7a do vestu\u00e1rio<\/strong><\/h2>\n<ul>\n<li><strong>Conce\u00e7\u00e3o de compress\u00e3o e anti-deforma\u00e7\u00e3o<\/strong>: O corpo da caixa utiliza papel de cart\u00e3o cinzento ou cart\u00e3o ondulado de alta densidade como revestimento, combinado com uma estrutura de dobragem de camada dupla ou multicamada (como o suporte triangular), a resist\u00eancia \u00e0 compress\u00e3o \u00e9 aumentada em mais de 40% e pode suportar a extrus\u00e3o e o impacto durante o transporte.<\/li>\n<li><strong>Otimiza\u00e7\u00e3o da forma da caixa da tampa superior e inferior<\/strong>: O design da tampa superior e inferior (tampas superior e inferior aninhadas) consegue um efeito de fecho perfeito atrav\u00e9s de uma tecnologia de corte preciso, que \u00e9 conveniente para tirar e colocar pe\u00e7as de vestu\u00e1rio de grandes dimens\u00f5es, como casacos e fatos, e pode tamb\u00e9m evitar que a caixa se solte e deforme.<\/li>\n<\/ul>\n<h2 id=\"-3-hot-stamping-and-embossing-technology-dual-sensory-upgrade-\"><strong>2. Folha branca de estampagem a quente e tecnologia de grava\u00e7\u00e3o, atualiza\u00e7\u00e3o sensorial dupla<\/strong><\/h2>\n<ul>\n<li><strong>Tecnologia de estampagem a quente<\/strong>: Utilizando folha de alum\u00ednio eletroqu\u00edmico importado da Alemanha, a textura de platina mate \u00e9 formada em papel perolado atrav\u00e9s de grava\u00e7\u00e3o a alta temperatura. A textura met\u00e1lica e a cor de fundo perolada complementam-se, criando um efeito visual discreto e luxuoso.<\/li>\n<li><strong>Toque tridimensional em relevo<\/strong>: Em combina\u00e7\u00e3o com a tecnologia de grava\u00e7\u00e3o 3D, a grava\u00e7\u00e3o tridimensional \u00e9 efectuada no LOGOTIPO da marca ou na \u00e1rea do padr\u00e3o, que tem um toque delicado e camadas claras, refor\u00e7ando o ponto de mem\u00f3ria da marca.<\/li>\n<\/ul>\n<h2 id=\"-4-all-round-customization-service-to-match-brand-needs-\"><strong>3. Servi\u00e7o completo de personaliza\u00e7\u00e3o para atender \u00e0s necessidades da marca<\/strong><\/h2>\n<ul>\n<li><strong>Adapta\u00e7\u00e3o flex\u00edvel do tamanho e da cor<\/strong>: Suporta a personaliza\u00e7\u00e3o de v\u00e1rios tamanhos, desde 26\u00d717,5\u00d73,5cm (vers\u00e3o standard) a 50\u00d740\u00d710cm (vers\u00e3o grande); fornece 12 cores b\u00e1sicas, como o papel perolado rosa, preto e dourado, e pode ser ajustado com cores especiais Pantone para garantir uma elevada consist\u00eancia com o sistema VI da marca.<\/li>\n<li><strong>Personaliza\u00e7\u00e3o do log\u00f3tipo e do padr\u00e3o<\/strong>: Suporta serigrafia, verniz local UV e outros processos, e pode imprimir log\u00f3tipos de marcas, elementos culturais ou padr\u00f5es art\u00edsticos para satisfazer necessidades personalizadas.<\/li>\n<\/ul>\n<h2 id=\"-5-one-stop-service-focusing-on-foreign-trade-\"><strong>4. Servi\u00e7o de balc\u00e3o \u00fanico centrado no com\u00e9rcio externo<\/strong><\/h2>\n<ul>\n<li><strong>Equipa experiente<\/strong>: Os membros da equipa est\u00e3o profundamente envolvidos no campo das embalagens de com\u00e9rcio externo h\u00e1 mais de 10 anos e est\u00e3o familiarizados com as normas de mercado como a Europa, os Estados Unidos e o Sudeste Asi\u00e1tico (como o sistema de cota\u00e7\u00e3o FOB\/ELC, certifica\u00e7\u00e3o ambiental), e podem fornecer apoio em todo o processo, desde a conce\u00e7\u00e3o, prova at\u00e9 \u00e0 declara\u00e7\u00e3o aduaneira e log\u00edstica.<\/li>\n<li><strong>Resposta r\u00e1pida e garantia de controlo de qualidade<\/strong>: Adotar o sistema de gest\u00e3o da produ\u00e7\u00e3o digital (MES), o progresso da encomenda pode ser verificado em tempo real; passar a certifica\u00e7\u00e3o de inspe\u00e7\u00e3o de qualidade SGS, garantir que o rendimento do produto acabado \u00e9 superior a 99% e apoiar a inspe\u00e7\u00e3o por terceiros.<\/li>\n<\/ul>\n<h2 id=\"-cooperation-process-\"><strong>Processo de coopera\u00e7\u00e3o<\/strong><\/h2>\n<ol>\n<li><strong>Comunica\u00e7\u00e3o da procura<\/strong>: Fornecer informa\u00e7\u00f5es sobre a marca VI, tamanho do produto e requisitos de personaliza\u00e7\u00e3o;<\/li>\n<li><strong>Prova de conce\u00e7\u00e3o<\/strong>: Fornecer renderiza\u00e7\u00f5es 3D e amostras f\u00edsicas no prazo de 3 dias \u00fateis;<\/li>\n<li><strong>Produ\u00e7\u00e3o em massa<\/strong>: Entrega no prazo de 10-15 dias ap\u00f3s confirma\u00e7\u00e3o (apoio a encomendas urgentes);<\/li>\n<li><strong>Acompanhamento log\u00edstico<\/strong>: Fornecer um servi\u00e7o de acompanhamento log\u00edstico \u00fanico para o transporte mar\u00edtimo\/a\u00e9reo.<\/li>\n<\/ol>\n<h2 id=\"-core-advantages-\"><strong>Principais vantagens<\/strong><\/h2>\n<ul>\n<li><strong>Rela\u00e7\u00e3o custo-efic\u00e1cia<\/strong>: Reduzir os custos de embalagem em 15% atrav\u00e9s da otimiza\u00e7\u00e3o estrutural (como o tipo de caixa de moldagem de uma pe\u00e7a), mantendo a textura de alta qualidade;<\/li>\n<li><strong>Sustentabilidade<\/strong>: Utilizar materiais de pasta recicl\u00e1veis, cumprir as normas de prote\u00e7\u00e3o ambiental REACH da UE e contribuir para a transforma\u00e7\u00e3o ecol\u00f3gica da marca.<\/li>\n<\/ul>","protected":false},"excerpt":{"rendered":"<p>Centrando-nos no dom\u00ednio do com\u00e9rcio externo, fornecemos solu\u00e7\u00f5es de embalagem personalizadas de alta qualidade. Feito de\u00a0<strong>Papel P\u00e9rola<\/strong>A superf\u00edcie apresenta um suave brilho perolado, conferindo \u00e0 caixa de embalagem uma textura luxuosa e uma estratifica\u00e7\u00e3o visual;\u00a0<strong>O design da caixa com tampa superior e inferior<\/strong>\u00a0\u00e9 f\u00e1cil de abrir e fechar e \u00e9 perfeitamente adequado para roupas grandes, como fatos e casacos.<\/p>","protected":false},"featured_media":473,"template":"","meta":{"_kad_post_transparent":"default","_kad_post_title":"","_kad_post_layout":"default","_kad_post_sidebar_id":"","_kad_post_content_style":"default","_kad_post_vertical_padding":"default","_kad_post_feature":"","_kad_post_feature_position":"","_kad_post_header":false,"_kad_post_footer":false,"_kad_post_classname":""},"product_brand":[],"product_cat":[15,30,19,17],"product_tag":[147,146,148],"class_list":{"0":"post-472","1":"product","2":"type-product","3":"status-publish","4":"has-post-thumbnail","6":"product_cat-red-light-therapy","7":"product_cat-dropshipping","8":"product_cat-red-light-therapy-stand","9":"product_cat-services","10":"product_tag-apparel-packaging-box","11":"product_tag-custom-apparel-packaging","12":"product_tag-fashion-apparel-packaging","14":"first","15":"instock","16":"shipping-taxable","17":"product-type-simple","18":"entry","19":"content-bg","20":"loop-entry"},"_links":{"self":[{"href":"https:\/\/red-lighttherapy.com\/pt_pt\/wp-json\/wp\/v2\/product\/472","targetHints":{"allow":["GET"]}}],"collection":[{"href":"https:\/\/red-lighttherapy.com\/pt_pt\/wp-json\/wp\/v2\/product"}],"about":[{"href":"https:\/\/red-lighttherapy.com\/pt_pt\/wp-json\/wp\/v2\/types\/product"}],"wp:featuredmedia":[{"embeddable":true,"href":"https:\/\/red-lighttherapy.com\/pt_pt\/wp-json\/wp\/v2\/media\/473"}],"wp:attachment":[{"href":"https:\/\/red-lighttherapy.com\/pt_pt\/wp-json\/wp\/v2\/media?parent=472"}],"wp:term":[{"taxonomy":"product_brand","embeddable":true,"href":"https:\/\/red-lighttherapy.com\/pt_pt\/wp-json\/wp\/v2\/product_brand?post=472"},{"taxonomy":"product_cat","embeddable":true,"href":"https:\/\/red-lighttherapy.com\/pt_pt\/wp-json\/wp\/v2\/product_cat?post=472"},{"taxonomy":"product_tag","embeddable":true,"href":"https:\/\/red-lighttherapy.com\/pt_pt\/wp-json\/wp\/v2\/product_tag?post=472"}],"curies":[{"name":"wp","href":"https:\/\/api.w.org\/{rel}","templated":true}]}}