{"id":466,"date":"2025-04-12T01:53:16","date_gmt":"2025-04-12T01:53:16","guid":{"rendered":"https:\/\/red-lighttherapy.com\/?post_type=product&#038;p=466"},"modified":"2025-04-12T02:11:58","modified_gmt":"2025-04-12T02:11:58","slug":"custom-luxury-apparel-clothing-shirt-packaging-box-wholesale","status":"publish","type":"product","link":"https:\/\/red-lighttherapy.com\/pt_pt\/custom-luxury-apparel-clothing-shirt-packaging-box-wholesale\/","title":{"rendered":"Caixa de embalagem de camisa de vestu\u00e1rio de luxo personalizada por atacado"},"content":{"rendered":"<h2 id=\"-customized-product-description-of-magnetic-packaging-box-for-luxury-clothing-shirts-\"><strong>Descri\u00e7\u00e3o do produto personalizado da caixa de embalagem com fecho magn\u00e9tico para camisas de vestu\u00e1rio de luxo<\/strong><\/h2>\n<p>-F\u00e1brica de origem h\u00e1 16 anos, a combina\u00e7\u00e3o perfeita de desempenho de alto custo e garantia de qualidade<\/p>\n<h2 id=\"-i-color-psychology-design-lavender-tone-soothing-and-elegant-coexist-\"><strong>1. Design de psicologia da cor: tom lavanda, coexist\u00eancia suave e elegante<\/strong><\/h2>\n<ol>\n<li><strong>Est\u00e9tica da lavanda<\/strong>: A caixa de embalagem adopta uma cor lavanda de baixo brilho e baixa satura\u00e7\u00e3o, inspirada na investiga\u00e7\u00e3o da psicologia da cor. Os tons suaves podem aliviar eficazmente a fadiga visual e reduzir a ansiedade, ao mesmo tempo que transmitem um temperamento elegante e nobre da marca, especialmente adequado para cenas de embalagens de vestu\u00e1rio topo de gama.<\/li>\n<li><strong>Cen\u00e1rios aplic\u00e1veis<\/strong>: Satisfaz as necessidades de embalagem de presentes de neg\u00f3cios e camisas de luxo, melhora a sensa\u00e7\u00e3o de cerim\u00f3nia de desempacotamento e \u00e9 adequado para o retalho topo de gama, lojas emblem\u00e1ticas de marcas e mercados de presentes personalizados.<\/li>\n<\/ol>\n<h2 id=\"-ii-magnetic-box-design-exquisite-opening-and-closing-minimalist-aesthetics-\"><strong>2. Design da caixa magn\u00e9tica: abertura e fecho requintados, est\u00e9tica minimalista<\/strong><\/h2>\n<ol>\n<li><strong>Sistema de fecho magn\u00e9tico<\/strong>: Adopta um design de fivela magn\u00e9tica incorporada, que abre e fecha de forma suave e silenciosa, fecha hermeticamente, evita os defeitos das caixas de flip tradicionais que s\u00e3o f\u00e1ceis de soltar e melhora a experi\u00eancia do utilizador.<\/li>\n<li><strong>Otimiza\u00e7\u00e3o estrutural<\/strong>: As linhas em forma de caixa s\u00e3o simples e cuidadas, sem decora\u00e7\u00e3o redundante, adequadas ao estilo moderno e minimalista, e a textura dos pormenores \u00e9 real\u00e7ada atrav\u00e9s do tratamento de superf\u00edcie mate e do processo de estampagem a quente\/UV (opcional).<\/li>\n<\/ol>\n<h2 id=\"-iii-materials-and-processes-professional-grade-protection-stable-and-durable-\"><strong>3. Materiais e processos: prote\u00e7\u00e3o de n\u00edvel profissional, est\u00e1vel e duradoura<\/strong><\/h2>\n<ol>\n<li><strong>Materiais de base<\/strong>:<\/li>\n<li><strong>Cart\u00e3o cinzento de alta densidade 1200 GSM<\/strong>: Tem uma excelente resist\u00eancia \u00e0 compress\u00e3o e pode suportar mais de 15 kg ap\u00f3s o teste, garantindo que n\u00e3o se deforma durante o transporte e que cumpre as normas internacionais de embalagem.<\/li>\n<li><strong>Lamina\u00e7\u00e3o de papel revestido 157 GSM<\/strong>: A superf\u00edcie \u00e9 oleada mate ou processada por UV, com um toque delicado e uma elevada satura\u00e7\u00e3o da cor de impress\u00e3o, que pode restaurar com precis\u00e3o o log\u00f3tipo e o padr\u00e3o da marca.<\/li>\n<li><strong>Forro personalizado<\/strong>:<\/li>\n<li><strong>Forro em EVA\/papel cortado<\/strong>: De acordo com o tamanho da camisa, o molde \u00e9 aberto 1:1 para conseguir uma fixa\u00e7\u00e3o com deslocamento zero, evitar fric\u00e7\u00e3o e rugas, e adaptar-se a v\u00e1rias formas de camisa, como gola alta e dobrada.<\/li>\n<li><strong>Conce\u00e7\u00e3o das divis\u00f3rias<\/strong>: Est\u00e3o dispon\u00edveis ranhuras opcionais para acess\u00f3rios independentes (como bot\u00f5es de punho e clipes de gravata) para melhorar a funcionalidade e a efici\u00eancia da arruma\u00e7\u00e3o.<\/li>\n<\/ol>\n<h2 id=\"-fourth-brand-empowerment-texture-upgrade-added-value-doubled-\"><strong>4. Fortalecimento da marca: atualiza\u00e7\u00e3o da textura, duplica\u00e7\u00e3o do valor acrescentado<\/strong><\/h2>\n<ol>\n<li><strong>Identidade visual unificada<\/strong>: Suporta a impress\u00e3o a cores diretas Pantone e o processo de estampagem a quente, integra elementos VI da marca no design da caixa e refor\u00e7a os pontos de mem\u00f3ria do consumidor.<\/li>\n<li><strong>Conceito de prote\u00e7\u00e3o do ambiente<\/strong>: Utilizar papel certificado FSC e cola degrad\u00e1vel para responder \u00e0 tend\u00eancia da moda sustent\u00e1vel e refor\u00e7ar a imagem de responsabilidade social da marca.<\/li>\n<\/ol>\n<h2 id=\"-five-flexible-customization-service-one-stop-solution-\"><strong>5. Servi\u00e7o de personaliza\u00e7\u00e3o flex\u00edvel: solu\u00e7\u00e3o num s\u00f3 local<\/strong><\/h2>\n<ol>\n<li><strong>Tamanho flex\u00edvel<\/strong>: Suporta uma variedade de tipos de caixas, tais como tampas superiores e inferiores, caixas de gavetas, caixas de livros, etc., com tamanhos altamente personalizados para satisfazer os requisitos de uma \u00fanica pe\u00e7a\/conjunto.<\/li>\n<li><strong>Combina\u00e7\u00e3o de processos<\/strong>: Op\u00e7\u00e3o de serigrafia, flocagem, UV local, estampagem a quente em prata e mais de 20 outros processos para obter efeitos visuais diferenciados.<\/li>\n<li><strong>Servi\u00e7o de valor acrescentado<\/strong>: Pr\u00e9-visualiza\u00e7\u00e3o gratuita do projeto 3D, confirma\u00e7\u00e3o da prova, armazenamento e apoio log\u00edstico global (FOB\/DDP e outros termos).<\/li>\n<\/ol>\n<h2 id=\"-six-the-advantages-of-the-source-factory-16-years-of-accumulation-quality-control-\"><strong>6. As vantagens da f\u00e1brica de origem: 16 anos de acumula\u00e7\u00e3o, controlo de qualidade<\/strong><\/h2>\n<ol>\n<li><strong>Integra\u00e7\u00e3o da cadeia de abastecimento<\/strong>: aquisi\u00e7\u00e3o de pasta de papel aut\u00f3noma, linha de produ\u00e7\u00e3o de corte e vinco totalmente autom\u00e1tica e sistema de inspe\u00e7\u00e3o de qualidade, 30%-50% inferior ao custo de aquisi\u00e7\u00e3o dos intermedi\u00e1rios.<\/li>\n<li><strong>Garantia de controlo de qualidade<\/strong>: passou a certifica\u00e7\u00e3o ISO9001, fornecendo relat\u00f3rios de inspe\u00e7\u00e3o da qualidade do lote, taxa de defeito inferior a 0,5%, apoio \u00e0 compensa\u00e7\u00e3o de danos.<\/li>\n<li><strong>Resposta r\u00e1pida<\/strong>: 500 quantidade m\u00ednima de encomenda, ciclo de entrega de 7-15 dias, apoio \u00e0 encomenda experimental de pequenos lotes, redu\u00e7\u00e3o do risco de invent\u00e1rio do cliente.<\/li>\n<\/ol>","protected":false},"excerpt":{"rendered":"<p>A caixa de embalagem com fecho magn\u00e9tico para vestu\u00e1rio lavanda f, especialmente concebida para marcas de topo de gama, adopta um design de tom suave com baixo brilho e baixa satura\u00e7\u00e3o, combinado com cart\u00e3o r\u00edgido de alta densidade de 1200 GSM e papel de arte revestido de 157 GSM para garantir uma estrutura est\u00e1vel e um toque delicado.<\/p>","protected":false},"featured_media":470,"template":"","meta":{"_kad_post_transparent":"default","_kad_post_title":"","_kad_post_layout":"default","_kad_post_sidebar_id":"","_kad_post_content_style":"default","_kad_post_vertical_padding":"default","_kad_post_feature":"","_kad_post_feature_position":"","_kad_post_header":false,"_kad_post_footer":false,"_kad_post_classname":""},"product_brand":[],"product_cat":[15,30,17],"product_tag":[144,143,145],"class_list":{"0":"post-466","1":"product","2":"type-product","3":"status-publish","4":"has-post-thumbnail","6":"product_cat-red-light-therapy","7":"product_cat-dropshipping","8":"product_cat-services","9":"product_tag-custom-clothing-boxes","10":"product_tag-custom-luxury-clothing-packaging","11":"product_tag-shirt-boxes-wholesale","13":"first","14":"instock","15":"shipping-taxable","16":"product-type-simple","17":"entry","18":"content-bg","19":"loop-entry"},"_links":{"self":[{"href":"https:\/\/red-lighttherapy.com\/pt_pt\/wp-json\/wp\/v2\/product\/466","targetHints":{"allow":["GET"]}}],"collection":[{"href":"https:\/\/red-lighttherapy.com\/pt_pt\/wp-json\/wp\/v2\/product"}],"about":[{"href":"https:\/\/red-lighttherapy.com\/pt_pt\/wp-json\/wp\/v2\/types\/product"}],"wp:featuredmedia":[{"embeddable":true,"href":"https:\/\/red-lighttherapy.com\/pt_pt\/wp-json\/wp\/v2\/media\/470"}],"wp:attachment":[{"href":"https:\/\/red-lighttherapy.com\/pt_pt\/wp-json\/wp\/v2\/media?parent=466"}],"wp:term":[{"taxonomy":"product_brand","embeddable":true,"href":"https:\/\/red-lighttherapy.com\/pt_pt\/wp-json\/wp\/v2\/product_brand?post=466"},{"taxonomy":"product_cat","embeddable":true,"href":"https:\/\/red-lighttherapy.com\/pt_pt\/wp-json\/wp\/v2\/product_cat?post=466"},{"taxonomy":"product_tag","embeddable":true,"href":"https:\/\/red-lighttherapy.com\/pt_pt\/wp-json\/wp\/v2\/product_tag?post=466"}],"curies":[{"name":"wp","href":"https:\/\/api.w.org\/{rel}","templated":true}]}}