{"id":459,"date":"2025-04-11T14:22:58","date_gmt":"2025-04-11T14:22:58","guid":{"rendered":"https:\/\/red-lighttherapy.com\/?post_type=product&#038;p=459"},"modified":"2025-04-12T01:52:50","modified_gmt":"2025-04-12T01:52:50","slug":"custom-artisan-chocolate-telescopic-packaging-box-wholesale","status":"publish","type":"product","link":"https:\/\/red-lighttherapy.com\/pt_pt\/custom-artisan-chocolate-telescopic-packaging-box-wholesale\/","title":{"rendered":"Caixa de embalagem telesc\u00f3pica para chocolate artesanal personalizada por atacado"},"content":{"rendered":"<h2 id=\"customized-handmade-chocolate-telescopic-packaging-box-wholesale-product-description\">Caixa de embalagem telesc\u00f3pica de chocolate artesanal personalizada Descri\u00e7\u00e3o do produto por atacado<\/h2>\n<h2 id=\"1-excellent-printing-technology-highlighting-brand-texture-\">1.\u00a0<strong>Excelente tecnologia de impress\u00e3o, real\u00e7ando a textura da marca<\/strong><\/h2>\n<ul>\n<li>A tecnologia de impress\u00e3o offset de alta precis\u00e3o \u00e9 utilizada para garantir padr\u00f5es claros e delicados, tinta preta uniforme e completa, cobertura da gama de cores 98%, cor pura sem desvios e apresenta\u00e7\u00e3o perfeita do LOGOTIPO da marca e dos elementos de design.<\/li>\n<li>Suporta estampagem a quente, verniz local UV e outros processos, pode ser combinado com textura em relevo ou efeito de brilho met\u00e1lico para melhorar a estratifica\u00e7\u00e3o visual e a experi\u00eancia de luxo da embalagem.<\/li>\n<\/ul>\n<h2 id=\"2-stiff-material-combination-all-round-protection-of-products-\">2.\u00a0<strong>Combina\u00e7\u00e3o de materiais r\u00edgidos, prote\u00e7\u00e3o total dos produtos<\/strong><\/h2>\n<ul>\n<li>A caixa exterior adopta o processo composto de cart\u00e3o cinzento transparente importado (espessura 1,5-3,0 mm) dos Pa\u00edses Baixos e papel revestido de 300 g. O cart\u00e3o cinzento tem uma forte liga\u00e7\u00e3o entre camadas, \u00e9 resistente \u00e0 press\u00e3o e ao impacto e resiste eficazmente \u00e0 deforma\u00e7\u00e3o por extrus\u00e3o durante o transporte.<\/li>\n<li>A estrutura da caixa \u00e9 optimizada e pode suportar mais de 1,2 kg, o que \u00e9 adequado para necessidades de log\u00edstica de longa dist\u00e2ncia e de armazenamento.<\/li>\n<\/ul>\n<h2 id=\"3-magnetic-opening-and-closing-design-upgraded-opening-experience-\">3.\u00a0<strong>Design magn\u00e9tico de abertura e fecho, experi\u00eancia de abertura melhorada<\/strong><\/h2>\n<ul>\n<li>A tampa tem um m\u00f3dulo magn\u00e9tico de silicone de 0,8 mm incorporado com uma for\u00e7a de adsor\u00e7\u00e3o de 1,2 kg. Pode ser facilmente aberta e fechada com uma s\u00f3 m\u00e3o e fechada com firmeza, evitando o problema de as fivelas tradicionais se soltarem facilmente.<\/li>\n<li>A caixa adopta um design de capa flip em forma de livro. Ap\u00f3s um desdobramento de 180\u00b0, o produto fica claro \u00e0 primeira vista, melhorando o efeito de exposi\u00e7\u00e3o e a intera\u00e7\u00e3o com o consumidor.<\/li>\n<\/ul>\n<h2 id=\"4-flexible-lining-partition-adapting-to-multiple-scene-requirements-\">4.\u00a0<strong>Divis\u00f3ria de revestimento flex\u00edvel, adaptando-se a v\u00e1rios requisitos de cena<\/strong><\/h2>\n<ul>\n<li>O revestimento de cart\u00e3o padr\u00e3o suporta uma segmenta\u00e7\u00e3o de precis\u00e3o de grelha 24\/36 e a profundidade e o espa\u00e7amento da grelha s\u00e3o ajust\u00e1veis, o que combina perfeitamente com chocolates artesanais, trufas e outros produtos de formato especial.<\/li>\n<li>O revestimento opcional em EVA, esponja ou flocagem, com uma gama de espessuras de 2-10 mm, proporciona solu\u00e7\u00f5es de amortecimento personalizadas, adequadas para doces fr\u00e1geis ou bolos fr\u00e1geis.<\/li>\n<\/ul>\n<h2 id=\"5-multi-field-compatibility-expanded-application-scenarios-\">5.\u00a0<strong>Compatibilidade com v\u00e1rios campos, cen\u00e1rios de aplica\u00e7\u00e3o alargados<\/strong><\/h2>\n<ul>\n<li>Para al\u00e9m do chocolate, o tamanho da caixa pode ser personalizado de 8cm\u00d78cm a 30cm\u00d730cm, adequado para macarons, bolachas, frutos secos e outros alimentos; tamb\u00e9m pode ser transformado em caixas de oferta de cosm\u00e9ticos ou embalagens de produtos culturais e criativos.<\/li>\n<\/ul>\n<h2 id=\"-in-depth-customization-service-\"><strong>6. Servi\u00e7o de personaliza\u00e7\u00e3o em profundidade<\/strong><\/h2>\n<ul>\n<li><strong>Personaliza\u00e7\u00e3o do aspeto<\/strong>: Fornecer correspond\u00eancia exacta de cores do cart\u00e3o de cor Pantone, servi\u00e7os de prova de modela\u00e7\u00e3o 3D, suporte de grava\u00e7\u00e3o em relevo, janelas ocas e outros designs personalizados.<\/li>\n<li><strong>Otimiza\u00e7\u00e3o estrutural<\/strong>: Ajustar o peso da placa cinzenta (250-400gsm) de acordo com o peso do produto (\u22642kg), ou adicionar um design de nervura de refor\u00e7o para melhorar o desempenho de suporte de carga.<\/li>\n<li><strong>Atualiza\u00e7\u00e3o de fun\u00e7\u00f5es<\/strong>: Revestimento opcional \u00e0 prova de humidade, divis\u00f3rias amov\u00edveis, ranhuras para etiquetas de c\u00f3digo QR e outros m\u00f3dulos de fun\u00e7\u00f5es de valor acrescentado.<\/li>\n<\/ul>\n<h2 id=\"-production-and-delivery-guarantee-\"><strong>7. Garantia de produ\u00e7\u00e3o e de entrega<\/strong><\/h2>\n<ul>\n<li><strong>Capacidade de produ\u00e7\u00e3o em escala<\/strong>: 5320\u33a1 oficina padronizada equipada com m\u00e1quina de corte e vinco totalmente autom\u00e1tica, linha de montagem de papel de alta velocidade e laborat\u00f3rio de inspe\u00e7\u00e3o de qualidade, com produ\u00e7\u00e3o di\u00e1ria de 50.000 pe\u00e7as, suportando entrega flex\u00edvel de 500.000-500.000 pedidos.<\/li>\n<li><strong>Sistema de controlo da qualidade<\/strong>: Aprovado na certifica\u00e7\u00e3o de qualidade ISO9001 e certifica\u00e7\u00e3o ambiental FSC, 18 processos de inspe\u00e7\u00e3o de qualidade s\u00e3o implementados desde o armazenamento da mat\u00e9ria-prima at\u00e9 a entrega do produto acabado, garantindo erro de nivelamento do produto \u22640,1 mm, diferen\u00e7a de cor \u0394E \u22641,5.<\/li>\n<li><strong>Resposta do servi\u00e7o<\/strong>: Fornecer provas em 48 horas e um ciclo de produ\u00e7\u00e3o em massa de 15 dias, apoiar o acompanhamento log\u00edstico global e o compromisso de reemiss\u00e3o de produtos danificados.<\/li>\n<\/ul>\n<h2 id=\"-cooperation-process-\"><strong>Processo de coopera\u00e7\u00e3o<\/strong><\/h2>\n<ol>\n<li><strong>Confirma\u00e7\u00e3o de necessidades<\/strong>: Fornecer a dimens\u00e3o, a quantidade e o projeto do produto (formato AI\/CDR);<\/li>\n<li><strong>Formula\u00e7\u00e3o do esquema<\/strong>: Feedback da sele\u00e7\u00e3o de materiais, or\u00e7amento de custos e renderiza\u00e7\u00f5es 3D no prazo de 3 dias \u00fateis;<\/li>\n<li><strong>Confirma\u00e7\u00e3o da amostra<\/strong>: As amostras f\u00edsicas ser\u00e3o entregues num prazo de 3 a 5 dias, e s\u00e3o suportadas tr\u00eas modifica\u00e7\u00f5es gratuitas;<\/li>\n<li><strong>Produ\u00e7\u00e3o em massa<\/strong>: As mercadorias ser\u00e3o entregues no prazo de 7 a 14 dias ap\u00f3s a assinatura do contrato.<\/li>\n<\/ol>","protected":false},"excerpt":{"rendered":"<p>Esta caixa de embalagem telesc\u00f3pica para chocolate feita \u00e0 m\u00e3o e personalizada foi concebida para embalagens de alimentos de alta qualidade, integrando um artesanato requintado e uma estrutura inovadora, tendo em conta a praticidade e o valor est\u00e9tico. Adopta materiais amigos do ambiente e servi\u00e7os de personaliza\u00e7\u00e3o flex\u00edveis, adequados para cen\u00e1rios diversificados de embalagens de alimentos, como chocolate, doces, cupcakes, etc., ajudando as marcas a melhorar a imagem do produto e a competitividade do mercado.<\/p>","protected":false},"featured_media":464,"template":"","meta":{"_kad_post_transparent":"default","_kad_post_title":"","_kad_post_layout":"default","_kad_post_sidebar_id":"","_kad_post_content_style":"default","_kad_post_vertical_padding":"default","_kad_post_feature":"","_kad_post_feature_position":"","_kad_post_header":false,"_kad_post_footer":false,"_kad_post_classname":""},"product_brand":[],"product_cat":[15,17],"product_tag":[141,142,140],"class_list":{"0":"post-459","1":"product","2":"type-product","3":"status-publish","4":"has-post-thumbnail","6":"product_cat-red-light-therapy","7":"product_cat-services","8":"product_tag-chocolate-telescopic-packaging-box","9":"product_tag-custom-artisan-chocolate-box","10":"product_tag-custom-chocolate-packaging","12":"first","13":"instock","14":"shipping-taxable","15":"product-type-simple","16":"entry","17":"content-bg","18":"loop-entry"},"_links":{"self":[{"href":"https:\/\/red-lighttherapy.com\/pt_pt\/wp-json\/wp\/v2\/product\/459","targetHints":{"allow":["GET"]}}],"collection":[{"href":"https:\/\/red-lighttherapy.com\/pt_pt\/wp-json\/wp\/v2\/product"}],"about":[{"href":"https:\/\/red-lighttherapy.com\/pt_pt\/wp-json\/wp\/v2\/types\/product"}],"wp:featuredmedia":[{"embeddable":true,"href":"https:\/\/red-lighttherapy.com\/pt_pt\/wp-json\/wp\/v2\/media\/464"}],"wp:attachment":[{"href":"https:\/\/red-lighttherapy.com\/pt_pt\/wp-json\/wp\/v2\/media?parent=459"}],"wp:term":[{"taxonomy":"product_brand","embeddable":true,"href":"https:\/\/red-lighttherapy.com\/pt_pt\/wp-json\/wp\/v2\/product_brand?post=459"},{"taxonomy":"product_cat","embeddable":true,"href":"https:\/\/red-lighttherapy.com\/pt_pt\/wp-json\/wp\/v2\/product_cat?post=459"},{"taxonomy":"product_tag","embeddable":true,"href":"https:\/\/red-lighttherapy.com\/pt_pt\/wp-json\/wp\/v2\/product_tag?post=459"}],"curies":[{"name":"wp","href":"https:\/\/api.w.org\/{rel}","templated":true}]}}