{"id":434,"date":"2025-04-11T13:16:45","date_gmt":"2025-04-11T13:16:45","guid":{"rendered":"https:\/\/red-lighttherapy.com\/?post_type=product&#038;p=434"},"modified":"2025-04-11T14:21:02","modified_gmt":"2025-04-11T14:21:02","slug":"custom-essential-oil-perfume-drawer-paper-boxes-wholesale","status":"publish","type":"product","link":"https:\/\/red-lighttherapy.com\/pt_pt\/custom-essential-oil-perfume-drawer-paper-boxes-wholesale\/","title":{"rendered":"Caixas de papel personalizadas para gavetas de perfumes e \u00f3leos essenciais por atacado"},"content":{"rendered":"<h2 id=\"-customized-essential-oil-perfume-drawer-paper-box-wholesale-product-description-\"><strong>Caixas de papel personalizadas para gaveta de perfume de \u00f3leo essencial Descri\u00e7\u00e3o do produto por atacado<\/strong><\/h2>\n<h2 id=\"-1-ribbon-pull-ring-design-to-enhance-brand-recognition-\"><strong>1. Design de anel de puxar com fita para aumentar o reconhecimento da marca<\/strong><\/h2>\n<p>A parte superior da caixa est\u00e1 equipada com um anel de puxar com fita personalizado, que pode ser utilizado como um puxador auxiliar e como uma pega. A cor e o material da fita (como o cetim e o veludo) podem ser personalizados de modo a refletir a cor principal da marca, aumentando o apelo visual e o ponto de mem\u00f3ria da marca. Por exemplo, com fitas douradas ou cor-de-rosa, o processo de estampagem a quente e o tema rom\u00e2ntico s\u00e3o o reflexo de um s\u00edmbolo est\u00e9tico \u00fanico.<\/p>\n<h2 id=\"-2-hot-stamping-process-luxurious-texture-shows-the-brand-tone-\"><strong>2. Processo de estampagem a quente em folha de ouro, a textura luxuosa mostra o tom da marca<\/strong><\/h2>\n<p>A superf\u00edcie adopta um processo de estampagem a quente de alta precis\u00e3o, as linhas s\u00e3o delicadas e suaves, e o brilho dourado forma um contraste visual com o corpo da caixa cor-de-rosa, real\u00e7ando o luxo e o posicionamento topo de gama da marca. Suporta a estampagem a quente parcial a ouro (como o LOGOTIPO, padr\u00e3o) ou a estampagem a quente total para satisfazer diferentes necessidades de design, tornando a embalagem um \"porta-voz\" silencioso da marca.<\/p>\n<h2 id=\"-3-pink-as-the-main-color-awakening-emotional-resonance-\"><strong>3. O rosa como cor principal, despertando resson\u00e2ncias emocionais<\/strong><\/h2>\n<p>O corpo da caixa \u00e9 principalmente cor-de-rosa suave, transmitindo um temperamento rom\u00e2ntico e doce da marca, que est\u00e1 em linha com a busca da felicidade e da vida elegante das consumidoras. Suporta a personaliza\u00e7\u00e3o do n\u00famero de cor Pantone para garantir a reprodu\u00e7\u00e3o exacta da cor e satisfazer as necessidades personalizadas de diferentes marcas quanto \u00e0 profundidade e brilho do rosa.<\/p>\n<h2 id=\"-4-customized-lining-solution-to-protect-products-in-all-directions-\"><strong>4. Solu\u00e7\u00e3o de revestimento personalizada para proteger os produtos em todas as direc\u00e7\u00f5es<\/strong><\/h2>\n<p>Fornecer uma variedade de op\u00e7\u00f5es de materiais de revestimento, incluindo:<\/p>\n<ul>\n<li><strong>Forro em EVA flocking<\/strong>: resistente ao choque e \u00e0 press\u00e3o, tato delicado, adapt\u00e1vel a formas irregulares de garrafas;<\/li>\n<li><strong>Forro em tecido de seda\/esponja<\/strong>: para real\u00e7ar o requinte da embalagem, fixar o frasco de perfume e evitar que se agite durante o transporte;<\/li>\n<li><strong>Estrutura em camadas de cart\u00e3o<\/strong>: suportam a embalagem de v\u00e1rias garrafas e optimizam a utiliza\u00e7\u00e3o do espa\u00e7o. Todos os revestimentos podem ser encaixados com precis\u00e3o de acordo com o tamanho do produto para garantir a seguran\u00e7a do transporte.<\/li>\n<\/ul>\n<h2 id=\"-5-highly-flexible-customization-to-meet-diverse-needs-\"><strong>5. Personaliza\u00e7\u00e3o altamente flex\u00edvel para atender a diversas necessidades<\/strong><\/h2>\n<ul>\n<li><strong>Tamanho<\/strong>: Suporta a adapta\u00e7\u00e3o da caixa de frascos de \u00f3leo essencial e frascos de perfume de 10ml-100ml, com erro de di\u00e2metro interno \u22640,1mm;<\/li>\n<li><strong>Material<\/strong>: Cart\u00e3o opcional, papel especial (como papel perolado, papel t\u00e1til), papel reciclado amigo do ambiente, etc;<\/li>\n<li><strong>Processo de impress\u00e3o<\/strong>: Para al\u00e9m da estampagem a quente, suporta impress\u00e3o UV, serigrafia, grava\u00e7\u00e3o em relevo e outros efeitos para obter uma textura mate, brilhante ou texturada;<\/li>\n<li><strong>Expans\u00e3o do tipo de caixa<\/strong>: Pode ser combinada com tampas superiores e inferiores, fivelas magn\u00e9ticas e outros modelos para melhorar a funcionalidade da embalagem.<\/li>\n<\/ul>\n<h2 id=\"-6-fsc-certified-materials-environmental-protection-and-quality-double-guarantee-\"><strong>6. Materiais certificados FSC, prote\u00e7\u00e3o ambiental e dupla garantia de qualidade<\/strong><\/h2>\n<p>As mat\u00e9rias-primas passaram a certifica\u00e7\u00e3o de gest\u00e3o florestal FSC para garantir que a fonte de papel \u00e9 sustent\u00e1vel e cumpre os requisitos de prote\u00e7\u00e3o ambiental dos mercados europeu e americano. Fornecer solu\u00e7\u00f5es de embalagem ecol\u00f3gicas para marcas de topo de gama e ajudar as marcas a transmitir o conceito de responsabilidade social.<\/p>\n<h2 id=\"-8-one-to-one-professional-service-efficient-delivery-without-worries-\"><strong>8. Servi\u00e7o profissional individualizado, entrega eficiente e sem preocupa\u00e7\u00f5es<\/strong><\/h2>\n<ul>\n<li><strong>Apoio \u00e0 conce\u00e7\u00e3o<\/strong>: Fornecer servi\u00e7o de prova de modela\u00e7\u00e3o 3D, renderiza\u00e7\u00f5es de sa\u00edda dentro de 48 horas e garantir a implementa\u00e7\u00e3o exacta do design;<\/li>\n<li><strong>Entrega rel\u00e2mpago<\/strong>: Encomenda m\u00ednima de 500 unidades, as encomendas normais s\u00e3o entregues em 7-15 dias e as encomendas urgentes s\u00e3o enviadas em apenas 5 dias;<\/li>\n<li><strong>Garantia p\u00f3s-venda<\/strong>: Devolu\u00e7\u00e3o e troca incondicional em 15 dias, acompanhamento log\u00edstico completo, para garantir a entrega da embalagem sem defeitos.<\/li>\n<\/ul>\n<p><strong>Cen\u00e1rios aplic\u00e1veis<\/strong>: Marcas de perfumes, fabricantes de \u00f3leos essenciais, caixas de oferta para f\u00e9rias, personaliza\u00e7\u00e3o de produtos de beleza topo de gama.\u00a0<strong>Vantagens da coopera\u00e7\u00e3o<\/strong>: Conseguir a diferencia\u00e7\u00e3o da marca com um elevado desempenho em termos de custos, interpretar a qualidade com pormenores e deixar que cada fragr\u00e2ncia tenha um car\u00e1cter artesanal e est\u00e9tico.<\/p>","protected":false},"excerpt":{"rendered":"<p>A caixa de papel de gaveta pode ser aberta facilmente e \u00e9 mais c\u00f3moda. O processo de estampagem a quente da folha de ouro pode dar \u00e0 embalagem uma sensa\u00e7\u00e3o de luxo e uma apresenta\u00e7\u00e3o visual de alta qualidade.<\/p>","protected":false},"featured_media":435,"template":"","meta":{"_kad_post_transparent":"default","_kad_post_title":"","_kad_post_layout":"default","_kad_post_sidebar_id":"","_kad_post_content_style":"default","_kad_post_vertical_padding":"default","_kad_post_feature":"","_kad_post_feature_position":"","_kad_post_header":false,"_kad_post_footer":false,"_kad_post_classname":""},"product_brand":[],"product_cat":[15,28,20,17],"product_tag":[139,138,137],"class_list":{"0":"post-434","1":"product","2":"type-product","3":"status-publish","4":"has-post-thumbnail","6":"product_cat-red-light-therapy","7":"product_cat-customize","8":"product_cat-led-face-light-therapy","9":"product_cat-services","10":"product_tag-cosmetic-perfume-boxes-wholesale","11":"product_tag-custom-perfume-boxes-wholesale","12":"product_tag-essential-oil-drawer-paper-boxes","14":"first","15":"instock","16":"shipping-taxable","17":"product-type-simple","18":"entry","19":"content-bg","20":"loop-entry"},"_links":{"self":[{"href":"https:\/\/red-lighttherapy.com\/pt_pt\/wp-json\/wp\/v2\/product\/434","targetHints":{"allow":["GET"]}}],"collection":[{"href":"https:\/\/red-lighttherapy.com\/pt_pt\/wp-json\/wp\/v2\/product"}],"about":[{"href":"https:\/\/red-lighttherapy.com\/pt_pt\/wp-json\/wp\/v2\/types\/product"}],"wp:featuredmedia":[{"embeddable":true,"href":"https:\/\/red-lighttherapy.com\/pt_pt\/wp-json\/wp\/v2\/media\/435"}],"wp:attachment":[{"href":"https:\/\/red-lighttherapy.com\/pt_pt\/wp-json\/wp\/v2\/media?parent=434"}],"wp:term":[{"taxonomy":"product_brand","embeddable":true,"href":"https:\/\/red-lighttherapy.com\/pt_pt\/wp-json\/wp\/v2\/product_brand?post=434"},{"taxonomy":"product_cat","embeddable":true,"href":"https:\/\/red-lighttherapy.com\/pt_pt\/wp-json\/wp\/v2\/product_cat?post=434"},{"taxonomy":"product_tag","embeddable":true,"href":"https:\/\/red-lighttherapy.com\/pt_pt\/wp-json\/wp\/v2\/product_tag?post=434"}],"curies":[{"name":"wp","href":"https:\/\/api.w.org\/{rel}","templated":true}]}}