{"id":428,"date":"2025-04-11T12:53:29","date_gmt":"2025-04-11T12:53:29","guid":{"rendered":"https:\/\/red-lighttherapy.com\/?post_type=product&#038;p=428"},"modified":"2025-04-11T13:15:50","modified_gmt":"2025-04-11T13:15:50","slug":"wholesale-luxury-lid-and-base-ring-earring-necklace-packaging","status":"publish","type":"product","link":"https:\/\/red-lighttherapy.com\/pt_pt\/wholesale-luxury-lid-and-base-ring-earring-necklace-packaging\/","title":{"rendered":"Embalagem para colar de brinco com tampa e base de luxo por atacado"},"content":{"rendered":"<h2 id=\"-product-description-of-luxury-lid-base-ring-earring-necklace-packaging-box-\"><strong>Descri\u00e7\u00e3o do produto de Caixa de embalagem de luxo com tampa e base para brincos e colares<\/strong><\/h2>\n<h2 id=\"-1-simple-and-elegant-design-highlighting-brand-texture-\"><strong>1. Design simples e elegante, real\u00e7ando a textura da marca<\/strong><\/h2>\n<p>Esta s\u00e9rie de caixas de embalagem adopta um conceito est\u00e9tico minimalista, e a superf\u00edcie \u00e9 delineada com tecnologia de estampagem a quente em ouro mate de alta precis\u00e3o para delinear o log\u00f3tipo da marca ou o padr\u00e3o de textura, revelando um temperamento luxuoso de uma forma discreta. A colis\u00e3o entre a textura mate e o brilho met\u00e1lico n\u00e3o s\u00f3 est\u00e1 em conformidade com as tend\u00eancias est\u00e9ticas modernas, como tamb\u00e9m refor\u00e7a a mem\u00f3ria visual da marca. O corpo da caixa tem linhas suaves e sem decora\u00e7\u00f5es redundantes, o que vai ao encontro do apelo central das j\u00f3ias de alta qualidade e dos artigos de luxo para embalagens \"simples mas n\u00e3o simples\".<\/p>\n<h2 id=\"-2-full-size-flexible-customization-suitable-for-a-variety-of-products-\"><strong>2. Personaliza\u00e7\u00e3o flex\u00edvel em tamanho real, adequada para uma variedade de produtos<\/strong><\/h2>\n<ul>\n<li><strong>Correspond\u00eancia exacta de tamanhos<\/strong>: Suporta a personaliza\u00e7\u00e3o em tamanho real, desde an\u00e9is (m\u00ednimo 5\u00d75\u00d73,5 cm) a colares (m\u00e1ximo 23\u00d717,5\u00d73,5 cm), cobrindo as necessidades de j\u00f3ias leves, acess\u00f3rios de metais preciosos, etc.<\/li>\n<li><strong>Sele\u00e7\u00e3o flex\u00edvel do tipo de caixa<\/strong>: Fornece uma variedade de tipos de caixas, tais como tampas superior e inferior, tampas magn\u00e9ticas, caixas de almofadas, etc., e pode personalizar estruturas exclusivas de acordo com as formas do produto e os requisitos de exposi\u00e7\u00e3o. Por exemplo, a caixa com tampa magn\u00e9tica \u00e9 f\u00e1cil de abrir e fechar e tem uma veda\u00e7\u00e3o forte, o que \u00e9 adequado para a exposi\u00e7\u00e3o de j\u00f3ias de alta frequ\u00eancia; a caixa com tampa superior e inferior tem prote\u00e7\u00e3o e sentido ritual, o que \u00e9 adequado para cenas de presentes de alta qualidade.<\/li>\n<\/ul>\n<h2 id=\"-3-professional-inner-tray-customization-stable-and-worry-free-protection-\"><strong>3. Personaliza\u00e7\u00e3o profissional do tabuleiro interior, prote\u00e7\u00e3o est\u00e1vel e sem preocupa\u00e7\u00f5es<\/strong><\/h2>\n<ul>\n<li><strong>Diversidade de materiais<\/strong>: O tabuleiro interior pode ser feito de EVA, algod\u00e3o p\u00e9rola, esponja de flocagem, cart\u00e3o de papel de bolha e outros materiais, fixando com precis\u00e3o an\u00e9is, brincos, colares e outros produtos para evitar aban\u00f5es e desgaste durante o transporte ou exposi\u00e7\u00e3o. Por exemplo, o revestimento de flocagem tem uma fun\u00e7\u00e3o anti-est\u00e1tica para proteger o brilho das j\u00f3ias de metal; o tabuleiro interior de bolhas tem uma forte plasticidade e \u00e9 adequado para j\u00f3ias com formas especiais.<\/li>\n<li><strong>Conce\u00e7\u00e3o funcional<\/strong>: Personalize ranhuras exclusivas para cart\u00f5es para diferentes tipos de j\u00f3ias, como ranhuras para an\u00e9is, piercings para brincos, ganchos para colares, etc., para garantir que o produto \u00e9 est\u00e1vel e o efeito de visualiza\u00e7\u00e3o \u00e9 intuitivo.<\/li>\n<\/ul>\n<h2 id=\"-4-full-dimensional-craftsmanship-and-material-customization-to-empower-brand-image-\"><strong>4. Artesanato de dimens\u00e3o total e personaliza\u00e7\u00e3o de materiais para refor\u00e7ar a imagem da marca<\/strong><\/h2>\n<ul>\n<li><strong>Atualiza\u00e7\u00e3o do material<\/strong>: Fornecer materiais de alta qualidade, como papel art\u00edstico especial (como papel perolado, papel t\u00e1til), revestimento de veludo e couro ecol\u00f3gico, para satisfazer as necessidades diferenciadas do luxo ligeiro ao luxo superior. Por exemplo, o material de veludo tem um toque delicado, que combina com a textura quente das j\u00f3ias; o papel especial pode melhorar o n\u00edvel visual atrav\u00e9s de estampagem em relevo, estampagem a quente e outros processos.<\/li>\n<li><strong>Combina\u00e7\u00e3o de tecnologias inova\u00e7\u00e3o<\/strong>: Suporta a sobreposi\u00e7\u00e3o de estampagem a quente\/prata, grava\u00e7\u00e3o em relevo, superf\u00edcie brilhante parcial UV, impress\u00e3o serigr\u00e1fica e outros processos para criar uma linguagem visual de embalagem \u00fanica.<\/li>\n<\/ul>\n<h2 id=\"-5-industry-experience-endorsement-word-of-mouth-trust-choice-\"><strong>5. Aprova\u00e7\u00e3o da experi\u00eancia no sector, escolha da confian\u00e7a boca a boca<\/strong><\/h2>\n<p>Com mais de dez anos de cultivo profundo na ind\u00fastria de embalagens, os nossos servi\u00e7os abrangem marcas internacionais como a Tiffany e a Cartier e joalheiros nacionais emergentes, tendo fornecido solu\u00e7\u00f5es personalizadas a mais de 500 clientes. Com um profundo conhecimento da ind\u00fastria da joalharia, controlamos com precis\u00e3o o ajuste est\u00e9tico entre a embalagem e os produtos, ajudando as marcas a melhorar a sua capacidade de pr\u00e9mio e a experi\u00eancia de desembalagem do utilizador.<\/p>\n<h2 id=\"-6-intelligent-production-system-quality-and-efficiency-double-guarantee-\"><strong>6. Sistema de produ\u00e7\u00e3o inteligente, dupla garantia de qualidade e efici\u00eancia<\/strong><\/h2>\n<p>Com base no sistema de gest\u00e3o inteligente da produ\u00e7\u00e3o, todo o processo, desde a prova de conce\u00e7\u00e3o at\u00e9 \u00e0 produ\u00e7\u00e3o em massa, \u00e9 automatizado e informatizado:<\/p>\n<ul>\n<li><strong>Controlo de qualidade preciso<\/strong>: O equipamento de inspe\u00e7\u00e3o visual AI assegura a precis\u00e3o do processo e a consist\u00eancia de cada caixa de embalagem, com uma taxa de defeito inferior a 0,1%.<\/li>\n<li><strong>Produ\u00e7\u00e3o flex\u00edvel<\/strong>: Apoio a encomendas flex\u00edveis de 50 pe\u00e7as a 10.000 pe\u00e7as, entrega r\u00e1pida no prazo de 7-15 dias, para satisfazer as necessidades das promo\u00e7\u00f5es de \u00e9poca alta da marca ou primeiros lan\u00e7amentos de edi\u00e7\u00e3o limitada.<\/li>\n<\/ul>\n<h2 id=\"-cooperation-value-\"><strong>Valor da coopera\u00e7\u00e3o<\/strong><\/h2>\n<p>Escolha nossa solu\u00e7\u00e3o de embalagem, voc\u00ea obter\u00e1: \u2705\u00a0<strong>Atualiza\u00e7\u00e3o da imagem da marca<\/strong>: Transmitir o tom da marca atrav\u00e9s de um design personalizado para refor\u00e7ar a sensibiliza\u00e7\u00e3o do consumidor; \u2705\u00a0<strong>Otimiza\u00e7\u00e3o da experi\u00eancia do utilizador<\/strong>: Melhoria multidimensional do ritual de abertura e fecho, prote\u00e7\u00e3o e portabilidade, aumentando a vontade de recompra do cliente; \u2705\u00a0<strong>Equil\u00edbrio custo-efic\u00e1cia<\/strong>: Aquisi\u00e7\u00e3o em grande escala e sistema de produ\u00e7\u00e3o inteligente para garantir uma qualidade de topo e um custo razo\u00e1vel.<\/p>","protected":false},"excerpt":{"rendered":"<p>Esta caixa de embalagem com tampa e base adopta uma estrutura de tampa superior e inferior, que \u00e9 f\u00e1cil de transportar. O processo de estampagem a quente de UV + ouro confere \u00e0 embalagem uma sensa\u00e7\u00e3o de luxo e aumenta o valor acrescentado.<\/p>","protected":false},"featured_media":432,"template":"","meta":{"_kad_post_transparent":"default","_kad_post_title":"","_kad_post_layout":"default","_kad_post_sidebar_id":"","_kad_post_content_style":"default","_kad_post_vertical_padding":"default","_kad_post_feature":"","_kad_post_feature_position":"","_kad_post_header":false,"_kad_post_footer":false,"_kad_post_classname":""},"product_brand":[],"product_cat":[15,19,17],"product_tag":[132,130,131],"class_list":{"0":"post-428","1":"product","2":"type-product","3":"status-publish","4":"has-post-thumbnail","6":"product_cat-red-light-therapy","7":"product_cat-red-light-therapy-stand","8":"product_cat-services","9":"product_tag-necklace-packaging","10":"product_tag-ring-packaging","11":"product_tag-wholesale-earring-packaging","13":"first","14":"instock","15":"shipping-taxable","16":"product-type-simple","17":"entry","18":"content-bg","19":"loop-entry"},"_links":{"self":[{"href":"https:\/\/red-lighttherapy.com\/pt_pt\/wp-json\/wp\/v2\/product\/428","targetHints":{"allow":["GET"]}}],"collection":[{"href":"https:\/\/red-lighttherapy.com\/pt_pt\/wp-json\/wp\/v2\/product"}],"about":[{"href":"https:\/\/red-lighttherapy.com\/pt_pt\/wp-json\/wp\/v2\/types\/product"}],"wp:featuredmedia":[{"embeddable":true,"href":"https:\/\/red-lighttherapy.com\/pt_pt\/wp-json\/wp\/v2\/media\/432"}],"wp:attachment":[{"href":"https:\/\/red-lighttherapy.com\/pt_pt\/wp-json\/wp\/v2\/media?parent=428"}],"wp:term":[{"taxonomy":"product_brand","embeddable":true,"href":"https:\/\/red-lighttherapy.com\/pt_pt\/wp-json\/wp\/v2\/product_brand?post=428"},{"taxonomy":"product_cat","embeddable":true,"href":"https:\/\/red-lighttherapy.com\/pt_pt\/wp-json\/wp\/v2\/product_cat?post=428"},{"taxonomy":"product_tag","embeddable":true,"href":"https:\/\/red-lighttherapy.com\/pt_pt\/wp-json\/wp\/v2\/product_tag?post=428"}],"curies":[{"name":"wp","href":"https:\/\/api.w.org\/{rel}","templated":true}]}}