{"id":416,"date":"2025-04-11T11:52:55","date_gmt":"2025-04-11T11:52:55","guid":{"rendered":"https:\/\/red-lighttherapy.com\/?post_type=product&#038;p=416"},"modified":"2025-04-20T05:59:36","modified_gmt":"2025-04-20T05:59:36","slug":"lid-and-base-box-mobile-cell-phone-packaging-box-factory","status":"publish","type":"product","link":"https:\/\/red-lighttherapy.com\/pt_pt\/lid-and-base-box-mobile-cell-phone-packaging-box-factory\/","title":{"rendered":"F\u00e1brica de caixas de embalagem de telem\u00f3veis com tampa e base"},"content":{"rendered":"<h2 id=\"-product-description-of-mobile-phone-box-with-top-and-bottom-cover-\"><strong>Descri\u00e7\u00e3o de Produto de F\u00e1brica de Caixa de Embalagem de Telem\u00f3vel com Tampa e Base<\/strong><\/h2>\n<h2 id=\"-1-box-design-top-and-bottom-cover-structure-practical-and-environmentally-friendly-\"><strong>1. Design da caixa: Estrutura da tampa e da base, pr\u00e1tica e amiga do ambiente<\/strong><\/h2>\n<p>Este produto adopta o design cl\u00e1ssico da tampa e da caixa de base. A tampa superior e a caixa inferior s\u00e3o unidas com precis\u00e3o. \u00c9 f\u00e1cil de abrir e fechar e tem um forte sentido de ritual, proporcionando aos consumidores uma experi\u00eancia \u00fanica de desembalagem. A estrutura da tampa superior e inferior n\u00e3o s\u00f3 protege eficazmente a seguran\u00e7a do transporte do produto, como tamb\u00e9m apresenta as seguintes vantagens:<\/p>\n<ul>\n<li><strong>Utiliza\u00e7\u00e3o secund\u00e1ria<\/strong>: O corpo da caixa adopta um design modular e pode ser facilmente separado sem cola ou desmontagem complicada. Os consumidores podem reutiliz\u00e1-la como caixa de arruma\u00e7\u00e3o, caixa de exposi\u00e7\u00e3o, etc., o que est\u00e1 de acordo com o conceito de prote\u00e7\u00e3o ambiental.<\/li>\n<li><strong>Elevada adaptabilidade<\/strong>: Suporta tamanho personalizado (altura, largura e profundidade ilimitadas), adequado para telem\u00f3veis, acess\u00f3rios digitais, artigos de luxo e outros produtos.<\/li>\n<\/ul>\n<h2 id=\"-2-appearance-craftsmanship-light-luxury-blue-and-gold-color-matching-highlighting-brand-style-\"><strong>2. Apar\u00eancia artesanal: Cor azul claro de luxo e cor dourada a condizer, real\u00e7ando o estilo da marca<\/strong><\/h2>\n<ul>\n<li><strong>Correspond\u00eancia de cores<\/strong>: A cor principal \u00e9 o azul-marinho profundo, combinado com a tecnologia de estampagem a quente (como o LOGOTIPO da marca, padr\u00f5es, etc.), formando um forte contraste visual, criando uma atmosfera leve, luxuosa e nobre.<\/li>\n<li><strong>Tecnologia de estampagem a quente<\/strong>: Utilizar equipamento de estampagem a quente de alta precis\u00e3o para garantir que os bordos do padr\u00e3o s\u00e3o claros e sem rebarbas, e os fundos dourado e azul formam um sentido tridimensional de hierarquia, o que aumenta a atratividade da exposi\u00e7\u00e3o do produto.<\/li>\n<\/ul>\n<h2 id=\"-3-core-material-high-load-bearing-gray-board-coated-paper-quality-and-performance-\"><strong>3. Material do n\u00facleo: cart\u00e3o cinzento de elevada resist\u00eancia \u00e0 carga + papel revestido, qualidade e desempenho<\/strong><\/h2>\n<ul>\n<li><strong>Substrato de cart\u00e3o cinzento<\/strong>: Selecionar cart\u00e3o cinzento de alta densidade de 1200 GSM, com espessura uniforme, forte liga\u00e7\u00e3o entre camadas e desempenho de compress\u00e3o superior a 150 kg, evitando eficazmente a deforma\u00e7\u00e3o durante o transporte. A superf\u00edcie do cart\u00e3o cinzento \u00e9 plana, o que \u00e9 conveniente para o processo de montagem subsequente, e suporta a dobragem e a forma\u00e7\u00e3o, com arestas e cantos vivos e aspeto requintado.<\/li>\n<li><strong>Material do papel de revestimento<\/strong>: A camada exterior \u00e9 revestida com papel revestido de 157 GSM, com elevada reprodu\u00e7\u00e3o de cores, compat\u00edvel com impress\u00e3o offset, impress\u00e3o UV e outros processos, e o padr\u00e3o \u00e9 delicado, resistente ao desgaste e aos riscos.<\/li>\n<\/ul>\n<h2 id=\"-4-inner-support-design-multiple-material-selection-precise-product-fixation-\"><strong>4. Conce\u00e7\u00e3o do suporte interior: sele\u00e7\u00e3o m\u00faltipla de materiais, fixa\u00e7\u00e3o precisa do produto<\/strong><\/h2>\n<ul>\n<li><strong>Solu\u00e7\u00e3o de suporte interior<\/strong>: Fornecer EVA, algod\u00e3o p\u00e9rola, esponja, blister de cart\u00e3o de papel e outros materiais de revestimento, personalizar ranhuras de forma especial de acordo com a forma do produto para garantir que o telem\u00f3vel e os acess\u00f3rios s\u00e3o est\u00e1veis e \u00e0 prova de choque.<\/li>\n<li><strong>Otimiza\u00e7\u00e3o de fun\u00e7\u00f5es<\/strong>:<\/li>\n<li><strong>EVA\/algod\u00e3o p\u00e9rola<\/strong>: Amortecedor de elevada elasticidade, adequado para objectos fr\u00e1geis;<\/li>\n<li><strong>Cart\u00e3o de papel blister<\/strong>: Amigo do ambiente e degrad\u00e1vel, adequado para o posicionamento de presentes de alta qualidade;<\/li>\n<li><strong>Fixa\u00e7\u00e3o da l\u00edngua<\/strong>: A estrutura de lingueta e macaco permite a montagem r\u00e1pida do tabuleiro interior e do corpo da caixa para melhorar a efici\u00eancia da embalagem.<\/li>\n<\/ul>\n<h2 id=\"-5-production-capacity-automated-production-line-efficient-delivery-of-large-scale-orders-\"><strong>5. Capacidade de produ\u00e7\u00e3o: Linha de produ\u00e7\u00e3o automatizada, entrega eficiente de encomendas em grande escala<\/strong><\/h2>\n<ul>\n<li><strong>Equipamento inteligente<\/strong>: Equipada com m\u00e1quinas de corte e vinco totalmente autom\u00e1ticas, m\u00e1quinas de forma\u00e7\u00e3o de blisters, m\u00e1quinas de estampagem a quente e outros equipamentos para obter uma produ\u00e7\u00e3o integrada, desde a abertura de fendas, colagem de cantos at\u00e9 \u00e0 moldagem, com uma capacidade de produ\u00e7\u00e3o di\u00e1ria m\u00e9dia de mais de 100 000 pe\u00e7as.<\/li>\n<li><strong>Vantagens do processo<\/strong>:<\/li>\n<li><strong>Corte de precis\u00e3o<\/strong>: A tecnologia de posicionamento a laser garante que o erro de ranhura da placa cinzenta \u00e9 \u22641mm, evitando rebarbas na caixa dobr\u00e1vel;<\/li>\n<li><strong>Mudan\u00e7a r\u00e1pida de molde<\/strong>: Os moldes modulares permitem mudar as especifica\u00e7\u00f5es dos produtos em 15 minutos para satisfazer as necessidades de v\u00e1rios lotes de encomendas.<\/li>\n<\/ul>\n<h2 id=\"-6-quality-control-full-process-inspection-to-ensure-zero-product-defects-\"><strong>6. Controlo de qualidade: inspe\u00e7\u00e3o completa do processo para garantir zero defeitos no produto<\/strong><\/h2>\n<ul>\n<li><strong>Inspe\u00e7\u00e3o de mat\u00e9rias-primas<\/strong>Os par\u00e2metros como a permeabilidade do cart\u00e3o cinzento e o peso do papel revestido s\u00e3o todos certificados pelo FSC para eliminar o risco de delamina\u00e7\u00e3o e deforma\u00e7\u00e3o.<\/li>\n<li><strong>Monitoriza\u00e7\u00e3o do processo<\/strong>:<\/li>\n<li><strong>Inspe\u00e7\u00e3o da primeira pe\u00e7a<\/strong>: o teste de press\u00e3o e a verifica\u00e7\u00e3o das dimens\u00f5es da primeira pe\u00e7a s\u00e3o efectuados antes de cada lote de produ\u00e7\u00e3o;<\/li>\n<li><strong>Inspe\u00e7\u00e3o em linha<\/strong>Monitoriza\u00e7\u00e3o em tempo real do desvio da posi\u00e7\u00e3o de estampagem a quente, diferen\u00e7a de cor de impress\u00e3o, etc. atrav\u00e9s do sistema de vis\u00e3o artificial.<\/li>\n<li><strong>Aceita\u00e7\u00e3o do produto acabado<\/strong>: As normas ASTM s\u00e3o implementadas e os testes de vibra\u00e7\u00e3o de transporte s\u00e3o simulados para garantir que a taxa de aprova\u00e7\u00e3o do teste de queda \u00e9 \u226599,9%.<\/li>\n<\/ul>\n<h2 id=\"-cooperation-advantages-and-service-commitments-\"><strong>Vantagens da coopera\u00e7\u00e3o e compromissos de servi\u00e7o<\/strong><\/h2>\n<ul>\n<li><strong>Servi\u00e7o personalizado<\/strong>: Os projectos de conce\u00e7\u00e3o 3D e a prova f\u00edsica s\u00e3o fornecidos gratuitamente e as amostras s\u00e3o entregues no prazo de 3 dias;<\/li>\n<li><strong>Certifica\u00e7\u00e3o ambiental<\/strong>: os materiais cumprem as normas REACH e RoHS e suportam processos degrad\u00e1veis;<\/li>\n<li><strong>Garantia p\u00f3s-venda<\/strong>: retrabalho incondicional para problemas de qualidade, e \u00e9 fornecido um relat\u00f3rio de rastreabilidade da qualidade do ciclo de vida completo.<\/li>\n<\/ul>\n<p>Atrav\u00e9s da integra\u00e7\u00e3o profunda dos designs, materiais e processos acima referidos, as caixas de embalagem com tampa e topo produzidas por esta f\u00e1brica n\u00e3o s\u00f3 satisfazem as necessidades funcionais, como tamb\u00e9m refor\u00e7am o valor da marca com uma est\u00e9tica de luxo leve e conceitos de prote\u00e7\u00e3o ambiental, ajudando os clientes a criar uma imagem diferenciada de produto topo de gama.<\/p>","protected":false},"excerpt":{"rendered":"<p>Esta caixa de embalagem com tampa e base adopta uma estrutura de tampa superior e inferior, que \u00e9 f\u00e1cil de transportar. O processo de estampagem a quente de UV + ouro confere \u00e0 embalagem uma sensa\u00e7\u00e3o de luxo e aumenta o valor acrescentado.<\/p>","protected":false},"featured_media":425,"template":"","meta":{"_kad_post_transparent":"default","_kad_post_title":"","_kad_post_layout":"default","_kad_post_sidebar_id":"","_kad_post_content_style":"default","_kad_post_vertical_padding":"default","_kad_post_feature":"","_kad_post_feature_position":"","_kad_post_header":false,"_kad_post_footer":false,"_kad_post_classname":""},"product_brand":[],"product_cat":[15,19,17],"product_tag":[129,128,127],"class_list":{"0":"post-416","1":"product","2":"type-product","3":"status-publish","4":"has-post-thumbnail","6":"product_cat-red-light-therapy","7":"product_cat-red-light-therapy-stand","8":"product_cat-services","9":"product_tag-cell-phone-packaging-factory","10":"product_tag-cellphone-packaging-box","11":"product_tag-mobile-phone-boxes","13":"first","14":"instock","15":"shipping-taxable","16":"product-type-simple","17":"entry","18":"content-bg","19":"loop-entry"},"_links":{"self":[{"href":"https:\/\/red-lighttherapy.com\/pt_pt\/wp-json\/wp\/v2\/product\/416","targetHints":{"allow":["GET"]}}],"collection":[{"href":"https:\/\/red-lighttherapy.com\/pt_pt\/wp-json\/wp\/v2\/product"}],"about":[{"href":"https:\/\/red-lighttherapy.com\/pt_pt\/wp-json\/wp\/v2\/types\/product"}],"wp:featuredmedia":[{"embeddable":true,"href":"https:\/\/red-lighttherapy.com\/pt_pt\/wp-json\/wp\/v2\/media\/425"}],"wp:attachment":[{"href":"https:\/\/red-lighttherapy.com\/pt_pt\/wp-json\/wp\/v2\/media?parent=416"}],"wp:term":[{"taxonomy":"product_brand","embeddable":true,"href":"https:\/\/red-lighttherapy.com\/pt_pt\/wp-json\/wp\/v2\/product_brand?post=416"},{"taxonomy":"product_cat","embeddable":true,"href":"https:\/\/red-lighttherapy.com\/pt_pt\/wp-json\/wp\/v2\/product_cat?post=416"},{"taxonomy":"product_tag","embeddable":true,"href":"https:\/\/red-lighttherapy.com\/pt_pt\/wp-json\/wp\/v2\/product_tag?post=416"}],"curies":[{"name":"wp","href":"https:\/\/api.w.org\/{rel}","templated":true}]}}