{"id":367,"date":"2025-04-11T06:02:12","date_gmt":"2025-04-11T06:02:12","guid":{"rendered":"https:\/\/red-lighttherapy.com\/?post_type=product&#038;p=367"},"modified":"2025-04-11T06:30:31","modified_gmt":"2025-04-11T06:30:31","slug":"luxury-perfume-cosmetics-clamshell-rigid-boxes-suppliers","status":"publish","type":"product","link":"https:\/\/red-lighttherapy.com\/pt_pt\/luxury-perfume-cosmetics-clamshell-rigid-boxes-suppliers\/","title":{"rendered":"Caixas r\u00edgidas com concha para cosm\u00e9ticos e perfumes de luxo Fornecedores"},"content":{"rendered":"<h2 id=\"-product-description-of-high-end-perfume-and-cosmetics-flip-top-hard-box-\"><strong>Descri\u00e7\u00e3o de Produto de Caixas r\u00edgidas com concha para cosm\u00e9ticos e perfumes de luxo Fornecedores<\/strong><\/h2>\n<p><strong>--Artesanato, solu\u00e7\u00f5es de embalagem de luxo personalizadas<\/strong><\/p>\n<h2 id=\"-i-innovative-design-one-handed-operation-smooth-opening-and-closing-\"><strong>1. Design inovador: funcionamento com uma s\u00f3 m\u00e3o, abertura e fecho suaves<\/strong><\/h2>\n<p>Esta caixa de oferta em concha adopta a caixa de oferta em concha<strong>\u00a0conce\u00e7\u00e3o da estrutura<\/strong>A parte da dobradi\u00e7a \u00e9 processada por moldes de precis\u00e3o para garantir uma abertura e um fecho suaves e pode ser facilmente acionada com uma m\u00e3o. O corpo da caixa foi testado quanto \u00e0 sua durabilidade e suporta\u00a0<strong>mais de 10.000 aberturas e encerramentos repetidos<\/strong>que satisfaz as necessidades de utiliza\u00e7\u00e3o a longo prazo dos cosm\u00e9ticos topo de gama. A tampa articulada \u00e9 combinada com suc\u00e7\u00e3o magn\u00e9tica ou design de fivela (opcional) para aumentar a estabilidade do fecho e evitar a abertura acidental durante o transporte.<\/p>\n<h2 id=\"-ii-material-and-structure-stable-protection-upgraded-touch-\"><strong>2. Material e estrutura: prote\u00e7\u00e3o est\u00e1vel, toque melhorado<\/strong><\/h2>\n<ol>\n<li><strong>Papel revestido 157GGSM<\/strong>: superf\u00edcie lisa e delicada, elevada reprodu\u00e7\u00e3o de cores, padr\u00e3o impresso n\u00edtido e tridimensional.<\/li>\n<li><strong>Cart\u00e3o cinzento de alta densidade 1200GSM<\/strong>A dureza do corpo da caixa atinge o n\u00edvel l\u00edder do sector e a resist\u00eancia \u00e0 compress\u00e3o \u00e9 aumentada em 30%, resistindo eficazmente ao impacto externo.<\/li>\n<li>A cor principal \u00e9\u00a0<strong>verde escuro e preto mate<\/strong>. O tom verde-escuro transmite uma sensa\u00e7\u00e3o de luxo natural, e as linhas pretas delineiam o contorno simples, o que reduz a fadiga visual e refor\u00e7a o reconhecimento da marca.<\/li>\n<\/ol>\n<h2 id=\"-third-surface-technology-long-term-protection-excellent-texture-\"><strong>3. Tecnologia de superf\u00edcie: prote\u00e7\u00e3o a longo prazo, excelente textura<\/strong><\/h2>\n<p>O corpo da caixa \u00e9 tratado com\u00a0<strong>tecnologia de lamina\u00e7\u00e3o completa<\/strong>\u00a0(pel\u00edcula brilhante\/ pel\u00edcula mate\/ pel\u00edcula t\u00e1til opcional):<\/p>\n<ul>\n<li><strong>Imperme\u00e1vel e anti-incrustante<\/strong>: bloqueiam eficazmente a penetra\u00e7\u00e3o de l\u00edquidos e prolongam a vida \u00fatil da embalagem.<\/li>\n<li><strong>Resistente ao desgaste e aos riscos<\/strong>: A dureza da superf\u00edcie atinge 3H para evitar riscos durante o transporte ou a exposi\u00e7\u00e3o.<\/li>\n<li><strong>Personaliza\u00e7\u00e3o do brilho<\/strong>: A pel\u00edcula mate apresenta um luxo discreto, a pel\u00edcula brilhante aumenta o impacto visual e a pel\u00edcula t\u00e1til confere uma textura aveludada \u00fanica.<\/li>\n<\/ul>\n<h2 id=\"-fourth-functional-lining-shock-resistant-and-cushioning-details-win-\"><strong>4. Forro funcional: resistente aos choques e amortecedor, pormenores<\/strong><\/h2>\n<ol>\n<li><strong>Forro em EVA flocking<\/strong>A esponja de amortecimento: adapta-se ao contorno da garrafa, o desempenho de amortecimento \u00e9 melhor do que o das esponjas tradicionais e pode reduzir 80% da for\u00e7a de impacto no teste de queda.<\/li>\n<li><strong>Estrutura em camadas de cart\u00e3o<\/strong>: O design em favo de mel melhora a capacidade de carga e \u00e9 adequado para objectos fr\u00e1geis, como garrafas de vidro e frascos de cer\u00e2mica.<\/li>\n<li><strong>Forro em tecido de seda\/r\u00e1fia<\/strong>: Tecido de seda opcional para real\u00e7ar o toque, ou r\u00e1fia natural para adicionar uma textura ecol\u00f3gica para satisfazer o tom de diferentes marcas.<\/li>\n<\/ol>\n<h2 id=\"-v-deep-customization-flexible-adaptation-to-multiple-needs-\"><strong>5. Personaliza\u00e7\u00e3o profunda: Adapta\u00e7\u00e3o flex\u00edvel a m\u00faltiplas necessidades<\/strong><\/h2>\n<ol>\n<li>Apoios\u00a0<strong>fundo e tampa inferior, tipo gaveta, tipo tampa deslizante<\/strong>\u00a0e outros tipos de caixas, com uma gama de tamanhos de 50\u00d750\u00d750mm a 300\u00d7300\u00d7200mm, adequadas para frascos de perfume, ess\u00eancias, batons e outros produtos.<\/li>\n<li><strong>Estampagem a quente\/grava\u00e7\u00e3o em relevo UV<\/strong>: Impress\u00e3o parcial a quente do LOGOTIPO ou impress\u00e3o tridimensional UV para melhorar a mem\u00f3ria visual da marca.<\/li>\n<li><strong>Janela oca<\/strong>: Com material PET transparente, os produtos podem ser expostos de forma intuitiva e aumentar o seu atrativo.<\/li>\n<\/ol>\n<h2 id=\"-six-production-guarantee-large-scale-intelligent-manufacturing-worry-free-delivery-\"><strong>6. Garantia de produ\u00e7\u00e3o: fabrico inteligente em grande escala, entrega sem preocupa\u00e7\u00f5es<\/strong><\/h2>\n<ul>\n<li><strong>For\u00e7a de f\u00e1brica<\/strong>: 5320\u33a1 f\u00e1brica padronizada, 16 anos de experi\u00eancia na ind\u00fastria, equipada com m\u00e1quina de corte e vinco totalmente autom\u00e1tica, m\u00e1quina de lamina\u00e7\u00e3o e linha de impress\u00e3o digital, com capacidade de produ\u00e7\u00e3o di\u00e1ria de 50.000 pe\u00e7as.<\/li>\n<li><strong>Sistema de controlo da qualidade<\/strong>: Passou a certifica\u00e7\u00e3o ISO 9001, controla rigorosamente 12 liga\u00e7\u00f5es de inspe\u00e7\u00e3o de qualidade desde a aquisi\u00e7\u00e3o de mat\u00e9rias-primas at\u00e9 \u00e0 entrega do produto acabado, e a taxa de defeitos \u00e9 inferior a 0,3%.<\/li>\n<li><strong>Prazo de entrega<\/strong>: As encomendas normais s\u00e3o entregues em 7-10 dias, e as encomendas urgentes podem ser encurtadas para 3 dias, apoiando a coopera\u00e7\u00e3o log\u00edstica global.<\/li>\n<\/ul>\n<h2 id=\"-application-scenarios-\"><strong>Cen\u00e1rios de aplica\u00e7\u00e3o<\/strong><\/h2>\n<ul>\n<li><strong>Perfume topo de gama<\/strong>: Caixa magn\u00e9tica flip box personalizada com forro em EVA para proteger a garrafa de vidro e real\u00e7ar o estilo da marca.<\/li>\n<li><strong>Caixa de oferta para cuidados da pele<\/strong>: A estrutura tipo gaveta de v\u00e1rias camadas acomoda ess\u00eancias, cremes e outras categorias, e a pel\u00edcula t\u00e1til \u00e9 coberta para aumentar a sensa\u00e7\u00e3o de cerim\u00f3nia ao abrir a caixa.<\/li>\n<li><strong>Maquilhagem de edi\u00e7\u00e3o limitada<\/strong>: O corpo da caixa de formato especial \u00e9 combinado com acess\u00f3rios met\u00e1licos para criar uma embalagem ao n\u00edvel da cole\u00e7\u00e3o.<\/li>\n<\/ul>","protected":false},"excerpt":{"rendered":"<p>Esta caixa de oferta em forma de concha \u00e9 f\u00e1cil de abrir e fechar e pode ser reutilizada. O corpo da caixa \u00e9 maioritariamente verde para reduzir a fadiga visual. Pode ser altamente personalizada para se adaptar \u00e0s suas embalagens de perfumes e cosm\u00e9ticos.<\/p>","protected":false},"featured_media":372,"template":"","meta":{"_kad_post_transparent":"default","_kad_post_title":"","_kad_post_layout":"default","_kad_post_sidebar_id":"","_kad_post_content_style":"default","_kad_post_vertical_padding":"default","_kad_post_feature":"","_kad_post_feature_position":"","_kad_post_header":false,"_kad_post_footer":false,"_kad_post_classname":""},"product_brand":[],"product_cat":[15,28,27,17],"product_tag":[121,122,120],"class_list":{"0":"post-367","1":"product","2":"type-product","3":"status-publish","4":"has-post-thumbnail","6":"product_cat-red-light-therapy","7":"product_cat-customize","8":"product_cat-red-light-therapy-belt","9":"product_cat-services","10":"product_tag-cosmetics-rigid-boxes","11":"product_tag-luxury-perfume-boxes-suppliers","12":"product_tag-perfume-clamshell-boxes","14":"first","15":"instock","16":"shipping-taxable","17":"product-type-simple","18":"entry","19":"content-bg","20":"loop-entry"},"_links":{"self":[{"href":"https:\/\/red-lighttherapy.com\/pt_pt\/wp-json\/wp\/v2\/product\/367","targetHints":{"allow":["GET"]}}],"collection":[{"href":"https:\/\/red-lighttherapy.com\/pt_pt\/wp-json\/wp\/v2\/product"}],"about":[{"href":"https:\/\/red-lighttherapy.com\/pt_pt\/wp-json\/wp\/v2\/types\/product"}],"wp:featuredmedia":[{"embeddable":true,"href":"https:\/\/red-lighttherapy.com\/pt_pt\/wp-json\/wp\/v2\/media\/372"}],"wp:attachment":[{"href":"https:\/\/red-lighttherapy.com\/pt_pt\/wp-json\/wp\/v2\/media?parent=367"}],"wp:term":[{"taxonomy":"product_brand","embeddable":true,"href":"https:\/\/red-lighttherapy.com\/pt_pt\/wp-json\/wp\/v2\/product_brand?post=367"},{"taxonomy":"product_cat","embeddable":true,"href":"https:\/\/red-lighttherapy.com\/pt_pt\/wp-json\/wp\/v2\/product_cat?post=367"},{"taxonomy":"product_tag","embeddable":true,"href":"https:\/\/red-lighttherapy.com\/pt_pt\/wp-json\/wp\/v2\/product_tag?post=367"}],"curies":[{"name":"wp","href":"https:\/\/api.w.org\/{rel}","templated":true}]}}