{"id":361,"date":"2025-04-11T05:27:38","date_gmt":"2025-04-11T05:27:38","guid":{"rendered":"https:\/\/red-lighttherapy.com\/?post_type=product&#038;p=361"},"modified":"2025-04-11T06:31:01","modified_gmt":"2025-04-11T06:31:01","slug":"high-end-gold-paper-lid-and-base-chocolate-box-manufacturer","status":"publish","type":"product","link":"https:\/\/red-lighttherapy.com\/pt_pt\/high-end-gold-paper-lid-and-base-chocolate-box-manufacturer\/","title":{"rendered":"Caixa de chocolate com tampa e base de papel dourado de alta qualidade Fabricante"},"content":{"rendered":"<h2 id=\"-high-end-gold-card-chocolate-box-product-description-\"><strong>Caixa de chocolate de papel dourado topo de gama Descri\u00e7\u00e3o do produto<\/strong><\/h2>\n<p>--Explicando um banquete luxuoso com artesanato<\/p>\n<p>Como fabricante profissional com 16 anos de experi\u00eancia no fabrico de embalagens, concentramo-nos na cria\u00e7\u00e3o de solu\u00e7\u00f5es de embalagem art\u00edsticas e funcionais para marcas de chocolate de alta qualidade. A f\u00e1brica cobre uma \u00e1rea de 5.320 metros quadrados e est\u00e1 equipada com linhas de produ\u00e7\u00e3o totalmente automatizadas e equipamento de moldes de precis\u00e3o. Com uma capacidade de produ\u00e7\u00e3o eficiente e um controlo de qualidade rigoroso para garantir a estabilidade do produto, lan\u00e7amos agora uma nova\u00a0<strong>Caixa de presente de chocolate com carimbo a quente em relevo com cart\u00e3o dourado<\/strong>\u00a0com as seguintes vantagens principais:<\/p>\n<h2 id=\"-1-materials-and-crafts-the-ultimate-luxurious-tactile-and-visual-experience-\"><strong>1. Materiais e artesanato: a derradeira experi\u00eancia t\u00e1til e visual de luxo<\/strong><\/h2>\n<ol>\n<li><strong>Material de base de cart\u00e3o dourado e artesanato em relevo<\/strong>\u00a0Utilizando papel de cart\u00e3o dourado de alta gramagem (papel dourado) como material principal, a superf\u00edcie \u00e9 gofrada com texturas tridimensionais (como textura de imita\u00e7\u00e3o de couro, relevo geom\u00e9trico ou relevo floral) atrav\u00e9s de moldes personalizados, que t\u00eam um toque delicado e s\u00e3o resistentes ao desgaste e \u00e0 press\u00e3o. O processo de lamina\u00e7\u00e3o mate real\u00e7a ainda mais o brilho da superf\u00edcie, fazendo com que a base dourada apresente um efeito mate ou brilhante, conferindo \u00e0 embalagem uma textura discreta e luxuosa.<\/li>\n<li><strong>Tecnologia de estampagem a quente: uma express\u00e3o brilhante dos s\u00edmbolos da marca<\/strong>\u00a0Utilizando a folha de alum\u00ednio eletroqu\u00edmica alem\u00e3 Kurz, a m\u00e1quina de estampagem plana efectua transfer\u00eancias t\u00e9rmicas com precis\u00e3o para obter uma apresenta\u00e7\u00e3o tridimensional de log\u00f3tipos, texto ou bordos em vermelho e dourado. A cor vermelha e dourada \u00e9 completa, formando um contraste frio e quente com o fundo dourado do cart\u00e3o, o que pode atrair rapidamente a aten\u00e7\u00e3o quando exposto na prateleira e aumentar o reconhecimento da marca.<\/li>\n<\/ol>\n<h2 id=\"-second-design-elements-dynamic-aesthetics-and-artistic-details-\"><strong>2. Elementos de conce\u00e7\u00e3o: est\u00e9tica din\u00e2mica e pormenores art\u00edsticos<\/strong><\/h2>\n<ol>\n<li><strong>Forma de la\u00e7o de fita: um toque final inteligente<\/strong>\u00a0A parte superior ou lateral da tampa da caixa \u00e9 combinada com um la\u00e7o de seda mate\/brilhante tecido \u00e0 m\u00e3o, que pode ser selecionado em vermelho vinho, dourado champanhe ou cores personalizadas. A fita pode ser embutida com letras de estampagem a quente ou incrustada com fivelas de cristal para criar um sentido tridimensional em camadas, o que \u00e9 adequado para cenas cerimoniais de alto n\u00edvel, como doces de casamento e presentes de Natal.<\/li>\n<li><strong>Revestimento interior ondulado por pontos: fluxo visual e prote\u00e7\u00e3o funcional<\/strong>\u00a0O tabuleiro interior \u00e9 feito de EVA ou flanela de qualidade alimentar, e \u00e9 formado um padr\u00e3o de pontos ondulados com gradiente atrav\u00e9s de grava\u00e7\u00e3o a laser. Os pontos est\u00e3o dispostos numa propor\u00e7\u00e3o \u00e1urea para simular o fluxo do chocolate quando este derrete, e a estrutura c\u00f4ncava e convexa fixa o chocolate individual para evitar a colis\u00e3o no transporte.<\/li>\n<\/ol>\n<h2 id=\"-three-customized-services-fully-meet-brand-needs-\"><strong>3. Servi\u00e7os personalizados: satisfazer plenamente as necessidades da marca<\/strong><\/h2>\n<ol>\n<li><strong>Adapta\u00e7\u00e3o flex\u00edvel do tipo e tamanho da caixa<\/strong>\u00a0Fornece mais de 20 tipos de caixas normalizadas, tais como tampas superiores e inferiores, caixas em forma de livro, caixas de gaveta, etc., e suporta designs de formas especiais n\u00e3o normalizadas (tais como em forma de cora\u00e7\u00e3o e hexagonais). A gama de tamanhos abrange desde mini embalagens de gr\u00e3o \u00fanico de 5 cm\u00b3 a cestos de oferta multicamadas de 30 cm\u00b3, adequados para todas as categorias de chocolate, como trufas, blocos e sandu\u00edches.<\/li>\n<li><strong>Op\u00e7\u00f5es de personaliza\u00e7\u00e3o de links completos<\/strong><\/li>\n<li><strong>Atualiza\u00e7\u00e3o do material<\/strong>: cart\u00f5es opcionais em ouro escovado, papel fantasia para laser, bases de papel biodegrad\u00e1veis e ecol\u00f3gicas, etc;<\/li>\n<li><strong>Esquema de cores<\/strong>: Impress\u00e3o a cores especiais Pantone, verniz UV local, revestimento perolado e outros processos para obter uma correspond\u00eancia de cores personalizada;<\/li>\n<li><strong>Combina\u00e7\u00e3o de acess\u00f3rios<\/strong>: podem ser combinados com acess\u00f3rios adicionais, como fivelas magn\u00e9ticas, forros de veludo e cart\u00f5es de felicita\u00e7\u00f5es com carimbo dourado, para aumentar a sensa\u00e7\u00e3o de cerim\u00f3nia ao abrir a caixa.<\/li>\n<li><strong>Prova eficiente e entrega de lotes<\/strong>\u00a0O ciclo de prova \u00e9 de 3-5 dias \u00fateis, suportando uma encomenda m\u00ednima de 500 pe\u00e7as, e a capacidade de produ\u00e7\u00e3o di\u00e1ria atinge 5 milh\u00f5es de pe\u00e7as. O sistema ERP \u00e9 utilizado para acompanhar todo o processo de encomenda, a fim de garantir a consist\u00eancia dos prazos de entrega e da qualidade.<\/li>\n<\/ol>\n<h2 id=\"-iv-application-scenarios-and-competitive-advantages-\"><strong>4. Cen\u00e1rios de aplica\u00e7\u00e3o e vantagens competitivas<\/strong><\/h2>\n<ul>\n<li><strong>Adapta\u00e7\u00e3o do cen\u00e1rio<\/strong>: doces de casamento, artigos de luxo com marca pr\u00f3pria, edi\u00e7\u00f5es limitadas de f\u00e9rias, presentes personalizados para empresas, etc;<\/li>\n<li><strong>Certifica\u00e7\u00e3o ambiental<\/strong>: Alguns materiais obtiveram a certifica\u00e7\u00e3o florestal FSC e cumprem as normas da UE relativas aos materiais que entram em contacto com os alimentos;<\/li>\n<li><strong>Servi\u00e7os de valor acrescentado<\/strong>: Desenho de renderiza\u00e7\u00e3o 3D gratuito, solu\u00e7\u00f5es de log\u00edstica transfronteiri\u00e7a e sugest\u00f5es de embalagens para hist\u00f3rias de marcas.<\/li>\n<\/ul>\n<h2 id=\"-choosing-us-is-not-only-choosing-a-packaging-but-also-injecting-soul-into-the-brand-\"><strong>Escolher-nos n\u00e3o \u00e9 apenas escolher uma embalagem, mas tamb\u00e9m injetar alma na marca.<\/strong><\/h2>\n<p>Desde a sele\u00e7\u00e3o de materiais at\u00e9 ao trabalho artesanal, desde o design est\u00e9tico at\u00e9 \u00e0 entrega eficiente, ajudamos cada chocolate a tornar-se uma obra de arte com o cora\u00e7\u00e3o de um artes\u00e3o.<\/p>","protected":false},"excerpt":{"rendered":"<p>Esta caixa \u00e9 feita de papel dourado e tem um processo de estampagem a quente vermelho que pode dar um charme \u00fanico \u00e0 sua marca.<\/p>","protected":false},"featured_media":364,"template":"","meta":{"_kad_post_transparent":"default","_kad_post_title":"","_kad_post_layout":"default","_kad_post_sidebar_id":"","_kad_post_content_style":"default","_kad_post_vertical_padding":"default","_kad_post_feature":"","_kad_post_feature_position":"","_kad_post_header":false,"_kad_post_footer":false,"_kad_post_classname":""},"product_brand":[],"product_cat":[15,19,17],"product_tag":[118,117,119],"class_list":{"0":"post-361","1":"product","2":"type-product","3":"status-publish","4":"has-post-thumbnail","6":"product_cat-red-light-therapy","7":"product_cat-red-light-therapy-stand","8":"product_cat-services","9":"product_tag-china-chocolate-box","10":"product_tag-chocolate-box-manufacturer","11":"product_tag-lid-bnd-base-chocolate-box","13":"first","14":"instock","15":"shipping-taxable","16":"product-type-simple","17":"entry","18":"content-bg","19":"loop-entry"},"_links":{"self":[{"href":"https:\/\/red-lighttherapy.com\/pt_pt\/wp-json\/wp\/v2\/product\/361","targetHints":{"allow":["GET"]}}],"collection":[{"href":"https:\/\/red-lighttherapy.com\/pt_pt\/wp-json\/wp\/v2\/product"}],"about":[{"href":"https:\/\/red-lighttherapy.com\/pt_pt\/wp-json\/wp\/v2\/types\/product"}],"wp:featuredmedia":[{"embeddable":true,"href":"https:\/\/red-lighttherapy.com\/pt_pt\/wp-json\/wp\/v2\/media\/364"}],"wp:attachment":[{"href":"https:\/\/red-lighttherapy.com\/pt_pt\/wp-json\/wp\/v2\/media?parent=361"}],"wp:term":[{"taxonomy":"product_brand","embeddable":true,"href":"https:\/\/red-lighttherapy.com\/pt_pt\/wp-json\/wp\/v2\/product_brand?post=361"},{"taxonomy":"product_cat","embeddable":true,"href":"https:\/\/red-lighttherapy.com\/pt_pt\/wp-json\/wp\/v2\/product_cat?post=361"},{"taxonomy":"product_tag","embeddable":true,"href":"https:\/\/red-lighttherapy.com\/pt_pt\/wp-json\/wp\/v2\/product_tag?post=361"}],"curies":[{"name":"wp","href":"https:\/\/api.w.org\/{rel}","templated":true}]}}