{"id":350,"date":"2025-04-11T04:15:43","date_gmt":"2025-04-11T04:15:43","guid":{"rendered":"https:\/\/red-lighttherapy.com\/?post_type=product&#038;p=350"},"modified":"2025-04-11T05:27:29","modified_gmt":"2025-04-11T05:27:29","slug":"custom-lid-and-base-led-flashlight-boxes-packaging-wholesale","status":"publish","type":"product","link":"https:\/\/red-lighttherapy.com\/pt_pt\/custom-lid-and-base-led-flashlight-boxes-packaging-wholesale\/","title":{"rendered":"Caixas de lanterna LED com tampa e base personalizadas Embalagem por atacado"},"content":{"rendered":"<h2 id=\"-customized-led-flashlight-lid-and-base-box-packaging-wholesale-product-description-\"><strong>Tampa de lanterna LED personalizada e caixa de base Embalagem por atacado Descri\u00e7\u00e3o do produto<\/strong><\/h2>\n<h2 id=\"-1-exquisite-printing-technology-highlighting-quality-\"><strong>1. Tecnologia de impress\u00e3o requintada, destacando a qualidade<\/strong><\/h2>\n<p>Esta caixa de embalagem de lanterna adopta uma tecnologia de impress\u00e3o offset e serigr\u00e1fica de alta precis\u00e3o, a tinta preta est\u00e1 uniformemente cheia, o padr\u00e3o \u00e9 claro e n\u00edtido, e a cor \u00e9 pura e sem desvios. A superf\u00edcie pode ser sobreposta com pel\u00edcula mate, pel\u00edcula brilhante ou tratamento UV para aumentar a resist\u00eancia ao desgaste e o brilho, garantindo que o log\u00f3tipo da marca mant\u00e9m sempre uma textura de alta qualidade durante o transporte e a exposi\u00e7\u00e3o. Suporte para estampagem a quente\/prata quente, grava\u00e7\u00e3o em relevo e outros processos para satisfazer necessidades visuais personalizadas e melhorar o reconhecimento e a atratividade da embalagem do produto.<\/p>\n<h2 id=\"-2-stiff-material-combination-double-protection-\"><strong>2. Combina\u00e7\u00e3o de materiais r\u00edgidos, prote\u00e7\u00e3o dupla<\/strong><\/h2>\n<p>O corpo da caixa utiliza\u00a0<strong>Papel revestido de 350g<\/strong>\u00a0e\u00a0<strong>cart\u00e3o cinzento de alta resist\u00eancia<\/strong>\u00a0estrutura composta, e a camada central de cart\u00e3o cinzento adopta um processo de prensagem de fibras totalmente recicladas para garantir que o corpo da caixa tem uma excelente resist\u00eancia \u00e0 compress\u00e3o e \u00e0 deforma\u00e7\u00e3o. A superf\u00edcie do papel revestido \u00e9 lisa e delicada, e a reprodu\u00e7\u00e3o da cor de impress\u00e3o \u00e9 elevada. A camada central de cart\u00e3o cinzento proporciona um suporte r\u00edgido, que pode suportar o impacto de for\u00e7as externas durante o transporte e proteger eficazmente os dispositivos electr\u00f3nicos de precis\u00e3o, como as lanternas.<\/p>\n<h2 id=\"-3-box-design-with-top-and-bottom-lid-for-intuitive-display-\"><strong>3. Design de caixa com tampa superior e inferior para uma visualiza\u00e7\u00e3o intuitiva<\/strong><\/h2>\n<p>Adoptando o cl\u00e1ssico\u00a0<strong>estrutura da tampa superior e inferior<\/strong>\u00a0(a tampa superior e a caixa inferior est\u00e3o completamente dobradas), \u00e9 f\u00e1cil de abrir e fechar e tem um forte sentido de cerim\u00f3nia. O aspeto e os pormenores funcionais da lanterna podem ser totalmente exibidos no momento da abertura, melhorando a primeira impress\u00e3o do cliente. O tamanho da caixa \u00e9 adaptado com precis\u00e3o, o espa\u00e7o interior da cavidade \u00e9 compacto e n\u00e3o tem redund\u00e2ncia, o que evita que o produto trema e \u00e9 conveniente para empilhar, armazenar e transportar.<\/p>\n<h2 id=\"-4-multi-scenario-application-strong-compatibility-\"><strong>4. Aplica\u00e7\u00e3o em v\u00e1rios cen\u00e1rios, forte compatibilidade<\/strong><\/h2>\n<p>Concebida especificamente para lanternas LED, compat\u00edvel com v\u00e1rios modelos, tais como luz forte, mini e recarreg\u00e1vel. Os cen\u00e1rios alargados aplic\u00e1veis incluem:<\/p>\n<ul>\n<li><strong>Equipamento de exterior<\/strong>: telesc\u00f3pios, b\u00fassolas, ferramentas port\u00e1teis, etc;<\/li>\n<li><strong>Produtos electr\u00f3nicos<\/strong>: pequenos instrumentos, acess\u00f3rios (tais como carregadores, baterias);<\/li>\n<li><strong>Personaliza\u00e7\u00e3o de prendas<\/strong>: brindes para empresas, caixas de brindes promocionais, suporte de temas festivos ou desenhos conjuntos de marcas.<\/li>\n<\/ul>\n<h2 id=\"-5-customized-lining-solution-precise-fit-\"><strong>5. Solu\u00e7\u00e3o de revestimento personalizada, ajuste preciso<\/strong><\/h2>\n<p>Fornecer uma variedade de op\u00e7\u00f5es de revestimento para garantir a fixa\u00e7\u00e3o do produto e a prote\u00e7\u00e3o contra choques:<\/p>\n<ul>\n<li><strong>Esponja EVA<\/strong>: corte e moldagem de alta densidade, excelente desempenho de amortecimento, adequado para contornos de lanternas com formas especiais;<\/li>\n<li><strong>Tabuleiro de flocagem<\/strong>: Melhorar o grau de tato, adequado para embalagens de presentes de alta qualidade;<\/li>\n<li><strong>Compartimento amov\u00edvel<\/strong>: Conce\u00e7\u00e3o modular, suporte de embalagens combinadas de v\u00e1rios produtos (como lanterna + pilha sobresselente).<\/li>\n<\/ul>\n<h2 id=\"-6-all-round-flexible-customization-service-\"><strong>6. Servi\u00e7o de personaliza\u00e7\u00e3o flex\u00edvel e completo<\/strong><\/h2>\n<p>Apoio \u00e0 adapta\u00e7\u00e3o personalizada ao longo de todo o processo, desde a conce\u00e7\u00e3o \u00e0 produ\u00e7\u00e3o:<\/p>\n<ul>\n<li><strong>Conce\u00e7\u00e3o do aspeto<\/strong>: LOGOTIPO personaliz\u00e1vel, padr\u00e3o, esquema de cores, compat\u00edvel com a impress\u00e3o em cores diretas Pantone;<\/li>\n<li><strong>Otimiza\u00e7\u00e3o estrutural<\/strong>: Ajustar a espessura da caixa, a posi\u00e7\u00e3o da janela, a fivela magn\u00e9tica e outros pormenores conforme necess\u00e1rio;<\/li>\n<li><strong>Atualiza\u00e7\u00e3o de fun\u00e7\u00f5es<\/strong>: Acrescentar m\u00f3dulos funcionais adicionais, tais como pegas, fitas, etiquetas anti-contrafa\u00e7\u00e3o, etc.<\/li>\n<\/ul>\n<h2 id=\"-7-large-scale-production-capacity-quality-assurance-\"><strong>7. Capacidade de produ\u00e7\u00e3o em grande escala, garantia de qualidade<\/strong><\/h2>\n<p>A f\u00e1brica tem um\u00a0<strong>5.320 metros quadrados<\/strong>\u00a0A empresa possui uma oficina moderna, equipada com m\u00e1quinas de impress\u00e3o offset totalmente autom\u00e1ticas, m\u00e1quinas de corte e vinco e linhas de inspe\u00e7\u00e3o de controlo de qualidade, com uma capacidade de produ\u00e7\u00e3o di\u00e1ria de 100.000 pe\u00e7as. Aprovada a certifica\u00e7\u00e3o do sistema de gest\u00e3o da qualidade ISO, todo o processo, desde a aquisi\u00e7\u00e3o de mat\u00e9rias-primas at\u00e9 \u00e0 entrega do produto acabado, pode ser rastreado para garantir a estabilidade dos lotes. Apoio ao fornecimento transfronteiri\u00e7o (embalagem compat\u00edvel em plataformas como a Amazon e o eBay) e servi\u00e7o expedito de encomendas urgentes, ciclo de entrega de 7-15 dias, para satisfazer as necessidades de personaliza\u00e7\u00e3o de grandes volumes por grosso e de pequenas e m\u00e9dias empresas.<\/p>\n<h2 id=\"-cooperation-advantages-\"><strong>Vantagens da coopera\u00e7\u00e3o<\/strong><\/h2>\n<ul>\n<li><strong>Servi\u00e7o de balc\u00e3o \u00fanico<\/strong>: liga\u00e7\u00e3o perfeita de todo o processo de conce\u00e7\u00e3o, prova, produ\u00e7\u00e3o e log\u00edstica;<\/li>\n<li><strong>Certifica\u00e7\u00e3o ambiental<\/strong>: S\u00e3o utilizados cart\u00e3o cinzento certificado pelo FSC e tinta \u00e0 base de \u00e1gua, que cumprem as normas de prote\u00e7\u00e3o ambiental REACH da UE;<\/li>\n<li><strong>Otimiza\u00e7\u00e3o dos custos<\/strong>: As aquisi\u00e7\u00f5es em grande escala reduzem o pre\u00e7o unit\u00e1rio, com uma encomenda m\u00ednima de 500 unidades e suporte para cota\u00e7\u00f5es escalonadas.<\/li>\n<\/ul>\n<p>Se precisar de obter amostras ou solu\u00e7\u00f5es personalizadas, contacte a nossa equipa de design. Utilizaremos tecnologia profissional e servi\u00e7os eficientes para dar aos seus produtos um valor de embalagem mais competitivo.<\/p>","protected":false},"excerpt":{"rendered":"<p>A tampa e a base podem ser abertas rapidamente com uma m\u00e3o para melhorar a experi\u00eancia de desembalagem. A caixa possui uma tecnologia de impress\u00e3o requintada e padr\u00f5es claros. Pode imprimir na perfei\u00e7\u00e3o a embalagem da sua lanterna LED.<\/p>","protected":false},"featured_media":359,"template":"","meta":{"_kad_post_transparent":"default","_kad_post_title":"","_kad_post_layout":"default","_kad_post_sidebar_id":"","_kad_post_content_style":"default","_kad_post_vertical_padding":"default","_kad_post_feature":"","_kad_post_feature_position":"","_kad_post_header":false,"_kad_post_footer":false,"_kad_post_classname":""},"product_brand":[],"product_cat":[15,19,17],"product_tag":[116,115,114],"class_list":{"0":"post-350","1":"product","2":"type-product","3":"status-publish","4":"has-post-thumbnail","6":"product_cat-red-light-therapy","7":"product_cat-red-light-therapy-stand","8":"product_cat-services","9":"product_tag-custom-led-flashlight-boxes","10":"product_tag-flashlight-boxes-packaging","11":"product_tag-lid-and-base-led-boxes","13":"first","14":"instock","15":"shipping-taxable","16":"product-type-simple","17":"entry","18":"content-bg","19":"loop-entry"},"_links":{"self":[{"href":"https:\/\/red-lighttherapy.com\/pt_pt\/wp-json\/wp\/v2\/product\/350","targetHints":{"allow":["GET"]}}],"collection":[{"href":"https:\/\/red-lighttherapy.com\/pt_pt\/wp-json\/wp\/v2\/product"}],"about":[{"href":"https:\/\/red-lighttherapy.com\/pt_pt\/wp-json\/wp\/v2\/types\/product"}],"wp:featuredmedia":[{"embeddable":true,"href":"https:\/\/red-lighttherapy.com\/pt_pt\/wp-json\/wp\/v2\/media\/359"}],"wp:attachment":[{"href":"https:\/\/red-lighttherapy.com\/pt_pt\/wp-json\/wp\/v2\/media?parent=350"}],"wp:term":[{"taxonomy":"product_brand","embeddable":true,"href":"https:\/\/red-lighttherapy.com\/pt_pt\/wp-json\/wp\/v2\/product_brand?post=350"},{"taxonomy":"product_cat","embeddable":true,"href":"https:\/\/red-lighttherapy.com\/pt_pt\/wp-json\/wp\/v2\/product_cat?post=350"},{"taxonomy":"product_tag","embeddable":true,"href":"https:\/\/red-lighttherapy.com\/pt_pt\/wp-json\/wp\/v2\/product_tag?post=350"}],"curies":[{"name":"wp","href":"https:\/\/api.w.org\/{rel}","templated":true}]}}