{"id":344,"date":"2025-04-11T03:46:15","date_gmt":"2025-04-11T03:46:15","guid":{"rendered":"https:\/\/red-lighttherapy.com\/?post_type=product&#038;p=344"},"modified":"2025-04-11T04:15:32","modified_gmt":"2025-04-11T04:15:32","slug":"direct-factory-magnetic-closure-box-oral-irrigator-packaging","status":"publish","type":"product","link":"https:\/\/red-lighttherapy.com\/pt_pt\/direct-factory-magnetic-closure-box-oral-irrigator-packaging\/","title":{"rendered":"Caixa de fecho magn\u00e9tico de f\u00e1brica direta Embalagem de irrigador oral"},"content":{"rendered":"<h2 id=\"-product-description-of-the-factory-direct-magnetic-sealed-box-oral-irrigator-packaging-\"><strong>Descri\u00e7\u00e3o do produto de Caixa de fecho magn\u00e9tico de f\u00e1brica direta Embalagem de irrigador oral<\/strong><\/h2>\n<h2 id=\"-1-magnetic-sealing-design-convenient-and-durable-\"><strong>1. Design de veda\u00e7\u00e3o com fecho magn\u00e9tico: Pr\u00e1tico e duradouro<\/strong><\/h2>\n<ul>\n<li><strong>Conce\u00e7\u00e3o de \u00edmanes incorporados<\/strong>: A tampa da caixa adopta uma estrutura de fecho magn\u00e9tico oculto e o \u00edman \u00e9 incorporado no rebordo do corpo da caixa e no corpo da tampa para evitar o desgaste ou a queda provocados pela exposi\u00e7\u00e3o.<\/li>\n<li><strong>Alinhamento autom\u00e1tico de adsor\u00e7\u00e3o<\/strong>: A for\u00e7a magn\u00e9tica \u00e9 automaticamente absorvida ao abrir e fechar, alinha-se com precis\u00e3o e pode ser facilmente operada com uma m\u00e3o para melhorar a experi\u00eancia do utilizador.<\/li>\n<li><strong>Durabilidade de longa dura\u00e7\u00e3o<\/strong>: O sistema magn\u00e9tico foi testado para abrir e fechar milhares de vezes para garantir que continua a manter uma adsor\u00e7\u00e3o est\u00e1vel ap\u00f3s uma utiliza\u00e7\u00e3o a longo prazo, o que \u00e9 adequado para cen\u00e1rios de utiliza\u00e7\u00e3o de alta frequ\u00eancia.<\/li>\n<\/ul>\n<h2 id=\"-2-simple-aesthetic-design-blue-and-white-color-matching-and-brand-recognition-\"><strong>2. Design est\u00e9tico simples: Cor azul e branca: correspond\u00eancia e reconhecimento da marca<\/strong><\/h2>\n<ul>\n<li><strong>Linguagem visual<\/strong>: O corpo da caixa \u00e9 essencialmente azul e branco. O azul simboliza profissionalismo e limpeza, e o branco transmite simplicidade e tecnologia. A combina\u00e7\u00e3o de cores suaves pode aliviar a press\u00e3o psicol\u00f3gica dos utilizadores antes da utiliza\u00e7\u00e3o.<\/li>\n<li><strong>Melhoria da marca<\/strong>: A superf\u00edcie da caixa adopta a tecnologia mate para imprimir o log\u00f3tipo da marca, com um design de linha minimalista para melhorar o reconhecimento visual e transmitir uma sensa\u00e7\u00e3o de qualidade de topo de gama.<\/li>\n<\/ul>\n<h2 id=\"-3-double-sided-printing-process-dual-optimization-of-environmental-protection-and-information-communication-\"><strong>3. Processo de impress\u00e3o frente e verso: dupla otimiza\u00e7\u00e3o da prote\u00e7\u00e3o ambiental e da comunica\u00e7\u00e3o da informa\u00e7\u00e3o<\/strong><\/h2>\n<ul>\n<li><strong>Conceito de prote\u00e7\u00e3o do ambiente<\/strong>: Adotar materiais de papel recicl\u00e1veis, tecnologia de impress\u00e3o de dupla face para reduzir os res\u00edduos de papel, em conformidade com a tend\u00eancia das embalagens ecol\u00f3gicas.<\/li>\n<li><strong>Divis\u00e3o funcional<\/strong>:<\/li>\n<li><strong>Externo<\/strong>: O log\u00f3tipo da marca e os principais pontos de venda (tais como \"autoclismo de qualidade m\u00e9dica\" e \"design port\u00e1til\") s\u00e3o apresentados de forma proeminente para refor\u00e7ar o posicionamento no mercado.<\/li>\n<li><strong>Interno<\/strong>: Impress\u00e3o detalhada das instru\u00e7\u00f5es do produto, informa\u00e7\u00f5es sobre os ingredientes e certifica\u00e7\u00e3o de seguran\u00e7a para aumentar a confian\u00e7a do utilizador.<\/li>\n<\/ul>\n<h2 id=\"-4-customized-inner-tray-design-impact-resistance-and-personalized-adaptation-\"><strong>4. Design personalizado do tabuleiro interior: resist\u00eancia ao impacto e adapta\u00e7\u00e3o personalizada<\/strong><\/h2>\n<ul>\n<li><strong>Tabuleiro interior resistente a impactos<\/strong>: Adotar o tabuleiro interior de pl\u00e1stico PP de alta resist\u00eancia, passar o teste de impacto de viga simples da norma ISO 179 e pode suportar a vibra\u00e7\u00e3o e a queda durante o transporte.<\/li>\n<li><strong>Op\u00e7\u00f5es de personaliza\u00e7\u00e3o flex\u00edveis<\/strong>:<\/li>\n<li><strong>Sele\u00e7\u00e3o de materiais<\/strong>: Fornecer revestimento em EVA, esponja, tecido de seda ou r\u00e1fia para se adaptar a diferentes formas de produtos (tais como o hospedeiro da m\u00e1quina de lavar, o bocal, o cabo de carregamento, etc.) para garantir a seguran\u00e7a do transporte.<\/li>\n<li><strong>Otimiza\u00e7\u00e3o estrutural<\/strong>: Os tabuleiros interiores em camadas ou integrados podem ser concebidos de acordo com o tamanho do produto para maximizar a utiliza\u00e7\u00e3o do espa\u00e7o.<\/li>\n<\/ul>\n<h2 id=\"-5-factory-strength-and-service-guarantee-\"><strong>5. For\u00e7a de f\u00e1brica e garantia de servi\u00e7o<\/strong><\/h2>\n<ul>\n<li><strong>Lideran\u00e7a no sector<\/strong>: Como a 3 maior f\u00e1brica de impress\u00e3o e embalagem da China, tem servido mais de 5.000 clientes de marca, abrangendo a \u00e1rea m\u00e9dica, eletr\u00f3nica, bens de consumo r\u00e1pido e outros campos.<\/li>\n<li><strong>Sistema de produ\u00e7\u00e3o eficiente<\/strong>:<\/li>\n<li><strong>Equipamento e capacidade de produ\u00e7\u00e3o<\/strong>: Equipada com m\u00e1quinas de corte e vinco totalmente autom\u00e1ticas, m\u00e1quinas de impress\u00e3o digital UV e sistemas inteligentes de inspe\u00e7\u00e3o de qualidade, a capacidade de produ\u00e7\u00e3o di\u00e1ria atinge mais de 1 milh\u00e3o de pe\u00e7as, permitindo a entrega de encomendas de emerg\u00eancia em 48 horas.<\/li>\n<li><strong>Controlo de qualidade<\/strong>: Aprovado na certifica\u00e7\u00e3o ISO 9001, cada lote de produtos \u00e9 submetido a testes multidimensionais, como resist\u00eancia \u00e0 compress\u00e3o, resist\u00eancia ao desgaste e diferen\u00e7a de cor para garantir que a taxa qualificada de produtos de embalagem acabados seja \u226599,8%.<\/li>\n<li><strong>Servi\u00e7o de balc\u00e3o \u00fanico<\/strong>: Acompanhamento desde a conce\u00e7\u00e3o, prova at\u00e9 \u00e0 produ\u00e7\u00e3o em massa, sugest\u00f5es gratuitas de otimiza\u00e7\u00e3o da conce\u00e7\u00e3o e redu\u00e7\u00e3o dos custos de decis\u00e3o do cliente.<\/li>\n<\/ul>\n<h2 id=\"-reasons-for-choosing-us-\"><strong>Raz\u00f5es para nos escolher<\/strong><\/h2>\n<ul>\n<li><strong>Inova\u00e7\u00e3o na conce\u00e7\u00e3o<\/strong>: A combina\u00e7\u00e3o da estrutura de suc\u00e7\u00e3o magn\u00e9tica e do design est\u00e9tico tem em conta tanto a fun\u00e7\u00e3o como a comunica\u00e7\u00e3o da marca.<\/li>\n<li><strong>Conformidade ambiental<\/strong>: Os materiais e processos cumprem a certifica\u00e7\u00e3o FSC e as normas ambientais REACH da UE.<\/li>\n<li><strong>Vantagem em termos de custos<\/strong>: A produ\u00e7\u00e3o em grande escala reduz os custos unit\u00e1rios e os servi\u00e7os personalizados n\u00e3o t\u00eam restri\u00e7\u00f5es de quantidade m\u00ednima de encomenda.<\/li>\n<\/ul>","protected":false},"excerpt":{"rendered":"<p>Esta caixa com fecho magn\u00e9tico absorve e alinha-se automaticamente, \u00e9 f\u00e1cil de abrir e fechar, tem um design simples e elegante e \u00e9 impressa em dupla face para evitar o desperd\u00edcio de recursos.<\/p>","protected":false},"featured_media":348,"template":"","meta":{"_kad_post_transparent":"default","_kad_post_title":"","_kad_post_layout":"default","_kad_post_sidebar_id":"","_kad_post_content_style":"default","_kad_post_vertical_padding":"default","_kad_post_feature":"","_kad_post_feature_position":"","_kad_post_header":false,"_kad_post_footer":false,"_kad_post_classname":""},"product_brand":[],"product_cat":[15,28,17],"product_tag":[113,112,111],"class_list":{"0":"post-344","1":"product","2":"type-product","3":"status-publish","4":"has-post-thumbnail","6":"product_cat-red-light-therapy","7":"product_cat-customize","8":"product_cat-services","9":"product_tag-custom-oral-irrigator-packaging","10":"product_tag-magnetic-closure-oral-irrigator-box","11":"product_tag-oral-irrigator-packaging","13":"first","14":"instock","15":"shipping-taxable","16":"product-type-simple","17":"entry","18":"content-bg","19":"loop-entry"},"_links":{"self":[{"href":"https:\/\/red-lighttherapy.com\/pt_pt\/wp-json\/wp\/v2\/product\/344","targetHints":{"allow":["GET"]}}],"collection":[{"href":"https:\/\/red-lighttherapy.com\/pt_pt\/wp-json\/wp\/v2\/product"}],"about":[{"href":"https:\/\/red-lighttherapy.com\/pt_pt\/wp-json\/wp\/v2\/types\/product"}],"wp:featuredmedia":[{"embeddable":true,"href":"https:\/\/red-lighttherapy.com\/pt_pt\/wp-json\/wp\/v2\/media\/348"}],"wp:attachment":[{"href":"https:\/\/red-lighttherapy.com\/pt_pt\/wp-json\/wp\/v2\/media?parent=344"}],"wp:term":[{"taxonomy":"product_brand","embeddable":true,"href":"https:\/\/red-lighttherapy.com\/pt_pt\/wp-json\/wp\/v2\/product_brand?post=344"},{"taxonomy":"product_cat","embeddable":true,"href":"https:\/\/red-lighttherapy.com\/pt_pt\/wp-json\/wp\/v2\/product_cat?post=344"},{"taxonomy":"product_tag","embeddable":true,"href":"https:\/\/red-lighttherapy.com\/pt_pt\/wp-json\/wp\/v2\/product_tag?post=344"}],"curies":[{"name":"wp","href":"https:\/\/api.w.org\/{rel}","templated":true}]}}